{"id":73968,"date":"2025-11-26T06:49:07","date_gmt":"2025-11-26T11:49:07","guid":{"rendered":"https:\/\/www.smartcommunications.com\/?page_id=73968"},"modified":"2026-03-09T02:05:44","modified_gmt":"2026-03-09T06:05:44","slug":"julie-knight","status":"publish","type":"page","link":"https:\/\/www.smartcommunications.com\/de\/julie-knight\/","title":{"rendered":"Julie Knight"},"content":{"rendered":"[vc_row type=&#8220;in_container&#8220; full_screen_row_position=&#8220;middle&#8220; column_margin=&#8220;default&#8220; column_direction=&#8220;default&#8220; column_direction_tablet=&#8220;default&#8220; column_direction_phone=&#8220;default&#8220; scene_position=&#8220;center&#8220; top_padding=&#8220;67&#8243; bottom_padding=&#8220;33&#8243; bottom_padding_tablet=&#8220;33&#8243; top_padding_phone=&#8220;60&#8243; bottom_padding_phone=&#8220;25&#8243; text_color=&#8220;dark&#8220; text_align=&#8220;left&#8220; row_border_radius=&#8220;none&#8220; row_border_radius_applies=&#8220;bg&#8220; overflow=&#8220;visible&#8220; advanced_gradient_angle=&#8220;0&#8243; overlay_strength=&#8220;0.3&#8243; gradient_direction=&#8220;left_to_right&#8220; shape_divider_position=&#8220;bottom&#8220; bg_image_animation=&#8220;none&#8220; gradient_type=&#8220;default&#8220; shape_type=&#8220;&#8220;][vc_column column_padding=&#8220;no-extra-padding&#8220; column_padding_tablet=&#8220;inherit&#8220; column_padding_phone=&#8220;inherit&#8220; column_padding_position=&#8220;all&#8220; column_element_spacing=&#8220;default&#8220; background_color_opacity=&#8220;1&#8243; background_hover_color_opacity=&#8220;1&#8243; column_shadow=&#8220;none&#8220; column_border_radius=&#8220;none&#8220; column_link_target=&#8220;_self&#8220; column_position=&#8220;default&#8220; el_class=&#8220;padding-0&#8243; advanced_gradient_angle=&#8220;0&#8243; gradient_direction=&#8220;left_to_right&#8220; overlay_strength=&#8220;0.3&#8243; width=&#8220;1\/2&#8243; tablet_width_inherit=&#8220;default&#8220; tablet_text_alignment=&#8220;default&#8220; phone_text_alignment=&#8220;default&#8220; animation_type=&#8220;default&#8220; bg_image_animation=&#8220;none&#8220; border_type=&#8220;simple&#8220; column_border_width=&#8220;none&#8220; column_border_style=&#8220;solid&#8220; gradient_type=&#8220;default&#8220;][image_with_animation image_url=&#8220;74748&#8243; image_size=&#8220;full&#8220; animation_type=&#8220;entrance&#8220; animation=&#8220;Fade In&#8220; hover_animation=&#8220;none&#8220; alignment=&#8220;&#8220; border_radius=&#8220;none&#8220; box_shadow=&#8220;none&#8220; image_loading=&#8220;default&#8220; max_width=&#8220;100%&#8220; max_width_mobile=&#8220;default&#8220; el_class=&#8220;team-image&#8220;][\/vc_column][vc_column column_padding=&#8220;no-extra-padding&#8220; column_padding_tablet=&#8220;inherit&#8220; column_padding_phone=&#8220;inherit&#8220; column_padding_position=&#8220;all&#8220; column_element_spacing=&#8220;default&#8220; background_color_opacity=&#8220;1&#8243; background_hover_color_opacity=&#8220;1&#8243; column_shadow=&#8220;none&#8220; column_border_radius=&#8220;none&#8220; column_link_target=&#8220;_self&#8220; column_position=&#8220;default&#8220; gradient_direction=&#8220;left_to_right&#8220; overlay_strength=&#8220;0.3&#8243; width=&#8220;1\/2&#8243; tablet_width_inherit=&#8220;default&#8220; tablet_text_alignment=&#8220;default&#8220; phone_text_alignment=&#8220;default&#8220; animation_type=&#8220;default&#8220; bg_image_animation=&#8220;none&#8220; border_type=&#8220;simple&#8220; column_border_width=&#8220;none&#8220; column_border_style=&#8220;solid&#8220;][vc_row_inner column_margin=&#8220;default&#8220; column_direction=&#8220;default&#8220; column_direction_tablet=&#8220;default&#8220; column_direction_phone=&#8220;default&#8220; left_padding_desktop=&#8220;7%&#8220; left_padding_tablet=&#8220;0&#8243; left_padding_phone=&#8220;0&#8243; text_align=&#8220;left&#8220; row_position=&#8220;default&#8220; row_position_tablet=&#8220;inherit&#8220; row_position_phone=&#8220;inherit&#8220; overflow=&#8220;visible&#8220; pointer_events=&#8220;all&#8220;][vc_column_inner column_padding=&#8220;no-extra-padding&#8220; column_padding_tablet=&#8220;inherit&#8220; column_padding_phone=&#8220;inherit&#8220; column_padding_position=&#8220;all&#8220; column_element_spacing=&#8220;default&#8220; background_color_opacity=&#8220;1&#8243; background_hover_color_opacity=&#8220;1&#8243; column_shadow=&#8220;none&#8220; column_border_radius=&#8220;none&#8220; column_link_target=&#8220;_self&#8220; advanced_gradient_angle=&#8220;0&#8243; gradient_direction=&#8220;left_to_right&#8220; overlay_strength=&#8220;0.3&#8243; width=&#8220;1\/1&#8243; tablet_width_inherit=&#8220;default&#8220; animation_type=&#8220;default&#8220; enable_animation=&#8220;true&#8220; animation=&#8220;fade-in-from-bottom&#8220; bg_image_animation=&#8220;none&#8220; border_type=&#8220;simple&#8220; column_border_width=&#8220;none&#8220; column_border_style=&#8220;solid&#8220; gradient_type=&#8220;default&#8220;][vc_custom_heading text=&#8220;Julie Knight&#8220; font_container=&#8220;tag:h1|text_align:left|color:%23183958&#8243; use_theme_fonts=&#8220;yes&#8220; css_animation=&#8220;fadeIn&#8220; css=&#8220;.vc_custom_1773036115634{margin-bottom: 14px !important;}&#8220;][vc_custom_heading text=&#8220;Chief Marketing Officer&#8220; font_container=&#8220;tag:h4|text_align:left|color:%23326eef&#8220; use_theme_fonts=&#8220;yes&#8220; css_animation=&#8220;fadeIn&#8220; css=&#8220;.vc_custom_1773036123994{margin-bottom: 37px !important;}&#8220;][vc_column_text css_animation=&#8220;fadeIn&#8220; css=&#8220;.vc_custom_1773036184445{margin-bottom: 40px !important;}&#8220;]<span style=\"color: #99999a;\">Als Chief Marketing Officer von Smart Communications verantwortet Julie die globale Marketingstrategie und steuert alle Bereiche rund um Marke, internationale Kommunikation, Demand Generation, Produktmarketing sowie Customer Advocacy. In dieser Rolle tr\u00e4gt sie ma\u00dfgeblich dazu bei, das Wachstum des Unternehmens voranzutreiben und dessen Position als f\u00fchrender Anbieter f\u00fcr intelligente Customer-Conversations-L\u00f6sungen weiter auszubauen.<\/span><\/p>\n<p><span style=\"color: #99999a;\">Vor ihrem Einstieg bei Smart Communications war Julie als Chief Marketing Officer bei Culture Amp t\u00e4tig. Dort spielte sie eine entscheidende Rolle beim Aufbau skalierbarer Strategien zur Unterst\u00fctzung des weltweiten Unternehmenswachstums. Sie leitete umfassende Marken- und Produktmarketinginitiativen, sch\u00e4rfte die Produktpositionierung und optimierte Kommunikations- sowie Go-to-Market-Programme w\u00e4hrend einer Phase intensiver Innovation und Expansion.<\/span><\/p>\n<p><span style=\"color: #99999a;\">Weitere leitende Marketingfunktionen hatte Julie bei SAP SuccessFactors, Zendesk und Unit4 inne. In diesen Positionen trieb sie die Transformation der Markteinf\u00fchrungsstrategie voran und st\u00e4rkte Kundenbindung sowie Wachstum in zentralen Branchen \u2013 darunter Customer Experience, HR, \u00f6ffentlicher Sektor, Non-Profit, professionelle Dienstleistungen und Finanzdienstleistungen.<\/span><\/p>\n<p><span style=\"color: #99999a;\">Mit \u00fcber 20 Jahren Erfahrung im Enterprise-SaaS-Umfeld ist Julie bekannt daf\u00fcr, leistungsstarke Teams aufzubauen und Marketing, Produkt, Vertrieb und Customer Success gezielt auf gemeinsame Gesch\u00e4ftsziele auszurichten. Unter ihrer F\u00fchrung konnten wiederholt Markenwert, Produktnutzung, Umsatzwachstum, Kundenbindung und Marktanteile in KMU-, Mid-Market- und Enterprise-Segmenten signifikant gesteigert werden. Sie steht f\u00fcr eine ausgepr\u00e4gt kundenorientierte Denkweise und die F\u00e4higkeit, Marketingstrategien wirkungsvoll zu skalieren und nachhaltige Gesch\u00e4ftsergebnisse zu erzielen.<\/span><\/p>\n<p><span style=\"color: #99999a;\">Julie besitzt einen Bachelor-Abschluss der University of California, Berkeley.<\/span>[\/vc_column_text][nectar_text_inline_images media_type=&#8220;images&#8220; image_size=&#8220;medium&#8220; image_effect=&#8220;none&#8220; text_color=&#8220;#ffffff&#8220; image_loading=&#8220;default&#8220; font_size_desktop=&#8220;0px&#8220; font_size_tablet=&#8220;0px&#8220; font_size_phone=&#8220;0px&#8220; font_line_height=&#8220;0&#8243;]<span style=\"color: #ffffff;\"><a style=\"color: #ffffff;\" href=\"https:\/\/www.linkedin.com\/in\/julieknightludvigson\/\" target=\"_blank\" rel=\"noopener\"><img decoding=\"async\" class=\"img-hover margin-0 alignnone\" role=\"img\" src=\"https:\/\/www.smartcommunications.com\/wp-content\/uploads\/linkedin.svg\" alt=\"linkedin\" width=\"46\" height=\"47\" \/><\/a><\/span>[\/nectar_text_inline_images][\/vc_column_inner][\/vc_row_inner][\/vc_column][\/vc_row][vc_row type=&#8220;full_width_background&#8220; full_screen_row_position=&#8220;middle&#8220; column_margin=&#8220;default&#8220; column_direction=&#8220;default&#8220; column_direction_tablet=&#8220;default&#8220; column_direction_phone=&#8220;default&#8220; bg_color=&#8220;#f1f6ff&#8220; scene_position=&#8220;center&#8220; top_padding=&#8220;4&#8243; bottom_padding=&#8220;112&#8243; top_padding_tablet=&#8220;45&#8243; bottom_padding_tablet=&#8220;82&#8243; top_padding_phone=&#8220;30&#8243; bottom_padding_phone=&#8220;50&#8243; text_color=&#8220;dark&#8220; text_align=&#8220;left&#8220; row_border_radius=&#8220;none&#8220; row_border_radius_applies=&#8220;bg&#8220; overflow=&#8220;visible&#8220; advanced_gradient_angle=&#8220;0&#8243; overlay_strength=&#8220;0.3&#8243; gradient_direction=&#8220;left_to_right&#8220; shape_divider_position=&#8220;bottom&#8220; bg_image_animation=&#8220;none&#8220; gradient_type=&#8220;default&#8220; shape_type=&#8220;&#8220;][vc_column column_padding=&#8220;no-extra-padding&#8220; column_padding_tablet=&#8220;inherit&#8220; column_padding_phone=&#8220;inherit&#8220; column_padding_position=&#8220;all&#8220; column_element_spacing=&#8220;default&#8220; centered_text=&#8220;true&#8220; background_color_opacity=&#8220;1&#8243; background_hover_color_opacity=&#8220;1&#8243; column_shadow=&#8220;none&#8220; column_border_radius=&#8220;none&#8220; column_link_target=&#8220;_self&#8220; column_position=&#8220;default&#8220; el_class=&#8220;cloud-custom-4&#8243; advanced_gradient_angle=&#8220;0&#8243; gradient_direction=&#8220;left_to_right&#8220; overlay_strength=&#8220;0.3&#8243; width=&#8220;1\/1&#8243; tablet_width_inherit=&#8220;default&#8220; tablet_text_alignment=&#8220;default&#8220; phone_text_alignment=&#8220;default&#8220; animation_type=&#8220;default&#8220; bg_image_animation=&#8220;none&#8220; border_type=&#8220;simple&#8220; column_border_width=&#8220;none&#8220; column_border_style=&#8220;solid&#8220; gradient_type=&#8220;default&#8220;][vc_row_inner column_margin=&#8220;default&#8220; column_direction=&#8220;default&#8220; column_direction_tablet=&#8220;default&#8220; column_direction_phone=&#8220;default&#8220; top_padding=&#8220;110&#8243; top_padding_tablet=&#8220;45&#8243; top_padding_phone=&#8220;25&#8243; translate_x=&#8220;-10&#8243; translate_x_tablet=&#8220;0&#8243; text_align=&#8220;left&#8220; row_position=&#8220;default&#8220; row_position_tablet=&#8220;inherit&#8220; row_position_phone=&#8220;inherit&#8220; class=&#8220;margin-0&#8243; overflow=&#8220;visible&#8220; pointer_events=&#8220;all&#8220;][vc_column_inner column_padding=&#8220;no-extra-padding&#8220; column_padding_tablet=&#8220;inherit&#8220; column_padding_phone=&#8220;inherit&#8220; column_padding_position=&#8220;all&#8220; bottom_margin_phone=&#8220;20&#8243; column_element_spacing=&#8220;default&#8220; background_color_opacity=&#8220;1&#8243; background_hover_color_opacity=&#8220;1&#8243; column_shadow=&#8220;none&#8220; column_border_radius=&#8220;none&#8220; column_link_target=&#8220;_self&#8220; advanced_gradient_angle=&#8220;0&#8243; gradient_direction=&#8220;left_to_right&#8220; overlay_strength=&#8220;0.3&#8243; width=&#8220;1\/1&#8243; tablet_width_inherit=&#8220;default&#8220; animation_type=&#8220;default&#8220; bg_image_animation=&#8220;none&#8220; border_type=&#8220;simple&#8220; column_border_width=&#8220;none&#8220; column_border_style=&#8220;solid&#8220; gradient_type=&#8220;default&#8220;][vc_custom_heading text=&#8220;Lernen Sie den Rest unseres Teams kennen!&#8220; font_container=&#8220;tag:h3|text_align:center|color:%230e2030&#8243; use_theme_fonts=&#8220;yes&#8220; css_animation=&#8220;fadeInUp&#8220; css=&#8220;.vc_custom_1773031825598{margin-bottom: 20px !important;}&#8220;][\/vc_column_inner][\/vc_row_inner][vc_row_inner column_margin=&#8220;default&#8220; column_direction=&#8220;default&#8220; column_direction_tablet=&#8220;default&#8220; column_direction_phone=&#8220;default&#8220; translate_x=&#8220;-10&#8243; translate_x_tablet=&#8220;0&#8243; text_align=&#8220;left&#8220; row_position=&#8220;default&#8220; row_position_tablet=&#8220;inherit&#8220; row_position_phone=&#8220;inherit&#8220; overflow=&#8220;visible&#8220; pointer_events=&#8220;all&#8220;][vc_column_inner column_padding=&#8220;no-extra-padding&#8220; column_padding_tablet=&#8220;inherit&#8220; column_padding_phone=&#8220;inherit&#8220; column_padding_position=&#8220;all&#8220; top_margin_phone=&#8220;-25&#8243; column_element_spacing=&#8220;default&#8220; background_color_opacity=&#8220;1&#8243; background_hover_color_opacity=&#8220;1&#8243; column_shadow=&#8220;none&#8220; column_border_radius=&#8220;none&#8220; column_link_target=&#8220;_self&#8220; advanced_gradient_angle=&#8220;0&#8243; gradient_direction=&#8220;left_to_right&#8220; overlay_strength=&#8220;0.3&#8243; width=&#8220;1\/1&#8243; tablet_width_inherit=&#8220;default&#8220; animation_type=&#8220;default&#8220; enable_animation=&#8220;true&#8220; animation=&#8220;fade-in-from-bottom&#8220; bg_image_animation=&#8220;none&#8220; border_type=&#8220;simple&#8220; column_border_width=&#8220;none&#8220; column_border_style=&#8220;solid&#8220; gradient_type=&#8220;default&#8220; delay=&#8220;700&#8243;][nectar_btn size=&#8220;medium&#8220; button_style=&#8220;regular&#8220; button_color_2=&#8220;Extra-Color-2&#8243; color_override=&#8220;#0094ff&#8220; solid_text_color_override=&#8220;#ffffff&#8220; icon_family=&#8220;none&#8220; el_class=&#8220;sc-button b-222&#8243; text=&#8220;Zur\u00fcck zu \u201e\u00dcber uns\u201c&#8220; url=&#8220;https:\/\/www.smartcommunications.com\/de\/fuehrungsteam\/&#8220; css_animation=&#8220;none&#8220; margin_top=&#8220;7&#8243; margin_right=&#8220;15&#8243;][\/vc_column_inner][\/vc_row_inner][\/vc_column][\/vc_row]\n","protected":false},"excerpt":{"rendered":"<p>[vc_row type=&#8220;in_container&#8220; full_screen_row_position=&#8220;middle&#8220; column_margin=&#8220;default&#8220; column_direction=&#8220;default&#8220; column_direction_tablet=&#8220;default&#8220; column_direction_phone=&#8220;default&#8220; scene_position=&#8220;center&#8220; top_padding=&#8220;67&#8243; bottom_padding=&#8220;33&#8243; bottom_padding_tablet=&#8220;33&#8243; top_padding_phone=&#8220;60&#8243; bottom_padding_phone=&#8220;25&#8243; text_color=&#8220;dark&#8220; text_align=&#8220;left&#8220; row_border_radius=&#8220;none&#8220; row_border_radius_applies=&#8220;bg&#8220; overflow=&#8220;visible&#8220; advanced_gradient_angle=&#8220;0&#8243; overlay_strength=&#8220;0.3&#8243; gradient_direction=&#8220;left_to_right&#8220; shape_divider_position=&#8220;bottom&#8220; bg_image_animation=&#8220;none&#8220; gradient_type=&#8220;default&#8220; shape_type=&#8220;&#8220;][vc_column column_padding=&#8220;no-extra-padding&#8220; column_padding_tablet=&#8220;inherit&#8220; column_padding_phone=&#8220;inherit&#8220; column_padding_position=&#8220;all&#8220; column_element_spacing=&#8220;default&#8220;&#8230;<\/p>\n","protected":false},"author":107,"featured_media":0,"parent":0,"menu_order":713,"comment_status":"closed","ping_status":"closed","template":"","meta":{"_acf_changed":false,"footnotes":""},"class_list":["post-73968","page","type-page","status-publish"],"acf":[],"yoast_head":"<!-- This site is optimized with the Yoast SEO plugin v27.0 - https:\/\/yoast.com\/product\/yoast-seo-wordpress\/ -->\n<title>Julie Knight | Chief Marketing Officer | Smart Communications<\/title>\n<meta name=\"description\" content=\"Julie ist CMO von Smart Communications und f\u00fchrt globale Marketingstrategien an, basierend auf \u00fcber 20 Jahren Enterprise-SaaS-Erfahrung und erfolgreichem Wachstum.\" \/>\n<meta name=\"robots\" content=\"noindex, nofollow\" \/>\n<meta property=\"og:locale\" content=\"de_DE\" \/>\n<meta property=\"og:type\" content=\"article\" \/>\n<meta property=\"og:title\" content=\"Julie Knight | Chief Marketing Officer | Smart Communications\" \/>\n<meta property=\"og:description\" content=\"Julie ist CMO von Smart Communications und f\u00fchrt globale Marketingstrategien an, basierend auf \u00fcber 20 Jahren Enterprise-SaaS-Erfahrung und erfolgreichem Wachstum.\" \/>\n<meta property=\"og:url\" content=\"https:\/\/www.smartcommunications.com\/de\/julie-knight\/\" \/>\n<meta property=\"og:site_name\" content=\"Smart Communications\" \/>\n<meta property=\"article:modified_time\" content=\"2026-03-09T06:05:44+00:00\" \/>\n<meta property=\"og:image\" content=\"https:\/\/www.smartcommunications.com\/wp-content\/uploads\/linkedin.svg\" \/>\n<meta name=\"twitter:card\" content=\"summary_large_image\" \/>\n<meta name=\"twitter:site\" content=\"@CCMInnovators\" \/>\n<meta name=\"twitter:label1\" content=\"Gesch\u00e4tzte Lesezeit\" \/>\n\t<meta name=\"twitter:data1\" content=\"5\u00a0Minuten\" \/>\n<!-- \/ Yoast SEO plugin. -->","yoast_head_json":{"title":"Julie Knight | Chief Marketing Officer | Smart Communications","description":"Julie ist CMO von Smart Communications und f\u00fchrt globale Marketingstrategien an, basierend auf \u00fcber 20 Jahren Enterprise-SaaS-Erfahrung und erfolgreichem Wachstum.","robots":{"index":"noindex","follow":"nofollow"},"og_locale":"de_DE","og_type":"article","og_title":"Julie Knight | Chief Marketing Officer | Smart Communications","og_description":"Julie ist CMO von Smart Communications und f\u00fchrt globale Marketingstrategien an, basierend auf \u00fcber 20 Jahren Enterprise-SaaS-Erfahrung und erfolgreichem Wachstum.","og_url":"https:\/\/www.smartcommunications.com\/de\/julie-knight\/","og_site_name":"Smart Communications","article_modified_time":"2026-03-09T06:05:44+00:00","og_image":[{"url":"https:\/\/www.smartcommunications.com\/wp-content\/uploads\/linkedin.svg","type":"","width":"","height":""}],"twitter_card":"summary_large_image","twitter_site":"@CCMInnovators","twitter_misc":{"Gesch\u00e4tzte Lesezeit":"5\u00a0Minuten"},"schema":{"@context":"https:\/\/schema.org","@graph":[{"@type":"WebPage","@id":"https:\/\/www.smartcommunications.com\/de\/julie-knight\/","url":"https:\/\/www.smartcommunications.com\/de\/julie-knight\/","name":"Julie Knight | Chief Marketing Officer | Smart Communications","isPartOf":{"@id":"https:\/\/www.smartcommunications.com\/#website"},"primaryImageOfPage":{"@id":"https:\/\/www.smartcommunications.com\/de\/julie-knight\/#primaryimage"},"image":{"@id":"https:\/\/www.smartcommunications.com\/de\/julie-knight\/#primaryimage"},"thumbnailUrl":"https:\/\/www.smartcommunications.com\/wp-content\/uploads\/linkedin.svg","datePublished":"2025-11-26T11:49:07+00:00","dateModified":"2026-03-09T06:05:44+00:00","description":"Julie ist CMO von Smart Communications und f\u00fchrt globale Marketingstrategien an, basierend auf \u00fcber 20 Jahren Enterprise-SaaS-Erfahrung und erfolgreichem Wachstum.","breadcrumb":{"@id":"https:\/\/www.smartcommunications.com\/de\/julie-knight\/#breadcrumb"},"inLanguage":"de","potentialAction":[{"@type":"ReadAction","target":["https:\/\/www.smartcommunications.com\/de\/julie-knight\/"]}]},{"@type":"ImageObject","inLanguage":"de","@id":"https:\/\/www.smartcommunications.com\/de\/julie-knight\/#primaryimage","url":"https:\/\/www.smartcommunications.com\/wp-content\/uploads\/linkedin.svg","contentUrl":"https:\/\/www.smartcommunications.com\/wp-content\/uploads\/linkedin.svg"},{"@type":"BreadcrumbList","@id":"https:\/\/www.smartcommunications.com\/de\/julie-knight\/#breadcrumb","itemListElement":[{"@type":"ListItem","position":1,"name":"Home","item":"https:\/\/www.smartcommunications.com\/de\/"},{"@type":"ListItem","position":2,"name":"Julie Knight"}]},{"@type":"WebSite","@id":"https:\/\/www.smartcommunications.com\/#website","url":"https:\/\/www.smartcommunications.com\/","name":"Smart Communications","description":"Customer Communication Management Software","publisher":{"@id":"https:\/\/www.smartcommunications.com\/#organization"},"alternateName":"Smart Communications","inLanguage":"de"},{"@type":"Organization","@id":"https:\/\/www.smartcommunications.com\/#organization","name":"Smart Communications","alternateName":"Smart Communications","url":"https:\/\/www.smartcommunications.com\/","logo":{"@type":"ImageObject","inLanguage":"de","@id":"https:\/\/www.smartcommunications.com\/#\/schema\/logo\/image\/","url":"https:\/\/www.smartcommunications.com\/wp-content\/uploads\/2017\/03\/Nav_logo_color_hires.png","contentUrl":"https:\/\/www.smartcommunications.com\/wp-content\/uploads\/2017\/03\/Nav_logo_color_hires.png","width":415,"height":140,"caption":"Smart Communications"},"image":{"@id":"https:\/\/www.smartcommunications.com\/#\/schema\/logo\/image\/"},"sameAs":["https:\/\/x.com\/CCMInnovators","https:\/\/www.linkedin.com\/company\/smart-communications.\/"]}]}},"_links":{"self":[{"href":"https:\/\/www.smartcommunications.com\/de\/wp-json\/wp\/v2\/pages\/73968","targetHints":{"allow":["GET"]}}],"collection":[{"href":"https:\/\/www.smartcommunications.com\/de\/wp-json\/wp\/v2\/pages"}],"about":[{"href":"https:\/\/www.smartcommunications.com\/de\/wp-json\/wp\/v2\/types\/page"}],"author":[{"embeddable":true,"href":"https:\/\/www.smartcommunications.com\/de\/wp-json\/wp\/v2\/users\/107"}],"replies":[{"embeddable":true,"href":"https:\/\/www.smartcommunications.com\/de\/wp-json\/wp\/v2\/comments?post=73968"}],"version-history":[{"count":10,"href":"https:\/\/www.smartcommunications.com\/de\/wp-json\/wp\/v2\/pages\/73968\/revisions"}],"predecessor-version":[{"id":74900,"href":"https:\/\/www.smartcommunications.com\/de\/wp-json\/wp\/v2\/pages\/73968\/revisions\/74900"}],"wp:attachment":[{"href":"https:\/\/www.smartcommunications.com\/de\/wp-json\/wp\/v2\/media?parent=73968"}],"curies":[{"name":"wp","href":"https:\/\/api.w.org\/{rel}","templated":true}]}}