{"id":73109,"date":"2025-09-17T12:53:11","date_gmt":"2025-09-17T16:53:11","guid":{"rendered":"https:\/\/www.smartcommunications.com\/?page_id=73109"},"modified":"2025-09-17T12:53:11","modified_gmt":"2025-09-17T16:53:11","slug":"smart-communications-startet-smartpath","status":"publish","type":"page","link":"https:\/\/www.smartcommunications.com\/de\/pressemeldungen\/smart-communications-startet-smartpath\/","title":{"rendered":"<strong>Smart Communications startet SmartPATH\u2122: Intelligente Orchestrierung f\u00fcr sichere Echtzeit-Kundenkommunikation<\/strong>\u00a0"},"content":{"rendered":"[vc_row type=&#8220;in_container&#8220; full_screen_row_position=&#8220;middle&#8220; column_margin=&#8220;default&#8220; equal_height=&#8220;yes&#8220; column_direction=&#8220;default&#8220; column_direction_tablet=&#8220;default&#8220; column_direction_phone=&#8220;default&#8220; scene_position=&#8220;center&#8220; bottom_padding=&#8220;50&#8243; text_color=&#8220;custom&#8220; custom_text_color=&#8220;#969696&#8243; text_align=&#8220;left&#8220; row_border_radius=&#8220;none&#8220; row_border_radius_applies=&#8220;bg&#8220; overflow=&#8220;visible&#8220; overlay_strength=&#8220;0.3&#8243; gradient_direction=&#8220;left_to_right&#8220; shape_divider_position=&#8220;bottom&#8220; bg_image_animation=&#8220;none&#8220;][vc_column column_padding=&#8220;no-extra-padding&#8220; column_padding_tablet=&#8220;inherit&#8220; column_padding_phone=&#8220;inherit&#8220; column_padding_position=&#8220;all&#8220; column_element_spacing=&#8220;default&#8220; background_color=&#8220;#ffffff&#8220; background_color_opacity=&#8220;1&#8243; background_hover_color_opacity=&#8220;1&#8243; column_shadow=&#8220;none&#8220; column_border_radius=&#8220;none&#8220; column_link_target=&#8220;_self&#8220; column_position=&#8220;default&#8220; gradient_direction=&#8220;left_to_right&#8220; overlay_strength=&#8220;0.3&#8243; width=&#8220;1\/1&#8243; tablet_width_inherit=&#8220;default&#8220; tablet_text_alignment=&#8220;left&#8220; phone_text_alignment=&#8220;left&#8220; animation_type=&#8220;default&#8220; enable_animation=&#8220;true&#8220; animation=&#8220;none&#8220; bg_image_animation=&#8220;none&#8220; border_type=&#8220;simple&#8220; column_border_width=&#8220;none&#8220; column_border_style=&#8220;solid&#8220;][divider line_type=&#8220;Small Line&#8220; line_alignment=&#8220;default&#8220; line_thickness=&#8220;7&#8243; divider_color=&#8220;accent-color&#8220; animate=&#8220;yes&#8220; custom_height=&#8220;20&#8243; custom_line_width=&#8220;150&#8243;][divider line_type=&#8220;No Line&#8220; custom_height=&#8220;10&#8243;][vc_custom_heading text=&#8220;Smart Communications startet SmartPATH\u2122: Intelligente Orchestrierung f\u00fcr sichere Echtzeit-Kundenkommunikation&#8220; font_container=&#8220;tag:h1|text_align:left|color:%23002f87&#8243; use_theme_fonts=&#8220;yes&#8220; css_animation=&#8220;top-to-bottom&#8220;][divider line_type=&#8220;No Line&#8220; custom_height=&#8220;25&#8243;][vc_column_text css_animation=&#8220;top-to-bottom&#8220;]<em><strong>Die neue L\u00f6sung kombiniert Automatisierung, KI-gest\u00fctzte Entscheidungsfindung und Channel-Failover und f\u00fchrt Unternehmen von \u201eMultichannel\u201c zu ergebnisorientierter Kundeninteraktion im gro\u00dfen Ma\u00dfstab<\/strong><\/em><\/p>\n<p><strong>Saarbr\u00fccken, 17. September 2025<\/strong> &#8211;\u00a0<a href=\"https:\/\/www.smartcommunications.com\/de\/\" target=\"_blank\" rel=\"noopener\">Smart Communications<\/a> ein f\u00fchrendes Technologieunternehmen, das hochregulierte Organisationen bei der Gestaltung relevanter Kundenkommunikation unterst\u00fctzt, k\u00fcndigt heute den Start von SmartPATH\u2122 an, einer Next-Generation-L\u00f6sung f\u00fcr Omnichannel-Orchestrierung und digitale Auslieferung.<\/p>\n<p>Die speziell f\u00fcr Unternehmen in hochregulierten Branchen entwickelte Plattform verbindet Kundeninteraktionen kanal\u00fcbergreifend mit Automatisierung, KI-gest\u00fctzter Entscheidungsfindung und integriertem Failover. So reduziert sie manuellen Aufwand, stellt Compliance sicher und erf\u00fcllt die steigende Nachfrage nach nahtlosen, digitalen Kundenerlebnissen.<\/p>\n<p>SmartPATH reduziert Reibungsverluste, steigert Abschlussquoten und st\u00e4rkt das Vertrauen der Kunden, indem die Kommunikation zuverl\u00e4ssig und rechtzeitig \u00fcber verschiedene Kan\u00e4le wie E-Mail, SMS, RCS oder Print ausgeliefert wird. Automatisierte Workflows und KI-gest\u00fctzte Entscheidungen halten Interaktionen im Fluss, w\u00e4hrend eine intelligente Failover-Funktion eine unterbrechungsfreie Zustellung sicherstellt.<\/p>\n<p>\u201eMit SmartPATH ist unsere Conversation Cloud\u2122-Plattform jetzt die umfassendste Customer-Engagement-Plattform, die speziell f\u00fcr regulierte Unternehmen entwickelt wurde. Sie setzt einen neuen Branchenstandard\u201c, sagt Leigh Segall, CEO von Smart Communications. \u201eKund:innen erwarten heute von Versicherern, Gesundheitsdienstleistern oder Finanzinstituten dieselbe reibungslose, personalisierte Kommunikation wie von f\u00fchrenden Konsumg\u00fctermarken. In regulierten Branchen ist das jedoch deutlich komplexer. SmartPATH \u00e4ndert das, indem es KI, Automatisierung und intelligente Orchestrierung kombiniert und so vertrauensvolle Interaktionen in Echtzeit erm\u00f6glicht, die Loyalit\u00e4t aufbauen, Handlungen ausl\u00f6sen und Gesch\u00e4ftsergebnisse verbessern.\u201c<\/p>\n<p><strong>Fr\u00fche Anwender best\u00e4tigen Marktbedarf<\/strong><\/p>\n<p>Bereits jetzt st\u00f6\u00dft SmartPATH auf gro\u00dfes Interesse bei Unternehmen, die ihre Kundenerfahrung verbessern und gleichzeitig Effizienzpotenziale aussch\u00f6pfen wollen. Das Mehrsparten-Versicherungsunternehmen Mountain West Farm Bureau Insurance geh\u00f6rt zu den Ersten, die den Einsatz vorbereiten.<\/p>\n<p>\u201eUnsere Versicherungsnehmer stehen im Mittelpunkt all unseres Handelns, und ihr Vertrauen h\u00e4ngt entscheidend von einer zeitnahen und verl\u00e4sslichen Kommunikation \u00fcber den Kanal ihrer Wahl ab\u201c, erkl\u00e4rt Tim Hays, CIO bei Mountain West Farm Bureau Insurance. \u201eMit Smart Communications haben wir bereits erfolgreich personalisierte und compliancekonforme Kommunikation im gro\u00dfen Ma\u00dfstab umgesetzt. Mit SmartPATH gehen wir den n\u00e4chsten Schritt: sichere und zuverl\u00e4ssige Zustellung per E-Mail, SMS oder Print \u2013 oder auch \u00fcber alle Kan\u00e4le gleichzeitig. So k\u00f6nnen wir unsere Kundinnen und Kunden begeistern und uns durch eine digitale Best-in-Class-Experience differenzieren.\u201c<\/p>\n<p><strong>Bew\u00e4hrte Technologie f\u00fcr zentrale Herausforderungen<\/strong><\/p>\n<p>SmartPATH basiert auf den Orchestrierungsfunktionen von Pendula, das Smart Communications im August 2025 \u00fcbernommen hat. Die L\u00f6sung adressiert die gr\u00f6\u00dften H\u00fcrden in der Unternehmenskommunikation und unterst\u00fctzt Organisationen dabei:<\/p>\n<ul>\n<li>Abschlussquoten zu steigern: Konfigurierbare KI-Agenten analysieren Kundenverhalten und -stimmung und passen Interaktionen in Echtzeit an.<\/li>\n<li>Zuverl\u00e4ssige Zustellung zu sichern: Intelligentes Routing und Channel-Failover garantieren, dass Nachrichten ihre Empf\u00e4nger zuverl\u00e4ssig erreichen.<\/li>\n<li>Effizienz zu erh\u00f6hen: Automatisierte Workflows \u00fcbernehmen Follow-ups, Erinnerungen und unvollst\u00e4ndige Antr\u00e4ge und reduzieren so manuelle Arbeit und Callcenter-Aufkommen.<\/li>\n<li>Compliance durchg\u00e4ngig zu gew\u00e4hrleisten: Mit Audit-Tauglichkeit und Transparenz, die Eigenentwicklungen oder Altsysteme nicht bieten k\u00f6nnen.<\/li>\n<\/ul>\n<p><strong>St\u00e4rkung der Conversation Cloud\u2122-Plattform<\/strong><\/p>\n<p>Als Kernmodul der Conversation Cloud-Plattform integriert sich SmartPATH nahtlos in SmartCOMM, SmartIQ\u2122 und SmartHUB\u2122 sowie in f\u00fchrende Systeme wie Salesforce und AWS. Dank Drag-and-Drop-Oberfl\u00e4che und vorkonfigurierten Konnektoren k\u00f6nnen Fachabteilungen Kommunikationsprozesse selbst gestalten und anpassen, ohne IT-Abh\u00e4ngigkeit.<\/p>\n<p>SmartPATH ist f\u00fcr Skalierung konzipiert. Es verarbeitet Milliarden von Transaktionen und liefert Echtzeit-Analysen und Tracking. Unternehmen erhalten damit volle Transparenz, um die Performance zu messen, Prozesse zu optimieren und das Kundenerlebnis kontinuierlich zu verbessern.<\/p>\n<p>\u201eMit dem Start von SmartPATH leitet Smart Communications die n\u00e4chste Phase der KI-gest\u00fctzten Omnichannel-Kommunikation in regulierten Branchen ein\u201c, erkl\u00e4rt Mila D\u2019Antonio, Principal Analyst Customer Engagement Intelligence bei Omdia. \u201eDie L\u00f6sung trifft den Nerv des Marktes, denn sie schlie\u00dft eine L\u00fccke, bietet Tiefe durch die Orchestrierungs-Engine und beschleunigt KI-Anwendungen. Hier geht es nicht um Features, sondern darum, den Sprung von \u201aMultichannel\u2018 zu wirklich ergebnisorientierter Kommunikation im gro\u00dfen Ma\u00dfstab zu erm\u00f6glichen.\u201c<\/p>\n<p><strong>KI-gest\u00fctzte Interaktionen: Nahtlos, skalierbar, sicher<\/strong><\/p>\n<p>Durch die Integration von KI-Entscheidungslogik in die Kundenkommunikation erm\u00f6glicht SmartPATH personalisierte Interaktionen \u00fcber alle Kan\u00e4le hinweg. Proaktive Hinweise und Erinnerungen f\u00fchren Kund:innen zuverl\u00e4ssig durch ihre Journeys und erh\u00f6hen die Abschlussraten. Gleichzeitig entlasten automatisierte Workflows Callcenter und modernisieren veraltete Prozesse.<\/p>\n<p>Mithilfe intuitiver Drag-and-Drop-Tools k\u00f6nnen Unternehmen Journeys schnell an neue regulatorische Anforderungen oder ver\u00e4nderte Kundenerwartungen anpassen und so effizient, konform und flexibel bleiben.<\/p>\n<p>\u201eKI hat das Potenzial, echte Echtzeit-Interaktionen mit Kontext zu erm\u00f6glichen\u201d, sagt Simon Tindall, CTO bei Smart Communications. \u201eDoch regulatorische Vorgaben und komplexe Legacy-Systeme haben Organisationen bisher gebremst. Mit SmartPATH k\u00f6nnen Unternehmen KI nun voll aussch\u00f6pfen, um eine reibungslose, kontextreiche und sichere Kommunikation in Echtzeit zu erm\u00f6glichen.\u201c<\/p>\n<p>Weitere Informationen zu SmartPATH und zur Terminvereinbarung f\u00fcr eine Demo finden Sie unter <a href=\"https:\/\/www.smartcommunications.com\/products\/smartpath\/\" target=\"_blank\" rel=\"noopener\">SmartPATH\u2122 Omnichannel Orchestration | Smart Communications<\/a>.<\/p>\n<p><strong>\u00dcber Smart Communications<\/strong><\/p>\n<p>Smart Communications ist der bevorzugte Partner f\u00fcr regulierte Unternehmen, die ihre komplexen Gesch\u00e4ftsprozesse modernisieren und ihre Kunden in entscheidenden Momenten effektiv erreichen wollen. Die Conversation Cloud\u2122-Plattform bietet eine leistungsstarke L\u00f6sung f\u00fcr Omnichannel-Kommunikation, intelligente Datenerfassung und sichere digitale Archivierung \u2013 alles konform, nahtlos und zukunftssicher. Weltweit verlassen sich \u00fcber 650 Unternehmen \u2013 darunter Zurich Insurance, Priority Health, The Pacific Financial Group, und The Bancorp \u2013 auf Smart Communications, um regulatorische Anforderungen zu erf\u00fcllen, operative Effizienz zu steigern, Kosten zu senken und ihre digitale Transformation voranzutreiben. Das Ergebnis: besseres Kundenerlebnis und nachhaltiges Wachstum.<\/p>\n<p>Dank mehr als 30 sofort einsatzbereiten Konnektoren l\u00e4sst sich die cloud-native Plattform m\u00fchelos mit f\u00fchrenden Systemen wie Salesforce, Guidewire, DuckCreek, OneSpan und Pega integrieren. So unterst\u00fctzt Smart Communications j\u00e4hrlich \u00fcber 60 Milliarden gesch\u00e4ftskritische Kundeninteraktionen \u2013 mit messbarem Mehrwert und schneller Kapitalrendite.<\/p>\n<p>Die L\u00f6sung SmartIQ von Smart Communications geh\u00f6rt zu den diesj\u00e4hrigen Preistr\u00e4gern des \u201eBest of Technology Award 2025\u201d, der gemeinsam von der \u201eWirtschaftsWoche\u201d und dem \u201eHandelsblatt\u201d verliehen wird.<\/p>\n<p>Weitere Informationen finden Sie unter <a href=\"https:\/\/www.smartcommunications.com\/de\/\" target=\"_blank\" rel=\"noopener\">https:\/\/www.smartcommunications.com\/de\/<\/a> [\/vc_column_text][divider line_type=&#8220;No Line&#8220; custom_height=&#8220;30&#8243;][\/vc_column][\/vc_row]\n","protected":false},"excerpt":{"rendered":"<p>[vc_row type=&#8220;in_container&#8220; full_screen_row_position=&#8220;middle&#8220; column_margin=&#8220;default&#8220; equal_height=&#8220;yes&#8220; column_direction=&#8220;default&#8220; column_direction_tablet=&#8220;default&#8220; column_direction_phone=&#8220;default&#8220; scene_position=&#8220;center&#8220; bottom_padding=&#8220;50&#8243; text_color=&#8220;custom&#8220; custom_text_color=&#8220;#969696&#8243; text_align=&#8220;left&#8220; row_border_radius=&#8220;none&#8220; row_border_radius_applies=&#8220;bg&#8220; overflow=&#8220;visible&#8220; overlay_strength=&#8220;0.3&#8243; gradient_direction=&#8220;left_to_right&#8220; shape_divider_position=&#8220;bottom&#8220; bg_image_animation=&#8220;none&#8220;][vc_column column_padding=&#8220;no-extra-padding&#8220; column_padding_tablet=&#8220;inherit&#8220; column_padding_phone=&#8220;inherit&#8220; column_padding_position=&#8220;all&#8220; column_element_spacing=&#8220;default&#8220; background_color=&#8220;#ffffff&#8220; background_color_opacity=&#8220;1&#8243; background_hover_color_opacity=&#8220;1&#8243; column_shadow=&#8220;none&#8220; column_border_radius=&#8220;none&#8220;&#8230;<\/p>\n","protected":false},"author":35,"featured_media":0,"parent":43564,"menu_order":0,"comment_status":"closed","ping_status":"closed","template":"","meta":{"_acf_changed":false,"footnotes":""},"class_list":["post-73109","page","type-page","status-publish"],"acf":[],"yoast_head":"<!-- This site is optimized with the Yoast SEO plugin v27.5 - https:\/\/yoast.com\/product\/yoast-seo-wordpress\/ -->\n<title>Smart Communications startet SmartPATH\u2122: Intelligente Orchestrierung f\u00fcr sichere Echtzeit-Kundenkommunikation\u00a0 - Smart Communications<\/title>\n<meta name=\"robots\" content=\"index, follow, max-snippet:-1, max-image-preview:large, max-video-preview:-1\" \/>\n<link rel=\"canonical\" href=\"https:\/\/www.smartcommunications.com\/de\/pressemeldungen\/smart-communications-startet-smartpath\/\" \/>\n<meta property=\"og:locale\" content=\"de_DE\" \/>\n<meta property=\"og:type\" content=\"article\" \/>\n<meta property=\"og:title\" content=\"Smart Communications startet SmartPATH\u2122: Intelligente Orchestrierung f\u00fcr sichere Echtzeit-Kundenkommunikation\u00a0 - Smart Communications\" \/>\n<meta property=\"og:description\" content=\"[vc_row type=&#8220;in_container&#8220; full_screen_row_position=&#8220;middle&#8220; column_margin=&#8220;default&#8220; equal_height=&#8220;yes&#8220; column_direction=&#8220;default&#8220; column_direction_tablet=&#8220;default&#8220; column_direction_phone=&#8220;default&#8220; scene_position=&#8220;center&#8220; bottom_padding=&#8220;50&#8243; text_color=&#8220;custom&#8220; custom_text_color=&#8220;#969696&#8243; text_align=&#8220;left&#8220; row_border_radius=&#8220;none&#8220; row_border_radius_applies=&#8220;bg&#8220; overflow=&#8220;visible&#8220; overlay_strength=&#8220;0.3&#8243; gradient_direction=&#8220;left_to_right&#8220; shape_divider_position=&#8220;bottom&#8220; bg_image_animation=&#8220;none&#8220;][vc_column column_padding=&#8220;no-extra-padding&#8220; column_padding_tablet=&#8220;inherit&#8220; column_padding_phone=&#8220;inherit&#8220; column_padding_position=&#8220;all&#8220; column_element_spacing=&#8220;default&#8220; background_color=&#8220;#ffffff&#8220; background_color_opacity=&#8220;1&#8243; background_hover_color_opacity=&#8220;1&#8243; column_shadow=&#8220;none&#8220; column_border_radius=&#8220;none&#8220;...\" \/>\n<meta property=\"og:url\" content=\"https:\/\/www.smartcommunications.com\/de\/pressemeldungen\/smart-communications-startet-smartpath\/\" \/>\n<meta property=\"og:site_name\" content=\"Smart Communications\" \/>\n<meta property=\"og:image\" content=\"https:\/\/www.smartcommunications.com\/wp-content\/uploads\/Generic-Smart-Media-Card-blueBG.png\" \/>\n\t<meta property=\"og:image:width\" content=\"725\" \/>\n\t<meta property=\"og:image:height\" content=\"358\" \/>\n\t<meta property=\"og:image:type\" content=\"image\/png\" \/>\n<meta name=\"twitter:card\" content=\"summary_large_image\" \/>\n<meta name=\"twitter:image\" content=\"https:\/\/www.smartcommunications.com\/wp-content\/uploads\/Guidewire-Cologne-March-2023-1.png\" \/>\n<meta name=\"twitter:site\" content=\"@CCMInnovators\" \/>\n<meta name=\"twitter:label1\" content=\"Gesch\u00e4tzte Lesezeit\" \/>\n\t<meta name=\"twitter:data1\" content=\"5\u00a0Minuten\" \/>\n<!-- \/ Yoast SEO plugin. -->","yoast_head_json":{"title":"Smart Communications startet SmartPATH\u2122: Intelligente Orchestrierung f\u00fcr sichere Echtzeit-Kundenkommunikation\u00a0 - Smart Communications","robots":{"index":"index","follow":"follow","max-snippet":"max-snippet:-1","max-image-preview":"max-image-preview:large","max-video-preview":"max-video-preview:-1"},"canonical":"https:\/\/www.smartcommunications.com\/de\/pressemeldungen\/smart-communications-startet-smartpath\/","og_locale":"de_DE","og_type":"article","og_title":"Smart Communications startet SmartPATH\u2122: Intelligente Orchestrierung f\u00fcr sichere Echtzeit-Kundenkommunikation\u00a0 - Smart Communications","og_description":"[vc_row type=&#8220;in_container&#8220; full_screen_row_position=&#8220;middle&#8220; column_margin=&#8220;default&#8220; equal_height=&#8220;yes&#8220; column_direction=&#8220;default&#8220; column_direction_tablet=&#8220;default&#8220; column_direction_phone=&#8220;default&#8220; scene_position=&#8220;center&#8220; bottom_padding=&#8220;50&#8243; text_color=&#8220;custom&#8220; custom_text_color=&#8220;#969696&#8243; text_align=&#8220;left&#8220; row_border_radius=&#8220;none&#8220; row_border_radius_applies=&#8220;bg&#8220; overflow=&#8220;visible&#8220; overlay_strength=&#8220;0.3&#8243; gradient_direction=&#8220;left_to_right&#8220; shape_divider_position=&#8220;bottom&#8220; bg_image_animation=&#8220;none&#8220;][vc_column column_padding=&#8220;no-extra-padding&#8220; column_padding_tablet=&#8220;inherit&#8220; column_padding_phone=&#8220;inherit&#8220; column_padding_position=&#8220;all&#8220; column_element_spacing=&#8220;default&#8220; background_color=&#8220;#ffffff&#8220; background_color_opacity=&#8220;1&#8243; background_hover_color_opacity=&#8220;1&#8243; column_shadow=&#8220;none&#8220; column_border_radius=&#8220;none&#8220;...","og_url":"https:\/\/www.smartcommunications.com\/de\/pressemeldungen\/smart-communications-startet-smartpath\/","og_site_name":"Smart Communications","og_image":[{"width":725,"height":358,"url":"https:\/\/www.smartcommunications.com\/wp-content\/uploads\/Generic-Smart-Media-Card-blueBG.png","type":"image\/png"}],"twitter_card":"summary_large_image","twitter_image":"https:\/\/www.smartcommunications.com\/wp-content\/uploads\/Guidewire-Cologne-March-2023-1.png","twitter_site":"@CCMInnovators","twitter_misc":{"Gesch\u00e4tzte Lesezeit":"5\u00a0Minuten"},"schema":{"@context":"https:\/\/schema.org","@graph":[{"@type":"WebPage","@id":"https:\/\/www.smartcommunications.com\/de\/pressemeldungen\/smart-communications-startet-smartpath\/","url":"https:\/\/www.smartcommunications.com\/de\/pressemeldungen\/smart-communications-startet-smartpath\/","name":"Smart Communications startet SmartPATH\u2122: Intelligente Orchestrierung f\u00fcr sichere Echtzeit-Kundenkommunikation\u00a0 - Smart Communications","isPartOf":{"@id":"https:\/\/www.smartcommunications.com\/#website"},"datePublished":"2025-09-17T16:53:11+00:00","breadcrumb":{"@id":"https:\/\/www.smartcommunications.com\/de\/pressemeldungen\/smart-communications-startet-smartpath\/#breadcrumb"},"inLanguage":"de","potentialAction":[{"@type":"ReadAction","target":["https:\/\/www.smartcommunications.com\/de\/pressemeldungen\/smart-communications-startet-smartpath\/"]}]},{"@type":"BreadcrumbList","@id":"https:\/\/www.smartcommunications.com\/de\/pressemeldungen\/smart-communications-startet-smartpath\/#breadcrumb","itemListElement":[{"@type":"ListItem","position":1,"name":"Home","item":"https:\/\/www.smartcommunications.com\/de\/"},{"@type":"ListItem","position":2,"name":"Press Releases","item":"https:\/\/www.smartcommunications.com\/de\/pressemeldungen\/"},{"@type":"ListItem","position":3,"name":"Smart Communications startet SmartPATH\u2122: Intelligente Orchestrierung f\u00fcr sichere Echtzeit-Kundenkommunikation\u00a0"}]},{"@type":"WebSite","@id":"https:\/\/www.smartcommunications.com\/#website","url":"https:\/\/www.smartcommunications.com\/","name":"Smart Communications","description":"Customer Communication Management Software","publisher":{"@id":"https:\/\/www.smartcommunications.com\/#organization"},"alternateName":"Smart Communications","inLanguage":"de"},{"@type":"Organization","@id":"https:\/\/www.smartcommunications.com\/#organization","name":"Smart Communications","alternateName":"Smart Communications","url":"https:\/\/www.smartcommunications.com\/","logo":{"@type":"ImageObject","inLanguage":"de","@id":"https:\/\/www.smartcommunications.com\/#\/schema\/logo\/image\/","url":"https:\/\/www.smartcommunications.com\/wp-content\/uploads\/2017\/03\/Nav_logo_color_hires.png","contentUrl":"https:\/\/www.smartcommunications.com\/wp-content\/uploads\/2017\/03\/Nav_logo_color_hires.png","width":415,"height":140,"caption":"Smart Communications"},"image":{"@id":"https:\/\/www.smartcommunications.com\/#\/schema\/logo\/image\/"},"sameAs":["https:\/\/x.com\/CCMInnovators","https:\/\/www.linkedin.com\/company\/smart-communications.\/"]}]}},"_links":{"self":[{"href":"https:\/\/www.smartcommunications.com\/de\/wp-json\/wp\/v2\/pages\/73109","targetHints":{"allow":["GET"]}}],"collection":[{"href":"https:\/\/www.smartcommunications.com\/de\/wp-json\/wp\/v2\/pages"}],"about":[{"href":"https:\/\/www.smartcommunications.com\/de\/wp-json\/wp\/v2\/types\/page"}],"author":[{"embeddable":true,"href":"https:\/\/www.smartcommunications.com\/de\/wp-json\/wp\/v2\/users\/35"}],"replies":[{"embeddable":true,"href":"https:\/\/www.smartcommunications.com\/de\/wp-json\/wp\/v2\/comments?post=73109"}],"version-history":[{"count":1,"href":"https:\/\/www.smartcommunications.com\/de\/wp-json\/wp\/v2\/pages\/73109\/revisions"}],"predecessor-version":[{"id":73110,"href":"https:\/\/www.smartcommunications.com\/de\/wp-json\/wp\/v2\/pages\/73109\/revisions\/73110"}],"up":[{"embeddable":true,"href":"https:\/\/www.smartcommunications.com\/de\/wp-json\/wp\/v2\/pages\/43564"}],"wp:attachment":[{"href":"https:\/\/www.smartcommunications.com\/de\/wp-json\/wp\/v2\/media?parent=73109"}],"curies":[{"name":"wp","href":"https:\/\/api.w.org\/{rel}","templated":true}]}}