{"id":64602,"date":"2023-12-07T13:25:42","date_gmt":"2023-12-07T17:25:42","guid":{"rendered":"https:\/\/www.smartcommunications.com\/?page_id=64602"},"modified":"2024-07-30T04:13:51","modified_gmt":"2024-07-30T08:13:51","slug":"ccm-migration-beratungsanfrage","status":"publish","type":"page","link":"https:\/\/www.smartcommunications.com\/de\/ccm-migration-beratungsanfrage\/","title":{"rendered":"CCM Migration Consultation Request"},"content":{"rendered":"[vc_row type=&#8220;full_width_background&#8220; full_screen_row_position=&#8220;middle&#8220; column_margin=&#8220;default&#8220; column_direction=&#8220;default&#8220; column_direction_tablet=&#8220;default&#8220; column_direction_phone=&#8220;default&#8220; bg_color=&#8220;#0a3184&#8243; scene_position=&#8220;center&#8220; top_padding=&#8220;85&#8243; top_padding_tablet=&#8220;90&#8243; top_padding_phone=&#8220;72&#8243; top_margin=&#8220;0&#8243; bottom_margin=&#8220;0&#8243; text_color=&#8220;dark&#8220; text_align=&#8220;left&#8220; row_border_radius=&#8220;none&#8220; row_border_radius_applies=&#8220;bg&#8220; overflow=&#8220;visible&#8220; advanced_gradient_angle=&#8220;0&#8243; overlay_strength=&#8220;0.3&#8243; gradient_direction=&#8220;left_to_right&#8220; shape_divider_position=&#8220;bottom&#8220; bg_image_animation=&#8220;none&#8220; gradient_type=&#8220;default&#8220; shape_type=&#8220;&#8220;][vc_column column_padding=&#8220;no-extra-padding&#8220; column_padding_tablet=&#8220;inherit&#8220; column_padding_phone=&#8220;inherit&#8220; column_padding_position=&#8220;all&#8220; column_element_spacing=&#8220;default&#8220; background_color_opacity=&#8220;1&#8243; background_hover_color_opacity=&#8220;1&#8243; column_shadow=&#8220;none&#8220; column_border_radius=&#8220;20px&#8220; column_link_target=&#8220;_self&#8220; column_position=&#8220;default&#8220; el_class=&#8220;box-shadow-contact-form-wrapper&#8220; advanced_gradient_angle=&#8220;0&#8243; gradient_direction=&#8220;left_to_right&#8220; overlay_strength=&#8220;0.3&#8243; width=&#8220;1\/1&#8243; tablet_width_inherit=&#8220;default&#8220; tablet_text_alignment=&#8220;default&#8220; phone_text_alignment=&#8220;default&#8220; animation_type=&#8220;default&#8220; enable_animation=&#8220;true&#8220; animation=&#8220;fade-in-from-bottom&#8220; bg_image_animation=&#8220;none&#8220; border_type=&#8220;simple&#8220; column_border_width=&#8220;none&#8220; column_border_color=&#8220;#dde2e6&#8243; gradient_type=&#8220;default&#8220; delay=&#8220;500&#8243;][image_with_animation image_url=&#8220;63517&#8243; image_size=&#8220;full&#8220; animation_type=&#8220;entrance&#8220; animation=&#8220;None&#8220; hover_animation=&#8220;none&#8220; alignment=&#8220;&#8220; border_radius=&#8220;none&#8220; box_shadow=&#8220;none&#8220; image_loading=&#8220;default&#8220; max_width=&#8220;100%&#8220; max_width_mobile=&#8220;default&#8220; position_desktop=&#8220;absolute&#8220; top_position_desktop=&#8220;25&#8243; right_position_desktop=&#8220;-10&#8243; top_position_tablet=&#8220;0&#8243; right_position_tablet=&#8220;0&#8243; top_position_phone=&#8220;0&#8243; right_position_phone=&#8220;0&#8243; translate_y_phone=&#8220;-65&#8243; el_class=&#8220;cloud-animate&#8220;][image_with_animation image_url=&#8220;63519&#8243; image_size=&#8220;full&#8220; animation_type=&#8220;entrance&#8220; animation=&#8220;None&#8220; hover_animation=&#8220;none&#8220; alignment=&#8220;&#8220; border_radius=&#8220;none&#8220; box_shadow=&#8220;none&#8220; image_loading=&#8220;default&#8220; max_width=&#8220;100%&#8220; max_width_mobile=&#8220;default&#8220; position_desktop=&#8220;absolute&#8220; top_position_desktop=&#8220;70&#8243; right_position_desktop=&#8220;85&#8243; top_position_tablet=&#8220;0&#8243; right_position_tablet=&#8220;0&#8243; top_position_phone=&#8220;0&#8243; el_class=&#8220;cl-small cloud-animate&#8220;][\/vc_column][\/vc_row][vc_row type=&#8220;full_width_background&#8220; full_screen_row_position=&#8220;middle&#8220; column_margin=&#8220;default&#8220; column_direction=&#8220;default&#8220; column_direction_tablet=&#8220;default&#8220; column_direction_phone=&#8220;default&#8220; bg_color=&#8220;#0a3184&#8243; scene_position=&#8220;center&#8220; top_padding=&#8220;4&#8243; bottom_padding=&#8220;160&#8243; bottom_padding_tablet=&#8220;76&#8243; bottom_padding_phone=&#8220;55&#8243; bottom_margin=&#8220;0&#8243; text_color=&#8220;dark&#8220; text_align=&#8220;left&#8220; row_border_radius=&#8220;none&#8220; row_border_radius_applies=&#8220;bg&#8220; overflow=&#8220;visible&#8220; advanced_gradient_angle=&#8220;0&#8243; overlay_strength=&#8220;0.3&#8243; gradient_direction=&#8220;left_to_right&#8220; shape_divider_position=&#8220;bottom&#8220; bg_image_animation=&#8220;none&#8220; gradient_type=&#8220;default&#8220; shape_type=&#8220;&#8220;][vc_column column_padding=&#8220;no-extra-padding&#8220; column_padding_tablet=&#8220;inherit&#8220; column_padding_phone=&#8220;inherit&#8220; column_padding_position=&#8220;all&#8220; column_element_spacing=&#8220;default&#8220; background_color_opacity=&#8220;1&#8243; background_hover_color_opacity=&#8220;1&#8243; column_shadow=&#8220;none&#8220; column_border_radius=&#8220;20px&#8220; column_link_target=&#8220;_self&#8220; column_position=&#8220;default&#8220; el_class=&#8220;box-shadow-contact-form-wrapper show-on-form-ready&#8220; advanced_gradient_angle=&#8220;0&#8243; gradient_direction=&#8220;left_to_right&#8220; overlay_strength=&#8220;0.3&#8243; width=&#8220;1\/2&#8243; tablet_width_inherit=&#8220;default&#8220; tablet_text_alignment=&#8220;default&#8220; phone_text_alignment=&#8220;default&#8220; animation_type=&#8220;default&#8220; bg_image_animation=&#8220;none&#8220; border_type=&#8220;simple&#8220; column_border_width=&#8220;none&#8220; gradient_type=&#8220;default&#8220;][vc_row_inner column_margin=&#8220;default&#8220; column_direction=&#8220;default&#8220; column_direction_tablet=&#8220;default&#8220; column_direction_phone=&#8220;default&#8220; right_padding_desktop=&#8220;25%&#8220; right_padding_tablet=&#8220;0&#8243; text_align=&#8220;left&#8220; row_position=&#8220;default&#8220; row_position_tablet=&#8220;inherit&#8220; row_position_phone=&#8220;inherit&#8220; class=&#8220;margin-0&#8243; overflow=&#8220;visible&#8220; pointer_events=&#8220;all&#8220;][vc_column_inner column_padding=&#8220;no-extra-padding&#8220; column_padding_tablet=&#8220;inherit&#8220; column_padding_phone=&#8220;inherit&#8220; column_padding_position=&#8220;all&#8220; top_margin=&#8220;0&#8243; bottom_margin=&#8220;14px&#8220; column_element_spacing=&#8220;default&#8220; background_color_opacity=&#8220;1&#8243; background_hover_color_opacity=&#8220;1&#8243; column_shadow=&#8220;none&#8220; column_border_radius=&#8220;none&#8220; column_link_target=&#8220;_self&#8220; advanced_gradient_angle=&#8220;0&#8243; gradient_direction=&#8220;left_to_right&#8220; overlay_strength=&#8220;0.3&#8243; width=&#8220;1\/1&#8243; tablet_width_inherit=&#8220;default&#8220; animation_type=&#8220;default&#8220; bg_image_animation=&#8220;none&#8220; border_type=&#8220;simple&#8220; column_border_width=&#8220;none&#8220; column_border_style=&#8220;solid&#8220; gradient_type=&#8220;default&#8220;][vc_custom_heading text=&#8220;Bereit f\u00fcr die Migration Ihrer CCM-L\u00f6sung(en)?&#8220; font_container=&#8220;tag:h2|text_align:left|color:%23ffffff&#8220; use_theme_fonts=&#8220;yes&#8220; css_animation=&#8220;none&#8220; css=&#8220;.vc_custom_1700498206620{margin-bottom: 0px !important;padding-right: 10px !important;}&#8220; el_class=&#8220;heading-line-left&#8220;][\/vc_column_inner][\/vc_row_inner][vc_row_inner column_margin=&#8220;default&#8220; column_direction=&#8220;default&#8220; column_direction_tablet=&#8220;default&#8220; column_direction_phone=&#8220;default&#8220; top_padding=&#8220;16&#8243; bottom_padding=&#8220;7&#8243; right_padding_desktop=&#8220;90&#8243; bottom_padding_tablet=&#8220;22&#8243; right_padding_tablet=&#8220;0&#8243; text_align=&#8220;left&#8220; row_position=&#8220;default&#8220; row_position_tablet=&#8220;inherit&#8220; row_position_phone=&#8220;inherit&#8220; class=&#8220;margin-0&#8243; overflow=&#8220;visible&#8220; pointer_events=&#8220;all&#8220;][vc_column_inner column_padding=&#8220;no-extra-padding&#8220; column_padding_tablet=&#8220;inherit&#8220; column_padding_phone=&#8220;inherit&#8220; column_padding_position=&#8220;all&#8220; top_margin=&#8220;0&#8243; bottom_margin=&#8220;14px&#8220; column_element_spacing=&#8220;default&#8220; background_color_opacity=&#8220;1&#8243; background_hover_color_opacity=&#8220;1&#8243; column_shadow=&#8220;none&#8220; column_border_radius=&#8220;none&#8220; column_link_target=&#8220;_self&#8220; advanced_gradient_angle=&#8220;0&#8243; gradient_direction=&#8220;left_to_right&#8220; overlay_strength=&#8220;0.3&#8243; width=&#8220;1\/1&#8243; tablet_width_inherit=&#8220;default&#8220; animation_type=&#8220;default&#8220; bg_image_animation=&#8220;none&#8220; border_type=&#8220;simple&#8220; column_border_width=&#8220;none&#8220; column_border_style=&#8220;solid&#8220; gradient_type=&#8220;default&#8220;][vc_custom_heading text=&#8220;Unsere bew\u00e4hrten CCM-Migrations-L\u00f6sungen, unsere Expertise und Methoden erm\u00f6glichen es Unternehmen, Altsysteme hinter sich zu lassen, innovative L\u00f6sungen einzuf\u00fchren und herausragende Ergebnisse zu erzielen.&#8220; font_container=&#8220;tag:p|text_align:left|color:%23ffffff&#8220; use_theme_fonts=&#8220;yes&#8220; css_animation=&#8220;none&#8220; css=&#8220;.vc_custom_1700498219336{margin-top: 0px !important;}&#8220;][vc_custom_heading text=&#8220;Warum Smart Communications f\u00fcr Ihre CCM-System-Migration w\u00e4hlen?&#8220; font_container=&#8220;tag:p|text_align:left|color:%23fdc43c&#8220; use_theme_fonts=&#8220;yes&#8220; css_animation=&#8220;none&#8220; css=&#8220;.vc_custom_1700498227596{margin-top: -3px !important;}&#8220; el_class=&#8220;bold&#8220;][vc_custom_heading text=&#8220;Zuverl\u00e4ssige L\u00f6sungen&#8220; font_container=&#8220;tag:p|text_align:left|color:%23ffffff&#8220; use_theme_fonts=&#8220;yes&#8220; css_animation=&#8220;none&#8220; css=&#8220;.vc_custom_1700498237730{margin-top: -3px !important;padding-bottom: 0px !important;}&#8220; el_class=&#8220;bold&#8220;][vc_custom_heading text=&#8220;Smart Communications bietet umfassende Tools und Prozesse, um Ihre Migration zu optimieren. Wir arbeiten eng mit Ihnen zusammen, um Ihre Ziele zu verstehen und einen Migrationsplan zu erstellen, der mit Ihren Zielen \u00fcbereinstimmt.&#8220; font_container=&#8220;tag:p|text_align:left|color:%23ffffff&#8220; use_theme_fonts=&#8220;yes&#8220; css_animation=&#8220;none&#8220; css=&#8220;.vc_custom_1700498246456{margin-top: 0px !important;}&#8220;][vc_custom_heading text=&#8220;Branchenf\u00fchrendes Fachwissen&#8220; font_container=&#8220;tag:p|text_align:left|color:%23ffffff&#8220; use_theme_fonts=&#8220;yes&#8220; css_animation=&#8220;none&#8220; css=&#8220;.vc_custom_1700498257860{margin-top: 0px !important;padding-bottom: 0px !important;}&#8220; el_class=&#8220;bold&#8220;][vc_custom_heading text=&#8220;Unsere erfahrenen Fachleute verf\u00fcgen \u00fcber ein umfangreiches Wissen im Bereich der CCM-Migration und haben bereits Hunderte von Unternehmen in verschiedenen Branchen erfolgreich begleitet.&#8220; font_container=&#8220;tag:p|text_align:left|color:%23ffffff&#8220; use_theme_fonts=&#8220;yes&#8220; css_animation=&#8220;none&#8220; css=&#8220;.vc_custom_1700498267398{margin-top: 0px !important;}&#8220;][vc_custom_heading text=&#8220;Messbare Ergebnisse&#8220; font_container=&#8220;tag:p|text_align:left|color:%23ffffff&#8220; use_theme_fonts=&#8220;yes&#8220; css_animation=&#8220;none&#8220; css=&#8220;.vc_custom_1700498276634{margin-top: 0px !important;padding-bottom: 0px !important;}&#8220; el_class=&#8220;bold&#8220;][vc_custom_heading text=&#8220;Unsere Kunden profitieren von k\u00fcrzeren Implementierungszeiten, Kosteneinsparungen, verbesserter Kundenzufriedenheit und betrieblicher Effizienz.&#8220; font_container=&#8220;tag:p|text_align:left|color:%23ffffff&#8220; use_theme_fonts=&#8220;yes&#8220; css_animation=&#8220;none&#8220; css=&#8220;.vc_custom_1700498286409{margin-top: 0px !important;}&#8220;][vc_custom_heading text=&#8220;Nahtlose Integration&#8220; font_container=&#8220;tag:p|text_align:left|color:%23ffffff&#8220; use_theme_fonts=&#8220;yes&#8220; css_animation=&#8220;none&#8220; css=&#8220;.vc_custom_1700498295964{margin-top: 0px !important;padding-bottom: 0px !important;}&#8220; el_class=&#8220;bold&#8220;][vc_custom_heading text=&#8220;Unsere L\u00f6sungen lassen sich nahtlos in Ihre Systeme integrieren und sorgen f\u00fcr minimale Unterbrechungen, damit Sie sich auf Ihre Kunden konzentrieren k\u00f6nnen.&#8220; font_container=&#8220;tag:p|text_align:left|color:%23ffffff&#8220; use_theme_fonts=&#8220;yes&#8220; css_animation=&#8220;none&#8220; css=&#8220;.vc_custom_1700498308326{margin-top: 0px !important;}&#8220;][vc_custom_heading text=&#8220;Treten Sie in die Reihe der zufriedenen Kunden ein. Beginnen Sie Ihre Reise noch heute!&#8220; font_container=&#8220;tag:p|text_align:left|color:%23ffffff&#8220; use_theme_fonts=&#8220;yes&#8220; css_animation=&#8220;none&#8220; css=&#8220;.vc_custom_1700498321236{margin-top: 0px !important;padding-bottom: 0px !important;}&#8220; el_class=&#8220;bold&#8220;][\/vc_column_inner][\/vc_row_inner][\/vc_column][vc_column column_padding=&#8220;no-extra-padding&#8220; column_padding_tablet=&#8220;inherit&#8220; column_padding_phone=&#8220;inherit&#8220; column_padding_position=&#8220;all&#8220; top_margin=&#8220;120&#8243; top_margin_tablet=&#8220;0&#8243; column_element_spacing=&#8220;default&#8220; background_color_opacity=&#8220;1&#8243; background_hover_color_opacity=&#8220;1&#8243; column_shadow=&#8220;none&#8220; column_border_radius=&#8220;none&#8220; column_link_target=&#8220;_self&#8220; column_position=&#8220;default&#8220; el_class=&#8220;show-on-form-ready&#8220; advanced_gradient_angle=&#8220;0&#8243; gradient_direction=&#8220;left_to_right&#8220; overlay_strength=&#8220;0.3&#8243; width=&#8220;1\/2&#8243; tablet_width_inherit=&#8220;default&#8220; tablet_text_alignment=&#8220;default&#8220; phone_text_alignment=&#8220;default&#8220; animation_type=&#8220;default&#8220; bg_image_animation=&#8220;none&#8220; border_type=&#8220;simple&#8220; column_border_width=&#8220;none&#8220; column_border_style=&#8220;solid&#8220; gradient_type=&#8220;default&#8220;][smartc_contact_form_assets stylesheet_choose=&#8220;style-refreshed-de&#8220;][image_with_animation image_url=&#8220;63498&#8243; image_size=&#8220;full&#8220; animation_type=&#8220;entrance&#8220; animation=&#8220;None&#8220; hover_animation=&#8220;none&#8220; alignment=&#8220;&#8220; border_radius=&#8220;none&#8220; box_shadow=&#8220;none&#8220; image_loading=&#8220;default&#8220; max_width=&#8220;100%&#8220; max_width_mobile=&#8220;default&#8220; position_desktop=&#8220;absolute&#8220; bottom_position_desktop=&#8220;38%&#8220; left_position_desktop=&#8220;-40&#8243; right_position_phone=&#8220;0&#8243; delay=&#8220;700&#8243;][vc_raw_html el_class=&#8220;smartc-contact-form&#8220; css=&#8220;.vc_custom_1701182510310{background-color: #ffffff !important;}&#8220;]JTNDc2NyaXB0JTIwc3JjJTNEJTIyJTJGJTJGc2NhbGUuc21hcnRjb21tdW5pY2F0aW9ucy5jb20lMkZqcyUyRmZvcm1zMiUyRmpzJTJGZm9ybXMyLm1pbi5qcyUyMiUzRSUzQyUyRnNjcmlwdCUzRSUyMCUzQ2Zvcm0lMjBpZCUzRCUyMm1rdG9Gb3JtXzI5OTglMjIlM0UlM0MlMkZmb3JtJTNFJTIwJTNDc2NyaXB0JTNFTWt0b0Zvcm1zMi5sb2FkRm9ybSUyOCUyMiUyRiUyRnNjYWxlLnNtYXJ0Y29tbXVuaWNhdGlvbnMuY29tJTIyJTJDJTIwJTIyMDQxLUJRTy05MjclMjIlMkMlMjAyOTk4JTI5JTNCJTNDJTJGc2NyaXB0JTNF[\/vc_raw_html][image_with_animation image_url=&#8220;63496&#8243; image_size=&#8220;full&#8220; animation_type=&#8220;entrance&#8220; animation=&#8220;None&#8220; hover_animation=&#8220;none&#8220; alignment=&#8220;&#8220; border_radius=&#8220;none&#8220; box_shadow=&#8220;none&#8220; image_loading=&#8220;default&#8220; max_width=&#8220;100%&#8220; max_width_mobile=&#8220;default&#8220; position_desktop=&#8220;absolute&#8220; bottom_position_desktop=&#8220;40&#8243; right_position_desktop=&#8220;-80&#8243; delay=&#8220;700&#8243;][image_with_animation image_url=&#8220;63521&#8243; image_size=&#8220;full&#8220; animation_type=&#8220;entrance&#8220; animation=&#8220;None&#8220; hover_animation=&#8220;none&#8220; alignment=&#8220;&#8220; border_radius=&#8220;none&#8220; box_shadow=&#8220;none&#8220; image_loading=&#8220;default&#8220; max_width=&#8220;100%&#8220; max_width_mobile=&#8220;default&#8220; position_desktop=&#8220;absolute&#8220; bottom_position_desktop=&#8220;-50&#8243; left_position_desktop=&#8220;-50&#8243; el_class=&#8220;cl-small cloud-animate&#8220;][\/vc_column][\/vc_row]\n","protected":false},"excerpt":{"rendered":"<p>[vc_row type=&#8220;full_width_background&#8220; full_screen_row_position=&#8220;middle&#8220; column_margin=&#8220;default&#8220; column_direction=&#8220;default&#8220; column_direction_tablet=&#8220;default&#8220; column_direction_phone=&#8220;default&#8220; bg_color=&#8220;#0a3184&#8243; scene_position=&#8220;center&#8220; top_padding=&#8220;85&#8243; top_padding_tablet=&#8220;90&#8243; top_padding_phone=&#8220;72&#8243; top_margin=&#8220;0&#8243; bottom_margin=&#8220;0&#8243; text_color=&#8220;dark&#8220; text_align=&#8220;left&#8220; row_border_radius=&#8220;none&#8220; row_border_radius_applies=&#8220;bg&#8220; overflow=&#8220;visible&#8220; advanced_gradient_angle=&#8220;0&#8243; overlay_strength=&#8220;0.3&#8243; gradient_direction=&#8220;left_to_right&#8220; shape_divider_position=&#8220;bottom&#8220; bg_image_animation=&#8220;none&#8220; gradient_type=&#8220;default&#8220; shape_type=&#8220;&#8220;][vc_column column_padding=&#8220;no-extra-padding&#8220; column_padding_tablet=&#8220;inherit&#8220; column_padding_phone=&#8220;inherit&#8220; column_padding_position=&#8220;all&#8220;&#8230;<\/p>\n","protected":false},"author":35,"featured_media":64801,"parent":0,"menu_order":15,"comment_status":"closed","ping_status":"closed","template":"","meta":{"_acf_changed":false,"footnotes":""},"class_list":["post-64602","page","type-page","status-publish","has-post-thumbnail"],"acf":[],"yoast_head":"<!-- This site is optimized with the Yoast SEO plugin v27.0 - https:\/\/yoast.com\/product\/yoast-seo-wordpress\/ -->\n<title>CCM Migration Beratungsanfrage | Smart Communications<\/title>\n<meta name=\"description\" content=\"Fordern Sie Ihre kostenlose CCM-Systemmigrationsberatung mit einem unserer L\u00f6sungsexperten an und beginnen Sie noch heute Ihre reine SaaS-CCM-Reise.\" \/>\n<meta name=\"robots\" content=\"noindex, nofollow\" \/>\n<meta property=\"og:locale\" content=\"de_DE\" \/>\n<meta property=\"og:type\" content=\"article\" \/>\n<meta property=\"og:title\" content=\"CCM Migration Beratungsanfrage | Smart Communications\" \/>\n<meta property=\"og:description\" content=\"Fordern Sie Ihre kostenlose CCM-Systemmigrationsberatung mit einem unserer L\u00f6sungsexperten an und beginnen Sie noch heute Ihre reine SaaS-CCM-Reise.\" \/>\n<meta property=\"og:url\" content=\"https:\/\/www.smartcommunications.com\/de\/ccm-migration-beratungsanfrage\/\" \/>\n<meta property=\"og:site_name\" content=\"Smart Communications\" \/>\n<meta property=\"article:modified_time\" content=\"2024-07-30T08:13:51+00:00\" \/>\n<meta property=\"og:image\" content=\"https:\/\/www.smartcommunications.com\/wp-content\/uploads\/DACH-CCM-Migration-SmartCOMM_FeaturedImage-WP-1200x628-1.png\" \/>\n\t<meta property=\"og:image:width\" content=\"1200\" \/>\n\t<meta property=\"og:image:height\" content=\"628\" \/>\n\t<meta property=\"og:image:type\" content=\"image\/png\" \/>\n<meta name=\"twitter:card\" content=\"summary_large_image\" \/>\n<meta name=\"twitter:image\" content=\"https:\/\/www.smartcommunications.com\/wp-content\/uploads\/DACH-CCM-Migration-SmartCOMM_FeaturedImage-WP-1200x628-1.png\" \/>\n<meta name=\"twitter:site\" content=\"@CCMInnovators\" \/>\n<meta name=\"twitter:label1\" content=\"Gesch\u00e4tzte Lesezeit\" \/>\n\t<meta name=\"twitter:data1\" content=\"4\u00a0Minuten\" \/>\n<!-- \/ Yoast SEO plugin. -->","yoast_head_json":{"title":"CCM Migration Beratungsanfrage | Smart Communications","description":"Fordern Sie Ihre kostenlose CCM-Systemmigrationsberatung mit einem unserer L\u00f6sungsexperten an und beginnen Sie noch heute Ihre reine SaaS-CCM-Reise.","robots":{"index":"noindex","follow":"nofollow"},"og_locale":"de_DE","og_type":"article","og_title":"CCM Migration Beratungsanfrage | Smart Communications","og_description":"Fordern Sie Ihre kostenlose CCM-Systemmigrationsberatung mit einem unserer L\u00f6sungsexperten an und beginnen Sie noch heute Ihre reine SaaS-CCM-Reise.","og_url":"https:\/\/www.smartcommunications.com\/de\/ccm-migration-beratungsanfrage\/","og_site_name":"Smart Communications","article_modified_time":"2024-07-30T08:13:51+00:00","og_image":[{"width":1200,"height":628,"url":"https:\/\/www.smartcommunications.com\/wp-content\/uploads\/DACH-CCM-Migration-SmartCOMM_FeaturedImage-WP-1200x628-1.png","type":"image\/png"}],"twitter_card":"summary_large_image","twitter_image":"https:\/\/www.smartcommunications.com\/wp-content\/uploads\/DACH-CCM-Migration-SmartCOMM_FeaturedImage-WP-1200x628-1.png","twitter_site":"@CCMInnovators","twitter_misc":{"Gesch\u00e4tzte Lesezeit":"4\u00a0Minuten"},"schema":{"@context":"https:\/\/schema.org","@graph":[{"@type":"WebPage","@id":"https:\/\/www.smartcommunications.com\/de\/ccm-migration-beratungsanfrage\/","url":"https:\/\/www.smartcommunications.com\/de\/ccm-migration-beratungsanfrage\/","name":"CCM Migration Beratungsanfrage | Smart Communications","isPartOf":{"@id":"https:\/\/www.smartcommunications.com\/#website"},"primaryImageOfPage":{"@id":"https:\/\/www.smartcommunications.com\/de\/ccm-migration-beratungsanfrage\/#primaryimage"},"image":{"@id":"https:\/\/www.smartcommunications.com\/de\/ccm-migration-beratungsanfrage\/#primaryimage"},"thumbnailUrl":"https:\/\/www.smartcommunications.com\/wp-content\/uploads\/DACH-CCM-Migration-SmartCOMM_FeaturedImage-WP-1200x628-1.png","datePublished":"2023-12-07T17:25:42+00:00","dateModified":"2024-07-30T08:13:51+00:00","description":"Fordern Sie Ihre kostenlose CCM-Systemmigrationsberatung mit einem unserer L\u00f6sungsexperten an und beginnen Sie noch heute Ihre reine SaaS-CCM-Reise.","breadcrumb":{"@id":"https:\/\/www.smartcommunications.com\/de\/ccm-migration-beratungsanfrage\/#breadcrumb"},"inLanguage":"de","potentialAction":[{"@type":"ReadAction","target":["https:\/\/www.smartcommunications.com\/de\/ccm-migration-beratungsanfrage\/"]}]},{"@type":"ImageObject","inLanguage":"de","@id":"https:\/\/www.smartcommunications.com\/de\/ccm-migration-beratungsanfrage\/#primaryimage","url":"https:\/\/www.smartcommunications.com\/wp-content\/uploads\/DACH-CCM-Migration-SmartCOMM_FeaturedImage-WP-1200x628-1.png","contentUrl":"https:\/\/www.smartcommunications.com\/wp-content\/uploads\/DACH-CCM-Migration-SmartCOMM_FeaturedImage-WP-1200x628-1.png","width":1200,"height":628},{"@type":"BreadcrumbList","@id":"https:\/\/www.smartcommunications.com\/de\/ccm-migration-beratungsanfrage\/#breadcrumb","itemListElement":[{"@type":"ListItem","position":1,"name":"Home","item":"https:\/\/www.smartcommunications.com\/de\/"},{"@type":"ListItem","position":2,"name":"CCM Migration Consultation Request"}]},{"@type":"WebSite","@id":"https:\/\/www.smartcommunications.com\/#website","url":"https:\/\/www.smartcommunications.com\/","name":"Smart Communications","description":"Customer Communication Management Software","publisher":{"@id":"https:\/\/www.smartcommunications.com\/#organization"},"alternateName":"Smart Communications","inLanguage":"de"},{"@type":"Organization","@id":"https:\/\/www.smartcommunications.com\/#organization","name":"Smart Communications","alternateName":"Smart Communications","url":"https:\/\/www.smartcommunications.com\/","logo":{"@type":"ImageObject","inLanguage":"de","@id":"https:\/\/www.smartcommunications.com\/#\/schema\/logo\/image\/","url":"https:\/\/www.smartcommunications.com\/wp-content\/uploads\/2017\/03\/Nav_logo_color_hires.png","contentUrl":"https:\/\/www.smartcommunications.com\/wp-content\/uploads\/2017\/03\/Nav_logo_color_hires.png","width":415,"height":140,"caption":"Smart Communications"},"image":{"@id":"https:\/\/www.smartcommunications.com\/#\/schema\/logo\/image\/"},"sameAs":["https:\/\/x.com\/CCMInnovators","https:\/\/www.linkedin.com\/company\/smart-communications.\/"]}]}},"_links":{"self":[{"href":"https:\/\/www.smartcommunications.com\/de\/wp-json\/wp\/v2\/pages\/64602","targetHints":{"allow":["GET"]}}],"collection":[{"href":"https:\/\/www.smartcommunications.com\/de\/wp-json\/wp\/v2\/pages"}],"about":[{"href":"https:\/\/www.smartcommunications.com\/de\/wp-json\/wp\/v2\/types\/page"}],"author":[{"embeddable":true,"href":"https:\/\/www.smartcommunications.com\/de\/wp-json\/wp\/v2\/users\/35"}],"replies":[{"embeddable":true,"href":"https:\/\/www.smartcommunications.com\/de\/wp-json\/wp\/v2\/comments?post=64602"}],"version-history":[{"count":0,"href":"https:\/\/www.smartcommunications.com\/de\/wp-json\/wp\/v2\/pages\/64602\/revisions"}],"wp:featuredmedia":[{"embeddable":true,"href":"https:\/\/www.smartcommunications.com\/de\/wp-json\/wp\/v2\/media\/64801"}],"wp:attachment":[{"href":"https:\/\/www.smartcommunications.com\/de\/wp-json\/wp\/v2\/media?parent=64602"}],"curies":[{"name":"wp","href":"https:\/\/api.w.org\/{rel}","templated":true}]}}