{"id":62340,"date":"2023-08-17T08:51:11","date_gmt":"2023-08-17T12:51:11","guid":{"rendered":"https:\/\/www.smartcommunications.com\/?page_id=62340"},"modified":"2023-08-17T08:51:11","modified_gmt":"2023-08-17T12:51:11","slug":"benchmark-report-2023-die-dach-erkenntnisse-zum-stand-der-kundenkommunikation-im-finanz-und-versicherungswesen","status":"publish","type":"page","link":"https:\/\/www.smartcommunications.com\/de\/pressemeldungen\/benchmark-report-2023-die-dach-erkenntnisse-zum-stand-der-kundenkommunikation-im-finanz-und-versicherungswesen\/","title":{"rendered":"<strong>Benchmark Report 2023: Die DACH-Erkenntnisse zum Stand der Kundenkommunikation im Finanz- und Versicherungswesen<\/strong>\u00a0"},"content":{"rendered":"[vc_row type=&#8220;in_container&#8220; full_screen_row_position=&#8220;middle&#8220; column_margin=&#8220;default&#8220; equal_height=&#8220;yes&#8220; column_direction=&#8220;default&#8220; column_direction_tablet=&#8220;default&#8220; column_direction_phone=&#8220;default&#8220; scene_position=&#8220;center&#8220; bottom_padding=&#8220;50&#8243; text_color=&#8220;custom&#8220; custom_text_color=&#8220;#969696&#8243; text_align=&#8220;left&#8220; row_border_radius=&#8220;none&#8220; row_border_radius_applies=&#8220;bg&#8220; overflow=&#8220;visible&#8220; overlay_strength=&#8220;0.3&#8243; gradient_direction=&#8220;left_to_right&#8220; shape_divider_position=&#8220;bottom&#8220; bg_image_animation=&#8220;none&#8220;][vc_column column_padding=&#8220;no-extra-padding&#8220; column_padding_tablet=&#8220;inherit&#8220; column_padding_phone=&#8220;inherit&#8220; column_padding_position=&#8220;all&#8220; column_element_spacing=&#8220;default&#8220; background_color=&#8220;#ffffff&#8220; background_color_opacity=&#8220;1&#8243; background_hover_color_opacity=&#8220;1&#8243; column_shadow=&#8220;none&#8220; column_border_radius=&#8220;none&#8220; column_link_target=&#8220;_self&#8220; column_position=&#8220;default&#8220; gradient_direction=&#8220;left_to_right&#8220; overlay_strength=&#8220;0.3&#8243; width=&#8220;1\/1&#8243; tablet_width_inherit=&#8220;default&#8220; tablet_text_alignment=&#8220;left&#8220; phone_text_alignment=&#8220;left&#8220; animation_type=&#8220;default&#8220; enable_animation=&#8220;true&#8220; animation=&#8220;none&#8220; bg_image_animation=&#8220;none&#8220; border_type=&#8220;simple&#8220; column_border_width=&#8220;none&#8220; column_border_style=&#8220;solid&#8220;][divider line_type=&#8220;Small Line&#8220; line_alignment=&#8220;default&#8220; line_thickness=&#8220;7&#8243; divider_color=&#8220;accent-color&#8220; animate=&#8220;yes&#8220; custom_height=&#8220;20&#8243; custom_line_width=&#8220;150&#8243;][divider line_type=&#8220;No Line&#8220; custom_height=&#8220;10&#8243;][vc_custom_heading text=&#8220;Benchmark Report 2023: Die DACH-Erkenntnisse zum Stand der Kundenkommunikation im Finanz- und Versicherungswesen&#8220; font_container=&#8220;tag:h1|text_align:left|color:%23002f87&#8243; use_theme_fonts=&#8220;yes&#8220; css_animation=&#8220;top-to-bottom&#8220;][divider line_type=&#8220;No Line&#8220; custom_height=&#8220;25&#8243;][vc_column_text css_animation=&#8220;top-to-bottom&#8220;]<em><strong>Der diesj\u00e4hrige Benchmark Report zeigt, wie wichtig klare und verst\u00e4ndliche Kommunikation f\u00fcr die Kundentreue und -bindung ist.<\/strong><\/em><\/p>\n<p><strong>Saarbr\u00fccken, 17. August 2023<\/strong> &#8211;\u00a0Im Vergleich zu anderen Branchen nutzt die Finanz- und Versicherungsbranche noch l\u00e4ngst nicht das volle Potential digitalisierter Kommunikation. Kunden wollen heute mehr. Sie w\u00fcnschen sich Aktualit\u00e4t, Relevanz und Transparenz in der Kommunikation sowie eine optimale Benutzerfreundlichkeit.<\/p>\n<p>Um herauszufinden, was genau das Kundenvertrauen st\u00e4rkt und worauf Unternehmen ihre Bem\u00fchungen k\u00fcnftig konzentrieren sollten, um die Kundenbindung und -neugewinnung zu f\u00f6rdern, beauftragte Smart Communications das unabh\u00e4ngige Forschungsinstitut Harris Interactive mit einer weltweiten Befragung von Privat- und Gesch\u00e4ftskunden. Hier sind die wichtigsten Ergebnisse f\u00fcr die DACH-Region im \u00dcberblick.<\/p>\n<p><strong>Zentrale Ergebnisse<\/strong><\/p>\n<ul>\n<li>Sektor\u00fcbergreifend wird Kundenkommunikation als essentiell f\u00fcr Kundenbindung und -treue eingestuft<\/li>\n<li>Kunden- und Unternehmenswahrnehmung der Kundenkommunikation stimmen nicht \u00fcberein<\/li>\n<li>Organisationen des Finanz- und Versicherungswesens haben immer noch nicht den richtigen Ansatz f\u00fcr Formulare<\/li>\n<\/ul>\n<p><strong>Kundenkommunikation ist entscheidend f\u00fcr <\/strong><strong>Kundenbindung und -treue <\/strong><\/p>\n<p>Kommunikation ist einer der wichtigsten Faktoren f\u00fcr die Customer Experience (CX) sowie f\u00fcr die Kundenbindung und -treue. 72 Prozent der befragten Kunden des Finanz-, Versicherungs- und Gesundheitswesens in der DACH-Region stimmen dem zu.<\/p>\n<p>Vor allem im Finanz- und Versicherungssektor ist die Kundenbindung besonders wichtig. Verwirrende oder schwer verst\u00e4ndliche Mitteilungen k\u00f6nnen sich negativ auf die CX auswirken und dazu f\u00fchren, dass Kunden abspringen. Fast die H\u00e4lfte (46 %) der befragten DACH-Kunden w\u00fcrden wahrscheinlich den Anbieter wechseln, wenn die Kommunikation nicht ihren Erwartungen entspricht. Zum Vergleich: In der APAC-Region liegt die Wechselwahrscheinlichkeit sogar bei 66 Prozent, gefolgt von den USA und Gro\u00dfbritannien mit jeweils 51 Prozent.<\/p>\n<p>Die wichtigsten Ursachen f\u00fcr die Kundenfrustration \u00fcber die Kommunikation sind nach Meinung der Befragten der Empfang irrelevanter Information (44 %), eine zu hohe Kontakth\u00e4ufigkeit (38 %), die Nutzung eines nicht pr\u00e4ferierten Kommunikationskanals (38 %) sowie mangelnde Sensibilit\u00e4t (33 %).<\/p>\n<p>Um die Kundenzufriedenheit und -loyalit\u00e4t zu steigern, m\u00fcssen Unternehmen klar, einf\u00fchlsam und relevant kommunizieren. Zudem m\u00fcssen sie ber\u00fccksichtigen, wie Kunden Nachrichten erhalten m\u00f6chten. In unserer online gepr\u00e4gten Welt erwarten viele Kunden digitale Interaktionen, aber die Kanalpr\u00e4ferenzen variieren je nach Generation, Region und Art der Kommunikation.<\/p>\n<p><strong>Bei schlechter Kommunikationserfahrung wandern Kunden ab<\/strong><\/p>\n<p>Der Zusammenhang zwischen schlechten Kommunikationserfahrungen und Abwanderung ist bei den j\u00fcngeren Generationen besonders ausgepr\u00e4gt. Sie haben h\u00f6here Erwartungen an digitale Erfahrungen im Allgemeinen &#8211; und eine geringere Toleranz f\u00fcr langsame Bearbeitungszeiten oder Frustration mit mobilen Apps. Obwohl sie den Gesamtdurchschnitt \u00fcbertreffen, antworteten bemerkenswerte 60 Prozent der Millennials, dass sie wahrscheinlich das Unternehmen wechseln w\u00fcrden, wenn die Kommunikation nicht ihren Erwartungen entspricht.<\/p>\n<p><strong>Kundenwahrnehmung versus Unternehmenswahrnehmung <\/strong><\/p>\n<p>Die Umfrageergebnisse weisen eine erhebliche Diskrepanz zwischen der Selbsteinsch\u00e4tzung der Unternehmen und den Gef\u00fchlen der Kunden zur Kommunikation auf. Die Mehrzahl der Unternehmen ist der Meinung, dass sich die Kundenkommunikation ihres Unternehmens verbessert, aber nur 22 Prozent der befragten DACH-Kunden stimmen dem zu.<\/p>\n<p><strong>Der richtige Ansatz f\u00fcr Formulare<\/strong><\/p>\n<p>Formulare sind ein wichtiger Bestandteil der Kundenkommunikation. Sowohl die Pr\u00e4sentationsform als auch der Schwierigkeitsgrad der Formulare nehmen direkt Einfluss auf die CX.<\/p>\n<p>Die Mehrzahl der Kunden m\u00f6chte digitale Formulare verwenden. Hierzu reicht es nicht aus, Formulare lediglich online zu stellen. Wenn sie schwer verst\u00e4ndlich oder auszuf\u00fcllen sind, w\u00fcrden 46 Prozent der Kunden frustriert sein und die Interaktion abbrechen. Wenn Kunden eine Interaktion abbrechen, wenden sie sich h\u00e4ufig an einen kostenintensiveren Kanal, wie z. B. ein Callcenter, was die Betriebskosten eines Unternehmens erh\u00f6ht und die Prozesseffizienz beeintr\u00e4chtigt.<\/p>\n<p>Kunden erwarten heute Einfachheit und Bequemlichkeit, wozu auch die M\u00f6glichkeit geh\u00f6rt, Formulare auf einem mobilen Ger\u00e4t auszuf\u00fcllen. Au\u00dferdem m\u00f6chten sie die M\u00f6glichkeit haben, den Vorgang bei Bedarf zu unterbrechen und zu starten, ohne dass die bereits eingegebenen Informationen verloren gehen. Diese M\u00f6glichkeit halten 27 Prozent der Befragten f\u00fcr besonders wichtig.<\/p>\n<p>Alles, was Unternehmen tun k\u00f6nnen, um Prozesse zu rationalisieren und den Aufwand f\u00fcr den Kunden zu minimieren, tr\u00e4gt nicht nur zur Verbesserung der Kundenzufriedenheit bei, sondern auch zu einer Steigerung der operativen Effizienz. Eine automatisierte L\u00f6sung f\u00fcr digitale Formulare erm\u00f6glicht zum Beispiel die Vorauswahl von Personendaten aus den Kernsystemen. Die neueste Generation von Low-\/No-Code-Cloud-Native-Tools kann statische Prozesse in gef\u00fchrte Konversationen umwandeln, die sich eher wie ein antwortbasiertes Interview anf\u00fchlen. Da die \u00fcber Papierformulare erfassten Informationen nicht mehr empfangen, gescannt oder erneut eingegeben und \u00fcberpr\u00fcft werden m\u00fcssen, werden auf der Unternehmensseite viel Zeit und Ressourcen gespart und Fehler minimiert.<\/p>\n<p><strong>Fazit<\/strong><\/p>\n<p>Die wichtigste Erkenntnis aus der Umfrage ist, dass Unternehmen einen proaktiveren Ansatz verfolgen m\u00fcssen, um die Kommunikationsbed\u00fcrfnisse und -erwartungen ihrer Kunden zu erf\u00fcllen. W\u00e4hrend die Kundenpr\u00e4ferenzen zunehmend digital sind, sollten Unternehmen Design und Bereitstellung an verschiedene Arten der Kommunikation sowie an die Unterschiede zwischen den Generationen anpassen. Die Umstellung auf eine branchenf\u00fchrende, zentralisierte Customer Communications Management (CCM)-L\u00f6sung, die mit den Kernsystemen verbunden ist, erm\u00f6glicht es den Unternehmen, einen detaillierteren Ansatz zu verfolgen und alle verf\u00fcgbaren Daten zu nutzen, um ihre Kunden individuell zu betreuen.<\/p>\n<p>Die Smart Communications Conversation Cloud&#x2122; ist eine reine Cloud-Plattform, die es Unternehmen leicht macht, personalisierte, ma\u00dfgeschneiderte Konversationen \u00fcber die gesamte Kundenerfahrung hinweg zu liefern. Die integrierten L\u00f6sungen, einschlie\u00dflich SmartIQ&#x2122; forms automation und SmartCOMM&#x2122; CCM, arbeiten zusammen und lassen sich mit bestehenden Systemen verbinden, wodurch die CX intuitiv und die Kommunikation dynamisch wird. Die F\u00e4higkeit zur Erfassung, Kommunikation, Zusammenarbeit und Koordination mit integrierten Intelligenzebenen freizusetzen und Kundenkommunikation in SMARTERe Konversationen zu verwandeln \u2013 das ist die St\u00e4rke von Smart Communications.<\/p>\n<p><strong>Methodologie<\/strong><\/p>\n<p>Smart Communications beauftragte Harris Interactive, ein Unternehmen von Toluna, mit der Durchf\u00fchrung einer Online-Verbraucherumfrage in Gro\u00dfbritannien, den USA, APAC (Australien, Neuseeland, China, Hongkong, Taiwan, Japan, Singapur) und den deutschsprachigen M\u00e4rkten (\u00d6sterreich, Schweiz, Deutschland). In allen M\u00e4rkten wurde ein national repr\u00e4sentatives Publikum (nach Alter und Geschlecht) befragt. Um sich f\u00fcr die Umfrage zu qualifizieren, mussten alle Befragten Kunden von mindestens einem der drei Sektoren sein &#8211; Banken und andere Finanzunternehmen, Versicherungsunternehmen oder Gesundheitsunternehmen. In der Realit\u00e4t ist die Mehrheit Kunde in mehr als einem der drei Sektoren. Bei einigen Fragen werden die Befragten speziell zu jedem der Sektoren befragt, in denen sie Kunde sind. Die Feldarbeit fand im Februar 2023 statt.<\/p>\n<p>Die Unternehmensforschung wurde online in Gro\u00dfbritannien, den USA, APAC (Australien, Neuseeland, China, Hongkong, Taiwan, Japan, Singapur) und den deutschsprachigen M\u00e4rkten (\u00d6sterreich, Schweiz, Deutschland) durchgef\u00fchrt. In allen M\u00e4rkten wurde die B2B-Forschung (in \u00dcbereinstimmung mit der Verbraucherforschung) in Finanz-, Versicherungs- oder privaten Gesundheitsunternehmen mit Mitarbeitern auf Managementebene oder dar\u00fcber durchgef\u00fchrt, die mit der von ihrem Unternehmen versandten Kommunikation vertraut sind. Die Feldarbeit fand im Februar 2023 statt.<\/p>\n<p><strong><em>Den vollst\u00e4ndigen Benchmark Report 2023 finden Sie <\/em><\/strong><a href=\"https:\/\/www.smartcommunications.com\/resources\/benchmark-report\/\"><strong><em>hier<\/em><\/strong><\/a><strong><em>.<\/em><\/strong><\/p>\n<p><strong>\u00dcber Smart Communications<\/strong><\/p>\n<p>Smart Communications ist ein f\u00fchrendes Technologieunternehmen, das Unternehmen dabei unterst\u00fctzt, die Kundenkommunikation relevanter zu gestalten. Die Plattform <a href=\"https:\/\/www.smartcommunications.com\/de\/conversation-cloud\/\">Conversation Cloud&#x2122;<\/a> des Unternehmens bietet auf einzigartige Weise personalisierte Omnichannel-Konversationen \u00fcber das gesamte Kundenerlebnis hinweg. So k\u00f6nnen Unternehmen in der heutigen digitalen, kundenorientierten Welt erfolgreich sein und gleichzeitig Prozesse vereinfachen und effizienter gestalten. Smart Communications mit Hauptsitz in Gro\u00dfbritannien hat mehr als 650 Kunden und Niederlassungen in Nordamerika, Europa und Asien-Pazifik. Die Plattform Conversation Cloud umfasst die skalierbaren L\u00f6sungen f\u00fcr Kundenkommunikationsmanagement (CCM) von <a href=\"https:\/\/www.smartcommunications.com\/de\/produkte\/smartcomm\/\">SmartCOMM&#x2122;<\/a>, Funktionen f\u00fcr die Digitalisierung von Formularen durch <a href=\"https:\/\/www.smartcommunications.com\/de\/produkte\/smartiq\/\">SmartIQ&#x2122;<\/a> sowie die Fachkompetenz im Bereich Gesch\u00e4ftsdokumentation von <a href=\"https:\/\/www.smartcommunications.com\/de\/produkte\/smartdx\/\">SmartDX&#x2122;<\/a>. 2021 hat Smart Communications Assentis \u00fcbernommen, einen f\u00fchrenden europ\u00e4ischen Anbieter von Softwarel\u00f6sungen, der auf Kundenkommunikationsmanagement (CCM) mit Schwerpunkt Finanzdienstleistungsbranche spezialisiert ist. Mehr Informationen finden Sie unter <a href=\"https:\/\/www.smartcommunications.com\/de\">smartcommunications.com\/de.<\/a>[\/vc_column_text][divider line_type=&#8220;No Line&#8220; custom_height=&#8220;30&#8243;][\/vc_column][\/vc_row]\n","protected":false},"excerpt":{"rendered":"<p>[vc_row type=&#8220;in_container&#8220; full_screen_row_position=&#8220;middle&#8220; column_margin=&#8220;default&#8220; equal_height=&#8220;yes&#8220; column_direction=&#8220;default&#8220; column_direction_tablet=&#8220;default&#8220; column_direction_phone=&#8220;default&#8220; scene_position=&#8220;center&#8220; bottom_padding=&#8220;50&#8243; text_color=&#8220;custom&#8220; custom_text_color=&#8220;#969696&#8243; text_align=&#8220;left&#8220; row_border_radius=&#8220;none&#8220; row_border_radius_applies=&#8220;bg&#8220; overflow=&#8220;visible&#8220; overlay_strength=&#8220;0.3&#8243; gradient_direction=&#8220;left_to_right&#8220; shape_divider_position=&#8220;bottom&#8220; bg_image_animation=&#8220;none&#8220;][vc_column column_padding=&#8220;no-extra-padding&#8220; column_padding_tablet=&#8220;inherit&#8220; column_padding_phone=&#8220;inherit&#8220; column_padding_position=&#8220;all&#8220; column_element_spacing=&#8220;default&#8220; background_color=&#8220;#ffffff&#8220; background_color_opacity=&#8220;1&#8243; background_hover_color_opacity=&#8220;1&#8243; column_shadow=&#8220;none&#8220; column_border_radius=&#8220;none&#8220;&#8230;<\/p>\n","protected":false},"author":2,"featured_media":0,"parent":43564,"menu_order":0,"comment_status":"closed","ping_status":"closed","template":"","meta":{"_acf_changed":false,"footnotes":""},"class_list":["post-62340","page","type-page","status-publish"],"acf":[],"yoast_head":"<!-- This site is optimized with the Yoast SEO plugin v27.0 - https:\/\/yoast.com\/product\/yoast-seo-wordpress\/ -->\n<title>Benchmark Report 2023: Die DACH-Erkenntnisse zum Stand der Kundenkommunikation im Finanz- und Versicherungswesen\u00a0 - Smart Communications<\/title>\n<meta name=\"robots\" content=\"index, follow, max-snippet:-1, max-image-preview:large, max-video-preview:-1\" \/>\n<link rel=\"canonical\" href=\"https:\/\/www.smartcommunications.com\/de\/pressemeldungen\/benchmark-report-2023-die-dach-erkenntnisse-zum-stand-der-kundenkommunikation-im-finanz-und-versicherungswesen\/\" \/>\n<meta property=\"og:locale\" content=\"de_DE\" \/>\n<meta property=\"og:type\" content=\"article\" \/>\n<meta property=\"og:title\" content=\"Benchmark Report 2023: Die DACH-Erkenntnisse zum Stand der Kundenkommunikation im Finanz- und Versicherungswesen\u00a0 - Smart Communications\" \/>\n<meta property=\"og:description\" content=\"[vc_row type=&#8220;in_container&#8220; full_screen_row_position=&#8220;middle&#8220; column_margin=&#8220;default&#8220; equal_height=&#8220;yes&#8220; column_direction=&#8220;default&#8220; column_direction_tablet=&#8220;default&#8220; column_direction_phone=&#8220;default&#8220; scene_position=&#8220;center&#8220; bottom_padding=&#8220;50&#8243; text_color=&#8220;custom&#8220; custom_text_color=&#8220;#969696&#8243; text_align=&#8220;left&#8220; row_border_radius=&#8220;none&#8220; row_border_radius_applies=&#8220;bg&#8220; overflow=&#8220;visible&#8220; overlay_strength=&#8220;0.3&#8243; gradient_direction=&#8220;left_to_right&#8220; shape_divider_position=&#8220;bottom&#8220; bg_image_animation=&#8220;none&#8220;][vc_column column_padding=&#8220;no-extra-padding&#8220; column_padding_tablet=&#8220;inherit&#8220; column_padding_phone=&#8220;inherit&#8220; column_padding_position=&#8220;all&#8220; column_element_spacing=&#8220;default&#8220; background_color=&#8220;#ffffff&#8220; background_color_opacity=&#8220;1&#8243; background_hover_color_opacity=&#8220;1&#8243; column_shadow=&#8220;none&#8220; column_border_radius=&#8220;none&#8220;...\" \/>\n<meta property=\"og:url\" content=\"https:\/\/www.smartcommunications.com\/de\/pressemeldungen\/benchmark-report-2023-die-dach-erkenntnisse-zum-stand-der-kundenkommunikation-im-finanz-und-versicherungswesen\/\" \/>\n<meta property=\"og:site_name\" content=\"Smart Communications\" \/>\n<meta property=\"og:image\" content=\"https:\/\/www.smartcommunications.com\/wp-content\/uploads\/Generic-Smart-Media-Card-blueBG.png\" \/>\n\t<meta property=\"og:image:width\" content=\"725\" \/>\n\t<meta property=\"og:image:height\" content=\"358\" \/>\n\t<meta property=\"og:image:type\" content=\"image\/png\" \/>\n<meta name=\"twitter:card\" content=\"summary_large_image\" \/>\n<meta name=\"twitter:image\" content=\"https:\/\/www.smartcommunications.com\/wp-content\/uploads\/Guidewire-Cologne-March-2023-1.png\" \/>\n<meta name=\"twitter:site\" content=\"@CCMInnovators\" \/>\n<meta name=\"twitter:label1\" content=\"Gesch\u00e4tzte Lesezeit\" \/>\n\t<meta name=\"twitter:data1\" content=\"6\u00a0Minuten\" \/>\n<!-- \/ Yoast SEO plugin. -->","yoast_head_json":{"title":"Benchmark Report 2023: Die DACH-Erkenntnisse zum Stand der Kundenkommunikation im Finanz- und Versicherungswesen\u00a0 - Smart Communications","robots":{"index":"index","follow":"follow","max-snippet":"max-snippet:-1","max-image-preview":"max-image-preview:large","max-video-preview":"max-video-preview:-1"},"canonical":"https:\/\/www.smartcommunications.com\/de\/pressemeldungen\/benchmark-report-2023-die-dach-erkenntnisse-zum-stand-der-kundenkommunikation-im-finanz-und-versicherungswesen\/","og_locale":"de_DE","og_type":"article","og_title":"Benchmark Report 2023: Die DACH-Erkenntnisse zum Stand der Kundenkommunikation im Finanz- und Versicherungswesen\u00a0 - Smart Communications","og_description":"[vc_row type=&#8220;in_container&#8220; full_screen_row_position=&#8220;middle&#8220; column_margin=&#8220;default&#8220; equal_height=&#8220;yes&#8220; column_direction=&#8220;default&#8220; column_direction_tablet=&#8220;default&#8220; column_direction_phone=&#8220;default&#8220; scene_position=&#8220;center&#8220; bottom_padding=&#8220;50&#8243; text_color=&#8220;custom&#8220; custom_text_color=&#8220;#969696&#8243; text_align=&#8220;left&#8220; row_border_radius=&#8220;none&#8220; row_border_radius_applies=&#8220;bg&#8220; overflow=&#8220;visible&#8220; overlay_strength=&#8220;0.3&#8243; gradient_direction=&#8220;left_to_right&#8220; shape_divider_position=&#8220;bottom&#8220; bg_image_animation=&#8220;none&#8220;][vc_column column_padding=&#8220;no-extra-padding&#8220; column_padding_tablet=&#8220;inherit&#8220; column_padding_phone=&#8220;inherit&#8220; column_padding_position=&#8220;all&#8220; column_element_spacing=&#8220;default&#8220; background_color=&#8220;#ffffff&#8220; background_color_opacity=&#8220;1&#8243; background_hover_color_opacity=&#8220;1&#8243; column_shadow=&#8220;none&#8220; column_border_radius=&#8220;none&#8220;...","og_url":"https:\/\/www.smartcommunications.com\/de\/pressemeldungen\/benchmark-report-2023-die-dach-erkenntnisse-zum-stand-der-kundenkommunikation-im-finanz-und-versicherungswesen\/","og_site_name":"Smart Communications","og_image":[{"width":725,"height":358,"url":"https:\/\/www.smartcommunications.com\/wp-content\/uploads\/Generic-Smart-Media-Card-blueBG.png","type":"image\/png"}],"twitter_card":"summary_large_image","twitter_image":"https:\/\/www.smartcommunications.com\/wp-content\/uploads\/Guidewire-Cologne-March-2023-1.png","twitter_site":"@CCMInnovators","twitter_misc":{"Gesch\u00e4tzte Lesezeit":"6\u00a0Minuten"},"schema":{"@context":"https:\/\/schema.org","@graph":[{"@type":"WebPage","@id":"https:\/\/www.smartcommunications.com\/de\/pressemeldungen\/benchmark-report-2023-die-dach-erkenntnisse-zum-stand-der-kundenkommunikation-im-finanz-und-versicherungswesen\/","url":"https:\/\/www.smartcommunications.com\/de\/pressemeldungen\/benchmark-report-2023-die-dach-erkenntnisse-zum-stand-der-kundenkommunikation-im-finanz-und-versicherungswesen\/","name":"Benchmark Report 2023: Die DACH-Erkenntnisse zum Stand der Kundenkommunikation im Finanz- und Versicherungswesen\u00a0 - Smart Communications","isPartOf":{"@id":"https:\/\/www.smartcommunications.com\/#website"},"datePublished":"2023-08-17T12:51:11+00:00","breadcrumb":{"@id":"https:\/\/www.smartcommunications.com\/de\/pressemeldungen\/benchmark-report-2023-die-dach-erkenntnisse-zum-stand-der-kundenkommunikation-im-finanz-und-versicherungswesen\/#breadcrumb"},"inLanguage":"de","potentialAction":[{"@type":"ReadAction","target":["https:\/\/www.smartcommunications.com\/de\/pressemeldungen\/benchmark-report-2023-die-dach-erkenntnisse-zum-stand-der-kundenkommunikation-im-finanz-und-versicherungswesen\/"]}]},{"@type":"BreadcrumbList","@id":"https:\/\/www.smartcommunications.com\/de\/pressemeldungen\/benchmark-report-2023-die-dach-erkenntnisse-zum-stand-der-kundenkommunikation-im-finanz-und-versicherungswesen\/#breadcrumb","itemListElement":[{"@type":"ListItem","position":1,"name":"Home","item":"https:\/\/www.smartcommunications.com\/de\/"},{"@type":"ListItem","position":2,"name":"Press Releases","item":"https:\/\/www.smartcommunications.com\/de\/pressemeldungen\/"},{"@type":"ListItem","position":3,"name":"Benchmark Report 2023: Die DACH-Erkenntnisse zum Stand der Kundenkommunikation im Finanz- und Versicherungswesen\u00a0"}]},{"@type":"WebSite","@id":"https:\/\/www.smartcommunications.com\/#website","url":"https:\/\/www.smartcommunications.com\/","name":"Smart Communications","description":"Customer Communication Management Software","publisher":{"@id":"https:\/\/www.smartcommunications.com\/#organization"},"alternateName":"Smart Communications","inLanguage":"de"},{"@type":"Organization","@id":"https:\/\/www.smartcommunications.com\/#organization","name":"Smart Communications","alternateName":"Smart Communications","url":"https:\/\/www.smartcommunications.com\/","logo":{"@type":"ImageObject","inLanguage":"de","@id":"https:\/\/www.smartcommunications.com\/#\/schema\/logo\/image\/","url":"https:\/\/www.smartcommunications.com\/wp-content\/uploads\/2017\/03\/Nav_logo_color_hires.png","contentUrl":"https:\/\/www.smartcommunications.com\/wp-content\/uploads\/2017\/03\/Nav_logo_color_hires.png","width":415,"height":140,"caption":"Smart Communications"},"image":{"@id":"https:\/\/www.smartcommunications.com\/#\/schema\/logo\/image\/"},"sameAs":["https:\/\/x.com\/CCMInnovators","https:\/\/www.linkedin.com\/company\/smart-communications.\/"]}]}},"_links":{"self":[{"href":"https:\/\/www.smartcommunications.com\/de\/wp-json\/wp\/v2\/pages\/62340","targetHints":{"allow":["GET"]}}],"collection":[{"href":"https:\/\/www.smartcommunications.com\/de\/wp-json\/wp\/v2\/pages"}],"about":[{"href":"https:\/\/www.smartcommunications.com\/de\/wp-json\/wp\/v2\/types\/page"}],"author":[{"embeddable":true,"href":"https:\/\/www.smartcommunications.com\/de\/wp-json\/wp\/v2\/users\/2"}],"replies":[{"embeddable":true,"href":"https:\/\/www.smartcommunications.com\/de\/wp-json\/wp\/v2\/comments?post=62340"}],"version-history":[{"count":0,"href":"https:\/\/www.smartcommunications.com\/de\/wp-json\/wp\/v2\/pages\/62340\/revisions"}],"up":[{"embeddable":true,"href":"https:\/\/www.smartcommunications.com\/de\/wp-json\/wp\/v2\/pages\/43564"}],"wp:attachment":[{"href":"https:\/\/www.smartcommunications.com\/de\/wp-json\/wp\/v2\/media?parent=62340"}],"curies":[{"name":"wp","href":"https:\/\/api.w.org\/{rel}","templated":true}]}}