{"id":58312,"date":"2023-04-04T15:37:26","date_gmt":"2023-04-04T19:37:26","guid":{"rendered":"https:\/\/www.smartcommunications.com\/?page_id=58312"},"modified":"2023-12-07T13:10:59","modified_gmt":"2023-12-07T17:10:59","slug":"wachstumskurs-im-jahr-2022-fort","status":"publish","type":"page","link":"https:\/\/www.smartcommunications.com\/de\/pressemeldungen\/wachstumskurs-im-jahr-2022-fort\/","title":{"rendered":"<strong>Smart Communications setzt Wachstumskurs im Jahr 2022 fort und schafft neue F\u00fchrungsstellen<\/strong>\u00a0"},"content":{"rendered":"[vc_row type=&#8220;in_container&#8220; full_screen_row_position=&#8220;middle&#8220; column_margin=&#8220;default&#8220; equal_height=&#8220;yes&#8220; column_direction=&#8220;default&#8220; column_direction_tablet=&#8220;default&#8220; column_direction_phone=&#8220;default&#8220; scene_position=&#8220;center&#8220; bottom_padding=&#8220;50&#8243; text_color=&#8220;custom&#8220; custom_text_color=&#8220;#969696&#8243; text_align=&#8220;left&#8220; row_border_radius=&#8220;none&#8220; row_border_radius_applies=&#8220;bg&#8220; overflow=&#8220;visible&#8220; overlay_strength=&#8220;0.3&#8243; gradient_direction=&#8220;left_to_right&#8220; shape_divider_position=&#8220;bottom&#8220; bg_image_animation=&#8220;none&#8220;][vc_column column_padding=&#8220;no-extra-padding&#8220; column_padding_tablet=&#8220;inherit&#8220; column_padding_phone=&#8220;inherit&#8220; column_padding_position=&#8220;all&#8220; column_element_spacing=&#8220;default&#8220; background_color=&#8220;#ffffff&#8220; background_color_opacity=&#8220;1&#8243; background_hover_color_opacity=&#8220;1&#8243; column_shadow=&#8220;none&#8220; column_border_radius=&#8220;none&#8220; column_link_target=&#8220;_self&#8220; column_position=&#8220;default&#8220; gradient_direction=&#8220;left_to_right&#8220; overlay_strength=&#8220;0.3&#8243; width=&#8220;1\/1&#8243; tablet_width_inherit=&#8220;default&#8220; tablet_text_alignment=&#8220;left&#8220; phone_text_alignment=&#8220;left&#8220; animation_type=&#8220;default&#8220; enable_animation=&#8220;true&#8220; animation=&#8220;none&#8220; bg_image_animation=&#8220;none&#8220; border_type=&#8220;simple&#8220; column_border_width=&#8220;none&#8220; column_border_style=&#8220;solid&#8220;][divider line_type=&#8220;Small Line&#8220; line_alignment=&#8220;default&#8220; line_thickness=&#8220;7&#8243; divider_color=&#8220;accent-color&#8220; animate=&#8220;yes&#8220; custom_height=&#8220;20&#8243; custom_line_width=&#8220;150&#8243;][divider line_type=&#8220;No Line&#8220; custom_height=&#8220;10&#8243;][vc_custom_heading text=&#8220;Smart Communications setzt Wachstumskurs im Jahr 2022 fort und schafft neue F\u00fchrungsstellen&#8220; font_container=&#8220;tag:h1|text_align:left|color:%23002f87&#8243; use_theme_fonts=&#8220;yes&#8220; css_animation=&#8220;top-to-bottom&#8220;][divider line_type=&#8220;No Line&#8220; custom_height=&#8220;25&#8243;][vc_column_text css_animation=&#8220;top-to-bottom&#8220;]<em>\u00a0Fortsetzung der Dynamik f\u00fcr den Marktf\u00fchrer im Bereich Kundenkommunikationsmanagement (CCM)<\/em><\/p>\n<p><strong>Saarbr\u00fccken, 9. Februar 2023<\/strong>\u00a0&#8211; <a href=\"https:\/\/www.smartcommunications.com\/de\/\">Smart Communications\u2122<\/a>, ein f\u00fchrendes Technologieunternehmen, das Unternehmen dabei unterst\u00fctzt, sinnvollere Kundenkonversationen zu f\u00fchren, gibt heute sein starkes Wachstum in 2022 bekannt, da immer mehr Unternehmen ihre digitale Transformation beschleunigen und Cloud-Strategien f\u00fcr intelligentere Kundenkonversationen einf\u00fchren.<\/p>\n<p>Trotz eines schwierigen Jahres f\u00fcr viele Technologieunternehmen und herausforderndem globalen Gegenwind hat Smart Communications Meilensteine in Bezug auf Umsatz, Kundenzufriedenheit, technologische Innovation, Anerkennung in der Branche und andere wichtige Wachstumsindikatoren erreicht.<\/p>\n<p>\u201e2022 war ein weiteres erfolgreiches Jahr f\u00fcr Smart Communications, da Unternehmen weltweit Investitionen in Cloud-Technologien priorisierten, die skalierbare Werte steigern, das Kundenerlebnis verbessern und in einem Umfeld, das von Sparma\u00dfnahmen gepr\u00e4gt ist, hohe Renditen erzielen\u201c, sagte James Brown, CEO von Smart Communications. \u201eWir werden uns weiterhin darauf konzentrieren, Unternehmen dabei zu helfen, die Erwartungen ihrer Kunden an pers\u00f6nliche, relevante und kontextbezogene Konversationen zu \u00fcbertreffen und gleichzeitig einen enormen ROI zu erzielen.\u201c<\/p>\n<p>Um der wachsenden Nachfrage gerecht zu werden, k\u00fcndigte Smart Communications\u00a0 mehrere interne Bef\u00f6rderungen an:<\/p>\n<ul>\n<li>Leigh Segall wurde zum Pr\u00e4sidenten ernannt. Segall ist seit 6 Jahren bei Smart Communications und war sowohl als Chief Marketing Officer als auch als Chief Strategy Officer t\u00e4tig. Segall wird alle operativen Aspekte des Gesch\u00e4fts beaufsichtigen und in dieser neu geschaffenen Rolle weiterhin ein wichtiger Treiber bei der Entwicklung der Unternehmensvision sein.<\/li>\n<li>Dar\u00fcber hinaus wurden weitere hochrangige Mitarbeiter bef\u00f6rdert, darunter Hitesh Bhindi (Chief Customer Officer), Samantha Couzens (Chief Marketing Officer), Jo Sweet (Chief Human Resource Officer) und Martin Suter (Chief Product Officer).<\/li>\n<\/ul>\n<p>James Brown erkl\u00e4rt: \u201eEiner der Grundwerte von Smart Communications ist der Erfolg der Mitarbeiter. Daher konzentrieren wir uns sehr darauf, sicherzustellen, dass wir gro\u00dfartige Talente f\u00f6rdern und M\u00f6glichkeiten f\u00fcr die Karriereentwicklung und den Aufstieg im gesamten Unternehmen schaffen. Ich bin sicher, dass dies einer der Gr\u00fcnde ist, warum Smart Communications ein so gro\u00dfartiger Arbeitsplatz ist und warum wir weiterhin hervorragende Ergebnisse liefern, w\u00e4hrend wir unser Gesch\u00e4ft erweitern und skalieren.\u201c<\/p>\n<p><strong>Weitere H\u00f6hepunkte 2022 sind:<\/strong><\/p>\n<ul>\n<li><strong>Globales Wachstum in allen Regionen und Branchen<\/strong>: Smart Communications steigerte den Proforma-Umsatz im Jahr 2022 um 16\u00a0%, indem das Unternehmen 50 neue Unternehmen als Cloud-Kunden hinzuf\u00fcgte und die Beziehungen zu mehr als 100 bestehenden Kunden ausbaute, um neue Marken, Regionen und erweiterte Funktionen zu unterst\u00fctzen. Smart Communications profitierte weiterhin von dem wachsenden Trend und dem Wunsch nach ausgereiften Cloud-nativen L\u00f6sungen und verzeichnete so ein starkes Wachstum in allen wichtigen Produktlinien. Es war die beste Jahresleistung, die f\u00fcr die Automatisierungsl\u00f6sung f\u00fcr digitale Formulare, <a href=\"https:\/\/www.smartcommunications.com\/products\/smartiq\/\">SmartIQ<\/a><sup>TM<\/sup>, verzeichnet wurde, und fast ein Rekordjahr f\u00fcr sein branchenf\u00fchrendes CCM-Produkt, <a href=\"https:\/\/www.smartcommunications.com\/products\/smartcomm\/\">SmartCOMM<\/a><sup>TM<\/sup>. Alle Kernregionen wurden erweitert, was die globale Natur der Technologie und des Kundenstamms demonstriert und so eine Rekordzahl von M\u00f6glichkeiten in allen vertikalen Kernbranchen generiert.<\/li>\n<li><strong>Neue Kunden und Erweiterungen bestehender Kunden, darunter<\/strong>:\n<ul>\n<li>Die Top 5 der gro\u00dfen Gesundheitsversicherer mit Sitz in den USA werden alle ihre CCM-L\u00f6sungen konsolidieren und ersetzen, indem sie die Kommunikation auf der reinen Cloud SmartCOMM standardisieren. Dadurch erwarten sie, in den ersten 2 Jahren Millionen von Dollar einzusparen.<\/li>\n<li>Gro\u00dfe multinationale Investmentbanken und Holdinggesellschaften f\u00fcr Finanzdienstleistungen verlassen sich bereits auf SmartDX<sup>TM<\/sup> und f\u00fcgten dieses Jahr SmartIQ hinzu, um die Art und Weise zu vereinfachen, wie Kunden Trades best\u00e4tigen und On-Demand-Best\u00e4tigungen digital signieren.<\/li>\n<li>En internationaler Bankkunde erweitert aktuelle SmartCOMM-Anwendungsf\u00e4lle und f\u00fcgt Omnichannel-Messaging hinzu, um digitale Nachrichten wie E-Mail, SMS und In-App-Messaging zu \u00fcbermitteln.<\/li>\n<li>Ein multinationales Versicherungsunternehmen konsolidiert und ersetzt 14 Legacy-Kernsysteme, die von 3 separaten IT-Organisationen verwaltet werden, indem es seine Nutzung von SmartCOMM erweitert. Durch die Reduzierung der technischen Abteilung f\u00fcr unterschiedliche Systeme wird eine zentrale IT-Organisation die Gesch\u00e4ftsanforderungen unterst\u00fctzen.<\/li>\n<li>Ein globales Finanzinstitut entscheidet sich f\u00fcr SmartIQ, um kundenorientierte Formulare zu digitalisieren, damit sich die Amortisierungszeit f\u00fcr das Kompetenzzentrum verk\u00fcrzt und die Gesch\u00e4ftseinheiten in die Lage versetzt werden, die L\u00f6sung f\u00fcr Tausende von Anwendungsf\u00e4llen zu nutzen.<\/li>\n<\/ul>\n<\/li>\n<\/ul>\n<ul>\n<li style=\"list-style-type: none;\"><\/li>\n<li style=\"list-style-type: none;\"><\/li>\n<li><strong>Starke Kundenbindung<\/strong>: Smart Communications \u00fcbertrifft weiterhin den Branchendurchschnitt mit einem Net Promoter Score von +68 (ausgezeichnet) von Kunden, was zu der starken Verl\u00e4ngerungsrate des Unternehmens von 96\u00a0% f\u00fchrt.<\/li>\n<li><strong>Investition in F\u00fchrung und regionale Unterst\u00fctzung: <\/strong>\u00dcber alle Abteilungen hinweg wurden weltweit neue Talente hinzugef\u00fcgt; einschlie\u00dflich <a href=\"https:\/\/www.smartcommunications.com\/resources\/news\/new-cio-added-to-leadership\/\">Chief Information Officer<\/a> und <a href=\"https:\/\/www.smartcommunications.com\/resources\/news\/broadens-european-presence-in-dach-region\/\">Sales Director<\/a> in der DACH-Region.<\/li>\n<li><strong>Produktinnovation: <\/strong>\u00dcber vier Hauptproduktver\u00f6ffentlichungen und mehrere Nebenver\u00f6ffentlichungen hinweg treibt Smart Communications weiterhin Innovationen und Verbesserungen in der gesamten Produktsuite voran. Zu den wichtigsten Highlights geh\u00f6ren ein einheitliches Conversation Cloud-Plattformerlebnis, eine versionierte Engine, ein Verm\u00f6gensverwaltungs-Kundenberichtsmodul, ein neu konzipiertes Kollaborationserlebnis und Vega-Diagramm f\u00fcr SmartCOMM sowie ein neues Workflow-Erlebnis und ein anpassbares Branding-Tool f\u00fcr SmartIQ. In Kombination damit hat Smart Communications auch den globalen Cloud-Support mit erweiterten Pr\u00e4senzen in Kanada und Deutschland erweitert.<\/li>\n<li><strong>\u00a0<\/strong><strong>Partnererweiterungen und Marketing<\/strong>: Smart Communications f\u00fcgte neue Partner hinzu und erweiterte Programme mit <a href=\"https:\/\/www.smartcommunications.com\/resources\/news\/smart-communications-duck-creek-integration-expansion\/\">Duck Creek<\/a>, <a href=\"https:\/\/www.smartcommunications.com\/resources\/news\/onespan-partnership-expand-value-with-electronic-signature-integration\/\">OneSpan<\/a> und <a href=\"https:\/\/www.smartcommunications.com\/resources\/news\/areteans-partnership-elevate-customer-conversations\/\">Areteans<\/a> in der APAC-Region. Das Unternehmen hat gemeinsam mit Salesforce einen Forschungsbericht \u00fcber <a href=\"https:\/\/www.smartcommunications.com\/resources\/news\/smart-communications-and-salesforce-insurance-trends\/\">Schl\u00fcsseltrends in der CX von Versicherungskunden<\/a> Guidewire zeichnete Smart Communications und seinen Kunden Mountain West Farm Bureau auf seiner j\u00e4hrlichen Connections-Konferenz mit dem <a href=\"https:\/\/www.smartcommunications.com\/resources\/press-releases\/guidewire-innovation-award-2022\/\">Innovation Award<\/a> aus. Erfahren Sie in dieser <a href=\"https:\/\/www.smartcommunications.com\/wp-content\/uploads\/022_Mountain-West-FBI_CaseStudy_SCOMM_Final.pdf\">Fallstudie<\/a>, wie Mountain West Farm Bureau Kundenkonversationen mit Smart Communications transformiert, und sehen Sie sich dieses kurze, von Guidewire produzierte <a href=\"https:\/\/smart-communications.wistia.com\/medias\/mpp4uxtapv\">Video<\/a> an, in dem Smart Communications als \u201eKraftmultiplikator\u201c beschrieben wird, um Technik, Zeit und Geld einzusparen und \u201eMountain West Einsparungen in H\u00f6he von mehreren Millionen Dollar\u201c zu verschaffen.<\/li>\n<li><strong>Kundenkonferenzen<\/strong>: Die j\u00e4hrliche Kundenkonferenzreihe, die in Nordamerika und EMEA stattfand, konzentrierte sich auf das Thema <strong>Konversationen ohne Grenzen<\/strong>. Kunden, Gesch\u00e4ftspartner und Branchenf\u00fchrer befassten sich mit den hei\u00dfesten Themen und diskutierten L\u00f6sungen f\u00fcr einige der gr\u00f6\u00dften Herausforderungen, denen sich F\u00fchrungskr\u00e4fte im Bereich Kundenerlebnis gegen\u00fcbersehen. Die <a href=\"https:\/\/www.smartcommunications.com\/resources\/news\/2022-customer-awards\/\">Scale Awards<\/a> wurden an Kunden und Partner verliehen, die Kundenkonversationen durch ihre Bem\u00fchungen zur digitalen Transformation intelligenter gestalten, darunter American Family, John Hancock und Empower Retirement in Nordamerika sowie Admiral Group und Animal Friends in EMEA.<\/li>\n<li><strong>Signifikante Branchenvalidierung:<\/strong> Smart Communications wurde in 3 Technologiebewertungen von Analysten als f\u00fchrend bezeichnet, darunter\u00a0<a href=\"https:\/\/www.smartcommunications.com\/resources\/news\/2022-idc-ccm-marketscape\/\">IDC MarketScape: Worldwide Cloud Customer Communications Management Applications 2022<\/a>,\u00a0<a href=\"https:\/\/www.smartcommunications.com\/resources\/news\/2022-aspire-ccm-leaderboard\/\">2022 Aspire CCM-CXM Leaderboard<\/a>und\u00a0<a href=\"https:\/\/www.smartcommunications.com\/resources\/news\/2022-aragon-globe-wca\/\">Aragon Globe for Workflow and Content Automation, 2022<\/a>. Das Unternehmen erhielt mehrere weitere Auszeichnungen, darunter die renommierten <a href=\"https:\/\/www.smartcommunications.com\/resources\/news\/smart-communications-named-in-prestigious-idc-fintech-rankings\/\">IDC Fintech Rankings<\/a>, <a href=\"https:\/\/www.smartcommunications.com\/resources\/news\/smart-communications-named-ccm-leader-g2-winter-2023\/\">G2 Grid for CCM<\/a>, <a href=\"https:\/\/www.smartcommunications.com\/resources\/news\/hot-cx-solution-company-for-the-sixth-year\/\">Hot Customer Experience (CX) Solution Company<\/a>,\u00a0<a href=\"https:\/\/www.smartcommunications.com\/resources\/news\/2022-xplor-international-technology-award\/\">Xplor International Technology of the Year Award<\/a>,\u00a0<a href=\"https:\/\/www.smartcommunications.com\/resources\/press-releases\/guidewire-innovation-award-2022\/\">Guidewire Innovation Award<\/a>, <a href=\"https:\/\/www.smartcommunications.com\/resources\/press-releases\/wealthtech100-innovation-award\/\">WealthTech100 List<\/a> und <a href=\"https:\/\/www.smartcommunications.com\/resources\/news\/2022-insurtech-100-list\/\">InsurTech100 List<\/a>.<\/li>\n<\/ul>\n<p><strong>\u00dcber Smart Communications<\/strong><\/p>\n<p>Smart Communications ist ein f\u00fchrendes Technologieunternehmen, das Unternehmen dabei unterst\u00fctzt, die Kundenkommunikation relevanter zu gestalten. Die Plattform <a href=\"https:\/\/www.smartcommunications.com\/de\/conversation-cloud\/\">Conversation Cloud\u2122<\/a> des Unternehmens bietet auf einzigartige Weise personalisierte Omnichannel-Konversationen \u00fcber das gesamte Kundenerlebnis hinweg. So k\u00f6nnen Unternehmen in der heutigen digitalen, kundenorientierten Welt erfolgreich sein und gleichzeitig Prozesse vereinfachen und effizienter gestalten. Smart Communications mit Hauptsitz in Gro\u00dfbritannien hat mehr als 650 Kunden und Niederlassungen in Nordamerika, Europa und Asien-Pazifik. Die Plattform Conversation Cloud umfasst die skalierbaren L\u00f6sungen f\u00fcr Kundenkommunikationsmanagement (CCM) von <a href=\"https:\/\/www.smartcommunications.com\/de\/produkte\/smartcomm\/\">SmartCOMM\u2122<\/a>, Funktionen f\u00fcr die Digitalisierung von Formularen durch <a href=\"https:\/\/www.smartcommunications.com\/de\/produkte\/smartiq\/\">SmartIQ\u2122<\/a> sowie die Fachkompetenz im Bereich Gesch\u00e4ftsdokumentation von <a href=\"https:\/\/www.smartcommunications.com\/de\/produkte\/smartdx\/\">SmartDX\u2122<\/a>. 2021 hat Smart Communications Assentis \u00fcbernommen, einen f\u00fchrenden europ\u00e4ischen Anbieter von Softwarel\u00f6sungen, der auf Kundenkommunikationsmanagement (CCM) mit Schwerpunkt Finanzdienstleistungsbranche spezialisiert ist. Mehr Informationen finden Sie unter <a href=\"https:\/\/www.smartcommunications.com\/de\/\">smartcommunications.com\/de.<\/a>[\/vc_column_text][divider line_type=&#8220;No Line&#8220; custom_height=&#8220;30&#8243;][\/vc_column][\/vc_row]\n","protected":false},"excerpt":{"rendered":"<p>[vc_row type=&#8220;in_container&#8220; full_screen_row_position=&#8220;middle&#8220; column_margin=&#8220;default&#8220; equal_height=&#8220;yes&#8220; column_direction=&#8220;default&#8220; column_direction_tablet=&#8220;default&#8220; column_direction_phone=&#8220;default&#8220; scene_position=&#8220;center&#8220; bottom_padding=&#8220;50&#8243; text_color=&#8220;custom&#8220; custom_text_color=&#8220;#969696&#8243; text_align=&#8220;left&#8220; row_border_radius=&#8220;none&#8220; row_border_radius_applies=&#8220;bg&#8220; overflow=&#8220;visible&#8220; overlay_strength=&#8220;0.3&#8243; gradient_direction=&#8220;left_to_right&#8220; shape_divider_position=&#8220;bottom&#8220; bg_image_animation=&#8220;none&#8220;][vc_column column_padding=&#8220;no-extra-padding&#8220; column_padding_tablet=&#8220;inherit&#8220; column_padding_phone=&#8220;inherit&#8220; column_padding_position=&#8220;all&#8220; column_element_spacing=&#8220;default&#8220; background_color=&#8220;#ffffff&#8220; background_color_opacity=&#8220;1&#8243; background_hover_color_opacity=&#8220;1&#8243; column_shadow=&#8220;none&#8220; column_border_radius=&#8220;none&#8220;&#8230;<\/p>\n","protected":false},"author":2,"featured_media":58310,"parent":43564,"menu_order":0,"comment_status":"closed","ping_status":"closed","template":"","meta":{"_acf_changed":false,"footnotes":""},"class_list":["post-58312","page","type-page","status-publish","has-post-thumbnail"],"acf":[],"yoast_head":"<!-- This site is optimized with the Yoast SEO plugin v27.5 - https:\/\/yoast.com\/product\/yoast-seo-wordpress\/ -->\n<title>Smart Communications setzt Wachstumskurs im Jahr 2022 fort und schafft neue F\u00fchrungsstellen\u00a0 - Smart Communications<\/title>\n<meta name=\"description\" content=\"Trotz eines schwierigen Jahres f\u00fcr viele Technologieunternehmen und herausforderndem globalen Gegenwind hat Smart Communications Meilensteine in Bezug auf Umsatz, Kundenzufriedenheit, technologische Innovation, Anerkennung in der Branche und andere wichtige Wachstumsindikatoren erreicht\" \/>\n<meta name=\"robots\" content=\"index, follow, max-snippet:-1, max-image-preview:large, max-video-preview:-1\" \/>\n<link rel=\"canonical\" href=\"https:\/\/www.smartcommunications.com\/de\/pressemeldungen\/wachstumskurs-im-jahr-2022-fort\/\" \/>\n<meta property=\"og:locale\" content=\"de_DE\" \/>\n<meta property=\"og:type\" content=\"article\" \/>\n<meta property=\"og:title\" content=\"Smart Communications setzt Wachstumskurs im Jahr 2022 fort und schafft neue F\u00fchrungsstellen\u00a0 - Smart Communications\" \/>\n<meta property=\"og:description\" content=\"Trotz eines schwierigen Jahres f\u00fcr viele Technologieunternehmen und herausforderndem globalen Gegenwind hat Smart Communications Meilensteine in Bezug auf Umsatz, Kundenzufriedenheit, technologische Innovation, Anerkennung in der Branche und andere wichtige Wachstumsindikatoren erreicht\" \/>\n<meta property=\"og:url\" content=\"https:\/\/www.smartcommunications.com\/de\/pressemeldungen\/wachstumskurs-im-jahr-2022-fort\/\" \/>\n<meta property=\"og:site_name\" content=\"Smart Communications\" \/>\n<meta property=\"article:modified_time\" content=\"2023-12-07T17:10:59+00:00\" \/>\n<meta property=\"og:image\" content=\"https:\/\/www.smartcommunications.com\/wp-content\/uploads\/022_DACH_PR-Announcement_generic-300x157-1.jpg\" \/>\n\t<meta property=\"og:image:width\" content=\"300\" \/>\n\t<meta property=\"og:image:height\" content=\"157\" \/>\n\t<meta property=\"og:image:type\" content=\"image\/jpeg\" \/>\n<meta name=\"twitter:card\" content=\"summary_large_image\" \/>\n<meta name=\"twitter:image\" content=\"https:\/\/www.smartcommunications.com\/wp-content\/uploads\/022_DACH_PR-Announcement_generic-300x157-1.jpg\" \/>\n<meta name=\"twitter:site\" content=\"@CCMInnovators\" \/>\n<meta name=\"twitter:label1\" content=\"Gesch\u00e4tzte Lesezeit\" \/>\n\t<meta name=\"twitter:data1\" content=\"6\u00a0Minuten\" \/>\n<!-- \/ Yoast SEO plugin. -->","yoast_head_json":{"title":"Smart Communications setzt Wachstumskurs im Jahr 2022 fort und schafft neue F\u00fchrungsstellen\u00a0 - Smart Communications","description":"Trotz eines schwierigen Jahres f\u00fcr viele Technologieunternehmen und herausforderndem globalen Gegenwind hat Smart Communications Meilensteine in Bezug auf Umsatz, Kundenzufriedenheit, technologische Innovation, Anerkennung in der Branche und andere wichtige Wachstumsindikatoren erreicht","robots":{"index":"index","follow":"follow","max-snippet":"max-snippet:-1","max-image-preview":"max-image-preview:large","max-video-preview":"max-video-preview:-1"},"canonical":"https:\/\/www.smartcommunications.com\/de\/pressemeldungen\/wachstumskurs-im-jahr-2022-fort\/","og_locale":"de_DE","og_type":"article","og_title":"Smart Communications setzt Wachstumskurs im Jahr 2022 fort und schafft neue F\u00fchrungsstellen\u00a0 - Smart Communications","og_description":"Trotz eines schwierigen Jahres f\u00fcr viele Technologieunternehmen und herausforderndem globalen Gegenwind hat Smart Communications Meilensteine in Bezug auf Umsatz, Kundenzufriedenheit, technologische Innovation, Anerkennung in der Branche und andere wichtige Wachstumsindikatoren erreicht","og_url":"https:\/\/www.smartcommunications.com\/de\/pressemeldungen\/wachstumskurs-im-jahr-2022-fort\/","og_site_name":"Smart Communications","article_modified_time":"2023-12-07T17:10:59+00:00","og_image":[{"width":300,"height":157,"url":"https:\/\/www.smartcommunications.com\/wp-content\/uploads\/022_DACH_PR-Announcement_generic-300x157-1.jpg","type":"image\/jpeg"}],"twitter_card":"summary_large_image","twitter_image":"https:\/\/www.smartcommunications.com\/wp-content\/uploads\/022_DACH_PR-Announcement_generic-300x157-1.jpg","twitter_site":"@CCMInnovators","twitter_misc":{"Gesch\u00e4tzte Lesezeit":"6\u00a0Minuten"},"schema":{"@context":"https:\/\/schema.org","@graph":[{"@type":"WebPage","@id":"https:\/\/www.smartcommunications.com\/de\/pressemeldungen\/wachstumskurs-im-jahr-2022-fort\/","url":"https:\/\/www.smartcommunications.com\/de\/pressemeldungen\/wachstumskurs-im-jahr-2022-fort\/","name":"Smart Communications setzt Wachstumskurs im Jahr 2022 fort und schafft neue F\u00fchrungsstellen\u00a0 - Smart Communications","isPartOf":{"@id":"https:\/\/www.smartcommunications.com\/#website"},"primaryImageOfPage":{"@id":"https:\/\/www.smartcommunications.com\/de\/pressemeldungen\/wachstumskurs-im-jahr-2022-fort\/#primaryimage"},"image":{"@id":"https:\/\/www.smartcommunications.com\/de\/pressemeldungen\/wachstumskurs-im-jahr-2022-fort\/#primaryimage"},"thumbnailUrl":"https:\/\/www.smartcommunications.com\/wp-content\/uploads\/022_DACH_PR-Announcement_generic-300x157-1.jpg","datePublished":"2023-04-04T19:37:26+00:00","dateModified":"2023-12-07T17:10:59+00:00","description":"Trotz eines schwierigen Jahres f\u00fcr viele Technologieunternehmen und herausforderndem globalen Gegenwind hat Smart Communications Meilensteine in Bezug auf Umsatz, Kundenzufriedenheit, technologische Innovation, Anerkennung in der Branche und andere wichtige Wachstumsindikatoren erreicht","breadcrumb":{"@id":"https:\/\/www.smartcommunications.com\/de\/pressemeldungen\/wachstumskurs-im-jahr-2022-fort\/#breadcrumb"},"inLanguage":"de","potentialAction":[{"@type":"ReadAction","target":["https:\/\/www.smartcommunications.com\/de\/pressemeldungen\/wachstumskurs-im-jahr-2022-fort\/"]}]},{"@type":"ImageObject","inLanguage":"de","@id":"https:\/\/www.smartcommunications.com\/de\/pressemeldungen\/wachstumskurs-im-jahr-2022-fort\/#primaryimage","url":"https:\/\/www.smartcommunications.com\/wp-content\/uploads\/022_DACH_PR-Announcement_generic-300x157-1.jpg","contentUrl":"https:\/\/www.smartcommunications.com\/wp-content\/uploads\/022_DACH_PR-Announcement_generic-300x157-1.jpg","width":300,"height":157},{"@type":"BreadcrumbList","@id":"https:\/\/www.smartcommunications.com\/de\/pressemeldungen\/wachstumskurs-im-jahr-2022-fort\/#breadcrumb","itemListElement":[{"@type":"ListItem","position":1,"name":"Home","item":"https:\/\/www.smartcommunications.com\/de\/"},{"@type":"ListItem","position":2,"name":"Press Releases","item":"https:\/\/www.smartcommunications.com\/de\/pressemeldungen\/"},{"@type":"ListItem","position":3,"name":"Smart Communications setzt Wachstumskurs im Jahr 2022 fort und schafft neue F\u00fchrungsstellen\u00a0"}]},{"@type":"WebSite","@id":"https:\/\/www.smartcommunications.com\/#website","url":"https:\/\/www.smartcommunications.com\/","name":"Smart Communications","description":"Customer Communication Management Software","publisher":{"@id":"https:\/\/www.smartcommunications.com\/#organization"},"alternateName":"Smart Communications","inLanguage":"de"},{"@type":"Organization","@id":"https:\/\/www.smartcommunications.com\/#organization","name":"Smart Communications","alternateName":"Smart Communications","url":"https:\/\/www.smartcommunications.com\/","logo":{"@type":"ImageObject","inLanguage":"de","@id":"https:\/\/www.smartcommunications.com\/#\/schema\/logo\/image\/","url":"https:\/\/www.smartcommunications.com\/wp-content\/uploads\/2017\/03\/Nav_logo_color_hires.png","contentUrl":"https:\/\/www.smartcommunications.com\/wp-content\/uploads\/2017\/03\/Nav_logo_color_hires.png","width":415,"height":140,"caption":"Smart Communications"},"image":{"@id":"https:\/\/www.smartcommunications.com\/#\/schema\/logo\/image\/"},"sameAs":["https:\/\/x.com\/CCMInnovators","https:\/\/www.linkedin.com\/company\/smart-communications.\/"]}]}},"_links":{"self":[{"href":"https:\/\/www.smartcommunications.com\/de\/wp-json\/wp\/v2\/pages\/58312","targetHints":{"allow":["GET"]}}],"collection":[{"href":"https:\/\/www.smartcommunications.com\/de\/wp-json\/wp\/v2\/pages"}],"about":[{"href":"https:\/\/www.smartcommunications.com\/de\/wp-json\/wp\/v2\/types\/page"}],"author":[{"embeddable":true,"href":"https:\/\/www.smartcommunications.com\/de\/wp-json\/wp\/v2\/users\/2"}],"replies":[{"embeddable":true,"href":"https:\/\/www.smartcommunications.com\/de\/wp-json\/wp\/v2\/comments?post=58312"}],"version-history":[{"count":0,"href":"https:\/\/www.smartcommunications.com\/de\/wp-json\/wp\/v2\/pages\/58312\/revisions"}],"up":[{"embeddable":true,"href":"https:\/\/www.smartcommunications.com\/de\/wp-json\/wp\/v2\/pages\/43564"}],"wp:featuredmedia":[{"embeddable":true,"href":"https:\/\/www.smartcommunications.com\/de\/wp-json\/wp\/v2\/media\/58310"}],"wp:attachment":[{"href":"https:\/\/www.smartcommunications.com\/de\/wp-json\/wp\/v2\/media?parent=58312"}],"curies":[{"name":"wp","href":"https:\/\/api.w.org\/{rel}","templated":true}]}}