{"id":56225,"date":"2023-03-08T16:50:18","date_gmt":"2023-03-08T20:50:18","guid":{"rendered":"https:\/\/www.smartcommunications.com\/?page_id=56225"},"modified":"2023-03-08T17:10:47","modified_gmt":"2023-03-08T21:10:47","slug":"smart-communications-stellt-auf-dem-guidewire-versicherungsforum-die-naechste-generation-von-kundenkonversationen-in-der-versicherungsbranche-vor","status":"publish","type":"page","link":"https:\/\/www.smartcommunications.com\/de\/pressemeldungen\/smart-communications-stellt-auf-dem-guidewire-versicherungsforum-die-naechste-generation-von-kundenkonversationen-in-der-versicherungsbranche-vor\/","title":{"rendered":"<strong>Smart Communications stellt auf dem Guidewire Versicherungsforum die n\u00e4chste Generation von Kundenkonversationen in der Versicherungsbranche vor<\/strong>\u00a0"},"content":{"rendered":"[vc_row type=&#8220;in_container&#8220; full_screen_row_position=&#8220;middle&#8220; column_margin=&#8220;default&#8220; equal_height=&#8220;yes&#8220; column_direction=&#8220;default&#8220; column_direction_tablet=&#8220;default&#8220; column_direction_phone=&#8220;default&#8220; scene_position=&#8220;center&#8220; bottom_padding=&#8220;50&#8243; text_color=&#8220;custom&#8220; custom_text_color=&#8220;#969696&#8243; text_align=&#8220;left&#8220; row_border_radius=&#8220;none&#8220; row_border_radius_applies=&#8220;bg&#8220; overflow=&#8220;visible&#8220; overlay_strength=&#8220;0.3&#8243; gradient_direction=&#8220;left_to_right&#8220; shape_divider_position=&#8220;bottom&#8220; bg_image_animation=&#8220;none&#8220;][vc_column column_padding=&#8220;no-extra-padding&#8220; column_padding_tablet=&#8220;inherit&#8220; column_padding_phone=&#8220;inherit&#8220; column_padding_position=&#8220;all&#8220; column_element_spacing=&#8220;default&#8220; background_color=&#8220;#ffffff&#8220; background_color_opacity=&#8220;1&#8243; background_hover_color_opacity=&#8220;1&#8243; column_shadow=&#8220;none&#8220; column_border_radius=&#8220;none&#8220; column_link_target=&#8220;_self&#8220; column_position=&#8220;default&#8220; gradient_direction=&#8220;left_to_right&#8220; overlay_strength=&#8220;0.3&#8243; width=&#8220;1\/1&#8243; tablet_width_inherit=&#8220;default&#8220; tablet_text_alignment=&#8220;left&#8220; phone_text_alignment=&#8220;left&#8220; animation_type=&#8220;default&#8220; enable_animation=&#8220;true&#8220; animation=&#8220;none&#8220; bg_image_animation=&#8220;none&#8220; border_type=&#8220;simple&#8220; column_border_width=&#8220;none&#8220; column_border_style=&#8220;solid&#8220;][divider line_type=&#8220;Small Line&#8220; line_alignment=&#8220;default&#8220; line_thickness=&#8220;7&#8243; divider_color=&#8220;accent-color&#8220; animate=&#8220;yes&#8220; custom_height=&#8220;20&#8243; custom_line_width=&#8220;150&#8243;][divider line_type=&#8220;No Line&#8220; custom_height=&#8220;10&#8243;][vc_custom_heading text=&#8220;Smart Communications stellt auf dem Guidewire Versicherungsforum die n\u00e4chste Generation von Kundenkonversationen in der Versicherungsbranche vor&#8220; font_container=&#8220;tag:h1|text_align:left|color:%23002f87&#8243; use_theme_fonts=&#8220;yes&#8220; css_animation=&#8220;top-to-bottom&#8220;][divider line_type=&#8220;No Line&#8220; custom_height=&#8220;25&#8243;][vc_column_text css_animation=&#8220;top-to-bottom&#8220;]<strong>Saarbr\u00fccken, 6. M\u00e4rz 2023<\/strong> &#8211; <a href=\"https:\/\/www.smartcommunications.com\/de\/\">Smart Communications&#x2122;<\/a>, ein f\u00fchrendes Technologieunternehmen, das Unternehmen unterst\u00fctzt, sinnvollere Kundenkonversationen zu f\u00fchren, und ein\u00a0 Guidewire PartnerConnect \u2013 Premier Solution-Partner, gibt heute seine Teilnahme am <a href=\"https:\/\/success.guidewire.com\/DE-Versicherungsforum-2023-Registration.html\">Guidewire Versicherungsforum<\/a> bekannt. Die Veranstaltung mit dem Thema \u201eZukunft gestalten in der Krise \u2013 Technologie als Treiber f\u00fcr Innovation und Transformation\u201c findet am 16. M\u00e4rz 2023 in den Design Offices Mediapark in K\u00f6ln statt.<\/p>\n<ul>\n<li>Gezeigt werden Beispiele, wie Versicherer Innovation und Transformation umsetzen k\u00f6nnen, um angesichts der multiplen Krisen die Zukunft mitgestalten zu k\u00f6nnen. Daf\u00fcr werden auch Tools und Technologien besprochen, die Versicherer dabei unterst\u00fctzen k\u00f6nnen.<\/li>\n<li>Von 11:20 Uhr bis 11:50 Uhr pr\u00e4sentiert Smart Communications zum Thema \u201eDie n\u00e4chste Generation von Kundenkonversationen im Versicherungswesen\u201c. Um live mit dabei zu sein, k\u00f6nnen Sie sich f\u00fcr das Guidewire Versicherungsforum 2023 <a href=\"https:\/\/success.guidewire.com\/DE-Versicherungsforum-2023-Registration.html\">hier.<\/a><\/li>\n<li>Der Hintergrund: Um sich Effizienz- und Wettbewerbsvorteile zu sichern, nutzen immer mehr Versicherer Cloud-L\u00f6sungen. So profitieren sie von optimierten Gesch\u00e4ftsprozessen, h\u00f6herer Effizienz und Skalierbarkeit sowie st\u00e4rkerer Innovationskraft. Dar\u00fcber hinaus steht ihnen so aber auch ein digitales \u00d6kosystem zur Verf\u00fcgung, das es erm\u00f6glicht, ihre eigenen Angebote mit den Services und Leistungen anderer Dienstleister zu integrieren. Das erh\u00f6ht den praktischen Nutzen von Cloud-L\u00f6sungen wie derjenigen von Guidewire und Smart Communications.<\/li>\n<\/ul>\n<p>\u201eGuidewire ist ein strategischer Partner von Smart Communications und Teil seines Partnerprogramms \u201ePartnerConnect Solution\u201c. Guidewire und Smart Communications bieten L\u00f6sungen f\u00fcr \u00fcber 100 gemeinsame Kunden auf der ganzen Welt an. F\u00fcr die Abwicklung ihrer Kundenkommunikation verlassen diese sich auf Smart Communications. Diese Versicherer verbessern so ihre Effizienz und bieten ihren internen Anwendern die ultimative Kontrolle \u00fcber die Erstellung, Verwaltung und Zustellung von Kundenkorrespondenz. Die Nutzung von Smart Communications CCM-L\u00f6sungen sorgt zudem daf\u00fcr, dass sie f\u00fchrend in der Bereitstellung qualitativ hochwertiger digitaler Angebote sind, die die Versicherungsnehmer von heute erwarten. Da das digitale Kundenerlebnis zum neuen Unterscheidungsmerkmal f\u00fcr Versicherer wird, ist dies ein wichtiger Schritt im Erwartungsmanagement einer zunehmend anspruchsvoller werdenden Kundschaft,\u201d kommentiert Jochen Razum, Sales Director von Smart Communications in der DACH-Region.<\/p>\n<p>Weitere Informationen dar\u00fcber, wie Smart Communications und\u00a0 Guidewire InsuranceSuite Versicherer bei der Rationalisierung ihrer Gesch\u00e4ftsabl\u00e4ufe unterst\u00fctzen, indem sie moderne Software f\u00fcr das Management der Kundenkommunikation mit einer erstklassigen Versicherungssuite kombinieren, finden Sie unter <a href=\"https:\/\/www.smartcommunications.com\/partners\/guidewire-partner\/\">www.smartcommunications.com\/guidewire\/<\/a>.<\/p>\n<p>Zus\u00e4tzliche Informationen finden Sie auf der Website der Konferenz. <a href=\"https:\/\/success.guidewire.com\/DE-Versicherungsforum-2023-Registration.html\">https:\/\/success.guidewire.com\/DE-Versicherungsforum-2023-Registration.html<\/a><\/p>\n<p><strong>\u00dcber Smart Communications<\/strong><\/p>\n<p>Smart Communications ist ein f\u00fchrendes Technologieunternehmen, das Unternehmen dabei unterst\u00fctzt, die Kundenkommunikation relevanter zu gestalten. Die Plattform <a href=\"https:\/\/www.smartcommunications.com\/de\/conversation-cloud\/\">Conversation Cloud&#x2122;<\/a> des Unternehmens bietet auf einzigartige Weise personalisierte Omnichannel-Konversationen \u00fcber das gesamte Kundenerlebnis hinweg. So k\u00f6nnen Unternehmen in der heutigen digitalen, kundenorientierten Welt erfolgreich sein und gleichzeitig Prozesse vereinfachen und effizienter gestalten. Smart Communications mit Hauptsitz in Gro\u00dfbritannien hat mehr als 650 Kunden und Niederlassungen in Nordamerika, Europa und Asien-Pazifik. Die Plattform Conversation Cloud umfasst die skalierbaren L\u00f6sungen f\u00fcr Kundenkommunikationsmanagement (CCM) von <a href=\"https:\/\/www.smartcommunications.com\/de\/produkte\/smartcomm\/\">SmartCOMM&#x2122;<\/a>, Funktionen f\u00fcr die Digitalisierung von Formularen durch <a href=\"https:\/\/www.smartcommunications.com\/de\/produkte\/smartiq\/\">SmartIQ&#x2122;<\/a> sowie die Fachkompetenz im Bereich Gesch\u00e4ftsdokumentation von <a href=\"https:\/\/www.smartcommunications.com\/de\/produkte\/smartdx\/\">SmartDX&#x2122;<\/a>. 2021 hat Smart Communications Assentis \u00fcbernommen, einen f\u00fchrenden europ\u00e4ischen Anbieter von Softwarel\u00f6sungen, der auf Kundenkommunikationsmanagement (CCM) mit Schwerpunkt Finanzdienstleistungsbranche spezialisiert ist. Mehr Informationen finden Sie unter <a href=\"https:\/\/www.smartcommunications.com\/de\">smartcommunications.com\/de.<\/a>[\/vc_column_text][divider line_type=&#8220;No Line&#8220; custom_height=&#8220;30&#8243;][\/vc_column][\/vc_row]\n","protected":false},"excerpt":{"rendered":"<p>[vc_row type=&#8220;in_container&#8220; full_screen_row_position=&#8220;middle&#8220; column_margin=&#8220;default&#8220; equal_height=&#8220;yes&#8220; column_direction=&#8220;default&#8220; column_direction_tablet=&#8220;default&#8220; column_direction_phone=&#8220;default&#8220; scene_position=&#8220;center&#8220; bottom_padding=&#8220;50&#8243; text_color=&#8220;custom&#8220; custom_text_color=&#8220;#969696&#8243; text_align=&#8220;left&#8220; row_border_radius=&#8220;none&#8220; row_border_radius_applies=&#8220;bg&#8220; overflow=&#8220;visible&#8220; overlay_strength=&#8220;0.3&#8243; gradient_direction=&#8220;left_to_right&#8220; shape_divider_position=&#8220;bottom&#8220; bg_image_animation=&#8220;none&#8220;][vc_column column_padding=&#8220;no-extra-padding&#8220; column_padding_tablet=&#8220;inherit&#8220; column_padding_phone=&#8220;inherit&#8220; column_padding_position=&#8220;all&#8220; column_element_spacing=&#8220;default&#8220; background_color=&#8220;#ffffff&#8220; background_color_opacity=&#8220;1&#8243; background_hover_color_opacity=&#8220;1&#8243; column_shadow=&#8220;none&#8220; column_border_radius=&#8220;none&#8220;&#8230;<\/p>\n","protected":false},"author":2,"featured_media":56227,"parent":43564,"menu_order":0,"comment_status":"closed","ping_status":"closed","template":"","meta":{"_acf_changed":false,"footnotes":""},"class_list":["post-56225","page","type-page","status-publish","has-post-thumbnail"],"acf":[],"yoast_head":"<!-- This site is optimized with the Yoast SEO plugin v27.5 - https:\/\/yoast.com\/product\/yoast-seo-wordpress\/ -->\n<title>Smart Communications stellt auf dem Guidewire Versicherungsforum die n\u00e4chste Generation von Kundenkonversationen in der Versicherungsbranche vor\u00a0 - Smart Communications<\/title>\n<meta name=\"robots\" content=\"index, follow, max-snippet:-1, max-image-preview:large, max-video-preview:-1\" \/>\n<link rel=\"canonical\" href=\"https:\/\/www.smartcommunications.com\/de\/pressemeldungen\/smart-communications-stellt-auf-dem-guidewire-versicherungsforum-die-naechste-generation-von-kundenkonversationen-in-der-versicherungsbranche-vor\/\" \/>\n<meta property=\"og:locale\" content=\"de_DE\" \/>\n<meta property=\"og:type\" content=\"article\" \/>\n<meta property=\"og:title\" content=\"Smart Communications stellt auf dem Guidewire Versicherungsforum die n\u00e4chste Generation von Kundenkonversationen in der Versicherungsbranche vor\u00a0 - Smart Communications\" \/>\n<meta property=\"og:description\" content=\"[vc_row type=&#8220;in_container&#8220; full_screen_row_position=&#8220;middle&#8220; column_margin=&#8220;default&#8220; equal_height=&#8220;yes&#8220; column_direction=&#8220;default&#8220; column_direction_tablet=&#8220;default&#8220; column_direction_phone=&#8220;default&#8220; scene_position=&#8220;center&#8220; bottom_padding=&#8220;50&#8243; text_color=&#8220;custom&#8220; custom_text_color=&#8220;#969696&#8243; text_align=&#8220;left&#8220; row_border_radius=&#8220;none&#8220; row_border_radius_applies=&#8220;bg&#8220; overflow=&#8220;visible&#8220; overlay_strength=&#8220;0.3&#8243; gradient_direction=&#8220;left_to_right&#8220; shape_divider_position=&#8220;bottom&#8220; bg_image_animation=&#8220;none&#8220;][vc_column column_padding=&#8220;no-extra-padding&#8220; column_padding_tablet=&#8220;inherit&#8220; column_padding_phone=&#8220;inherit&#8220; column_padding_position=&#8220;all&#8220; column_element_spacing=&#8220;default&#8220; background_color=&#8220;#ffffff&#8220; background_color_opacity=&#8220;1&#8243; background_hover_color_opacity=&#8220;1&#8243; column_shadow=&#8220;none&#8220; column_border_radius=&#8220;none&#8220;...\" \/>\n<meta property=\"og:url\" content=\"https:\/\/www.smartcommunications.com\/de\/pressemeldungen\/smart-communications-stellt-auf-dem-guidewire-versicherungsforum-die-naechste-generation-von-kundenkonversationen-in-der-versicherungsbranche-vor\/\" \/>\n<meta property=\"og:site_name\" content=\"Smart Communications\" \/>\n<meta property=\"article:modified_time\" content=\"2023-03-08T21:10:47+00:00\" \/>\n<meta property=\"og:image\" content=\"https:\/\/www.smartcommunications.com\/wp-content\/uploads\/Guidewire-Cologne-March-2023-1.png\" \/>\n\t<meta property=\"og:image:width\" content=\"640\" \/>\n\t<meta property=\"og:image:height\" content=\"320\" \/>\n\t<meta property=\"og:image:type\" content=\"image\/png\" \/>\n<meta name=\"twitter:card\" content=\"summary_large_image\" \/>\n<meta name=\"twitter:image\" content=\"https:\/\/www.smartcommunications.com\/wp-content\/uploads\/Guidewire-Cologne-March-2023-1.png\" \/>\n<meta name=\"twitter:site\" content=\"@CCMInnovators\" \/>\n<meta name=\"twitter:label1\" content=\"Gesch\u00e4tzte Lesezeit\" \/>\n\t<meta name=\"twitter:data1\" content=\"3\u00a0Minuten\" \/>\n<!-- \/ Yoast SEO plugin. -->","yoast_head_json":{"title":"Smart Communications stellt auf dem Guidewire Versicherungsforum die n\u00e4chste Generation von Kundenkonversationen in der Versicherungsbranche vor\u00a0 - Smart Communications","robots":{"index":"index","follow":"follow","max-snippet":"max-snippet:-1","max-image-preview":"max-image-preview:large","max-video-preview":"max-video-preview:-1"},"canonical":"https:\/\/www.smartcommunications.com\/de\/pressemeldungen\/smart-communications-stellt-auf-dem-guidewire-versicherungsforum-die-naechste-generation-von-kundenkonversationen-in-der-versicherungsbranche-vor\/","og_locale":"de_DE","og_type":"article","og_title":"Smart Communications stellt auf dem Guidewire Versicherungsforum die n\u00e4chste Generation von Kundenkonversationen in der Versicherungsbranche vor\u00a0 - Smart Communications","og_description":"[vc_row type=&#8220;in_container&#8220; full_screen_row_position=&#8220;middle&#8220; column_margin=&#8220;default&#8220; equal_height=&#8220;yes&#8220; column_direction=&#8220;default&#8220; column_direction_tablet=&#8220;default&#8220; column_direction_phone=&#8220;default&#8220; scene_position=&#8220;center&#8220; bottom_padding=&#8220;50&#8243; text_color=&#8220;custom&#8220; custom_text_color=&#8220;#969696&#8243; text_align=&#8220;left&#8220; row_border_radius=&#8220;none&#8220; row_border_radius_applies=&#8220;bg&#8220; overflow=&#8220;visible&#8220; overlay_strength=&#8220;0.3&#8243; gradient_direction=&#8220;left_to_right&#8220; shape_divider_position=&#8220;bottom&#8220; bg_image_animation=&#8220;none&#8220;][vc_column column_padding=&#8220;no-extra-padding&#8220; column_padding_tablet=&#8220;inherit&#8220; column_padding_phone=&#8220;inherit&#8220; column_padding_position=&#8220;all&#8220; column_element_spacing=&#8220;default&#8220; background_color=&#8220;#ffffff&#8220; background_color_opacity=&#8220;1&#8243; background_hover_color_opacity=&#8220;1&#8243; column_shadow=&#8220;none&#8220; column_border_radius=&#8220;none&#8220;...","og_url":"https:\/\/www.smartcommunications.com\/de\/pressemeldungen\/smart-communications-stellt-auf-dem-guidewire-versicherungsforum-die-naechste-generation-von-kundenkonversationen-in-der-versicherungsbranche-vor\/","og_site_name":"Smart Communications","article_modified_time":"2023-03-08T21:10:47+00:00","og_image":[{"width":640,"height":320,"url":"https:\/\/www.smartcommunications.com\/wp-content\/uploads\/Guidewire-Cologne-March-2023-1.png","type":"image\/png"}],"twitter_card":"summary_large_image","twitter_image":"https:\/\/www.smartcommunications.com\/wp-content\/uploads\/Guidewire-Cologne-March-2023-1.png","twitter_site":"@CCMInnovators","twitter_misc":{"Gesch\u00e4tzte Lesezeit":"3\u00a0Minuten"},"schema":{"@context":"https:\/\/schema.org","@graph":[{"@type":"WebPage","@id":"https:\/\/www.smartcommunications.com\/de\/pressemeldungen\/smart-communications-stellt-auf-dem-guidewire-versicherungsforum-die-naechste-generation-von-kundenkonversationen-in-der-versicherungsbranche-vor\/","url":"https:\/\/www.smartcommunications.com\/de\/pressemeldungen\/smart-communications-stellt-auf-dem-guidewire-versicherungsforum-die-naechste-generation-von-kundenkonversationen-in-der-versicherungsbranche-vor\/","name":"Smart Communications stellt auf dem Guidewire Versicherungsforum die n\u00e4chste Generation von Kundenkonversationen in der Versicherungsbranche vor\u00a0 - Smart Communications","isPartOf":{"@id":"https:\/\/www.smartcommunications.com\/#website"},"primaryImageOfPage":{"@id":"https:\/\/www.smartcommunications.com\/de\/pressemeldungen\/smart-communications-stellt-auf-dem-guidewire-versicherungsforum-die-naechste-generation-von-kundenkonversationen-in-der-versicherungsbranche-vor\/#primaryimage"},"image":{"@id":"https:\/\/www.smartcommunications.com\/de\/pressemeldungen\/smart-communications-stellt-auf-dem-guidewire-versicherungsforum-die-naechste-generation-von-kundenkonversationen-in-der-versicherungsbranche-vor\/#primaryimage"},"thumbnailUrl":"https:\/\/www.smartcommunications.com\/wp-content\/uploads\/Guidewire-Cologne-March-2023-1.png","datePublished":"2023-03-08T20:50:18+00:00","dateModified":"2023-03-08T21:10:47+00:00","breadcrumb":{"@id":"https:\/\/www.smartcommunications.com\/de\/pressemeldungen\/smart-communications-stellt-auf-dem-guidewire-versicherungsforum-die-naechste-generation-von-kundenkonversationen-in-der-versicherungsbranche-vor\/#breadcrumb"},"inLanguage":"de","potentialAction":[{"@type":"ReadAction","target":["https:\/\/www.smartcommunications.com\/de\/pressemeldungen\/smart-communications-stellt-auf-dem-guidewire-versicherungsforum-die-naechste-generation-von-kundenkonversationen-in-der-versicherungsbranche-vor\/"]}]},{"@type":"ImageObject","inLanguage":"de","@id":"https:\/\/www.smartcommunications.com\/de\/pressemeldungen\/smart-communications-stellt-auf-dem-guidewire-versicherungsforum-die-naechste-generation-von-kundenkonversationen-in-der-versicherungsbranche-vor\/#primaryimage","url":"https:\/\/www.smartcommunications.com\/wp-content\/uploads\/Guidewire-Cologne-March-2023-1.png","contentUrl":"https:\/\/www.smartcommunications.com\/wp-content\/uploads\/Guidewire-Cologne-March-2023-1.png","width":640,"height":320},{"@type":"BreadcrumbList","@id":"https:\/\/www.smartcommunications.com\/de\/pressemeldungen\/smart-communications-stellt-auf-dem-guidewire-versicherungsforum-die-naechste-generation-von-kundenkonversationen-in-der-versicherungsbranche-vor\/#breadcrumb","itemListElement":[{"@type":"ListItem","position":1,"name":"Home","item":"https:\/\/www.smartcommunications.com\/de\/"},{"@type":"ListItem","position":2,"name":"Press Releases","item":"https:\/\/www.smartcommunications.com\/de\/pressemeldungen\/"},{"@type":"ListItem","position":3,"name":"Smart Communications stellt auf dem Guidewire Versicherungsforum die n\u00e4chste Generation von Kundenkonversationen in der Versicherungsbranche vor\u00a0"}]},{"@type":"WebSite","@id":"https:\/\/www.smartcommunications.com\/#website","url":"https:\/\/www.smartcommunications.com\/","name":"Smart Communications","description":"Customer Communication Management Software","publisher":{"@id":"https:\/\/www.smartcommunications.com\/#organization"},"alternateName":"Smart Communications","inLanguage":"de"},{"@type":"Organization","@id":"https:\/\/www.smartcommunications.com\/#organization","name":"Smart Communications","alternateName":"Smart Communications","url":"https:\/\/www.smartcommunications.com\/","logo":{"@type":"ImageObject","inLanguage":"de","@id":"https:\/\/www.smartcommunications.com\/#\/schema\/logo\/image\/","url":"https:\/\/www.smartcommunications.com\/wp-content\/uploads\/2017\/03\/Nav_logo_color_hires.png","contentUrl":"https:\/\/www.smartcommunications.com\/wp-content\/uploads\/2017\/03\/Nav_logo_color_hires.png","width":415,"height":140,"caption":"Smart Communications"},"image":{"@id":"https:\/\/www.smartcommunications.com\/#\/schema\/logo\/image\/"},"sameAs":["https:\/\/x.com\/CCMInnovators","https:\/\/www.linkedin.com\/company\/smart-communications.\/"]}]}},"_links":{"self":[{"href":"https:\/\/www.smartcommunications.com\/de\/wp-json\/wp\/v2\/pages\/56225","targetHints":{"allow":["GET"]}}],"collection":[{"href":"https:\/\/www.smartcommunications.com\/de\/wp-json\/wp\/v2\/pages"}],"about":[{"href":"https:\/\/www.smartcommunications.com\/de\/wp-json\/wp\/v2\/types\/page"}],"author":[{"embeddable":true,"href":"https:\/\/www.smartcommunications.com\/de\/wp-json\/wp\/v2\/users\/2"}],"replies":[{"embeddable":true,"href":"https:\/\/www.smartcommunications.com\/de\/wp-json\/wp\/v2\/comments?post=56225"}],"version-history":[{"count":0,"href":"https:\/\/www.smartcommunications.com\/de\/wp-json\/wp\/v2\/pages\/56225\/revisions"}],"up":[{"embeddable":true,"href":"https:\/\/www.smartcommunications.com\/de\/wp-json\/wp\/v2\/pages\/43564"}],"wp:featuredmedia":[{"embeddable":true,"href":"https:\/\/www.smartcommunications.com\/de\/wp-json\/wp\/v2\/media\/56227"}],"wp:attachment":[{"href":"https:\/\/www.smartcommunications.com\/de\/wp-json\/wp\/v2\/media?parent=56225"}],"curies":[{"name":"wp","href":"https:\/\/api.w.org\/{rel}","templated":true}]}}