{"id":54601,"date":"2023-02-03T17:28:53","date_gmt":"2023-02-03T21:28:53","guid":{"rendered":"https:\/\/www.smartcommunications.com\/?page_id=54601"},"modified":"2023-02-03T17:28:53","modified_gmt":"2023-02-03T21:28:53","slug":"innovate-world-tour-2023-smarte-kommunikation-in-der-cloud","status":"publish","type":"page","link":"https:\/\/www.smartcommunications.com\/de\/pressemeldungen\/innovate-world-tour-2023-smarte-kommunikation-in-der-cloud\/","title":{"rendered":"INNOVATE WORLD TOUR 2023 \u2013 SMARTE Kommunikation in der Cloud"},"content":{"rendered":"[vc_row type=&#8220;in_container&#8220; full_screen_row_position=&#8220;middle&#8220; column_margin=&#8220;default&#8220; column_direction=&#8220;default&#8220; column_direction_tablet=&#8220;default&#8220; column_direction_phone=&#8220;default&#8220; scene_position=&#8220;center&#8220; text_color=&#8220;dark&#8220; text_align=&#8220;left&#8220; row_border_radius=&#8220;none&#8220; row_border_radius_applies=&#8220;bg&#8220; overflow=&#8220;visible&#8220; overlay_strength=&#8220;0.3&#8243; gradient_direction=&#8220;left_to_right&#8220; shape_divider_position=&#8220;bottom&#8220; bg_image_animation=&#8220;none&#8220;][vc_column column_padding=&#8220;no-extra-padding&#8220; column_padding_tablet=&#8220;inherit&#8220; column_padding_phone=&#8220;inherit&#8220; column_padding_position=&#8220;all&#8220; column_element_spacing=&#8220;default&#8220; background_color_opacity=&#8220;1&#8243; background_hover_color_opacity=&#8220;1&#8243; column_shadow=&#8220;none&#8220; column_border_radius=&#8220;none&#8220; column_link_target=&#8220;_self&#8220; column_position=&#8220;default&#8220; gradient_direction=&#8220;left_to_right&#8220; overlay_strength=&#8220;0.3&#8243; width=&#8220;1\/1&#8243; tablet_width_inherit=&#8220;default&#8220; tablet_text_alignment=&#8220;default&#8220; phone_text_alignment=&#8220;default&#8220; animation_type=&#8220;default&#8220; bg_image_animation=&#8220;none&#8220; border_type=&#8220;simple&#8220; column_border_width=&#8220;none&#8220; column_border_style=&#8220;solid&#8220;][divider line_type=&#8220;Small Line&#8220; line_alignment=&#8220;default&#8220; line_thickness=&#8220;7&#8243; divider_color=&#8220;accent-color&#8220; animate=&#8220;yes&#8220; custom_height=&#8220;20&#8243;][divider line_type=&#8220;No Line&#8220; custom_height=&#8220;10&#8243;][vc_column_text css_animation=&#8220;top-to-bottom&#8220;]\r\n<h2><strong>INNOVATE WORLD TOUR 2023 \u2013 SMARTE Kommunikation in der Cloud<\/strong><\/h2>\r\n[\/vc_column_text][divider line_type=&#8220;No Line&#8220; custom_height=&#8220;25&#8243;][vc_column_text]<em><strong>Smart Communications l\u00e4dt Finanzdienstleister und Versicherungsunternehmen zu einer informativen Vortragsreihe ein, auf der Referenten neben Best Practices im Customer Communications Management auch zeigen, wie Kunden den Weg in die Cloud erfolgreich beschritten haben<\/strong><\/em>\r\n\r\n<strong>Saarbr\u00fccken, 24.01.2023 &#8211;<\/strong> Heute greifen Kunden t\u00e4glich \u00fcber mehrere Ger\u00e4te auf die unterschiedlichsten Kan\u00e4le zu. Verlassen sich Unternehmen noch immer auf Altsysteme, werden sie es schwer haben, mit den wachsenden Kundenerwartungen schrittzuhalten.\r\n\r\nCloud-L\u00f6sungen f\u00fcr das Customer Communications Management (CCM) bieten die optimale Basis f\u00fcr einzigartige Kundenerlebnisse und erm\u00f6glichen Finanzdienstleistern und Versicherungen, ihre Kundenkommunikation innovativ, agil und skalierbar zu gestalten. So begeistern sie ihre Kunden mit konsistenten, personalisierten, zeitnahen und wertstiftenden Dialogen und entsprechen dem zunehmenden Wunsch nach au\u00dfergew\u00f6hnlichen digitalen Erlebnissen.\r\n\r\nUnter dem Titel \u201eINNOVATE WORLD TOUR 2023 \u2013 SMARTE Kommunikation in der Cloud\u201c geht Smart Communications im M\u00e4rz mit hochkar\u00e4tigen unternehmensinternen und -externen ExpertInnen auf gro\u00dfe DACH-Tournee, um Besuchern gangbare Wege in die Cloud aufzuzeigen.\r\n\r\n\u201eDer Einsatz von Cloud Computing ist einer der bedeutendsten Grundsteine f\u00fcr den digitalen Wandel.\u00a0Das Ziel unserer Tour ist es, Vertrauen und Zuversicht in diese Technologie aufzubauen\u201c, so Jochen Razum, Sales Director DACH bei Smart Communications.\r\n\r\nDie Tour findet zwischen dem 1. und 30. M\u00e4rz statt und macht an sechs wichtigen Standorten der DACH-Region Halt:\r\n<ul>\r\n \t<li>M\u00e4rz, Wien &#8211; 25hours Hotel MuseumsQuartier<\/li>\r\n \t<li>M\u00e4rz, M\u00fcnchen &#8211; 25hours Hotel The Royal Bavarian<\/li>\r\n \t<li>M\u00e4rz, K\u00f6ln &#8211; 25hours Hotel The Circle<\/li>\r\n \t<li>M\u00e4rz, Frankfurt &#8211; 25hours Hotel The Trip<\/li>\r\n \t<li>M\u00e4rz, Z\u00fcrich &#8211; 25hours Hotel Z\u00fcrich West<\/li>\r\n \t<li>M\u00e4rz, Genf &#8211; Spaces S\u00e9cherons<\/li>\r\n<\/ul>\r\nNach einer kurzen Einf\u00fchrung von Jochen Razum beginnen alle Konferenztage mit Amina Meineker,\u00a0Expertin f\u00fcr F\u00fchrung, Ver\u00e4nderung und New Work. In ihrem Vortrag \u201eVon der alten in die neue Welt\u201c zeigt sie Unternehmen den sicheren Weg f\u00fcr ihre Reise in eine digitale Zukunft.\r\n\r\nDer Vortrag \u201eSicher in die Cloud\u201c beschreibt, wie Unternehmen mit Smart Communications Datenschutz, Compliance und Verordnungen von Aufsichtsbeh\u00f6rden erfolgreich umsetzen. Er wird, je nach Standort, von Miriam Meyer-Pelzer,\u00a0Senior Legal Counsel DACH, oder Natalie Blumberg,\u00a0Head of Legal, Schweiz, gehalten.\r\n\r\nDer Beitrag \u201eOmnichannel-Konversationen mit der Conversation Cloud&#x2122;\u201c von Martin Suter,\u00a0SVP Product, erkl\u00e4rt anhand von Kundenprojekten, wie Organisationen mit der Conversation Cloud&#x2122; Konversationen agil skalieren, Funktionalit\u00e4ten leicht in ihre bestehenden Systeme integrieren und interaktive Kundendialoge f\u00fchren k\u00f6nnen.\r\n\r\nNeben diesen fixen Programmpunkten befinden sich weitere Beitr\u00e4ge zur Auswahl auf der Agenda. Bereits bei ihrer Registrierung zum Event, k\u00f6nnen Teilnehmer ihre pers\u00f6nlichen Highlights ausw\u00e4hlen und so das Programm mitgestalten.\r\n\r\n<a href=\"https:\/\/www.smartcommunications.com\/de\/innovate-world-tour-2023-dach-de\/?utm_source=twitter&amp;utm_campaign=xplor_international_award&amp;utm_medium=social&amp;utm_content=press_release&amp;restored=1663141917031&amp;restored=1663144698294&amp;restored=1663258095193&amp;restored=1663258124447&amp;restored=1663258135820&amp;restored=1663258160187&amp;restored=1663258170306&amp;restored=1663344467483&amp;restored=1663927865643&amp;restored=1663948579915&amp;restored=1663949823357&amp;restored=1663952242603&amp;restored=1663952384055&amp;restored=1663961292008&amp;restored=1666093145921&amp;restored=1666614853806&amp;restored=1666691417239&amp;restored=1666691422380&amp;restored=1666695926164&amp;restored=1666965205064&amp;restored=1666965213560&amp;restored=1666965220885&amp;restored=1666965310236&amp;restored=1667215615246&amp;restored=1667404245005&amp;restored=1667907867242&amp;restored=1667908167928&amp;restored=1667908178665&amp;restored=1667909877413&amp;restored=1669121369406&amp;restored=1669399702564&amp;restored=1669826607328&amp;restored=1669910817258&amp;restored=1669910998908&amp;restored=1670855470352&amp;restored=1671018028737&amp;restored=1671019029704&amp;restored=1671019376173&amp;restored=1671021223524&amp;restored=1671021509354&amp;restored=1671021525338&amp;restored=1671021600405&amp;restored=1671021658524&amp;restored=1671036488336&amp;restored=1671708859244&amp;restored=1673368677784&amp;restored=1673368781591&amp;restored=1673513314729&amp;restored=1673513319785&amp;restored=1673513393850&amp;restored=1673513432324&amp;restored=1673513449043&amp;restored=1673513483192&amp;restored=1673513509034&amp;restored=1673513538556&amp;restored=1673513597794&amp;restored=1673513607113&amp;restored=1673513626159&amp;restored=1673513636335\">Hier<\/a> finden Interessenten das vollst\u00e4ndige Programm und die Registrierung zur INNOVATE WORLD TOUR 2023 \u2013 SMARTE Kommunikation in der Cloud.\r\n\r\n<strong>\u00dcber Smart Communications<\/strong>\r\n\r\nSmart Communications ist ein f\u00fchrendes Technologieunternehmen, das Unternehmen dabei unterst\u00fctzt, die Kundenkommunikation relevanter zu gestalten. Die Plattform <a href=\"https:\/\/www.smartcommunications.com\/de\/conversation-cloud\/\">Conversation Cloud&#x2122;<\/a> des Unternehmens bietet auf einzigartige Weise personalisierte Omnichannel-Konversationen \u00fcber das gesamte Kundenerlebnis hinweg. So k\u00f6nnen Unternehmen in der heutigen digitalen, kundenorientierten Welt erfolgreich sein und gleichzeitig Prozesse vereinfachen und effizienter gestalten. Smart Communications mit Hauptsitz in Gro\u00dfbritannien hat mehr als 650 Kunden und Niederlassungen in Nordamerika, Europa und Asien-Pazifik. Die Plattform Conversation Cloud umfasst die skalierbaren L\u00f6sungen f\u00fcr Kundenkommunikationsmanagement (CCM) von <a href=\"https:\/\/www.smartcommunications.com\/de\/produkte\/smartcomm\/\">SmartCOMM&#x2122;<\/a>, Funktionen f\u00fcr die Digitalisierung von Formularen durch <a href=\"https:\/\/www.smartcommunications.com\/de\/produkte\/smartiq\/\">SmartIQ&#x2122;<\/a> sowie die Fachkompetenz im Bereich Gesch\u00e4ftsdokumentation von <a href=\"https:\/\/www.smartcommunications.com\/de\/produkte\/smartdx\/\">SmartDX&#x2122;<\/a>. 2021 hat Smart Communications Assentis \u00fcbernommen, einen f\u00fchrenden europ\u00e4ischen Anbieter von Softwarel\u00f6sungen, der auf Kundenkommunikationsmanagement (CCM) mit Schwerpunkt Finanzdienstleistungsbranche spezialisiert ist. Mehr Informationen finden Sie unter <a href=\"https:\/\/www.smartcommunications.com\/de\">smartcommunications.com\/de.<\/a>\r\n\r\n&nbsp;\r\n<p data-pm-slice=\"1 1 []\"><\/p>\r\n[\/vc_column_text][divider line_type=&#8220;No Line&#8220; custom_height=&#8220;30&#8243;][\/vc_column][\/vc_row]<!-- \/wp:post-content -->","protected":false},"excerpt":{"rendered":"<p>[vc_row type=&#8220;in_container&#8220; full_screen_row_position=&#8220;middle&#8220; column_margin=&#8220;default&#8220; column_direction=&#8220;default&#8220; column_direction_tablet=&#8220;default&#8220; column_direction_phone=&#8220;default&#8220; scene_position=&#8220;center&#8220; text_color=&#8220;dark&#8220; text_align=&#8220;left&#8220; row_border_radius=&#8220;none&#8220; row_border_radius_applies=&#8220;bg&#8220; overflow=&#8220;visible&#8220; overlay_strength=&#8220;0.3&#8243; gradient_direction=&#8220;left_to_right&#8220; shape_divider_position=&#8220;bottom&#8220; bg_image_animation=&#8220;none&#8220;][vc_column column_padding=&#8220;no-extra-padding&#8220; column_padding_tablet=&#8220;inherit&#8220; column_padding_phone=&#8220;inherit&#8220; column_padding_position=&#8220;all&#8220; column_element_spacing=&#8220;default&#8220; background_color_opacity=&#8220;1&#8243; background_hover_color_opacity=&#8220;1&#8243; column_shadow=&#8220;none&#8220; column_border_radius=&#8220;none&#8220; column_link_target=&#8220;_self&#8220; column_position=&#8220;default&#8220; gradient_direction=&#8220;left_to_right&#8220; overlay_strength=&#8220;0.3&#8243;&#8230;<\/p>\n","protected":false},"author":2,"featured_media":54603,"parent":43564,"menu_order":113,"comment_status":"closed","ping_status":"closed","template":"","meta":{"_acf_changed":false,"footnotes":""},"class_list":["post-54601","page","type-page","status-publish","has-post-thumbnail"],"acf":[],"yoast_head":"<!-- This site is optimized with the Yoast SEO plugin v27.0 - https:\/\/yoast.com\/product\/yoast-seo-wordpress\/ -->\n<title>INNOVATE WORLD TOUR 2023 \u2013 SMARTE Kommunikation in der Cloud - Smart Communications<\/title>\n<meta name=\"description\" content=\"Smart Communications invites financial service providers and insurance companies to an informative series of lectures, where speakers will show best practices in customer communications management as well as how customers have successfully made their way into the cloud\" \/>\n<meta name=\"robots\" content=\"index, follow, max-snippet:-1, max-image-preview:large, max-video-preview:-1\" \/>\n<link rel=\"canonical\" href=\"https:\/\/www.smartcommunications.com\/de\/pressemeldungen\/innovate-world-tour-2023-smarte-kommunikation-in-der-cloud\/\" \/>\n<meta property=\"og:locale\" content=\"de_DE\" \/>\n<meta property=\"og:type\" content=\"article\" \/>\n<meta property=\"og:title\" content=\"INNOVATE WORLD TOUR 2023 \u2013 SMARTE Kommunikation in der Cloud - Smart Communications\" \/>\n<meta property=\"og:description\" content=\"Smart Communications invites financial service providers and insurance companies to an informative series of lectures, where speakers will show best practices in customer communications management as well as how customers have successfully made their way into the cloud\" \/>\n<meta property=\"og:url\" content=\"https:\/\/www.smartcommunications.com\/de\/pressemeldungen\/innovate-world-tour-2023-smarte-kommunikation-in-der-cloud\/\" \/>\n<meta property=\"og:site_name\" content=\"Smart Communications\" \/>\n<meta property=\"og:image\" content=\"https:\/\/www.smartcommunications.com\/wp-content\/uploads\/023_DACH_INNOVATE-World-Tour_LinkedIn-Banner_1600x900_EN.png\" \/>\n\t<meta property=\"og:image:width\" content=\"1600\" \/>\n\t<meta property=\"og:image:height\" content=\"900\" \/>\n\t<meta property=\"og:image:type\" content=\"image\/png\" \/>\n<meta name=\"twitter:card\" content=\"summary_large_image\" \/>\n<meta name=\"twitter:image\" content=\"https:\/\/www.smartcommunications.com\/wp-content\/uploads\/023_DACH_INNOVATE-World-Tour_LinkedIn-Banner_1600x900_EN.png\" \/>\n<meta name=\"twitter:site\" content=\"@CCMInnovators\" \/>\n<meta name=\"twitter:label1\" content=\"Gesch\u00e4tzte Lesezeit\" \/>\n\t<meta name=\"twitter:data1\" content=\"3\u00a0Minuten\" \/>\n<!-- \/ Yoast SEO plugin. -->","yoast_head_json":{"title":"INNOVATE WORLD TOUR 2023 \u2013 SMARTE Kommunikation in der Cloud - Smart Communications","description":"Smart Communications invites financial service providers and insurance companies to an informative series of lectures, where speakers will show best practices in customer communications management as well as how customers have successfully made their way into the cloud","robots":{"index":"index","follow":"follow","max-snippet":"max-snippet:-1","max-image-preview":"max-image-preview:large","max-video-preview":"max-video-preview:-1"},"canonical":"https:\/\/www.smartcommunications.com\/de\/pressemeldungen\/innovate-world-tour-2023-smarte-kommunikation-in-der-cloud\/","og_locale":"de_DE","og_type":"article","og_title":"INNOVATE WORLD TOUR 2023 \u2013 SMARTE Kommunikation in der Cloud - Smart Communications","og_description":"Smart Communications invites financial service providers and insurance companies to an informative series of lectures, where speakers will show best practices in customer communications management as well as how customers have successfully made their way into the cloud","og_url":"https:\/\/www.smartcommunications.com\/de\/pressemeldungen\/innovate-world-tour-2023-smarte-kommunikation-in-der-cloud\/","og_site_name":"Smart Communications","og_image":[{"width":1600,"height":900,"url":"https:\/\/www.smartcommunications.com\/wp-content\/uploads\/023_DACH_INNOVATE-World-Tour_LinkedIn-Banner_1600x900_EN.png","type":"image\/png"}],"twitter_card":"summary_large_image","twitter_image":"https:\/\/www.smartcommunications.com\/wp-content\/uploads\/023_DACH_INNOVATE-World-Tour_LinkedIn-Banner_1600x900_EN.png","twitter_site":"@CCMInnovators","twitter_misc":{"Gesch\u00e4tzte Lesezeit":"3\u00a0Minuten"},"schema":{"@context":"https:\/\/schema.org","@graph":[{"@type":"WebPage","@id":"https:\/\/www.smartcommunications.com\/de\/pressemeldungen\/innovate-world-tour-2023-smarte-kommunikation-in-der-cloud\/","url":"https:\/\/www.smartcommunications.com\/de\/pressemeldungen\/innovate-world-tour-2023-smarte-kommunikation-in-der-cloud\/","name":"INNOVATE WORLD TOUR 2023 \u2013 SMARTE Kommunikation in der Cloud - Smart Communications","isPartOf":{"@id":"https:\/\/www.smartcommunications.com\/#website"},"primaryImageOfPage":{"@id":"https:\/\/www.smartcommunications.com\/de\/pressemeldungen\/innovate-world-tour-2023-smarte-kommunikation-in-der-cloud\/#primaryimage"},"image":{"@id":"https:\/\/www.smartcommunications.com\/de\/pressemeldungen\/innovate-world-tour-2023-smarte-kommunikation-in-der-cloud\/#primaryimage"},"thumbnailUrl":"https:\/\/www.smartcommunications.com\/wp-content\/uploads\/023_DACH_INNOVATE-World-Tour_LinkedIn-Banner_1600x900_EN.png","datePublished":"2023-02-03T21:28:53+00:00","description":"Smart Communications invites financial service providers and insurance companies to an informative series of lectures, where speakers will show best practices in customer communications management as well as how customers have successfully made their way into the cloud","breadcrumb":{"@id":"https:\/\/www.smartcommunications.com\/de\/pressemeldungen\/innovate-world-tour-2023-smarte-kommunikation-in-der-cloud\/#breadcrumb"},"inLanguage":"de","potentialAction":[{"@type":"ReadAction","target":["https:\/\/www.smartcommunications.com\/de\/pressemeldungen\/innovate-world-tour-2023-smarte-kommunikation-in-der-cloud\/"]}]},{"@type":"ImageObject","inLanguage":"de","@id":"https:\/\/www.smartcommunications.com\/de\/pressemeldungen\/innovate-world-tour-2023-smarte-kommunikation-in-der-cloud\/#primaryimage","url":"https:\/\/www.smartcommunications.com\/wp-content\/uploads\/023_DACH_INNOVATE-World-Tour_LinkedIn-Banner_1600x900_EN.png","contentUrl":"https:\/\/www.smartcommunications.com\/wp-content\/uploads\/023_DACH_INNOVATE-World-Tour_LinkedIn-Banner_1600x900_EN.png","width":1600,"height":900},{"@type":"BreadcrumbList","@id":"https:\/\/www.smartcommunications.com\/de\/pressemeldungen\/innovate-world-tour-2023-smarte-kommunikation-in-der-cloud\/#breadcrumb","itemListElement":[{"@type":"ListItem","position":1,"name":"Home","item":"https:\/\/www.smartcommunications.com\/de\/"},{"@type":"ListItem","position":2,"name":"Press Releases","item":"https:\/\/www.smartcommunications.com\/de\/pressemeldungen\/"},{"@type":"ListItem","position":3,"name":"INNOVATE WORLD TOUR 2023 \u2013 SMARTE Kommunikation in der Cloud"}]},{"@type":"WebSite","@id":"https:\/\/www.smartcommunications.com\/#website","url":"https:\/\/www.smartcommunications.com\/","name":"Smart Communications","description":"Customer Communication Management Software","publisher":{"@id":"https:\/\/www.smartcommunications.com\/#organization"},"alternateName":"Smart Communications","inLanguage":"de"},{"@type":"Organization","@id":"https:\/\/www.smartcommunications.com\/#organization","name":"Smart Communications","alternateName":"Smart Communications","url":"https:\/\/www.smartcommunications.com\/","logo":{"@type":"ImageObject","inLanguage":"de","@id":"https:\/\/www.smartcommunications.com\/#\/schema\/logo\/image\/","url":"https:\/\/www.smartcommunications.com\/wp-content\/uploads\/2017\/03\/Nav_logo_color_hires.png","contentUrl":"https:\/\/www.smartcommunications.com\/wp-content\/uploads\/2017\/03\/Nav_logo_color_hires.png","width":415,"height":140,"caption":"Smart Communications"},"image":{"@id":"https:\/\/www.smartcommunications.com\/#\/schema\/logo\/image\/"},"sameAs":["https:\/\/x.com\/CCMInnovators","https:\/\/www.linkedin.com\/company\/smart-communications.\/"]}]}},"_links":{"self":[{"href":"https:\/\/www.smartcommunications.com\/de\/wp-json\/wp\/v2\/pages\/54601","targetHints":{"allow":["GET"]}}],"collection":[{"href":"https:\/\/www.smartcommunications.com\/de\/wp-json\/wp\/v2\/pages"}],"about":[{"href":"https:\/\/www.smartcommunications.com\/de\/wp-json\/wp\/v2\/types\/page"}],"author":[{"embeddable":true,"href":"https:\/\/www.smartcommunications.com\/de\/wp-json\/wp\/v2\/users\/2"}],"replies":[{"embeddable":true,"href":"https:\/\/www.smartcommunications.com\/de\/wp-json\/wp\/v2\/comments?post=54601"}],"version-history":[{"count":0,"href":"https:\/\/www.smartcommunications.com\/de\/wp-json\/wp\/v2\/pages\/54601\/revisions"}],"up":[{"embeddable":true,"href":"https:\/\/www.smartcommunications.com\/de\/wp-json\/wp\/v2\/pages\/43564"}],"wp:featuredmedia":[{"embeddable":true,"href":"https:\/\/www.smartcommunications.com\/de\/wp-json\/wp\/v2\/media\/54603"}],"wp:attachment":[{"href":"https:\/\/www.smartcommunications.com\/de\/wp-json\/wp\/v2\/media?parent=54601"}],"curies":[{"name":"wp","href":"https:\/\/api.w.org\/{rel}","templated":true}]}}