{"id":53206,"date":"2022-12-16T18:18:10","date_gmt":"2022-12-16T22:18:10","guid":{"rendered":"https:\/\/www.smartcommunications.com\/?page_id=53206"},"modified":"2022-12-16T18:29:08","modified_gmt":"2022-12-16T22:29:08","slug":"hyper-personalisierung-versicherungsfaellen-2022","status":"publish","type":"page","link":"https:\/\/www.smartcommunications.com\/de\/pressemeldungen\/hyper-personalisierung-versicherungsfaellen-2022\/","title":{"rendered":"Neue Studie von Smart Communications: Die wichtigsten Trends zur Verbesserung der Customer Experience bei Versicherungen"},"content":{"rendered":"[vc_row type=&#8220;in_container&#8220; full_screen_row_position=&#8220;middle&#8220; column_margin=&#8220;default&#8220; column_direction=&#8220;default&#8220; column_direction_tablet=&#8220;default&#8220; column_direction_phone=&#8220;default&#8220; scene_position=&#8220;center&#8220; text_color=&#8220;dark&#8220; text_align=&#8220;left&#8220; row_border_radius=&#8220;none&#8220; row_border_radius_applies=&#8220;bg&#8220; overflow=&#8220;visible&#8220; overlay_strength=&#8220;0.3&#8243; gradient_direction=&#8220;left_to_right&#8220; shape_divider_position=&#8220;bottom&#8220; bg_image_animation=&#8220;none&#8220;][vc_column column_padding=&#8220;no-extra-padding&#8220; column_padding_tablet=&#8220;inherit&#8220; column_padding_phone=&#8220;inherit&#8220; column_padding_position=&#8220;all&#8220; column_element_spacing=&#8220;default&#8220; background_color_opacity=&#8220;1&#8243; background_hover_color_opacity=&#8220;1&#8243; column_shadow=&#8220;none&#8220; column_border_radius=&#8220;none&#8220; column_link_target=&#8220;_self&#8220; column_position=&#8220;default&#8220; gradient_direction=&#8220;left_to_right&#8220; overlay_strength=&#8220;0.3&#8243; width=&#8220;1\/1&#8243; tablet_width_inherit=&#8220;default&#8220; tablet_text_alignment=&#8220;default&#8220; phone_text_alignment=&#8220;default&#8220; animation_type=&#8220;default&#8220; bg_image_animation=&#8220;none&#8220; border_type=&#8220;simple&#8220; column_border_width=&#8220;none&#8220; column_border_style=&#8220;solid&#8220;][divider line_type=&#8220;Small Line&#8220; line_alignment=&#8220;default&#8220; line_thickness=&#8220;7&#8243; divider_color=&#8220;accent-color&#8220; animate=&#8220;yes&#8220; custom_height=&#8220;20&#8243;][divider line_type=&#8220;No Line&#8220; custom_height=&#8220;10&#8243;][vc_column_text css_animation=&#8220;top-to-bottom&#8220;]\r\n<h2>Neue Studie von Smart Communications: Die wichtigsten Trends zur Verbesserung der Customer Experience bei Versicherungen<\/h2>\r\n[\/vc_column_text][divider line_type=&#8220;No Line&#8220; custom_height=&#8220;25&#8243;][vc_column_text]<em>95 Prozent der F\u00fchrungskr\u00e4fte in der Versicherungsbranche sagen, dass ein gutes Erlebnis bei der Schadensabwicklung der Schl\u00fcssel zu Kundenloyalit\u00e4t und Vertrauen ist<\/em>\r\n\r\nSaarbr\u00fccken, 14, Dezember 2022 &#8211; <a href=\"https:\/\/www.smartcommunications.com\/\">Smart Communications<\/a><a href=\"https:\/\/www.smartcommunications.com\/\"><sup>TM<\/sup><\/a>, ein f\u00fchrendes Technologieunternehmen, das Unternehmen unterst\u00fctzt, sinnvollere Kundenkonversationen zu f\u00fchren, ver\u00f6ffentlichte k\u00fcrzlich die Studie \u201eHyper-Personalisierung in Versicherungsf\u00e4llen 2022\u201c. Die Studie, die in Zusammenarbeit mit Salesforce entwickelt wurde, basiert auf den Ergebnissen einer Umfrage von Insurance Innovators unter 150 F\u00fchrungskr\u00e4ften aus dem Versicherungswesen in den USA und Gro\u00dfbritannien und befasst sich mit den dringlichsten Problemen, Bedenken und Trends, die auf dem heutigen Versicherungsmarkt bez\u00fcglich Hyper-Personalisierung, Datennutzung und Kundenerwartungen bestehen.\r\n\r\n\u201eDie COVID-19-Pandemie hat die Art und Weise, wie die Versicherungsbranche arbeitet, grundlegend ver\u00e4ndert, vor allem, wenn es um das Kundenerlebnis bei Schadensfallabwicklungen geht&#8220;, kommentiert James Brown, CEO von Smart Communications. \u201eVon der Nutzung von Technologien bis hin zur Personalisierung &#8211; das Schadenmanagement befindet sich in einer der umw\u00e4lzendsten Phasen, die es je erlebt hat. Die Studie beleuchtet die wichtigsten Faktoren, die das Kundenerlebnis bei Schadensfallabwicklungen heute pr\u00e4gen, den Einfluss von Kundengespr\u00e4chen auf die Gesamt-CX und was Versicherer beachten m\u00fcssen, um das Vertrauen von Kunden langfristig zu st\u00e4rken.&#8220;\r\n\r\n\u201eDie Priorit\u00e4ten von Versicherern haben sich in den letzten zw\u00f6lf Monaten erheblich verschoben. Nach der COVID-19-Pandemie setzten viele Unternehmen verst\u00e4ndlicherweise verst\u00e4rkt auf die Implementierung neuer Technologien. Eine erfolgreiche digitale Transformation steht und f\u00e4llt damit, das Kundenerlebnis zu verbessern und nicht zu kompromittieren&#8220;, so John Kelleher, Head of Financial Service bei Salesforce UKI. \u201eWenn Unternehmen sich erholen und wieder wachsen wollen, wird ein verbesserter Kundenservice und daf\u00fcr die Bereitschaft, in KI zu investieren, ein entscheidender Faktor f\u00fcr den Erfolg sein.&#8220;\r\n\r\nHier ein \u00dcberblick \u00fcber die wichtigsten Ergebnisse der Studie:\r\n\r\n<strong>F\u00fchrungskr\u00e4fte sehen das Kundenerlebnis bei Schadensf\u00e4llen als entscheidend f\u00fcr den Erfolg<\/strong>\r\n\r\nF\u00fcnfundneunzig Prozent der Befragten gaben an, dass das Kundenerlebnis bei der Schadensbearbeitung der Bereich ist, in dem Versicherer die gr\u00f6\u00dfte Chance haben, Kundenloyalit\u00e4t zu steigern, aber auch das gr\u00f6\u00dfte Risiko, sie zu verlieren. Dar\u00fcber hinaus sind 96 Prozent der Befragten der Meinung, dass eine hyper-personalisierte Kommunikation der Schl\u00fcssel zu einer effizienteren Schadensbearbeitung und Qualit\u00e4t des Kundenerlebnisses ist.\r\n\r\n<strong>Versicherer nutzen Daten in der Schadensregulierung nicht richtig<\/strong>\r\n\r\n95 Prozent der Versicherer sind der Meinung, dass ihre Unternehmen die Daten, die ihnen bereits zur Verf\u00fcgung stehen, nicht so gut nutzen, wie sie k\u00f6nnten, wenn es um die Personalisierung von <strong>Schadensbearbeitung<\/strong> geht. 73 Prozent geben an, dass sie Daten von Drittanbietern nur \u201em\u00e4\u00dfig&#8220; nutzen, um die Leistung von <strong>Schadensbearbeitungen<\/strong> zu steigern, w\u00e4hrend nur 37 Prozent sagen, dass sie Daten von vernetzten Ger\u00e4ten in \u201esignifikanter&#8220; Weise nutzen.\r\n\r\n<strong>Versicherer sagen, dass ein besseres Kundenerlebnis bei der Schadensbearbeitung auf mehr Transparenz beruht<\/strong>\r\n\r\nLaut den Ergebnissen der Studie sind 92 Prozent der Versicherer der Meinung, dass eine gr\u00f6\u00dfere Transparenz in Bezug auf den Schadensprozess dazu beitragen w\u00fcrde, das Vertrauen der Kunden zu st\u00e4rken. Vor diesem Hintergrund gaben 71 Prozent der Versicherer an, dass sie in den n\u00e4chsten zwei Jahren die gesamte Kommunikationshistorie ihrer Kunden \u00fcber ein Kundenportal zug\u00e4nglich machen wollen.\r\n\r\n<strong>KI-Einsatz in der Schadensregulierung wird in den n\u00e4chsten zwei Jahren boomen<\/strong>\r\n\r\nDen Forschungsergebnissen zufolge nutzen derzeit nur etwa 20 Prozent der Befragten KI, um wichtige Aufgaben der Personalisierung bei der Schadensregulierung zu bew\u00e4ltigen, wie z. B. die Bestimmung des Zeitpunkts f\u00fcr die Aktualisierung von Kundeninformationen, die Orchestrierung von Kan\u00e4len und die Bewertung von Inhalten. Diese Zahl wird jedoch innerhalb der n\u00e4chsten zwei Jahre auf 65 Prozent ansteigen.\r\n\r\n<strong>Effizienz, Schnelligkeit und Verringerung des Kundenaufwands sind die wichtigsten Priorit\u00e4ten bei der Bearbeitung von Schadensf\u00e4llen <\/strong>\r\n\r\nAuf die Frage nach den wichtigsten Priorit\u00e4ten in Bezug auf die Kundenerfahrung bei Schadensf\u00e4llen waren die Effizienzsteigerung (89 Prozent), die Verk\u00fcrzung der Abwicklungszeiten (74 Prozent) und die Verringerung des Kundenaufwands (74 Prozent) die drei wichtigsten Ziele, die die meisten Versicherer erreichen wollen.\r\n\r\n\u201eIm Gro\u00dfen und Ganzen hat die Versicherungsbranche eine bewundernswerte Arbeit geleistet, indem sie weitreichende Initiativen zur digitalen Transformation ergriffen hat. Jetzt ist es jedoch an der Zeit, sich von digital-zentrierten Erfahrungen zu solchen zu bewegen, die auch vollst\u00e4ndig kundenzentriert sind&#8220;, so Brown.\u00a0 \u201eDurch die Einf\u00fchrung reibungsloser Prozesse wie personalisierte Formulare und bidirektionale Konversationen werden Versicherer eine h\u00f6here Kundenzufriedenheit und ein gr\u00f6\u00dferes Vertrauen erleben, was sich positiv auf ihr Kundenerlebnis und somit langfristig auf ihre Gesch\u00e4ftsabl\u00e4ufe auswirken wird.&#8220;\r\n\r\nDie vollst\u00e4ndige Stude \u201eHyper-Personalisierung in der Schadensregulierung 2022\u201c mit Infografik kann <a href=\"https:\/\/www.smartcommunications.com\/wp-content\/uploads\/ig-rebuilding-trust-in-insurance-sfdc-de.pdf\">hier <\/a>heruntergeladen werden.\r\n\r\n<strong>\u00dcber Smart Communications<\/strong>\r\n\r\nSmart Communications ist ein f\u00fchrendes Technologieunternehmen, das Unternehmen dabei unterst\u00fctzt, die Kundenkommunikation relevanter zu gestalten. Die Plattform <a href=\"https:\/\/www.smartcommunications.com\/de\/conversation-cloud\/\">Conversation Cloud&#x2122;<\/a> des Unternehmens bietet auf einzigartige Weise personalisierte Omnichannel-Konversationen \u00fcber das gesamte Kundenerlebnis hinweg. So k\u00f6nnen Unternehmen in der heutigen digitalen, kundenorientierten Welt erfolgreich sein und gleichzeitig Prozesse vereinfachen und effizienter gestalten. Smart Communications mit Hauptsitz in Gro\u00dfbritannien hat mehr als 650 Kunden und Niederlassungen in Nordamerika, Europa und Asien-Pazifik. Die Plattform Conversation Cloud umfasst die skalierbaren L\u00f6sungen f\u00fcr Kundenkommunikationsmanagement (CCM) von <a href=\"https:\/\/www.smartcommunications.com\/de\/produkte\/smartcomm\/\">SmartCOMM&#x2122;<\/a>, Funktionen f\u00fcr die Digitalisierung von Formularen durch <a href=\"https:\/\/www.smartcommunications.com\/de\/produkte\/smartiq\/\">SmartIQ&#x2122;<\/a> sowie die Fachkompetenz im Bereich Gesch\u00e4ftsdokumentation von <a href=\"https:\/\/www.smartcommunications.com\/de\/produkte\/smartdx\/\">SmartDX&#x2122;<\/a>. 2021 hat Smart Communications Assentis \u00fcbernommen, einen f\u00fchrenden europ\u00e4ischen Anbieter von Softwarel\u00f6sungen, der auf Kundenkommunikationsmanagement (CCM) mit Schwerpunkt Finanzdienstleistungsbranche spezialisiert ist. Mehr Informationen finden Sie unter <a href=\"https:\/\/www.smartcommunications.com\/de\">smartcommunications.com\/de.<\/a>\r\n\r\n&nbsp;\r\n<p data-pm-slice=\"1 1 []\"><\/p>\r\n[\/vc_column_text][divider line_type=&#8220;No Line&#8220; custom_height=&#8220;30&#8243;][\/vc_column][\/vc_row]<!-- \/wp:post-content -->","protected":false},"excerpt":{"rendered":"<p>[vc_row type=&#8220;in_container&#8220; full_screen_row_position=&#8220;middle&#8220; column_margin=&#8220;default&#8220; column_direction=&#8220;default&#8220; column_direction_tablet=&#8220;default&#8220; column_direction_phone=&#8220;default&#8220; scene_position=&#8220;center&#8220; text_color=&#8220;dark&#8220; text_align=&#8220;left&#8220; row_border_radius=&#8220;none&#8220; row_border_radius_applies=&#8220;bg&#8220; overflow=&#8220;visible&#8220; overlay_strength=&#8220;0.3&#8243; gradient_direction=&#8220;left_to_right&#8220; shape_divider_position=&#8220;bottom&#8220; bg_image_animation=&#8220;none&#8220;][vc_column column_padding=&#8220;no-extra-padding&#8220; column_padding_tablet=&#8220;inherit&#8220; column_padding_phone=&#8220;inherit&#8220; column_padding_position=&#8220;all&#8220; column_element_spacing=&#8220;default&#8220; background_color_opacity=&#8220;1&#8243; background_hover_color_opacity=&#8220;1&#8243; column_shadow=&#8220;none&#8220; column_border_radius=&#8220;none&#8220; column_link_target=&#8220;_self&#8220; column_position=&#8220;default&#8220; gradient_direction=&#8220;left_to_right&#8220; overlay_strength=&#8220;0.3&#8243;&#8230;<\/p>\n","protected":false},"author":2,"featured_media":0,"parent":43564,"menu_order":114,"comment_status":"closed","ping_status":"closed","template":"","meta":{"_acf_changed":false,"footnotes":""},"class_list":["post-53206","page","type-page","status-publish"],"acf":[],"yoast_head":"<!-- This site is optimized with the Yoast SEO plugin v27.0 - https:\/\/yoast.com\/product\/yoast-seo-wordpress\/ -->\n<title>Neue Studie von Smart Communications: Die wichtigsten Trends zur Verbesserung der Customer Experience bei Versicherungen - Smart Communications<\/title>\n<meta name=\"description\" content=\"Smart Communications ver\u00f6ffentlichte k\u00fcrzlich die Studie \u201eHyper-Personalisierung in Versicherungsf\u00e4llen 2022\u201c.\" \/>\n<meta name=\"robots\" content=\"index, follow, max-snippet:-1, max-image-preview:large, max-video-preview:-1\" \/>\n<link rel=\"canonical\" href=\"https:\/\/www.smartcommunications.com\/de\/pressemeldungen\/hyper-personalisierung-versicherungsfaellen-2022\/\" \/>\n<meta property=\"og:locale\" content=\"de_DE\" \/>\n<meta property=\"og:type\" content=\"article\" \/>\n<meta property=\"og:title\" content=\"Neue Studie von Smart Communications: Die wichtigsten Trends zur Verbesserung der Customer Experience bei Versicherungen - Smart Communications\" \/>\n<meta property=\"og:description\" content=\"Smart Communications ver\u00f6ffentlichte k\u00fcrzlich die Studie \u201eHyper-Personalisierung in Versicherungsf\u00e4llen 2022\u201c.\" \/>\n<meta property=\"og:url\" content=\"https:\/\/www.smartcommunications.com\/de\/pressemeldungen\/hyper-personalisierung-versicherungsfaellen-2022\/\" \/>\n<meta property=\"og:site_name\" content=\"Smart Communications\" \/>\n<meta property=\"article:modified_time\" content=\"2022-12-16T22:29:08+00:00\" \/>\n<meta property=\"og:image\" content=\"https:\/\/www.smartcommunications.com\/wp-content\/uploads\/Generic-Smart-Media-Card-blueBG.png\" \/>\n\t<meta property=\"og:image:width\" content=\"725\" \/>\n\t<meta property=\"og:image:height\" content=\"358\" \/>\n\t<meta property=\"og:image:type\" content=\"image\/png\" \/>\n<meta name=\"twitter:card\" content=\"summary_large_image\" \/>\n<meta name=\"twitter:site\" content=\"@CCMInnovators\" \/>\n<meta name=\"twitter:label1\" content=\"Gesch\u00e4tzte Lesezeit\" \/>\n\t<meta name=\"twitter:data1\" content=\"4\u00a0Minuten\" \/>\n<!-- \/ Yoast SEO plugin. -->","yoast_head_json":{"title":"Neue Studie von Smart Communications: Die wichtigsten Trends zur Verbesserung der Customer Experience bei Versicherungen - Smart Communications","description":"Smart Communications ver\u00f6ffentlichte k\u00fcrzlich die Studie \u201eHyper-Personalisierung in Versicherungsf\u00e4llen 2022\u201c.","robots":{"index":"index","follow":"follow","max-snippet":"max-snippet:-1","max-image-preview":"max-image-preview:large","max-video-preview":"max-video-preview:-1"},"canonical":"https:\/\/www.smartcommunications.com\/de\/pressemeldungen\/hyper-personalisierung-versicherungsfaellen-2022\/","og_locale":"de_DE","og_type":"article","og_title":"Neue Studie von Smart Communications: Die wichtigsten Trends zur Verbesserung der Customer Experience bei Versicherungen - Smart Communications","og_description":"Smart Communications ver\u00f6ffentlichte k\u00fcrzlich die Studie \u201eHyper-Personalisierung in Versicherungsf\u00e4llen 2022\u201c.","og_url":"https:\/\/www.smartcommunications.com\/de\/pressemeldungen\/hyper-personalisierung-versicherungsfaellen-2022\/","og_site_name":"Smart Communications","article_modified_time":"2022-12-16T22:29:08+00:00","og_image":[{"width":725,"height":358,"url":"https:\/\/www.smartcommunications.com\/wp-content\/uploads\/Generic-Smart-Media-Card-blueBG.png","type":"image\/png"}],"twitter_card":"summary_large_image","twitter_site":"@CCMInnovators","twitter_misc":{"Gesch\u00e4tzte Lesezeit":"4\u00a0Minuten"},"schema":{"@context":"https:\/\/schema.org","@graph":[{"@type":"WebPage","@id":"https:\/\/www.smartcommunications.com\/de\/pressemeldungen\/hyper-personalisierung-versicherungsfaellen-2022\/","url":"https:\/\/www.smartcommunications.com\/de\/pressemeldungen\/hyper-personalisierung-versicherungsfaellen-2022\/","name":"Neue Studie von Smart Communications: Die wichtigsten Trends zur Verbesserung der Customer Experience bei Versicherungen - Smart Communications","isPartOf":{"@id":"https:\/\/www.smartcommunications.com\/#website"},"datePublished":"2022-12-16T22:18:10+00:00","dateModified":"2022-12-16T22:29:08+00:00","description":"Smart Communications ver\u00f6ffentlichte k\u00fcrzlich die Studie \u201eHyper-Personalisierung in Versicherungsf\u00e4llen 2022\u201c.","breadcrumb":{"@id":"https:\/\/www.smartcommunications.com\/de\/pressemeldungen\/hyper-personalisierung-versicherungsfaellen-2022\/#breadcrumb"},"inLanguage":"de","potentialAction":[{"@type":"ReadAction","target":["https:\/\/www.smartcommunications.com\/de\/pressemeldungen\/hyper-personalisierung-versicherungsfaellen-2022\/"]}]},{"@type":"BreadcrumbList","@id":"https:\/\/www.smartcommunications.com\/de\/pressemeldungen\/hyper-personalisierung-versicherungsfaellen-2022\/#breadcrumb","itemListElement":[{"@type":"ListItem","position":1,"name":"Home","item":"https:\/\/www.smartcommunications.com\/de\/"},{"@type":"ListItem","position":2,"name":"Press Releases","item":"https:\/\/www.smartcommunications.com\/de\/pressemeldungen\/"},{"@type":"ListItem","position":3,"name":"Neue Studie von Smart Communications: Die wichtigsten Trends zur Verbesserung der Customer Experience bei Versicherungen"}]},{"@type":"WebSite","@id":"https:\/\/www.smartcommunications.com\/#website","url":"https:\/\/www.smartcommunications.com\/","name":"Smart Communications","description":"Customer Communication Management Software","publisher":{"@id":"https:\/\/www.smartcommunications.com\/#organization"},"alternateName":"Smart Communications","inLanguage":"de"},{"@type":"Organization","@id":"https:\/\/www.smartcommunications.com\/#organization","name":"Smart Communications","alternateName":"Smart Communications","url":"https:\/\/www.smartcommunications.com\/","logo":{"@type":"ImageObject","inLanguage":"de","@id":"https:\/\/www.smartcommunications.com\/#\/schema\/logo\/image\/","url":"https:\/\/www.smartcommunications.com\/wp-content\/uploads\/2017\/03\/Nav_logo_color_hires.png","contentUrl":"https:\/\/www.smartcommunications.com\/wp-content\/uploads\/2017\/03\/Nav_logo_color_hires.png","width":415,"height":140,"caption":"Smart Communications"},"image":{"@id":"https:\/\/www.smartcommunications.com\/#\/schema\/logo\/image\/"},"sameAs":["https:\/\/x.com\/CCMInnovators","https:\/\/www.linkedin.com\/company\/smart-communications.\/"]}]}},"_links":{"self":[{"href":"https:\/\/www.smartcommunications.com\/de\/wp-json\/wp\/v2\/pages\/53206","targetHints":{"allow":["GET"]}}],"collection":[{"href":"https:\/\/www.smartcommunications.com\/de\/wp-json\/wp\/v2\/pages"}],"about":[{"href":"https:\/\/www.smartcommunications.com\/de\/wp-json\/wp\/v2\/types\/page"}],"author":[{"embeddable":true,"href":"https:\/\/www.smartcommunications.com\/de\/wp-json\/wp\/v2\/users\/2"}],"replies":[{"embeddable":true,"href":"https:\/\/www.smartcommunications.com\/de\/wp-json\/wp\/v2\/comments?post=53206"}],"version-history":[{"count":0,"href":"https:\/\/www.smartcommunications.com\/de\/wp-json\/wp\/v2\/pages\/53206\/revisions"}],"up":[{"embeddable":true,"href":"https:\/\/www.smartcommunications.com\/de\/wp-json\/wp\/v2\/pages\/43564"}],"wp:attachment":[{"href":"https:\/\/www.smartcommunications.com\/de\/wp-json\/wp\/v2\/media?parent=53206"}],"curies":[{"name":"wp","href":"https:\/\/api.w.org\/{rel}","templated":true}]}}