{"id":50967,"date":"2022-11-03T17:14:36","date_gmt":"2022-11-03T21:14:36","guid":{"rendered":"https:\/\/www.smartcommunications.com\/?page_id=50967"},"modified":"2022-11-03T17:19:33","modified_gmt":"2022-11-03T21:19:33","slug":"smart-communications-praesentiert-studie-zur-cloud-reife","status":"publish","type":"page","link":"https:\/\/www.smartcommunications.com\/de\/pressemeldungen\/smart-communications-praesentiert-studie-zur-cloud-reife\/","title":{"rendered":"PM &#8211; Smart Communications pr\u00e4sentiert Studie zur Cloud-Reife"},"content":{"rendered":"[vc_row type=&#8220;in_container&#8220; full_screen_row_position=&#8220;middle&#8220; column_margin=&#8220;default&#8220; column_direction=&#8220;default&#8220; column_direction_tablet=&#8220;default&#8220; column_direction_phone=&#8220;default&#8220; scene_position=&#8220;center&#8220; text_color=&#8220;dark&#8220; text_align=&#8220;left&#8220; row_border_radius=&#8220;none&#8220; row_border_radius_applies=&#8220;bg&#8220; overflow=&#8220;visible&#8220; overlay_strength=&#8220;0.3&#8243; gradient_direction=&#8220;left_to_right&#8220; shape_divider_position=&#8220;bottom&#8220; bg_image_animation=&#8220;none&#8220;][vc_column column_padding=&#8220;no-extra-padding&#8220; column_padding_tablet=&#8220;inherit&#8220; column_padding_phone=&#8220;inherit&#8220; column_padding_position=&#8220;all&#8220; column_element_spacing=&#8220;default&#8220; background_color_opacity=&#8220;1&#8243; background_hover_color_opacity=&#8220;1&#8243; column_shadow=&#8220;none&#8220; column_border_radius=&#8220;none&#8220; column_link_target=&#8220;_self&#8220; column_position=&#8220;default&#8220; gradient_direction=&#8220;left_to_right&#8220; overlay_strength=&#8220;0.3&#8243; width=&#8220;1\/1&#8243; tablet_width_inherit=&#8220;default&#8220; tablet_text_alignment=&#8220;default&#8220; phone_text_alignment=&#8220;default&#8220; animation_type=&#8220;default&#8220; bg_image_animation=&#8220;none&#8220; border_type=&#8220;simple&#8220; column_border_width=&#8220;none&#8220; column_border_style=&#8220;solid&#8220;][divider line_type=&#8220;Small Line&#8220; line_alignment=&#8220;default&#8220; line_thickness=&#8220;7&#8243; divider_color=&#8220;accent-color&#8220; animate=&#8220;yes&#8220; custom_height=&#8220;20&#8243;][divider line_type=&#8220;No Line&#8220; custom_height=&#8220;10&#8243;][vc_column_text css_animation=&#8220;top-to-bottom&#8220;]\r\n<h2>Smart Communications pr\u00e4sentiert Studie zur Cloud-Reife: Wo die deutsche Versicherungsbranche wirklich steht<\/h2>\r\n[\/vc_column_text][divider line_type=&#8220;No Line&#8220; custom_height=&#8220;25&#8243;][vc_column_text]Saarbr\u00fccken, 31, Oktober 2022 &#8211; <a href=\"https:\/\/www.smartcommunications.com\/de\">Smart Communications<\/a>, ein f\u00fchrendes Technologieunternehmen, das Unternehmen dabei unterst\u00fctzt, relevantere Kundenkonversationen zu f\u00fchren, stellt in Zusammenarbeit mit seinen Partnern Versicherungsforen Leipzig, Guidewire, PPI und BSI eine Studie zum Cloud-Reifegrad deutscher Versicherungsunternehmen vor. Die Grundlage daf\u00fcr bieten die Ergebnisse einer Umfrage unter Branchenexperten. An der Befragung beteiligten sich 36 Experten aus Versicherungsunternehmen verschiedener Gr\u00f6\u00dfenordnungen.\r\n\r\nExperten aus dem IT-Bereich verschiedener (Sach-)Versicherungsunternehmen gaben Einblicke in die aktuellen Entwicklungen und Ziele der Cloud-Integration in ihren H\u00e4usern. Vertreten waren Experten aus Unternehmen unterschiedlicher Gr\u00f6\u00dfe, wobei solche ab 1.000 Mitarbeitern den gr\u00f6\u00dften Anteil ausmachten.\r\n\r\n<strong>Fast 75 Prozent der Befragten verf\u00fcgen \u00fcber eine Cloud-Strategie. <\/strong>Das ist ein deutlicher Sprung nach vorne: In einer Untersuchung des Marktforschungsunternehmens L\u00fcnendonk &amp; Hossenfelder gaben 2018 erst 39 Prozent der deutschen Versicherungsunternehmen an, bereits eine Cloud-Strategie entwickelt zu haben. Die Tendenz ist eindeutig: Der Weg in die Cloud wurde und wird weiter beschritten.\r\n\r\n\u201eIn Sachen Cloud-Nutzung hat sich in der Versicherungsbranche der Wind gedreht. Die Ber\u00fchrungs\u00e4ngste sind lange \u00fcberwunden. Heute lassen sich die Fragen, welche Ressourcen wo genutzt werden, wunderbar sachlich unter wirtschaftlichen Gesichtspunkten diskutieren\u201c, erkl\u00e4rt Katja Wagenknecht, Leiterin Gesch\u00e4ftsbereich Unternehmenskommunikation, bei Versicherungsforen Leipzig.\r\n\r\n<strong>Versicherungsunternehmen verfolgen mit ihrer Cloud-Strategie viele verschiedene Ziele.<\/strong> Die wichtigsten sind gr\u00f6\u00dfere Flexibilit\u00e4t und leichtere Skalierbarkeit von IT-Anwendungen. Auch ein verbesserter Ressourceneinsatz sowie eine m\u00f6gliche Verk\u00fcrzung der Time-to-Market-Zeiten z\u00e4hlen zu den Hauptzielen. \u201eNicht nur die Pandemie hat in den letzten zwei Jahren gezeigt, wie sehr Flexibilit\u00e4t und Geschwindigkeit die Handlungsf\u00e4higkeit beeinflussen. Mit der Flutkatastrophe im Ahrtal haben insbesondere die Versicherungsunternehmen einen weiteren Ausnahmezustand erlebt, der ihnen eine besonders schnelle Reaktion abverlangt hat\u201c, erkl\u00e4rt Martin Suter, SVP Product bei Smart Communications.\r\n\r\n<strong>\u00dcber 80 Prozent der Versicherungsunternehmen wollen in den n\u00e4chsten 2 bis 5 Jahren mindestens \u201ecloud-ready\u201c sein.<\/strong>\u00a0 \u201eAngesichts der vielf\u00e4ltigen Entwicklungen in den letzten Jahren ist dieses Ergebnis nicht verwunderlich. Die Branche muss schneller innovieren, um auch in Zukunft profitabel zu wachsen\u201d, kommentiert Ren\u00e9 Sch\u00f6nauer, Director Product Marketing, bei Guidewire. Und Nico Greiner, Head of Content Integration Services bei PPI, bekr\u00e4ftigt: \u201eDie Tendenz ist eindeutig: Strategie und Ziele geben den Weg in die Cloud vor.\u201c\r\n\r\nWie weit die Versicherungsbranche auf diesem Weg gekommen ist, was die gr\u00f6\u00dften Herausforderungen zur n\u00e4chsten Reifegradstufe sind und warum es sich f\u00fcr Versicherungsunternehmen lohnt, diesen Weg zu beschreiten, wird ausf\u00fchrlich in dem von Smart Communications und seinen Partnern gemeinsam erstellten <a href=\"https:\/\/www.smartcommunications.com\/wp-content\/uploads\/wp-cloud-reifegrad-versicherungen-de.pdf\">White Paper<\/a> besprochen.\r\n\r\nIn einem Webinar werten die Partner in K\u00fcrze die Ergebnisse ihrer Studie zum Cloud-Reifegrad in der Versicherungsbranche aus. Ein Schwerpunkt liegt auf aktuellen Herausforderungen der Versicherungsbranche sowie M\u00f6glichkeiten, wie Cloud-L\u00f6sungen zur L\u00f6sung beitragen k\u00f6nnen.\r\n\r\n<strong>Melden Sie sich an zum Webinar: \u201e<\/strong><a href=\"https:\/\/success.guidewire.com\/smartcomm-webinar-cloud-reifegrad-registration.html\"><strong>Der Cloud-Reifegrad in der Versicherungsbranche<\/strong><\/a><strong>\u201c<\/strong>\r\n<ol start=\"7\">\r\n \t<li>Dezember 2022, 15 \u2013 16 Uhr<\/li>\r\n<\/ol>\r\n<strong>Agenda:<\/strong>\r\n<ul>\r\n \t<li>Vorstellung der Studie \u2013 Versicherungsforen Leipzig (15 Minuten)<\/li>\r\n \t<li>Diskussionsrunde \u2013 Guidewire, Smart Communications, PPI und BSI (15 Minuten)<\/li>\r\n<\/ul>\r\n<strong>\u00dcber Smart Communications <\/strong>\r\n\r\nSmart Communications ist ein f\u00fchrendes Technologieunternehmen, das Unternehmen dabei unterst\u00fctzt, die Kundenkommunikation relevanter zu gestalten. Die Plattform Conversation Cloud&#x2122; des Unternehmens bietet auf einzigartige Weise personalisierte, Omnichannel-Konversationen \u00fcber das gesamte Kundenerlebnis hinweg. So k\u00f6nnen Unternehmen in der heutigen digitalen, kundenorientierten Welt erfolgreich sein und gleichzeitig Prozesse vereinfachen und effizienter gestalten. Smart Communications mit Hauptsitz in Gro\u00dfbritannien hat mehr als 650 Kunden und Niederlassungen in Nordamerika, Europa und Asien-Pazifik. Weitere Informationen finden Sie unter <a href=\"https:\/\/www.smartcommunications.com\/de\">www.smartcommunications.com\/de<\/a>\r\n\r\n<strong>\u00dcber Versicherungsforen Leipzig <\/strong>\r\n\r\nDie Versicherungsforen Leipzig inspirieren und motivieren die Assekuranz zur Transformation. Gemeinsam gestalten wir die Zukunft der Branche. Wir identifizieren die Themen, die die Branche bewegen und ver\u00e4ndern werden. Daraus entwickeln wir ein Verst\u00e4ndnis, welche Auswirkungen das auf die verschiedenen Unternehmensbereiche haben wird. Auf dieser Grundlage erkl\u00e4ren wir, welche Handlungsoptionen die Branche f\u00fcr die Zukunft hat. Gemeinsam mit den Unternehmen gestalten wir individuelle und passgenaue L\u00f6sungsans\u00e4tze. Darauf schaffen wir L\u00f6sungen und setzen diese gemeinsam mit unseren Partnern um. Weitere Informationen finden Sie unter <a href=\"https:\/\/www.versicherungsforen.net\/\">www.versicherungsforen.net<\/a>\r\n\r\n<strong>\u00dcber Guidewire <\/strong>\r\n\r\nGuidewire ist die Plattform auf die Schaden- und Unfallversicherer setzen, um zu interagieren, Innovation zu f\u00f6rdern und effizient zu wachsen. Wir kombinieren digitale L\u00f6sungen, Kernsysteme, Analytics und KI um unsere Plattform als Cloud-Service anzubieten. Mehr als 400 Versicherer weltweit \u2013 von Start-ups bis hin zu den gr\u00f6\u00dften und komplexesten Unternehmen \u2013 haben Guidewire im Einsatz. Weitere Informationen finden Sie auf guidewire.de. Weitere Informationen finden Sie unter <a href=\"https:\/\/www.guidewire.de\/\">www.guidewire.de<\/a>\r\n\r\n<strong>\u00dcber BSI<\/strong>\r\n\r\nDer Schweizer Softwarehersteller BSI bietet mit der BSI Customer Suite eine ganzheitliche Plattform f\u00fcr die Digitalisierung der Kundenbeziehung. F\u00fcr Retail, Banking, Insurance und Energy &amp; Utilities h\u00e4lt BSI alles bereit, was es f\u00fcr exzellente Customer Experience braucht. Die Basis daf\u00fcr stellt die langj\u00e4hrige Branchenexpertise dar. In der Versicherungsindustrie gilt BSI als Marktf\u00fchrer f\u00fcr CRM-Software. 130 Banken, Versicherer und Handelsunternehmen erreichen dar\u00fcber rund 27 Millionen Endkunden in ganz Europa. Das 1996 in Baden gegr\u00fcndete Unternehmen ist mit weiteren 7 Standorten und rund 400 Mitarbeiterinnen und Mitarbeitern in Deutschland und der Schweiz vertreten. Zu den Kunden z\u00e4hlen Firmen und Organisationen wie ADAC, Signal Iduna und HDI und weitere marktf\u00fchrende Unternehmen in Europa. Weitere Informationen finden Sie unter: <a href=\"https:\/\/www.bsi-software.com\">www.bsi-software.com<\/a>\r\n\r\n<strong>\u00dcber PPI AG<\/strong>\r\n\r\nDie PPI AG ist seit \u00fcber 30 Jahren als Beratungs- und Softwarehaus erfolgreich f\u00fcr Banken, Versicherungen und Finanzdienstleister t\u00e4tig. Als stabil wachsende Aktiengesellschaft in Familienbesitz verkn\u00fcpfen wir Fach-und Technologie-Know-how, um Projekte kompetent und unkompliziert umzusetzen. Rund 700 Mitarbeiter konzentrieren sich dabei ganz auf den Erfolg unserer Kunden. Versicherungsunternehmen bietet PPI fachlich wie methodisch exzellente L\u00f6sungen f\u00fcr alle Kernprozesse des Assekuranzgesch\u00e4fts. Weitere Informationen finden Sie unter: <a href=\"https:\/\/www.ppi.de\/\">www.ppi.de<\/a>\r\n<p data-pm-slice=\"1 1 []\"><\/p>\r\n\u00a0[\/vc_column_text][divider line_type=&#8220;No Line&#8220; custom_height=&#8220;30&#8243;][\/vc_column][\/vc_row]<!-- \/wp:post-content -->","protected":false},"excerpt":{"rendered":"<p>[vc_row type=&#8220;in_container&#8220; full_screen_row_position=&#8220;middle&#8220; column_margin=&#8220;default&#8220; column_direction=&#8220;default&#8220; column_direction_tablet=&#8220;default&#8220; column_direction_phone=&#8220;default&#8220; scene_position=&#8220;center&#8220; text_color=&#8220;dark&#8220; text_align=&#8220;left&#8220; row_border_radius=&#8220;none&#8220; row_border_radius_applies=&#8220;bg&#8220; overflow=&#8220;visible&#8220; overlay_strength=&#8220;0.3&#8243; gradient_direction=&#8220;left_to_right&#8220; shape_divider_position=&#8220;bottom&#8220; bg_image_animation=&#8220;none&#8220;][vc_column column_padding=&#8220;no-extra-padding&#8220; column_padding_tablet=&#8220;inherit&#8220; column_padding_phone=&#8220;inherit&#8220; column_padding_position=&#8220;all&#8220; column_element_spacing=&#8220;default&#8220; background_color_opacity=&#8220;1&#8243; background_hover_color_opacity=&#8220;1&#8243; column_shadow=&#8220;none&#8220; column_border_radius=&#8220;none&#8220; column_link_target=&#8220;_self&#8220; column_position=&#8220;default&#8220; gradient_direction=&#8220;left_to_right&#8220; overlay_strength=&#8220;0.3&#8243;&#8230;<\/p>\n","protected":false},"author":2,"featured_media":0,"parent":43564,"menu_order":115,"comment_status":"closed","ping_status":"closed","template":"","meta":{"_acf_changed":false,"footnotes":""},"class_list":["post-50967","page","type-page","status-publish"],"acf":[],"yoast_head":"<!-- This site is optimized with the Yoast SEO plugin v27.5 - https:\/\/yoast.com\/product\/yoast-seo-wordpress\/ -->\n<title>PM - Smart Communications pr\u00e4sentiert Studie zur Cloud-Reife - Smart Communications<\/title>\n<meta name=\"description\" content=\"Smart Communications stellt in Zusammenarbeit mit seinen Partnern Versicherungsforen, Guidewire, PPI und BSI eine Studie zum Cloud-Reifegrad deutscher Versicherungen vor.\" \/>\n<meta name=\"robots\" content=\"index, follow, max-snippet:-1, max-image-preview:large, max-video-preview:-1\" \/>\n<link rel=\"canonical\" href=\"https:\/\/www.smartcommunications.com\/de\/pressemeldungen\/smart-communications-praesentiert-studie-zur-cloud-reife\/\" \/>\n<meta property=\"og:locale\" content=\"de_DE\" \/>\n<meta property=\"og:type\" content=\"article\" \/>\n<meta property=\"og:title\" content=\"PM - Smart Communications pr\u00e4sentiert Studie zur Cloud-Reife - Smart Communications\" \/>\n<meta property=\"og:description\" content=\"Smart Communications stellt in Zusammenarbeit mit seinen Partnern Versicherungsforen, Guidewire, PPI und BSI eine Studie zum Cloud-Reifegrad deutscher Versicherungen vor.\" \/>\n<meta property=\"og:url\" content=\"https:\/\/www.smartcommunications.com\/de\/pressemeldungen\/smart-communications-praesentiert-studie-zur-cloud-reife\/\" \/>\n<meta property=\"og:site_name\" content=\"Smart Communications\" \/>\n<meta property=\"article:modified_time\" content=\"2022-11-03T21:19:33+00:00\" \/>\n<meta property=\"og:image\" content=\"https:\/\/www.smartcommunications.com\/wp-content\/uploads\/Generic-Smart-Media-Card-blueBG.png\" \/>\n\t<meta property=\"og:image:width\" content=\"725\" \/>\n\t<meta property=\"og:image:height\" content=\"358\" \/>\n\t<meta property=\"og:image:type\" content=\"image\/png\" \/>\n<meta name=\"twitter:card\" content=\"summary_large_image\" \/>\n<meta name=\"twitter:site\" content=\"@CCMInnovators\" \/>\n<meta name=\"twitter:label1\" content=\"Gesch\u00e4tzte Lesezeit\" \/>\n\t<meta name=\"twitter:data1\" content=\"5\u00a0Minuten\" \/>\n<!-- \/ Yoast SEO plugin. -->","yoast_head_json":{"title":"PM - Smart Communications pr\u00e4sentiert Studie zur Cloud-Reife - Smart Communications","description":"Smart Communications stellt in Zusammenarbeit mit seinen Partnern Versicherungsforen, Guidewire, PPI und BSI eine Studie zum Cloud-Reifegrad deutscher Versicherungen vor.","robots":{"index":"index","follow":"follow","max-snippet":"max-snippet:-1","max-image-preview":"max-image-preview:large","max-video-preview":"max-video-preview:-1"},"canonical":"https:\/\/www.smartcommunications.com\/de\/pressemeldungen\/smart-communications-praesentiert-studie-zur-cloud-reife\/","og_locale":"de_DE","og_type":"article","og_title":"PM - Smart Communications pr\u00e4sentiert Studie zur Cloud-Reife - Smart Communications","og_description":"Smart Communications stellt in Zusammenarbeit mit seinen Partnern Versicherungsforen, Guidewire, PPI und BSI eine Studie zum Cloud-Reifegrad deutscher Versicherungen vor.","og_url":"https:\/\/www.smartcommunications.com\/de\/pressemeldungen\/smart-communications-praesentiert-studie-zur-cloud-reife\/","og_site_name":"Smart Communications","article_modified_time":"2022-11-03T21:19:33+00:00","og_image":[{"width":725,"height":358,"url":"https:\/\/www.smartcommunications.com\/wp-content\/uploads\/Generic-Smart-Media-Card-blueBG.png","type":"image\/png"}],"twitter_card":"summary_large_image","twitter_site":"@CCMInnovators","twitter_misc":{"Gesch\u00e4tzte Lesezeit":"5\u00a0Minuten"},"schema":{"@context":"https:\/\/schema.org","@graph":[{"@type":"WebPage","@id":"https:\/\/www.smartcommunications.com\/de\/pressemeldungen\/smart-communications-praesentiert-studie-zur-cloud-reife\/","url":"https:\/\/www.smartcommunications.com\/de\/pressemeldungen\/smart-communications-praesentiert-studie-zur-cloud-reife\/","name":"PM - Smart Communications pr\u00e4sentiert Studie zur Cloud-Reife - Smart Communications","isPartOf":{"@id":"https:\/\/www.smartcommunications.com\/#website"},"datePublished":"2022-11-03T21:14:36+00:00","dateModified":"2022-11-03T21:19:33+00:00","description":"Smart Communications stellt in Zusammenarbeit mit seinen Partnern Versicherungsforen, Guidewire, PPI und BSI eine Studie zum Cloud-Reifegrad deutscher Versicherungen vor.","breadcrumb":{"@id":"https:\/\/www.smartcommunications.com\/de\/pressemeldungen\/smart-communications-praesentiert-studie-zur-cloud-reife\/#breadcrumb"},"inLanguage":"de","potentialAction":[{"@type":"ReadAction","target":["https:\/\/www.smartcommunications.com\/de\/pressemeldungen\/smart-communications-praesentiert-studie-zur-cloud-reife\/"]}]},{"@type":"BreadcrumbList","@id":"https:\/\/www.smartcommunications.com\/de\/pressemeldungen\/smart-communications-praesentiert-studie-zur-cloud-reife\/#breadcrumb","itemListElement":[{"@type":"ListItem","position":1,"name":"Home","item":"https:\/\/www.smartcommunications.com\/de\/"},{"@type":"ListItem","position":2,"name":"Press Releases","item":"https:\/\/www.smartcommunications.com\/de\/pressemeldungen\/"},{"@type":"ListItem","position":3,"name":"PM &#8211; Smart Communications pr\u00e4sentiert Studie zur Cloud-Reife"}]},{"@type":"WebSite","@id":"https:\/\/www.smartcommunications.com\/#website","url":"https:\/\/www.smartcommunications.com\/","name":"Smart Communications","description":"Customer Communication Management Software","publisher":{"@id":"https:\/\/www.smartcommunications.com\/#organization"},"alternateName":"Smart Communications","inLanguage":"de"},{"@type":"Organization","@id":"https:\/\/www.smartcommunications.com\/#organization","name":"Smart Communications","alternateName":"Smart Communications","url":"https:\/\/www.smartcommunications.com\/","logo":{"@type":"ImageObject","inLanguage":"de","@id":"https:\/\/www.smartcommunications.com\/#\/schema\/logo\/image\/","url":"https:\/\/www.smartcommunications.com\/wp-content\/uploads\/2017\/03\/Nav_logo_color_hires.png","contentUrl":"https:\/\/www.smartcommunications.com\/wp-content\/uploads\/2017\/03\/Nav_logo_color_hires.png","width":415,"height":140,"caption":"Smart Communications"},"image":{"@id":"https:\/\/www.smartcommunications.com\/#\/schema\/logo\/image\/"},"sameAs":["https:\/\/x.com\/CCMInnovators","https:\/\/www.linkedin.com\/company\/smart-communications.\/"]}]}},"_links":{"self":[{"href":"https:\/\/www.smartcommunications.com\/de\/wp-json\/wp\/v2\/pages\/50967","targetHints":{"allow":["GET"]}}],"collection":[{"href":"https:\/\/www.smartcommunications.com\/de\/wp-json\/wp\/v2\/pages"}],"about":[{"href":"https:\/\/www.smartcommunications.com\/de\/wp-json\/wp\/v2\/types\/page"}],"author":[{"embeddable":true,"href":"https:\/\/www.smartcommunications.com\/de\/wp-json\/wp\/v2\/users\/2"}],"replies":[{"embeddable":true,"href":"https:\/\/www.smartcommunications.com\/de\/wp-json\/wp\/v2\/comments?post=50967"}],"version-history":[{"count":0,"href":"https:\/\/www.smartcommunications.com\/de\/wp-json\/wp\/v2\/pages\/50967\/revisions"}],"up":[{"embeddable":true,"href":"https:\/\/www.smartcommunications.com\/de\/wp-json\/wp\/v2\/pages\/43564"}],"wp:attachment":[{"href":"https:\/\/www.smartcommunications.com\/de\/wp-json\/wp\/v2\/media?parent=50967"}],"curies":[{"name":"wp","href":"https:\/\/api.w.org\/{rel}","templated":true}]}}