{"id":50764,"date":"2022-10-14T14:11:57","date_gmt":"2022-10-14T18:11:57","guid":{"rendered":"https:\/\/www.smartcommunications.com\/?page_id=50764"},"modified":"2022-10-14T14:11:57","modified_gmt":"2022-10-14T18:11:57","slug":"smart-communications-in-idc-fintech-top-100-aufgenommen","status":"publish","type":"page","link":"https:\/\/www.smartcommunications.com\/de\/pressemeldungen\/smart-communications-in-idc-fintech-top-100-aufgenommen\/","title":{"rendered":"PM &#8211; IDC FinTech Top 100"},"content":{"rendered":"[vc_row type=&#8220;in_container&#8220; full_screen_row_position=&#8220;middle&#8220; column_margin=&#8220;default&#8220; equal_height=&#8220;yes&#8220; column_direction=&#8220;default&#8220; column_direction_tablet=&#8220;default&#8220; column_direction_phone=&#8220;default&#8220; scene_position=&#8220;center&#8220; bottom_padding=&#8220;50&#8243; text_color=&#8220;custom&#8220; custom_text_color=&#8220;#969696&#8243; text_align=&#8220;left&#8220; row_border_radius=&#8220;none&#8220; row_border_radius_applies=&#8220;bg&#8220; overflow=&#8220;visible&#8220; overlay_strength=&#8220;0.3&#8243; gradient_direction=&#8220;left_to_right&#8220; shape_divider_position=&#8220;bottom&#8220; bg_image_animation=&#8220;none&#8220;][vc_column column_padding=&#8220;no-extra-padding&#8220; column_padding_tablet=&#8220;inherit&#8220; column_padding_phone=&#8220;inherit&#8220; column_padding_position=&#8220;all&#8220; column_element_spacing=&#8220;default&#8220; background_color=&#8220;#ffffff&#8220; background_color_opacity=&#8220;1&#8243; background_hover_color_opacity=&#8220;1&#8243; column_shadow=&#8220;none&#8220; column_border_radius=&#8220;none&#8220; column_link_target=&#8220;_self&#8220; column_position=&#8220;default&#8220; gradient_direction=&#8220;left_to_right&#8220; overlay_strength=&#8220;0.3&#8243; width=&#8220;1\/1&#8243; tablet_width_inherit=&#8220;default&#8220; tablet_text_alignment=&#8220;left&#8220; phone_text_alignment=&#8220;left&#8220; animation_type=&#8220;default&#8220; enable_animation=&#8220;true&#8220; animation=&#8220;none&#8220; bg_image_animation=&#8220;none&#8220; border_type=&#8220;simple&#8220; column_border_width=&#8220;none&#8220; column_border_style=&#8220;solid&#8220;][divider line_type=&#8220;Small Line&#8220; line_alignment=&#8220;default&#8220; line_thickness=&#8220;7&#8243; divider_color=&#8220;accent-color&#8220; animate=&#8220;yes&#8220; custom_height=&#8220;20&#8243; custom_line_width=&#8220;150&#8243;][divider line_type=&#8220;No Line&#8220; custom_height=&#8220;10&#8243;][vc_column_text css_animation=&#8220;top-to-bottom&#8220;]\n<h3><span style=\"color: #002f87;\">Smart Communications in renommierte IDC FinTech Top 100 aufgenommen<\/span><\/h3>\n[\/vc_column_text][divider line_type=&#8220;No Line&#8220; custom_height=&#8220;25&#8243;][vc_column_text css_animation=&#8220;top-to-bottom&#8220;]<em>Auszeichnung baut auf j\u00fcngsten Analystenauszeichnungen f\u00fcr Customer Communications Management (CCM) Leader auf <\/em><\/p>\n<p><strong>Saarbr\u00fccken<\/strong> \u2013 Mittwoch, 14.\u00a0September 2022\u00a0\u2013 <a href=\"https:\/\/www.smartcommunications.com\">Smart Communications<sup>TM<\/sup><\/a>, das Unternehmen dabei unterst\u00fctzt, sinnvollere Kundenkonversationen zu f\u00fchren, wurde in das prestigetr\u00e4chtige j\u00e4hrliche Analystenranking der weltweit f\u00fchrenden Anbieter von Finanztechnologie und Dienstleistungen f\u00fcr den Finanzsektor aufgenommen. Die <a href=\"https:\/\/www.idc.com\/prodserv\/insights\/#financial-fintech_rankings\">2022 IDC FinTech Rankings<\/a> kategorisieren und bewerten die weltweit f\u00fchrenden Unternehmen, die das technologische R\u00fcckgrat der Finanzdienstleistungsbranche bilden, einer Branche, f\u00fcr die <a href=\"https:\/\/www.idc.com\/getdoc.jsp?containerId=prUS48224221\">IDC bis 2025 weltweite IT-Ausgaben in H\u00f6he von 590 Milliarden US-Dollar prognostiziert.<\/a><\/p>\n<p>Um in einem hart umk\u00e4mpften Markt erfolgreich zu sein und in gro\u00dfem Umfang zu operieren, m\u00fcssen Finanzdienstleistungsunternehmen das Kundenerlebnis stetig verbessern und Kundenanforderungen in Echtzeit, \u201cOn-Demand&#8220; und \u00fcber jeden Kanal effektiv erf\u00fcllen. Als einzige SaaS-basierte Plattform, die eine vollst\u00e4ndige Kundenkonversationsl\u00f6sung innerhalb der Customer Communications Management (CCM)-Branche bereitstellt, erm\u00f6glicht die <a href=\"https:\/\/www.smartcommunications.com\/de\/conversation-cloud\/\">Smart Communications Conversation Cloud&#x2122;-Plattform <\/a>vielen der weltweit gr\u00f6\u00dften Banken, Versicherungen und anderen Finanzdienstleistungsinstituten, den Austausch mit Kunden, Beratern und Handelspartnern digital zu transformieren, um Share of Wallet zu erh\u00f6hen und gleichzeitig die Effizienz zu steigern und Compliance-Risiken zu reduzieren. Sie bietet auf einzigartige Weise personalisierte Omnichannel-Konversationen \u00fcber das gesamte Kundenerlebnis hinweg, sodass Unternehmen in der heutigen digital ausgerichteten, kundenorientierten Welt erfolgreich sein k\u00f6nnen. Die Innovation definiert CCM neu und entspricht den heutigen Anforderungen an Unternehmen, effizienter in gro\u00dfem Ma\u00dfstab zu arbeiten und daf\u00fcr bestehende Technologien zu nutzen.<\/p>\n<p>\u201eDa Finanzdienstleistungskunden zuerst auf Digital setzen, ist es f\u00fcr die Branche wichtig, ihre Kunden mit interaktiver Echtzeitkommunikation \u00fcber alle digitalen Plattformen hinweg einzubeziehen\u201c, so Marc DeCastro, Research Director bei IDC Financial Insights. \u201eSmart Communications hat sich zu einem wichtigen Anbieter dieser Dienste entwickelt, wie die Platzierung auf der IDC FinTech Rankings im Jahr 2022 zeigt.\u201d<\/p>\n<p>\u201eDie innovativsten Technologieunternehmen werden jedes Jahr in den IDC FinTech-Rankings hervorgehoben und wir freuen uns, in diese angesehene Liste aufgenommen zu werden\u201c, sagte James Brown, CEO von Smart Communications. \u201eDurch den Einsatz unserer branchenf\u00fchrenden Cloud-Technologien k\u00f6nnen Finanzdienstleistungsunternehmen das Kundenerlebnis modernisieren, mehr Umsatzwachstum erzielen und die betriebliche Effizienz bei Neukundenakquise, Onboarding, Antr\u00e4gen und Kundenbetreuungsprozessen steigern.\u201c<\/p>\n<p>Das IDC FinTech-Ranking ist nur eine von vielen wichtigen Auszeichnungen, die Smart Communications im Jahr 2022 erhalten hat. Zus\u00e4tzlich zur <a href=\"https:\/\/www.smartcommunications.com\/de\/pressemeldungen\/smart-communications-in-2022-wealthtech100-innovativer-tech-unternehmen-fuer-banken-und-vermoegensverwalter-gelistet\/\">\u201cWealthTech 100-Liste 2022\u201d<\/a> wurde Smart Communications im <a href=\"https:\/\/www.smartcommunications.com\/resources\/news\/2022-idc-ccm-marketscape\/\">\u201cIDC MarketScape: Worldwide Cloud Customer Communications Management Applications 2022\u201d<\/a> als Leader aufgenommen. Der Bericht sagt: \u201eF\u00fcr K\u00e4ufer in stark regulierten Branchen \u2013 wie Finanzdienstleistungen, Versicherungen und Gesundheitswesen \u2013 die eine Cloud-First-Strategie und Benutzerkontrollen suchen, k\u00f6nnte Smart Communications die passende L\u00f6sung sein.\u201c1<\/p>\n<p>Weitere Informationen zu den Rankings finden Sie unter <a href=\"https:\/\/www.idc-fi.com\">www.idc-fi.com<\/a>. Folgen Sie uns auch auf Twitter @IDC und suchen Sie nach #IDCFinTechRankings.<\/p>\n<p>1IDC MarketScape Worldwide Cloud Customer Communications Management Applications 2022 Vendor Assessment \u2013 Dynamic Delivery of Multichannel Personalized Experiences, Marci Maddox, Juni 2022, IDC #US48167722<\/p>\n<p><strong>Quelle:\u00a0 <\/strong>\u201eIDC MarketScape Worldwide Cloud Customer Communications Management Applications 2022 Vendor Assessment \u2014 Dynamic Delivery of Multichannel Personalized Experiences\u201c, von: Marci Maddox, Juni 2022, IDC # US48167722<\/p>\n<p><strong>\u00dcber Smart Communications<\/strong><br \/>\nSmart Communications ist ein f\u00fchrendes Technologieunternehmen, das Unternehmen dabei unterst\u00fctzt, die Kundenkommunikation relevanter zu gestalten. Die Plattform <a href=\"https:\/\/www.smartcommunications.com\/de\/conversation-cloud\/\">Conversation Cloud&#x2122;<\/a> des Unternehmens bietet auf einzigartige Weise personalisierte Omnichannel-Konversationen \u00fcber das gesamte Kundenerlebnis hinweg. So k\u00f6nnen Unternehmen in der heutigen digitalen, kundenorientierten Welt erfolgreich sein und gleichzeitig Prozesse vereinfachen und effizienter gestalten. Smart Communications mit Hauptsitz in Gro\u00dfbritannien hat mehr als 650 Kunden und Niederlassungen in Nordamerika, Europa und Asien-Pazifik. Die Plattform Conversation Cloud umfasst die skalierbaren L\u00f6sungen f\u00fcr Kundenkommunikationsmanagement (CCM) von <a href=\"https:\/\/www.smartcommunications.com\/de\/produkte\/smartcomm\/\">SmartCOMM&#x2122;<\/a>, Funktionen f\u00fcr die Digitalisierung von Formularen durch <a href=\"https:\/\/www.smartcommunications.com\/de\/produkte\/smartiq\/\">SmartIQ&#x2122;<\/a> sowie die Fachkompetenz im Bereich Gesch\u00e4ftsdokumentation von <a href=\"https:\/\/www.smartcommunications.com\/de\/produkte\/smartdx\/\">SmartDX&#x2122;<\/a>. 2021 hat Smart Communications Assentis \u00fcbernommen, einen f\u00fchrenden europ\u00e4ischen Anbieter von Softwarel\u00f6sungen, der auf Kundenkommunikationsmanagement (CCM) mit Schwerpunkt Finanzdienstleistungsbranche spezialisiert ist. Mehr Informationen finden Sie unter <a href=\"https:\/\/www.smartcommunications.com\/de\">smartcommunications.com\/de.<\/a>[\/vc_column_text][divider line_type=&#8220;No Line&#8220; custom_height=&#8220;30&#8243;][\/vc_column][\/vc_row]\n","protected":false},"excerpt":{"rendered":"<p>[vc_row type=&#8220;in_container&#8220; full_screen_row_position=&#8220;middle&#8220; column_margin=&#8220;default&#8220; equal_height=&#8220;yes&#8220; column_direction=&#8220;default&#8220; column_direction_tablet=&#8220;default&#8220; column_direction_phone=&#8220;default&#8220; scene_position=&#8220;center&#8220; bottom_padding=&#8220;50&#8243; text_color=&#8220;custom&#8220; custom_text_color=&#8220;#969696&#8243; text_align=&#8220;left&#8220; row_border_radius=&#8220;none&#8220; row_border_radius_applies=&#8220;bg&#8220; overflow=&#8220;visible&#8220; overlay_strength=&#8220;0.3&#8243; gradient_direction=&#8220;left_to_right&#8220; shape_divider_position=&#8220;bottom&#8220; bg_image_animation=&#8220;none&#8220;][vc_column column_padding=&#8220;no-extra-padding&#8220; column_padding_tablet=&#8220;inherit&#8220; column_padding_phone=&#8220;inherit&#8220; column_padding_position=&#8220;all&#8220; column_element_spacing=&#8220;default&#8220; background_color=&#8220;#ffffff&#8220; background_color_opacity=&#8220;1&#8243; background_hover_color_opacity=&#8220;1&#8243; column_shadow=&#8220;none&#8220; column_border_radius=&#8220;none&#8220;&#8230;<\/p>\n","protected":false},"author":35,"featured_media":50003,"parent":43564,"menu_order":29,"comment_status":"closed","ping_status":"closed","template":"","meta":{"_acf_changed":false,"footnotes":""},"class_list":["post-50764","page","type-page","status-publish","has-post-thumbnail"],"acf":[],"yoast_head":"<!-- This site is optimized with the Yoast SEO plugin v27.0 - https:\/\/yoast.com\/product\/yoast-seo-wordpress\/ -->\n<title>Smart Communications in IDC FinTech Top 100 aufgenommen<\/title>\n<meta name=\"description\" content=\"Smart Communications hat sich im IDC MarketScape f\u00fcr das Cloud-CCM 2022 als eines der f\u00fchrenden Unternehmen positioniert.\" \/>\n<meta name=\"robots\" content=\"index, follow, max-snippet:-1, max-image-preview:large, max-video-preview:-1\" \/>\n<link rel=\"canonical\" href=\"https:\/\/www.smartcommunications.com\/de\/pressemeldungen\/smart-communications-in-idc-fintech-top-100-aufgenommen\/\" \/>\n<meta property=\"og:locale\" content=\"de_DE\" \/>\n<meta property=\"og:type\" content=\"article\" \/>\n<meta property=\"og:title\" content=\"Smart Communications in IDC FinTech Top 100 aufgenommen\" \/>\n<meta property=\"og:description\" content=\"Smart Communications hat sich im IDC MarketScape f\u00fcr das Cloud-CCM 2022 als eines der f\u00fchrenden Unternehmen positioniert.\" \/>\n<meta property=\"og:url\" content=\"https:\/\/www.smartcommunications.com\/de\/pressemeldungen\/smart-communications-in-idc-fintech-top-100-aufgenommen\/\" \/>\n<meta property=\"og:site_name\" content=\"Smart Communications\" \/>\n<meta property=\"og:image\" content=\"https:\/\/www.smartcommunications.com\/wp-content\/uploads\/022_Social_PR-Announcement_IDCFinTech_1200x628-1.png\" \/>\n\t<meta property=\"og:image:width\" content=\"1200\" \/>\n\t<meta property=\"og:image:height\" content=\"628\" \/>\n\t<meta property=\"og:image:type\" content=\"image\/png\" \/>\n<meta name=\"twitter:card\" content=\"summary_large_image\" \/>\n<meta name=\"twitter:image\" content=\"https:\/\/www.smartcommunications.com\/wp-content\/uploads\/022_Social_IDC-MarketScapeReport_No-CTA_1200x628.png\" \/>\n<meta name=\"twitter:site\" content=\"@CCMInnovators\" \/>\n<meta name=\"twitter:label1\" content=\"Gesch\u00e4tzte Lesezeit\" \/>\n\t<meta name=\"twitter:data1\" content=\"3\u00a0Minuten\" \/>\n<!-- \/ Yoast SEO plugin. -->","yoast_head_json":{"title":"Smart Communications in IDC FinTech Top 100 aufgenommen","description":"Smart Communications hat sich im IDC MarketScape f\u00fcr das Cloud-CCM 2022 als eines der f\u00fchrenden Unternehmen positioniert.","robots":{"index":"index","follow":"follow","max-snippet":"max-snippet:-1","max-image-preview":"max-image-preview:large","max-video-preview":"max-video-preview:-1"},"canonical":"https:\/\/www.smartcommunications.com\/de\/pressemeldungen\/smart-communications-in-idc-fintech-top-100-aufgenommen\/","og_locale":"de_DE","og_type":"article","og_title":"Smart Communications in IDC FinTech Top 100 aufgenommen","og_description":"Smart Communications hat sich im IDC MarketScape f\u00fcr das Cloud-CCM 2022 als eines der f\u00fchrenden Unternehmen positioniert.","og_url":"https:\/\/www.smartcommunications.com\/de\/pressemeldungen\/smart-communications-in-idc-fintech-top-100-aufgenommen\/","og_site_name":"Smart Communications","og_image":[{"width":1200,"height":628,"url":"https:\/\/www.smartcommunications.com\/wp-content\/uploads\/022_Social_PR-Announcement_IDCFinTech_1200x628-1.png","type":"image\/png"}],"twitter_card":"summary_large_image","twitter_image":"https:\/\/www.smartcommunications.com\/wp-content\/uploads\/022_Social_IDC-MarketScapeReport_No-CTA_1200x628.png","twitter_site":"@CCMInnovators","twitter_misc":{"Gesch\u00e4tzte Lesezeit":"3\u00a0Minuten"},"schema":{"@context":"https:\/\/schema.org","@graph":[{"@type":"WebPage","@id":"https:\/\/www.smartcommunications.com\/de\/pressemeldungen\/smart-communications-in-idc-fintech-top-100-aufgenommen\/","url":"https:\/\/www.smartcommunications.com\/de\/pressemeldungen\/smart-communications-in-idc-fintech-top-100-aufgenommen\/","name":"Smart Communications in IDC FinTech Top 100 aufgenommen","isPartOf":{"@id":"https:\/\/www.smartcommunications.com\/#website"},"primaryImageOfPage":{"@id":"https:\/\/www.smartcommunications.com\/de\/pressemeldungen\/smart-communications-in-idc-fintech-top-100-aufgenommen\/#primaryimage"},"image":{"@id":"https:\/\/www.smartcommunications.com\/de\/pressemeldungen\/smart-communications-in-idc-fintech-top-100-aufgenommen\/#primaryimage"},"thumbnailUrl":"https:\/\/www.smartcommunications.com\/wp-content\/uploads\/022_Social_PR-Announcement_IDCFinTech_1200x628-1.png","datePublished":"2022-10-14T18:11:57+00:00","description":"Smart Communications hat sich im IDC MarketScape f\u00fcr das Cloud-CCM 2022 als eines der f\u00fchrenden Unternehmen positioniert.","breadcrumb":{"@id":"https:\/\/www.smartcommunications.com\/de\/pressemeldungen\/smart-communications-in-idc-fintech-top-100-aufgenommen\/#breadcrumb"},"inLanguage":"de","potentialAction":[{"@type":"ReadAction","target":["https:\/\/www.smartcommunications.com\/de\/pressemeldungen\/smart-communications-in-idc-fintech-top-100-aufgenommen\/"]}]},{"@type":"ImageObject","inLanguage":"de","@id":"https:\/\/www.smartcommunications.com\/de\/pressemeldungen\/smart-communications-in-idc-fintech-top-100-aufgenommen\/#primaryimage","url":"https:\/\/www.smartcommunications.com\/wp-content\/uploads\/022_Social_PR-Announcement_IDCFinTech_1200x628-1.png","contentUrl":"https:\/\/www.smartcommunications.com\/wp-content\/uploads\/022_Social_PR-Announcement_IDCFinTech_1200x628-1.png","width":1200,"height":628},{"@type":"BreadcrumbList","@id":"https:\/\/www.smartcommunications.com\/de\/pressemeldungen\/smart-communications-in-idc-fintech-top-100-aufgenommen\/#breadcrumb","itemListElement":[{"@type":"ListItem","position":1,"name":"Home","item":"https:\/\/www.smartcommunications.com\/de\/"},{"@type":"ListItem","position":2,"name":"Press Releases","item":"https:\/\/www.smartcommunications.com\/de\/pressemeldungen\/"},{"@type":"ListItem","position":3,"name":"PM &#8211; IDC FinTech Top 100"}]},{"@type":"WebSite","@id":"https:\/\/www.smartcommunications.com\/#website","url":"https:\/\/www.smartcommunications.com\/","name":"Smart Communications","description":"Customer Communication Management Software","publisher":{"@id":"https:\/\/www.smartcommunications.com\/#organization"},"alternateName":"Smart Communications","inLanguage":"de"},{"@type":"Organization","@id":"https:\/\/www.smartcommunications.com\/#organization","name":"Smart Communications","alternateName":"Smart Communications","url":"https:\/\/www.smartcommunications.com\/","logo":{"@type":"ImageObject","inLanguage":"de","@id":"https:\/\/www.smartcommunications.com\/#\/schema\/logo\/image\/","url":"https:\/\/www.smartcommunications.com\/wp-content\/uploads\/2017\/03\/Nav_logo_color_hires.png","contentUrl":"https:\/\/www.smartcommunications.com\/wp-content\/uploads\/2017\/03\/Nav_logo_color_hires.png","width":415,"height":140,"caption":"Smart Communications"},"image":{"@id":"https:\/\/www.smartcommunications.com\/#\/schema\/logo\/image\/"},"sameAs":["https:\/\/x.com\/CCMInnovators","https:\/\/www.linkedin.com\/company\/smart-communications.\/"]}]}},"_links":{"self":[{"href":"https:\/\/www.smartcommunications.com\/de\/wp-json\/wp\/v2\/pages\/50764","targetHints":{"allow":["GET"]}}],"collection":[{"href":"https:\/\/www.smartcommunications.com\/de\/wp-json\/wp\/v2\/pages"}],"about":[{"href":"https:\/\/www.smartcommunications.com\/de\/wp-json\/wp\/v2\/types\/page"}],"author":[{"embeddable":true,"href":"https:\/\/www.smartcommunications.com\/de\/wp-json\/wp\/v2\/users\/35"}],"replies":[{"embeddable":true,"href":"https:\/\/www.smartcommunications.com\/de\/wp-json\/wp\/v2\/comments?post=50764"}],"version-history":[{"count":0,"href":"https:\/\/www.smartcommunications.com\/de\/wp-json\/wp\/v2\/pages\/50764\/revisions"}],"up":[{"embeddable":true,"href":"https:\/\/www.smartcommunications.com\/de\/wp-json\/wp\/v2\/pages\/43564"}],"wp:featuredmedia":[{"embeddable":true,"href":"https:\/\/www.smartcommunications.com\/de\/wp-json\/wp\/v2\/media\/50003"}],"wp:attachment":[{"href":"https:\/\/www.smartcommunications.com\/de\/wp-json\/wp\/v2\/media?parent=50764"}],"curies":[{"name":"wp","href":"https:\/\/api.w.org\/{rel}","templated":true}]}}