{"id":47085,"date":"2022-08-23T16:43:23","date_gmt":"2022-08-23T20:43:23","guid":{"rendered":"https:\/\/www.smartcommunications.com\/?page_id=47085"},"modified":"2023-11-13T06:31:00","modified_gmt":"2023-11-13T10:31:00","slug":"smart-communications-im-idc-marketscape-anwendungen-cloud-kundenkommunikationsmanagement-2022-fuehrend","status":"publish","type":"page","link":"https:\/\/www.smartcommunications.com\/de\/pressemeldungen\/smart-communications-im-idc-marketscape-anwendungen-cloud-kundenkommunikationsmanagement-2022-fuehrend\/","title":{"rendered":"Smart Communications hat sich im IDC MarketScape: weltweite Anwendungen f\u00fcr das Cloud-Kundenkommunikationsmanagement 2022 als eines der f\u00fchrenden Unternehmen positioniert"},"content":{"rendered":"[vc_row type=&#8220;in_container&#8220; full_screen_row_position=&#8220;middle&#8220; column_margin=&#8220;default&#8220; equal_height=&#8220;yes&#8220; column_direction=&#8220;default&#8220; column_direction_tablet=&#8220;default&#8220; column_direction_phone=&#8220;default&#8220; scene_position=&#8220;center&#8220; bottom_padding=&#8220;50&#8243; text_color=&#8220;custom&#8220; custom_text_color=&#8220;#969696&#8243; text_align=&#8220;left&#8220; row_border_radius=&#8220;none&#8220; row_border_radius_applies=&#8220;bg&#8220; overflow=&#8220;visible&#8220; overlay_strength=&#8220;0.3&#8243; gradient_direction=&#8220;left_to_right&#8220; shape_divider_position=&#8220;bottom&#8220; bg_image_animation=&#8220;none&#8220;][vc_column column_padding=&#8220;no-extra-padding&#8220; column_padding_tablet=&#8220;inherit&#8220; column_padding_phone=&#8220;inherit&#8220; column_padding_position=&#8220;all&#8220; column_element_spacing=&#8220;default&#8220; background_color=&#8220;#ffffff&#8220; background_color_opacity=&#8220;1&#8243; background_hover_color_opacity=&#8220;1&#8243; column_shadow=&#8220;none&#8220; column_border_radius=&#8220;none&#8220; column_link_target=&#8220;_self&#8220; column_position=&#8220;default&#8220; gradient_direction=&#8220;left_to_right&#8220; overlay_strength=&#8220;0.3&#8243; width=&#8220;1\/1&#8243; tablet_width_inherit=&#8220;default&#8220; tablet_text_alignment=&#8220;left&#8220; phone_text_alignment=&#8220;left&#8220; animation_type=&#8220;default&#8220; enable_animation=&#8220;true&#8220; animation=&#8220;none&#8220; bg_image_animation=&#8220;none&#8220; border_type=&#8220;simple&#8220; column_border_width=&#8220;none&#8220; column_border_style=&#8220;solid&#8220;][divider line_type=&#8220;Small Line&#8220; line_alignment=&#8220;default&#8220; line_thickness=&#8220;7&#8243; divider_color=&#8220;accent-color&#8220; animate=&#8220;yes&#8220; custom_height=&#8220;20&#8243; custom_line_width=&#8220;150&#8243;][divider line_type=&#8220;No Line&#8220; custom_height=&#8220;10&#8243;][vc_column_text css_animation=&#8220;top-to-bottom&#8220;]\n<h3><span style=\"color: #002f87;\">Smart Communications eines der f\u00fchrenden Unternehmen im IDC MarketScape: Weltweite Anwendungen f\u00fcr Cloud-Kundenkommunikationsmanagement 2022<\/span><\/h3>\n[\/vc_column_text][divider line_type=&#8220;No Line&#8220; custom_height=&#8220;25&#8243;][vc_column_text css_animation=&#8220;top-to-bottom&#8220;]<em>Bewertung basierend auf Vollst\u00e4ndigkeit von Strategie und F\u00e4higkeiten<\/em><\/p>\n<p><strong>London und New York<\/strong> \u2013 Montag, 6.\u00a0Juni\u00a02022\u00a0\u2013 <a href=\"https:\/\/www.smartcommunications.com\">Smart Communications<sup>TM<\/sup><\/a>, ein f\u00fchrendes Technologieunternehmen, das sich auf die Unterst\u00fctzung von Firmen bei der Umsetzung effektiverer Kundenkonversationen spezialisiert hat, gab heute bekannt, dass es in der Anbieterbewertung von <a href=\"https:\/\/www.smartcommunications.com\/wp-content\/uploads\/IDC-Marketscape-CCM-Report-2022-2.pdf\">IDC MarketScape: Weltweite Anwendungen f\u00fcr das Cloud-Kundenkommunikationsmanagement im Jahr 2022<\/a> als einer der Marktf\u00fchrer eingestuft wurde. Kundenzufriedenheit und Personalisierung stehen im Mittelpunkt des Kundenerlebnisses und Unternehmen nutzen das Kundenkommunikationsmanagement als Eckpfeiler f\u00fcr ein hervorragendes digitales Erlebnis. Der Bericht hebt die Cloud-Strategie, das umfassende Partnernetzwerk und die F\u00e4higkeit von Smart Communications, personalisierte, geleitete Konversationen zu erm\u00f6glichen, als die St\u00e4rken hervor, die dem Unternehmen zu seiner F\u00fchrungsposition verholfen haben.<\/p>\n<p>\u201eEines der Dinge, die IDC von Unternehmen und F\u00fchrungskr\u00e4ften im IT-Bereich oft zu h\u00f6ren bekommt, ist die Einsch\u00e4tzung, dass wir in einer \u201eDigital-First\u201c-Welt leben und konkurrieren und dass sie nach Strategien und Technologien suchen, die die Vision von verbesserter Kundenzufriedenheit, betrieblichen Effizienzen und h\u00f6heren Ums\u00e4tzen aus digitalen Dienstleistungen umsetzen k\u00f6nnen\u201c, so Marci Maddox, Forschungsleiterin im Bereich digitale Erlebnisstrategien bei IDC. \u201eF\u00fcr viele Unternehmen wird die Investition in PaaS und SaaS im Jahr 2022 und dar\u00fcber hinaus auch weiterhin sehr wichtig sein. F\u00fcr K\u00e4ufer in hochgradig regulierten Branchen \u2013 wie Finanzdienstleistungen, Versicherungen und Gesundheitswesen \u2013 die nach einer Cloud-First-Strategie und einer Fachanwender-Steuerung suchen, k\u00f6nnte Smart Communications das Richtige sein.\u201c<\/p>\n<p>In dem Bericht wurden 13 Anbieter bewertet und die Ver\u00f6ffentlichung erfolgt zu einer Zeit, in der sich die Kundenkommunikation \u00fcber die Bereitstellung von Software f\u00fcr die automatisierte Generierung von Dokumenten hinaus weiterentwickelt und nun durch aussagekr\u00e4ftige Daten und personalisierte Ber\u00fchrungspunkte f\u00fcr Kunden die Verbesserung des Kundenerlebnisses f\u00f6rdert. Der \u00dcbergang von einseitiger transaktionaler Kommunikation hin zu effektiveren, wechselseitigen Kundenkonversationen verbessert das Kundenerlebnis eines Unternehmens und steigert so die Kundenzufriedenheit, kontinuierliches Engagement, bessere Markentreue, betriebliche Effizienzen und tr\u00e4gt so zu erh\u00f6hten Gewinnmargen bei.<\/p>\n<p>Laut dem Bericht verf\u00fcgt \u201eSmart Communications \u00fcber ein umfassendes \u00d6kosystem technischer Partner sowie \u00fcber eine wachsende Liste von Systemintegratoren. Partner k\u00f6nnen Code und L\u00f6sungen zum Conversation Cloud Marktplatz von Smart Communications beitragen, der eine Auswahl vorgefertigter Beschleuniger anbietet. Neue Partnerschaften umfassen OneSpan f\u00fcr elektronische Signatur und Duck Creek f\u00fcr den Versicherungsbereich. Der Bericht hob au\u00dferdem hervor, dass \u201eSmart Communications ein NLP Plug-in f\u00fcr die Inhaltsanalyse bietet sowie einen Low-Code Flow Builder f\u00fcr die Orchestrierung der bestm\u00f6glichen Interaktion auf der Customer Journey. Smart Communications bietet zudem eine erweiterte Lesbarkeits-, Stimmungs- und \u00c4hnlichkeitsanalyse, um die Personalisierung von Inhalten sowohl auf Englisch als auch auf Deutsch zu verbessern. SmartIQ ist f\u00fcr geleitete Konversationen, die zu zuk\u00fcnftigen umfassenden Erlebnissen f\u00fchren werden, von entscheidender Bedeutung.\u201c<\/p>\n<p>\u201eWir sind unglaublich stolz, dass IDC MarketScape Smart Communications als f\u00fchrendes Unternehmen genannt hat und unsere F\u00e4higkeit zur Unterst\u00fctzung einer smarteren Gespr\u00e4chsf\u00fchrung zwischen Unternehmen und ihren Kunden anerkannt hat,\u201c sagte James Brown, CEO von Smart Communications. \u201eUnsere Cloud-Technologie ist einzigartig, da sie personalisierte Omnichannel-Kundenkonversationen erm\u00f6glicht, die aufgrund der Anwenderfreundlichkeit und Skalierbarkeit sowohl f\u00fcr CIOs als auch f\u00fcr Anwender sehr attraktiv ist. Wir engagieren uns daf\u00fcr, dank innovativer Vision, Strategien und Technologie, die unseren Kunden zu Erfolg verhelfen, auf diesem Markt eine F\u00fchrungsrolle zu spielen.\u201c<\/p>\n<p>Der Auszug des Berichts steht <a href=\"https:\/\/www.smartcommunications.com\/wp-content\/uploads\/IDC-Marketscape-CCM-Report-2022-2.pdf\">hier<\/a> zum Download bereit.<\/p>\n<p><strong>\u00dcber IDC MarketScape<\/strong><br \/>\nDas Modell von IDC MarketScape zur Anbieterbewertung soll einen \u00dcberblick \u00fcber die Konkurrenzf\u00e4higkeit von Anbietern im Bereich Informations- und Kommunikationstechnologie (ICT) in einem bestimmten Markt bieten. Bei der Forschungsmethode kommt eine rigorose Bewertungsmethode zum Einsatz, die sowohl auf qualitativen als auch auf quantitativen Kriterien beruht und in einer einzigen grafischen Darstellung die Position jedes Anbieters in einem bestimmten Markt zeigt. IDC MarketScape bietet ein klares Rahmenwerk, um die Produkt- und Dienstleistungsangebote, die F\u00e4higkeiten und Strategien sowie Faktoren f\u00fcr den gegenw\u00e4rtigen und zuk\u00fcnftigen Erfolg von IT- und Telekommunikationsanbietern auf dem Markt sinnvoll miteinander vergleichen zu k\u00f6nnen. Die Rahmenvorschriften bieten IT-K\u00e4ufern au\u00dferdem eine 360-Grad-Bewertung der St\u00e4rken und Schw\u00e4chen gegenw\u00e4rtiger und potenzieller Anbieter.<\/p>\n<p><strong>Quelle:\u00a0 <\/strong>\u201eIDC MarketScape Worldwide Cloud Customer Communications Management Applications 2022 Vendor Assessment \u2014 Dynamic Delivery of Multichannel Personalized Experiences\u201c, von: Marci Maddox, Juni 2022, IDC # US48167722<\/p>\n<p><strong>\u00dcber Smart Communications<\/strong><br \/>\nSmart Communications ist ein f\u00fchrendes Technologieunternehmen, das Unternehmen dabei unterst\u00fctzt, die Kundenkommunikation relevanter zu gestalten. Die Plattform <a href=\"https:\/\/www.smartcommunications.com\/de\/conversation-cloud\/\">Conversation Cloud\u2122<\/a> des Unternehmens bietet auf einzigartige Weise personalisierte Omnichannel-Konversationen \u00fcber das gesamte Kundenerlebnis hinweg. So k\u00f6nnen Unternehmen in der heutigen digitalen, kundenorientierten Welt erfolgreich sein und gleichzeitig Prozesse vereinfachen und effizienter gestalten. Smart Communications mit Hauptsitz in Gro\u00dfbritannien hat mehr als 650 Kunden und Niederlassungen in Nordamerika, Europa und Asien-Pazifik. Die Plattform Conversation Cloud umfasst die skalierbaren L\u00f6sungen f\u00fcr Kundenkommunikationsmanagement (CCM) von <a href=\"https:\/\/www.smartcommunications.com\/de\/produkte\/smartcomm\/\">SmartCOMM\u2122<\/a>, Funktionen f\u00fcr die Digitalisierung von Formularen durch <a href=\"https:\/\/www.smartcommunications.com\/de\/produkte\/smartiq\/\">SmartIQ\u2122<\/a> sowie die Fachkompetenz im Bereich Gesch\u00e4ftsdokumentation von <a href=\"https:\/\/www.smartcommunications.com\/de\/produkte\/smartdx\/\">SmartDX\u2122<\/a>. 2021 hat Smart Communications Assentis \u00fcbernommen, einen f\u00fchrenden europ\u00e4ischen Anbieter von Softwarel\u00f6sungen, der auf Kundenkommunikationsmanagement (CCM) mit Schwerpunkt Finanzdienstleistungsbranche spezialisiert ist. Mehr Informationen finden Sie unter <a href=\"https:\/\/www.smartcommunications.com\/de\/\">smartcommunications.com\/de\/<\/a> .[\/vc_column_text][divider line_type=&#8220;No Line&#8220; custom_height=&#8220;30&#8243;][\/vc_column][\/vc_row]\n","protected":false},"excerpt":{"rendered":"<p>[vc_row type=&#8220;in_container&#8220; full_screen_row_position=&#8220;middle&#8220; column_margin=&#8220;default&#8220; equal_height=&#8220;yes&#8220; column_direction=&#8220;default&#8220; column_direction_tablet=&#8220;default&#8220; column_direction_phone=&#8220;default&#8220; scene_position=&#8220;center&#8220; bottom_padding=&#8220;50&#8243; text_color=&#8220;custom&#8220; custom_text_color=&#8220;#969696&#8243; text_align=&#8220;left&#8220; row_border_radius=&#8220;none&#8220; row_border_radius_applies=&#8220;bg&#8220; overflow=&#8220;visible&#8220; overlay_strength=&#8220;0.3&#8243; gradient_direction=&#8220;left_to_right&#8220; shape_divider_position=&#8220;bottom&#8220; bg_image_animation=&#8220;none&#8220;][vc_column column_padding=&#8220;no-extra-padding&#8220; column_padding_tablet=&#8220;inherit&#8220; column_padding_phone=&#8220;inherit&#8220; column_padding_position=&#8220;all&#8220; column_element_spacing=&#8220;default&#8220; background_color=&#8220;#ffffff&#8220; background_color_opacity=&#8220;1&#8243; background_hover_color_opacity=&#8220;1&#8243; column_shadow=&#8220;none&#8220; column_border_radius=&#8220;none&#8220;&#8230;<\/p>\n","protected":false},"author":35,"featured_media":46635,"parent":43564,"menu_order":62,"comment_status":"closed","ping_status":"closed","template":"","meta":{"_acf_changed":false,"footnotes":""},"class_list":["post-47085","page","type-page","status-publish","has-post-thumbnail"],"acf":[],"yoast_head":"<!-- This site is optimized with the Yoast SEO plugin v27.5 - https:\/\/yoast.com\/product\/yoast-seo-wordpress\/ -->\n<title>Smart Communications im IDC MarketScape f\u00fcr das Cloud-Kundenkommunikationsmanagement 2022 eines der f\u00fchrenden Unternehmen<\/title>\n<meta name=\"description\" content=\"Smart Communications hat sich im IDC MarketScape f\u00fcr das Cloud-Kundenkommunikationsmanagement 2022 als eines der f\u00fchrenden Unternehmen positioniert\" \/>\n<meta name=\"robots\" content=\"noindex, nofollow\" \/>\n<meta property=\"og:locale\" content=\"de_DE\" \/>\n<meta property=\"og:type\" content=\"article\" \/>\n<meta property=\"og:title\" content=\"Smart Communications im IDC MarketScape f\u00fcr das Cloud-Kundenkommunikationsmanagement 2022 eines der f\u00fchrenden Unternehmen\" \/>\n<meta property=\"og:description\" content=\"Smart Communications hat sich im IDC MarketScape f\u00fcr das Cloud-Kundenkommunikationsmanagement 2022 als eines der f\u00fchrenden Unternehmen positioniert\" \/>\n<meta property=\"og:url\" content=\"https:\/\/www.smartcommunications.com\/de\/pressemeldungen\/smart-communications-im-idc-marketscape-anwendungen-cloud-kundenkommunikationsmanagement-2022-fuehrend\/\" \/>\n<meta property=\"og:site_name\" content=\"Smart Communications\" \/>\n<meta property=\"article:modified_time\" content=\"2023-11-13T10:31:00+00:00\" \/>\n<meta property=\"og:image\" content=\"https:\/\/www.smartcommunications.com\/wp-content\/uploads\/022_Social_IDC-MarketScapeReport_No-CTA_1200x628.png\" \/>\n\t<meta property=\"og:image:width\" content=\"1200\" \/>\n\t<meta property=\"og:image:height\" content=\"628\" \/>\n\t<meta property=\"og:image:type\" content=\"image\/png\" \/>\n<meta name=\"twitter:card\" content=\"summary_large_image\" \/>\n<meta name=\"twitter:image\" content=\"https:\/\/www.smartcommunications.com\/wp-content\/uploads\/022_Social_IDC-MarketScapeReport_No-CTA_1200x628.png\" \/>\n<meta name=\"twitter:site\" content=\"@CCMInnovators\" \/>\n<meta name=\"twitter:label1\" content=\"Gesch\u00e4tzte Lesezeit\" \/>\n\t<meta name=\"twitter:data1\" content=\"4\u00a0Minuten\" \/>\n<!-- \/ Yoast SEO plugin. -->","yoast_head_json":{"title":"Smart Communications im IDC MarketScape f\u00fcr das Cloud-Kundenkommunikationsmanagement 2022 eines der f\u00fchrenden Unternehmen","description":"Smart Communications hat sich im IDC MarketScape f\u00fcr das Cloud-Kundenkommunikationsmanagement 2022 als eines der f\u00fchrenden Unternehmen positioniert","robots":{"index":"noindex","follow":"nofollow"},"og_locale":"de_DE","og_type":"article","og_title":"Smart Communications im IDC MarketScape f\u00fcr das Cloud-Kundenkommunikationsmanagement 2022 eines der f\u00fchrenden Unternehmen","og_description":"Smart Communications hat sich im IDC MarketScape f\u00fcr das Cloud-Kundenkommunikationsmanagement 2022 als eines der f\u00fchrenden Unternehmen positioniert","og_url":"https:\/\/www.smartcommunications.com\/de\/pressemeldungen\/smart-communications-im-idc-marketscape-anwendungen-cloud-kundenkommunikationsmanagement-2022-fuehrend\/","og_site_name":"Smart Communications","article_modified_time":"2023-11-13T10:31:00+00:00","og_image":[{"width":1200,"height":628,"url":"https:\/\/www.smartcommunications.com\/wp-content\/uploads\/022_Social_IDC-MarketScapeReport_No-CTA_1200x628.png","type":"image\/png"}],"twitter_card":"summary_large_image","twitter_image":"https:\/\/www.smartcommunications.com\/wp-content\/uploads\/022_Social_IDC-MarketScapeReport_No-CTA_1200x628.png","twitter_site":"@CCMInnovators","twitter_misc":{"Gesch\u00e4tzte Lesezeit":"4\u00a0Minuten"},"schema":{"@context":"https:\/\/schema.org","@graph":[{"@type":"WebPage","@id":"https:\/\/www.smartcommunications.com\/de\/pressemeldungen\/smart-communications-im-idc-marketscape-anwendungen-cloud-kundenkommunikationsmanagement-2022-fuehrend\/","url":"https:\/\/www.smartcommunications.com\/de\/pressemeldungen\/smart-communications-im-idc-marketscape-anwendungen-cloud-kundenkommunikationsmanagement-2022-fuehrend\/","name":"Smart Communications im IDC MarketScape f\u00fcr das Cloud-Kundenkommunikationsmanagement 2022 eines der f\u00fchrenden Unternehmen","isPartOf":{"@id":"https:\/\/www.smartcommunications.com\/#website"},"primaryImageOfPage":{"@id":"https:\/\/www.smartcommunications.com\/de\/pressemeldungen\/smart-communications-im-idc-marketscape-anwendungen-cloud-kundenkommunikationsmanagement-2022-fuehrend\/#primaryimage"},"image":{"@id":"https:\/\/www.smartcommunications.com\/de\/pressemeldungen\/smart-communications-im-idc-marketscape-anwendungen-cloud-kundenkommunikationsmanagement-2022-fuehrend\/#primaryimage"},"thumbnailUrl":"https:\/\/www.smartcommunications.com\/wp-content\/uploads\/022_Social_IDC-MarketScapeReport_No-CTA_1200x628.png","datePublished":"2022-08-23T20:43:23+00:00","dateModified":"2023-11-13T10:31:00+00:00","description":"Smart Communications hat sich im IDC MarketScape f\u00fcr das Cloud-Kundenkommunikationsmanagement 2022 als eines der f\u00fchrenden Unternehmen positioniert","breadcrumb":{"@id":"https:\/\/www.smartcommunications.com\/de\/pressemeldungen\/smart-communications-im-idc-marketscape-anwendungen-cloud-kundenkommunikationsmanagement-2022-fuehrend\/#breadcrumb"},"inLanguage":"de","potentialAction":[{"@type":"ReadAction","target":["https:\/\/www.smartcommunications.com\/de\/pressemeldungen\/smart-communications-im-idc-marketscape-anwendungen-cloud-kundenkommunikationsmanagement-2022-fuehrend\/"]}]},{"@type":"ImageObject","inLanguage":"de","@id":"https:\/\/www.smartcommunications.com\/de\/pressemeldungen\/smart-communications-im-idc-marketscape-anwendungen-cloud-kundenkommunikationsmanagement-2022-fuehrend\/#primaryimage","url":"https:\/\/www.smartcommunications.com\/wp-content\/uploads\/022_Social_IDC-MarketScapeReport_No-CTA_1200x628.png","contentUrl":"https:\/\/www.smartcommunications.com\/wp-content\/uploads\/022_Social_IDC-MarketScapeReport_No-CTA_1200x628.png","width":1200,"height":628},{"@type":"BreadcrumbList","@id":"https:\/\/www.smartcommunications.com\/de\/pressemeldungen\/smart-communications-im-idc-marketscape-anwendungen-cloud-kundenkommunikationsmanagement-2022-fuehrend\/#breadcrumb","itemListElement":[{"@type":"ListItem","position":1,"name":"Home","item":"https:\/\/www.smartcommunications.com\/de\/"},{"@type":"ListItem","position":2,"name":"Press Releases","item":"https:\/\/www.smartcommunications.com\/de\/pressemeldungen\/"},{"@type":"ListItem","position":3,"name":"Smart Communications hat sich im IDC MarketScape: weltweite Anwendungen f\u00fcr das Cloud-Kundenkommunikationsmanagement 2022 als eines der f\u00fchrenden Unternehmen positioniert"}]},{"@type":"WebSite","@id":"https:\/\/www.smartcommunications.com\/#website","url":"https:\/\/www.smartcommunications.com\/","name":"Smart Communications","description":"Customer Communication Management Software","publisher":{"@id":"https:\/\/www.smartcommunications.com\/#organization"},"alternateName":"Smart Communications","inLanguage":"de"},{"@type":"Organization","@id":"https:\/\/www.smartcommunications.com\/#organization","name":"Smart Communications","alternateName":"Smart Communications","url":"https:\/\/www.smartcommunications.com\/","logo":{"@type":"ImageObject","inLanguage":"de","@id":"https:\/\/www.smartcommunications.com\/#\/schema\/logo\/image\/","url":"https:\/\/www.smartcommunications.com\/wp-content\/uploads\/2017\/03\/Nav_logo_color_hires.png","contentUrl":"https:\/\/www.smartcommunications.com\/wp-content\/uploads\/2017\/03\/Nav_logo_color_hires.png","width":415,"height":140,"caption":"Smart Communications"},"image":{"@id":"https:\/\/www.smartcommunications.com\/#\/schema\/logo\/image\/"},"sameAs":["https:\/\/x.com\/CCMInnovators","https:\/\/www.linkedin.com\/company\/smart-communications.\/"]}]}},"_links":{"self":[{"href":"https:\/\/www.smartcommunications.com\/de\/wp-json\/wp\/v2\/pages\/47085","targetHints":{"allow":["GET"]}}],"collection":[{"href":"https:\/\/www.smartcommunications.com\/de\/wp-json\/wp\/v2\/pages"}],"about":[{"href":"https:\/\/www.smartcommunications.com\/de\/wp-json\/wp\/v2\/types\/page"}],"author":[{"embeddable":true,"href":"https:\/\/www.smartcommunications.com\/de\/wp-json\/wp\/v2\/users\/35"}],"replies":[{"embeddable":true,"href":"https:\/\/www.smartcommunications.com\/de\/wp-json\/wp\/v2\/comments?post=47085"}],"version-history":[{"count":0,"href":"https:\/\/www.smartcommunications.com\/de\/wp-json\/wp\/v2\/pages\/47085\/revisions"}],"up":[{"embeddable":true,"href":"https:\/\/www.smartcommunications.com\/de\/wp-json\/wp\/v2\/pages\/43564"}],"wp:featuredmedia":[{"embeddable":true,"href":"https:\/\/www.smartcommunications.com\/de\/wp-json\/wp\/v2\/media\/46635"}],"wp:attachment":[{"href":"https:\/\/www.smartcommunications.com\/de\/wp-json\/wp\/v2\/media?parent=47085"}],"curies":[{"name":"wp","href":"https:\/\/api.w.org\/{rel}","templated":true}]}}