{"id":46594,"date":"2022-10-14T12:18:44","date_gmt":"2022-10-14T16:18:44","guid":{"rendered":"https:\/\/www.smartcommunications.com\/?page_id=46594"},"modified":"2023-11-13T06:30:44","modified_gmt":"2023-11-13T10:30:44","slug":"aragon-workflow-content-automatisierung-2022","status":"publish","type":"page","link":"https:\/\/www.smartcommunications.com\/de\/pressemeldungen\/aragon-workflow-content-automatisierung-2022\/","title":{"rendered":"PM &#8211; The Aragon Research Globe for Workflow and Content Automation, 2022"},"content":{"rendered":"[vc_row type=&#8220;in_container&#8220; full_screen_row_position=&#8220;middle&#8220; column_margin=&#8220;default&#8220; equal_height=&#8220;yes&#8220; column_direction=&#8220;default&#8220; column_direction_tablet=&#8220;default&#8220; column_direction_phone=&#8220;default&#8220; scene_position=&#8220;center&#8220; bottom_padding=&#8220;50&#8243; text_color=&#8220;custom&#8220; custom_text_color=&#8220;#969696&#8243; text_align=&#8220;left&#8220; row_border_radius=&#8220;none&#8220; row_border_radius_applies=&#8220;bg&#8220; overflow=&#8220;visible&#8220; overlay_strength=&#8220;0.3&#8243; gradient_direction=&#8220;left_to_right&#8220; shape_divider_position=&#8220;bottom&#8220; bg_image_animation=&#8220;none&#8220;][vc_column column_padding=&#8220;no-extra-padding&#8220; column_padding_tablet=&#8220;inherit&#8220; column_padding_phone=&#8220;inherit&#8220; column_padding_position=&#8220;all&#8220; column_element_spacing=&#8220;default&#8220; background_color=&#8220;#ffffff&#8220; background_color_opacity=&#8220;1&#8243; background_hover_color_opacity=&#8220;1&#8243; column_shadow=&#8220;none&#8220; column_border_radius=&#8220;none&#8220; column_link_target=&#8220;_self&#8220; column_position=&#8220;default&#8220; gradient_direction=&#8220;left_to_right&#8220; overlay_strength=&#8220;0.3&#8243; width=&#8220;1\/1&#8243; tablet_width_inherit=&#8220;default&#8220; tablet_text_alignment=&#8220;left&#8220; phone_text_alignment=&#8220;left&#8220; animation_type=&#8220;default&#8220; enable_animation=&#8220;true&#8220; animation=&#8220;none&#8220; bg_image_animation=&#8220;none&#8220; border_type=&#8220;simple&#8220; column_border_width=&#8220;none&#8220; column_border_style=&#8220;solid&#8220;][divider line_type=&#8220;Small Line&#8220; line_alignment=&#8220;default&#8220; line_thickness=&#8220;7&#8243; divider_color=&#8220;accent-color&#8220; animate=&#8220;yes&#8220; custom_height=&#8220;20&#8243; custom_line_width=&#8220;150&#8243;][divider line_type=&#8220;No Line&#8220; custom_height=&#8220;10&#8243;][vc_column_text css_animation=&#8220;top-to-bottom&#8220;]\n<h3><span style=\"color: #002f87;\">Smart Communications im \u201eAragon Research Globe<sup>TM<\/sup> for Workflow and Content Automation, 2022\u201c als f\u00fchrend eingestuft <\/span><\/h3>\n[\/vc_column_text][divider line_type=&#8220;No Line&#8220; custom_height=&#8220;25&#8243;][vc_column_text css_animation=&#8220;top-to-bottom&#8220;]<em>Bewertung basierend auf Vollst\u00e4ndigkeit von Strategie und Leistung<\/em><\/p>\n<p><strong>London und New York<\/strong>\u00a0\u2013 Donnerstag, den 12.\u00a0Mai\u00a02022\u00a0\u2013 <a href=\"https:\/\/www.smartcommunications.com\">Smart Communications<sup>TM<\/sup><\/a> \u2013 ein f\u00fchrendes Technologieunternehmen, das Unternehmen dabei unterst\u00fctzt, sinnvollere Kundenkonversationen zu f\u00fchren \u2013 hat heute bekanntgegeben, dass es zum dritten Mal in Folge vom Analystenunternehmen Aragon Research in dessen aktuellem Bericht <a href=\"https:\/\/www.smartcommunications.com\/aragon-research-globe-wca\/\"><em>The Aragon Research Globe<sup>TM<\/sup> for Workflow and Content Automation (WCA), 2022<\/em><\/a> als f\u00fchrend eingestuft wurde. Der Bericht bewertet 13\u00a0Anbieter von WCA-Technologie auf der Grundlage von Produktf\u00e4higkeiten, Strategie und Leistung auf dem Markt.<\/p>\n<p>Workflow- und Content-Automatisierung beeinflussen die digitalen Strategien von Unternehmen auf zwei entscheidende Arten. Die Automatisierung alter Workflows macht viele menschliche Eingriffe bei der Bearbeitung gesch\u00e4ftskritischer Dokumente \u00fcberfl\u00fcssig, was zu erh\u00f6hter Genauigkeit, mehr Agilit\u00e4t und k\u00fcrzeren Zykluszeiten f\u00fchrt. Au\u00dferdem k\u00f6nnen Low-Code-Workflows von den Gesch\u00e4ftsbereichen ohne einen hohen Bedarf an IT-Ressourcen verwaltet werden.<\/p>\n<p>\u201eTrotz der riesigen Fortschritte bei der digitalen Transformation gibt es nach wie vor viele Unternehmen, die mit papierbasierten Dokumentenprozessen k\u00e4mpfen\u201c, sagt Jim Lundy, Gr\u00fcnder und CEO von Aragon Research. \u201eUnternehmen m\u00fcssen ihre alten Systeme unter die Lupe nehmen und dar\u00fcber nachdenken, wie sie modernere Technologien in andere Anwendungen integrieren und einbetten, um die Workflow- und Content-Automatisierung optimal zu nutzen, Effizienzen im gesamten Unternehmen zu schaffen und das Kundenerlebnis zu verbessern.\u201c<\/p>\n<p>Das Produkt <a href=\"https:\/\/www.smartcommunications.com\/de\/produkte\/smartiq\/\">SmartIQ<\/a><sup>TM<\/sup> von Smart Communications ist eine Cloud-basierte Low-Code-L\u00f6sung, die traditionelle Formular-basierte sowie Workflow-Prozesse modernisiert, das Kundenerlebnis verbessert und die Arbeitsbelastung interner IT-Teams reduziert.<\/p>\n<p>Die Kombination dieses Angebots mit <a href=\"https:\/\/www.smartcommunications.com\/de\/produkte\/smartcomm\/\">SmartCOMM<\/a><sup>TM<\/sup>, der Kundenkommunikationsmanagement-L\u00f6sung der n\u00e4chsten Generation von Smart Communications, erm\u00f6glicht Unternehmen einen erfolgreichen \u00dcbergang von statischer Kommunikation zu dynamischen und kontextuell relevanten Zweiweg-Konversationen mit Kunden, die zudem \u00fcber die Kan\u00e4le ihrer Wahl bereitgestellt werden k\u00f6nnen. Wenn diese Zweiweg-Konversationen personalisiert, relevant und zeitnah erfolgen, resultieren sie in au\u00dfergew\u00f6hnlichen Kundenerlebnissen.<\/p>\n<p>\u201eMithilfe unserer branchenf\u00fchrenden Cloud-orientierten Technologien k\u00f6nnen unsere Kunden agile Prozesse implementieren und wichtige Dokumente und Assets in enormem Umfang erstellen, verwalten und automatisieren\u201c, sagte James Brown, CEO von Smart Communications. \u201eUnternehmen profitieren au\u00dferdem von einem besseren Kundenerlebnis, indem fehleranf\u00e4llige, statische Formulare durch digitale Befragungen, die den Prozess angenehmer machen, ersetzt werden.\u201c<\/p>\n<p>Neben der Einstufung als Branchenf\u00fchrer im neuen Bericht wurde Smart Communications auch zum Sieger des <a href=\"https:\/\/www.prweb.com\/releases\/aragon_research_recognizes_innovation_and_women_in_technology_award_winners_at_aragon_transform_21\/prweb18369325.htm\">2021 Aragon Research Innovation Award for Workflow and Content Automation<\/a> gek\u00fcrt. Der Aragon Award w\u00fcrdigt Anbieter, die Technologien auf vision\u00e4re Weise einsetzen \u2013 und zwar nicht nur, um sich an ver\u00e4nderte M\u00e4rkte anzupassen, sondern auch um aktiv mit der Vergangenheit zu brechen und zu bestimmen, wie sich ihre M\u00e4rkte in Zukunft entwickeln.<\/p>\n<p>Sie k\u00f6nnen eine kostenlose Version des Berichts <a href=\"https:\/\/www.smartcommunications.com\/aragon-research-globe-wca\/\">hier<\/a> herunterladen.<\/p>\n<p><strong>\u00dcber Aragon Research<\/strong><br \/>\nAragon Research bietet aussagekr\u00e4ftige visuelle Forschung, Consulting und Beratungsdienste, um Unternehmen die Einblicke an die Hand zu geben, die sie f\u00fcr bessere Technologie- und Strategieentscheidungen ben\u00f6tigen. Das bew\u00e4hrte und erfahrene Analystenteam von Aragon Research bedient Unternehmens- und IT-F\u00fchrungskr\u00e4fte. Weitere Informationen finden Sie auf <a href=\"https:\/\/www.aragonresearch.com\/\">https:\/\/www.aragonresearch.com\/<\/a><\/p>\n<p>Aragon Research bef\u00fcrwortet weder die in seinen Untersuchungsberichten genannten Anbieter bzw. deren Produkte oder Dienstleistungen noch r\u00e4t es den Nutzern, die am besten bewerteten Anbieter zu w\u00e4hlen. Die Publikationen von Aragon Research stellen die Meinung des Unternehmens Aragon Research and Advisory Services dar und sind nicht als Tatsachenberichte anzusehen. Die Forschungsberichte und die darin enthaltenen Informationen werden von Aragon Research ohne jegliche Garantien bereitgestellt.<\/p>\n<p><strong>\u00dcber Smart Communications<\/strong><br \/>\nSmart Communications ist ein f\u00fchrendes Technologieunternehmen, das Unternehmen dabei unterst\u00fctzt, die Kundenkommunikation relevanter zu gestalten. Die Plattform <a href=\"https:\/\/www.smartcommunications.com\/de\/conversation-cloud\/\">Conversation Cloud\u2122<\/a> des Unternehmens bietet auf einzigartige Weise personalisierte Omnichannel-Konversationen \u00fcber das gesamte Kundenerlebnis hinweg. So k\u00f6nnen Unternehmen in der heutigen digitalen, kundenorientierten Welt erfolgreich sein und gleichzeitig Prozesse vereinfachen und effizienter gestalten. Smart Communications mit Hauptsitz in Gro\u00dfbritannien hat mehr als 650 Kunden und Niederlassungen in Nordamerika, Europa und Asien-Pazifik. Die Plattform Conversation Cloud umfasst die skalierbaren L\u00f6sungen f\u00fcr Kundenkommunikationsmanagement (CCM) von <a href=\"https:\/\/www.smartcommunications.com\/de\/produkte\/smartcomm\/\">SmartCOMM\u2122<\/a>, Funktionen f\u00fcr die Digitalisierung von Formularen durch <a href=\"https:\/\/www.smartcommunications.com\/de\/produkte\/smartiq\/\">SmartIQ\u2122<\/a> sowie die Fachkompetenz im Bereich Gesch\u00e4ftsdokumentation von <a href=\"https:\/\/www.smartcommunications.com\/de\/produkte\/smartdx\/\">SmartDX\u2122<\/a>. 2021 hat Smart Communications Assentis \u00fcbernommen, einen f\u00fchrenden europ\u00e4ischen Anbieter von Softwarel\u00f6sungen, der auf Kundenkommunikationsmanagement (CCM) mit Schwerpunkt Finanzdienstleistungsbranche spezialisiert ist. Mehr Informationen finden Sie unter <a href=\"https:\/\/www.smartcommunications.com\/de\">smartcommunications.com\/de.<\/a>[\/vc_column_text][divider line_type=&#8220;No Line&#8220; custom_height=&#8220;30&#8243;][\/vc_column][\/vc_row]\n","protected":false},"excerpt":{"rendered":"<p>[vc_row type=&#8220;in_container&#8220; full_screen_row_position=&#8220;middle&#8220; column_margin=&#8220;default&#8220; equal_height=&#8220;yes&#8220; column_direction=&#8220;default&#8220; column_direction_tablet=&#8220;default&#8220; column_direction_phone=&#8220;default&#8220; scene_position=&#8220;center&#8220; bottom_padding=&#8220;50&#8243; text_color=&#8220;custom&#8220; custom_text_color=&#8220;#969696&#8243; text_align=&#8220;left&#8220; row_border_radius=&#8220;none&#8220; row_border_radius_applies=&#8220;bg&#8220; overflow=&#8220;visible&#8220; overlay_strength=&#8220;0.3&#8243; gradient_direction=&#8220;left_to_right&#8220; shape_divider_position=&#8220;bottom&#8220; bg_image_animation=&#8220;none&#8220;][vc_column column_padding=&#8220;no-extra-padding&#8220; column_padding_tablet=&#8220;inherit&#8220; column_padding_phone=&#8220;inherit&#8220; column_padding_position=&#8220;all&#8220; column_element_spacing=&#8220;default&#8220; background_color=&#8220;#ffffff&#8220; background_color_opacity=&#8220;1&#8243; background_hover_color_opacity=&#8220;1&#8243; column_shadow=&#8220;none&#8220; column_border_radius=&#8220;none&#8220;&#8230;<\/p>\n","protected":false},"author":35,"featured_media":46417,"parent":43564,"menu_order":74,"comment_status":"closed","ping_status":"closed","template":"","meta":{"_acf_changed":false,"footnotes":""},"class_list":["post-46594","page","type-page","status-publish","has-post-thumbnail"],"acf":[],"yoast_head":"<!-- This site is optimized with the Yoast SEO plugin v27.5 - https:\/\/yoast.com\/product\/yoast-seo-wordpress\/ -->\n<title>Smart Communications f\u00fchrend in der Workflow- und Content-Automatisierung<\/title>\n<meta name=\"description\" content=\"Smart Communications wurde im \u201eThe Aragon Research Globe for Workflow and Content Automation, 2022\u201c als f\u00fchrend eingestuft.\" \/>\n<meta name=\"robots\" content=\"noindex, nofollow\" \/>\n<meta property=\"og:locale\" content=\"de_DE\" \/>\n<meta property=\"og:type\" content=\"article\" \/>\n<meta property=\"og:title\" content=\"Smart Communications f\u00fchrend in der Workflow- und Content-Automatisierung\" \/>\n<meta property=\"og:description\" content=\"Smart Communications wurde im \u201eThe Aragon Research Globe for Workflow and Content Automation, 2022\u201c als f\u00fchrend eingestuft.\" \/>\n<meta property=\"og:url\" content=\"https:\/\/www.smartcommunications.com\/de\/pressemeldungen\/aragon-workflow-content-automatisierung-2022\/\" \/>\n<meta property=\"og:site_name\" content=\"Smart Communications\" \/>\n<meta property=\"article:modified_time\" content=\"2023-11-13T10:30:44+00:00\" \/>\n<meta property=\"og:image\" content=\"https:\/\/www.smartcommunications.com\/wp-content\/uploads\/022_social_Aragon-WCA-Globe-Report-1.png\" \/>\n\t<meta property=\"og:image:width\" content=\"1200\" \/>\n\t<meta property=\"og:image:height\" content=\"628\" \/>\n\t<meta property=\"og:image:type\" content=\"image\/png\" \/>\n<meta name=\"twitter:card\" content=\"summary_large_image\" \/>\n<meta name=\"twitter:image\" content=\"https:\/\/www.smartcommunications.com\/wp-content\/uploads\/022_social_Aragon-WCA-Globe-Report-1-1024x536.png\" \/>\n<meta name=\"twitter:site\" content=\"@CCMInnovators\" \/>\n<meta name=\"twitter:label1\" content=\"Gesch\u00e4tzte Lesezeit\" \/>\n\t<meta name=\"twitter:data1\" content=\"4\u00a0Minuten\" \/>\n<!-- \/ Yoast SEO plugin. -->","yoast_head_json":{"title":"Smart Communications f\u00fchrend in der Workflow- und Content-Automatisierung","description":"Smart Communications wurde im \u201eThe Aragon Research Globe for Workflow and Content Automation, 2022\u201c als f\u00fchrend eingestuft.","robots":{"index":"noindex","follow":"nofollow"},"og_locale":"de_DE","og_type":"article","og_title":"Smart Communications f\u00fchrend in der Workflow- und Content-Automatisierung","og_description":"Smart Communications wurde im \u201eThe Aragon Research Globe for Workflow and Content Automation, 2022\u201c als f\u00fchrend eingestuft.","og_url":"https:\/\/www.smartcommunications.com\/de\/pressemeldungen\/aragon-workflow-content-automatisierung-2022\/","og_site_name":"Smart Communications","article_modified_time":"2023-11-13T10:30:44+00:00","og_image":[{"width":1200,"height":628,"url":"https:\/\/www.smartcommunications.com\/wp-content\/uploads\/022_social_Aragon-WCA-Globe-Report-1.png","type":"image\/png"}],"twitter_card":"summary_large_image","twitter_image":"https:\/\/www.smartcommunications.com\/wp-content\/uploads\/022_social_Aragon-WCA-Globe-Report-1-1024x536.png","twitter_site":"@CCMInnovators","twitter_misc":{"Gesch\u00e4tzte Lesezeit":"4\u00a0Minuten"},"schema":{"@context":"https:\/\/schema.org","@graph":[{"@type":"WebPage","@id":"https:\/\/www.smartcommunications.com\/de\/pressemeldungen\/aragon-workflow-content-automatisierung-2022\/","url":"https:\/\/www.smartcommunications.com\/de\/pressemeldungen\/aragon-workflow-content-automatisierung-2022\/","name":"Smart Communications f\u00fchrend in der Workflow- und Content-Automatisierung","isPartOf":{"@id":"https:\/\/www.smartcommunications.com\/#website"},"primaryImageOfPage":{"@id":"https:\/\/www.smartcommunications.com\/de\/pressemeldungen\/aragon-workflow-content-automatisierung-2022\/#primaryimage"},"image":{"@id":"https:\/\/www.smartcommunications.com\/de\/pressemeldungen\/aragon-workflow-content-automatisierung-2022\/#primaryimage"},"thumbnailUrl":"https:\/\/www.smartcommunications.com\/wp-content\/uploads\/022_social_Aragon-WCA-Globe-Report-1.png","datePublished":"2022-10-14T16:18:44+00:00","dateModified":"2023-11-13T10:30:44+00:00","description":"Smart Communications wurde im \u201eThe Aragon Research Globe for Workflow and Content Automation, 2022\u201c als f\u00fchrend eingestuft.","breadcrumb":{"@id":"https:\/\/www.smartcommunications.com\/de\/pressemeldungen\/aragon-workflow-content-automatisierung-2022\/#breadcrumb"},"inLanguage":"de","potentialAction":[{"@type":"ReadAction","target":["https:\/\/www.smartcommunications.com\/de\/pressemeldungen\/aragon-workflow-content-automatisierung-2022\/"]}]},{"@type":"ImageObject","inLanguage":"de","@id":"https:\/\/www.smartcommunications.com\/de\/pressemeldungen\/aragon-workflow-content-automatisierung-2022\/#primaryimage","url":"https:\/\/www.smartcommunications.com\/wp-content\/uploads\/022_social_Aragon-WCA-Globe-Report-1.png","contentUrl":"https:\/\/www.smartcommunications.com\/wp-content\/uploads\/022_social_Aragon-WCA-Globe-Report-1.png","width":1200,"height":628},{"@type":"BreadcrumbList","@id":"https:\/\/www.smartcommunications.com\/de\/pressemeldungen\/aragon-workflow-content-automatisierung-2022\/#breadcrumb","itemListElement":[{"@type":"ListItem","position":1,"name":"Home","item":"https:\/\/www.smartcommunications.com\/de\/"},{"@type":"ListItem","position":2,"name":"Press Releases","item":"https:\/\/www.smartcommunications.com\/de\/pressemeldungen\/"},{"@type":"ListItem","position":3,"name":"PM &#8211; The Aragon Research Globe for Workflow and Content Automation, 2022"}]},{"@type":"WebSite","@id":"https:\/\/www.smartcommunications.com\/#website","url":"https:\/\/www.smartcommunications.com\/","name":"Smart Communications","description":"Customer Communication Management Software","publisher":{"@id":"https:\/\/www.smartcommunications.com\/#organization"},"alternateName":"Smart Communications","inLanguage":"de"},{"@type":"Organization","@id":"https:\/\/www.smartcommunications.com\/#organization","name":"Smart Communications","alternateName":"Smart Communications","url":"https:\/\/www.smartcommunications.com\/","logo":{"@type":"ImageObject","inLanguage":"de","@id":"https:\/\/www.smartcommunications.com\/#\/schema\/logo\/image\/","url":"https:\/\/www.smartcommunications.com\/wp-content\/uploads\/2017\/03\/Nav_logo_color_hires.png","contentUrl":"https:\/\/www.smartcommunications.com\/wp-content\/uploads\/2017\/03\/Nav_logo_color_hires.png","width":415,"height":140,"caption":"Smart Communications"},"image":{"@id":"https:\/\/www.smartcommunications.com\/#\/schema\/logo\/image\/"},"sameAs":["https:\/\/x.com\/CCMInnovators","https:\/\/www.linkedin.com\/company\/smart-communications.\/"]}]}},"_links":{"self":[{"href":"https:\/\/www.smartcommunications.com\/de\/wp-json\/wp\/v2\/pages\/46594","targetHints":{"allow":["GET"]}}],"collection":[{"href":"https:\/\/www.smartcommunications.com\/de\/wp-json\/wp\/v2\/pages"}],"about":[{"href":"https:\/\/www.smartcommunications.com\/de\/wp-json\/wp\/v2\/types\/page"}],"author":[{"embeddable":true,"href":"https:\/\/www.smartcommunications.com\/de\/wp-json\/wp\/v2\/users\/35"}],"replies":[{"embeddable":true,"href":"https:\/\/www.smartcommunications.com\/de\/wp-json\/wp\/v2\/comments?post=46594"}],"version-history":[{"count":0,"href":"https:\/\/www.smartcommunications.com\/de\/wp-json\/wp\/v2\/pages\/46594\/revisions"}],"up":[{"embeddable":true,"href":"https:\/\/www.smartcommunications.com\/de\/wp-json\/wp\/v2\/pages\/43564"}],"wp:featuredmedia":[{"embeddable":true,"href":"https:\/\/www.smartcommunications.com\/de\/wp-json\/wp\/v2\/media\/46417"}],"wp:attachment":[{"href":"https:\/\/www.smartcommunications.com\/de\/wp-json\/wp\/v2\/media?parent=46594"}],"curies":[{"name":"wp","href":"https:\/\/api.w.org\/{rel}","templated":true}]}}