{"id":46593,"date":"2022-08-23T16:41:07","date_gmt":"2022-08-23T20:41:07","guid":{"rendered":"https:\/\/www.smartcommunications.com\/?page_id=46593"},"modified":"2023-11-13T06:31:10","modified_gmt":"2023-11-13T10:31:10","slug":"smart-communications-in-2022-wealthtech100-innovativer-tech-unternehmen-fuer-banken-und-vermoegensverwalter-gelistet","status":"publish","type":"page","link":"https:\/\/www.smartcommunications.com\/de\/pressemeldungen\/smart-communications-in-2022-wealthtech100-innovativer-tech-unternehmen-fuer-banken-und-vermoegensverwalter-gelistet\/","title":{"rendered":"Smart Communications in die 2022\u00a0WealthTech100 Liste innovativer Tech-Unternehmen, die die Banken- und Verm\u00f6gensverwaltungsbranche transformieren, aufgenommen"},"content":{"rendered":"[vc_row type=&#8220;in_container&#8220; full_screen_row_position=&#8220;middle&#8220; column_margin=&#8220;default&#8220; equal_height=&#8220;yes&#8220; column_direction=&#8220;default&#8220; column_direction_tablet=&#8220;default&#8220; column_direction_phone=&#8220;default&#8220; scene_position=&#8220;center&#8220; bottom_padding=&#8220;50&#8243; text_color=&#8220;custom&#8220; custom_text_color=&#8220;#969696&#8243; text_align=&#8220;left&#8220; row_border_radius=&#8220;none&#8220; row_border_radius_applies=&#8220;bg&#8220; overflow=&#8220;visible&#8220; overlay_strength=&#8220;0.3&#8243; gradient_direction=&#8220;left_to_right&#8220; shape_divider_position=&#8220;bottom&#8220; bg_image_animation=&#8220;none&#8220;][vc_column column_padding=&#8220;no-extra-padding&#8220; column_padding_tablet=&#8220;inherit&#8220; column_padding_phone=&#8220;inherit&#8220; column_padding_position=&#8220;all&#8220; column_element_spacing=&#8220;default&#8220; background_color=&#8220;#ffffff&#8220; background_color_opacity=&#8220;1&#8243; background_hover_color_opacity=&#8220;1&#8243; column_shadow=&#8220;none&#8220; column_border_radius=&#8220;none&#8220; column_link_target=&#8220;_self&#8220; column_position=&#8220;default&#8220; gradient_direction=&#8220;left_to_right&#8220; overlay_strength=&#8220;0.3&#8243; width=&#8220;1\/1&#8243; tablet_width_inherit=&#8220;default&#8220; tablet_text_alignment=&#8220;left&#8220; phone_text_alignment=&#8220;left&#8220; animation_type=&#8220;default&#8220; enable_animation=&#8220;true&#8220; animation=&#8220;none&#8220; bg_image_animation=&#8220;none&#8220; border_type=&#8220;simple&#8220; column_border_width=&#8220;none&#8220; column_border_style=&#8220;solid&#8220;][divider line_type=&#8220;Small Line&#8220; line_alignment=&#8220;default&#8220; line_thickness=&#8220;7&#8243; divider_color=&#8220;accent-color&#8220; animate=&#8220;yes&#8220; custom_height=&#8220;20&#8243; custom_line_width=&#8220;150&#8243;][divider line_type=&#8220;No Line&#8220; custom_height=&#8220;10&#8243;][vc_column_text css_animation=&#8220;top-to-bottom&#8220;]\n<h3><span style=\"color: #002f87;\">Smart Communications in der 2022 WealthTech100-Liste innovativer Tech-Unternehmen, die die Banken- und Verm\u00f6gensverwaltungsbranche transformieren<\/span><\/h3>\n[\/vc_column_text][divider line_type=&#8220;No Line&#8220; custom_height=&#8220;25&#8243;][vc_column_text css_animation=&#8220;top-to-bottom&#8220;]<em>Globales Unternehmen erm\u00f6glicht Banken und Beratungsfirmen einen modernen Ansatz f\u00fcr die Kundenkonversation<\/em><\/p>\n<p><strong>London und New York<\/strong>\u00a0\u2013 Dienstag, den 10.\u00a0Mai\u00a02022\u00a0\u2013 <a href=\"https:\/\/www.smartcommunications.com\">Smart Communications<sup>TM<\/sup><\/a>, ein f\u00fchrendes Technologieunternehmen, das Unternehmen dabei unterst\u00fctzt, sinnvollere Kundenkonversationen zu f\u00fchren, gab heute bekannt, dass es in die renommierte <a href=\"https:\/\/www.wealthtech100.com\">WealthTech100<\/a> Liste f\u00fcr das Jahr\u00a02022 aufgenommen wurde. Die Liste umfasst die weltweit innovativsten Anbieter von Technologiel\u00f6sungen, die die Herausforderungen und Chancen der digitalen Transformation von Investment-Firmen, Privatbanken und Finanzberatern angehen.<\/p>\n<p>Ein Gremium von Analysten und Branchenexperten w\u00e4hlt die WealthTech100-Finalisten aus einer Liste von \u00fcber 1.200 Unternehmen aus. Smart Communications wurde gew\u00fcrdigt, weil seine innovative Cloud-Technologie wesentliche Probleme der Branche l\u00f6st, das Kundenerlebnis verbessert und f\u00fcr mehr Effizienz in der Wertsch\u00f6pfungskette der Finanzdienstleistungen sorgt.<\/p>\n<p>Mit der <a href=\"https:\/\/www.smartcommunications.com\/de\/conversation-cloud\/\">Conversation Cloud\u2122<\/a> Plattform von Smart Communications k\u00f6nnen Banken und Finanzdienstleister ihren Dialog mit Kunden, Beratern und Handelspartnern transformieren, um Marktanteile zu gewinnen und zugleich die Effizienz zu erh\u00f6hen und Compliance-Risiken zu mindern. Im Gegensatz zu anderen Unternehmen bietet Smart Communications L\u00f6sungen f\u00fcr das gesamte Kunden- und Beratererlebnis \u2013 von der Akquise \u00fcber das Onboarding bis hin zum Service. Verm\u00f6gensverwaltungs- und Investment-Firmen sind somit in der Lage, in der modernen digitalen, kundenorientierten Welt Erfolg zu haben, Prozesse zu vereinfachen und effizienter zu arbeiten. Das Unternehmen hat vor Kurzem eine neue L\u00f6sung auf den Markt gebracht, mit der Kunden hoch personalisierte, interaktive <a href=\"https:\/\/www.smartcommunications.com\/clientreporting\/\">Kundenberichte<\/a> erstellen k\u00f6nnen.<\/p>\n<p>\u201eDer Aufstieg von digitalen Vertriebskan\u00e4len und Online-Finanzprodukten hat Investment-Firmen und Finanzberatern neue Kundensegmente er\u00f6ffnet\u201c, sagte Richard Sachar, Global Director von FinTech. \u201eInfolgedessen werden Unternehmen, die nicht mit den neuesten Technologien und Innovationen mithalten, weniger wettbewerbsf\u00e4hig sein und im Laufe der Zeit Marktanteile verlieren. Die WealthTech100-Liste hilft wichtigen Entscheidungstr\u00e4gern der Branche beim Filtern der Anbieter auf dem Markt, da sie die f\u00fchrenden Unternehmen in Bereichen wie Kundenakquise, Finanzplanung, Portfoliomanagement und Online-Brokerage hervorhebt.\u201c<\/p>\n<p>\u201eWir freuen uns sehr, dass wir in die renommierte WealthTech100 Liste aufgenommen wurden. Sie w\u00fcrdigt die derzeit innovativsten Technologieunternehmen in der Finanzdienstleistungsbranche\u201c, sagte James Brown, CEO von Smart Communications. \u201eUnsere branchenf\u00fchrenden Cloud-Technologien erm\u00f6glichen unseren Kunden in der Verm\u00f6gensverwaltung und bei Privatbanken einen modernen Ansatz an personalisierten Kundenkonversationen. Diese bieten Skalierbarkeit auf Unternehmensebene bei den Kundenakquise-, Onboarding- und Kundenservice-Prozessen.\u201c<\/p>\n<p>Smart Communications wird seine L\u00f6sungen am 25.\u00a0Mai in Z\u00fcrich auf der Konferenz f\u00fcr <a href=\"https:\/\/www.arena-international.com\/pbs\">Private Banking and Wealth Management<\/a> sowie am 16.\/17.\u00a0Juni in New York bei der Veranstaltung <a href=\"https:\/\/conference.financial-planning.com\/invest\">FinancialPlanning INVEST<\/a> pr\u00e4sentieren.<\/p>\n<p>Eine komplette Liste der WealthTech100 sowie detaillierte Informationen zu allen Unternehmen k\u00f6nnen kostenlos auf <a href=\"https:\/\/eur02.safelinks.protection.outlook.com\/?url=http%3A%2F%2Fwww.wealthtech100.com%2F&amp;data=04%7C01%7Crpatterson%40SmartCommunications.com%7C1af26a1df98c4dddcdf808da1c9fb762%7C49c37f1af524491d8972a2ca439ac80f%7C0%7C0%7C637853769563003704%7CUnknown%7CTWFpbGZsb3d8eyJWIjoiMC4wLjAwMDAiLCJQIjoiV2luMzIiLCJBTiI6Ik1haWwiLCJXVCI6Mn0%3D%7C3000&amp;sdata=M4veJ7fro5PYoaOp0fwsTpVsGvK6VzYQ2E5T5uK4meU%3D&amp;reserved=0\">www.WealthTech100.com<\/a> heruntergeladen werden.<\/p>\n<p><strong>\u00dcber Smart Communications<\/strong><br \/>\nSmart Communications ist ein f\u00fchrendes Technologieunternehmen, das Unternehmen dabei unterst\u00fctzt, die Kundenkommunikation relevanter zu gestalten. Die Plattform <a href=\"https:\/\/www.smartcommunications.com\/de\/conversation-cloud\/\">Conversation Cloud\u2122<\/a> des Unternehmens bietet auf einzigartige Weise personalisierte Omnichannel-Konversationen \u00fcber das gesamte Kundenerlebnis hinweg. So k\u00f6nnen Unternehmen in der heutigen digitalen, kundenorientierten Welt erfolgreich sein und gleichzeitig Prozesse vereinfachen und effizienter gestalten. Smart Communications mit Hauptsitz in Gro\u00dfbritannien hat mehr als 650 Kunden und Niederlassungen in Nordamerika, Europa und Asien-Pazifik. Die Plattform Conversation Cloud umfasst die skalierbaren L\u00f6sungen f\u00fcr Kundenkommunikationsmanagement (CCM) von <a href=\"https:\/\/www.smartcommunications.com\/de\/produkte\/smartcomm\/\">SmartCOMM\u2122<\/a>, Funktionen f\u00fcr die Digitalisierung von Formularen durch <a href=\"https:\/\/www.smartcommunications.com\/de\/produkte\/smartiq\/\">SmartIQ\u2122<\/a> sowie die Fachkompetenz im Bereich Gesch\u00e4ftsdokumentation von <a href=\"https:\/\/www.smartcommunications.com\/de\/produkte\/smartdx\/\">SmartDX\u2122<\/a>. 2021 hat Smart Communications Assentis \u00fcbernommen, einen f\u00fchrenden europ\u00e4ischen Anbieter von Softwarel\u00f6sungen, der auf Kundenkommunikationsmanagement (CCM) mit Schwerpunkt Finanzdienstleistungsbranche spezialisiert ist. Mehr Informationen finden Sie unter <a href=\"https:\/\/www.smartcommunications.com\/de\">smartcommunications.com\/de.<\/a>[\/vc_column_text][divider line_type=&#8220;No Line&#8220; custom_height=&#8220;30&#8243;][\/vc_column][\/vc_row]\n","protected":false},"excerpt":{"rendered":"<p>[vc_row type=&#8220;in_container&#8220; full_screen_row_position=&#8220;middle&#8220; column_margin=&#8220;default&#8220; equal_height=&#8220;yes&#8220; column_direction=&#8220;default&#8220; column_direction_tablet=&#8220;default&#8220; column_direction_phone=&#8220;default&#8220; scene_position=&#8220;center&#8220; bottom_padding=&#8220;50&#8243; text_color=&#8220;custom&#8220; custom_text_color=&#8220;#969696&#8243; text_align=&#8220;left&#8220; row_border_radius=&#8220;none&#8220; row_border_radius_applies=&#8220;bg&#8220; overflow=&#8220;visible&#8220; overlay_strength=&#8220;0.3&#8243; gradient_direction=&#8220;left_to_right&#8220; shape_divider_position=&#8220;bottom&#8220; bg_image_animation=&#8220;none&#8220;][vc_column column_padding=&#8220;no-extra-padding&#8220; column_padding_tablet=&#8220;inherit&#8220; column_padding_phone=&#8220;inherit&#8220; column_padding_position=&#8220;all&#8220; column_element_spacing=&#8220;default&#8220; background_color=&#8220;#ffffff&#8220; background_color_opacity=&#8220;1&#8243; background_hover_color_opacity=&#8220;1&#8243; column_shadow=&#8220;none&#8220; column_border_radius=&#8220;none&#8220;&#8230;<\/p>\n","protected":false},"author":35,"featured_media":49419,"parent":43564,"menu_order":72,"comment_status":"closed","ping_status":"closed","template":"","meta":{"_acf_changed":false,"footnotes":""},"class_list":["post-46593","page","type-page","status-publish","has-post-thumbnail"],"acf":[],"yoast_head":"<!-- This site is optimized with the Yoast SEO plugin v27.0 - https:\/\/yoast.com\/product\/yoast-seo-wordpress\/ -->\n<title>Pressemitteilung | Smart Communications in die WealthTech100 Liste aufgenommen<\/title>\n<meta name=\"description\" content=\"Smart Communications wurde von WealthTech100 daf\u00fcr ausgezeichnet, Finanzdienstleistern einen modernen Ansatz f\u00fcr die Kundenkommunikation zu erm\u00f6glichen.\" \/>\n<meta name=\"robots\" content=\"noindex, nofollow\" \/>\n<meta property=\"og:locale\" content=\"de_DE\" \/>\n<meta property=\"og:type\" content=\"article\" \/>\n<meta property=\"og:title\" content=\"Pressemitteilung | Smart Communications in die WealthTech100 Liste aufgenommen\" \/>\n<meta property=\"og:description\" content=\"Smart Communications wurde von WealthTech100 daf\u00fcr ausgezeichnet, Finanzdienstleistern einen modernen Ansatz f\u00fcr die Kundenkommunikation zu erm\u00f6glichen.\" \/>\n<meta property=\"og:url\" content=\"https:\/\/www.smartcommunications.com\/de\/pressemeldungen\/smart-communications-in-2022-wealthtech100-innovativer-tech-unternehmen-fuer-banken-und-vermoegensverwalter-gelistet\/\" \/>\n<meta property=\"og:site_name\" content=\"Smart Communications\" \/>\n<meta property=\"article:modified_time\" content=\"2023-11-13T10:31:10+00:00\" \/>\n<meta property=\"og:image\" content=\"https:\/\/www.smartcommunications.com\/wp-content\/uploads\/022_DACH_PR-Announcement_generic.jpg\" \/>\n\t<meta property=\"og:image:width\" content=\"1200\" \/>\n\t<meta property=\"og:image:height\" content=\"628\" \/>\n\t<meta property=\"og:image:type\" content=\"image\/jpeg\" \/>\n<meta name=\"twitter:card\" content=\"summary_large_image\" \/>\n<meta name=\"twitter:image\" content=\"https:\/\/www.smartcommunications.com\/wp-content\/uploads\/021_social_PressReleaseAnnouncement_Twitter_1024x512_V3_Option-3.png\" \/>\n<meta name=\"twitter:site\" content=\"@CCMInnovators\" \/>\n<meta name=\"twitter:label1\" content=\"Gesch\u00e4tzte Lesezeit\" \/>\n\t<meta name=\"twitter:data1\" content=\"3\u00a0Minuten\" \/>\n<!-- \/ Yoast SEO plugin. -->","yoast_head_json":{"title":"Pressemitteilung | Smart Communications in die WealthTech100 Liste aufgenommen","description":"Smart Communications wurde von WealthTech100 daf\u00fcr ausgezeichnet, Finanzdienstleistern einen modernen Ansatz f\u00fcr die Kundenkommunikation zu erm\u00f6glichen.","robots":{"index":"noindex","follow":"nofollow"},"og_locale":"de_DE","og_type":"article","og_title":"Pressemitteilung | Smart Communications in die WealthTech100 Liste aufgenommen","og_description":"Smart Communications wurde von WealthTech100 daf\u00fcr ausgezeichnet, Finanzdienstleistern einen modernen Ansatz f\u00fcr die Kundenkommunikation zu erm\u00f6glichen.","og_url":"https:\/\/www.smartcommunications.com\/de\/pressemeldungen\/smart-communications-in-2022-wealthtech100-innovativer-tech-unternehmen-fuer-banken-und-vermoegensverwalter-gelistet\/","og_site_name":"Smart Communications","article_modified_time":"2023-11-13T10:31:10+00:00","og_image":[{"width":1200,"height":628,"url":"https:\/\/www.smartcommunications.com\/wp-content\/uploads\/022_DACH_PR-Announcement_generic.jpg","type":"image\/jpeg"}],"twitter_card":"summary_large_image","twitter_image":"https:\/\/www.smartcommunications.com\/wp-content\/uploads\/021_social_PressReleaseAnnouncement_Twitter_1024x512_V3_Option-3.png","twitter_site":"@CCMInnovators","twitter_misc":{"Gesch\u00e4tzte Lesezeit":"3\u00a0Minuten"},"schema":{"@context":"https:\/\/schema.org","@graph":[{"@type":"WebPage","@id":"https:\/\/www.smartcommunications.com\/de\/pressemeldungen\/smart-communications-in-2022-wealthtech100-innovativer-tech-unternehmen-fuer-banken-und-vermoegensverwalter-gelistet\/","url":"https:\/\/www.smartcommunications.com\/de\/pressemeldungen\/smart-communications-in-2022-wealthtech100-innovativer-tech-unternehmen-fuer-banken-und-vermoegensverwalter-gelistet\/","name":"Pressemitteilung | Smart Communications in die WealthTech100 Liste aufgenommen","isPartOf":{"@id":"https:\/\/www.smartcommunications.com\/#website"},"primaryImageOfPage":{"@id":"https:\/\/www.smartcommunications.com\/de\/pressemeldungen\/smart-communications-in-2022-wealthtech100-innovativer-tech-unternehmen-fuer-banken-und-vermoegensverwalter-gelistet\/#primaryimage"},"image":{"@id":"https:\/\/www.smartcommunications.com\/de\/pressemeldungen\/smart-communications-in-2022-wealthtech100-innovativer-tech-unternehmen-fuer-banken-und-vermoegensverwalter-gelistet\/#primaryimage"},"thumbnailUrl":"https:\/\/www.smartcommunications.com\/wp-content\/uploads\/022_DACH_PR-Announcement_generic.jpg","datePublished":"2022-08-23T20:41:07+00:00","dateModified":"2023-11-13T10:31:10+00:00","description":"Smart Communications wurde von WealthTech100 daf\u00fcr ausgezeichnet, Finanzdienstleistern einen modernen Ansatz f\u00fcr die Kundenkommunikation zu erm\u00f6glichen.","breadcrumb":{"@id":"https:\/\/www.smartcommunications.com\/de\/pressemeldungen\/smart-communications-in-2022-wealthtech100-innovativer-tech-unternehmen-fuer-banken-und-vermoegensverwalter-gelistet\/#breadcrumb"},"inLanguage":"de","potentialAction":[{"@type":"ReadAction","target":["https:\/\/www.smartcommunications.com\/de\/pressemeldungen\/smart-communications-in-2022-wealthtech100-innovativer-tech-unternehmen-fuer-banken-und-vermoegensverwalter-gelistet\/"]}]},{"@type":"ImageObject","inLanguage":"de","@id":"https:\/\/www.smartcommunications.com\/de\/pressemeldungen\/smart-communications-in-2022-wealthtech100-innovativer-tech-unternehmen-fuer-banken-und-vermoegensverwalter-gelistet\/#primaryimage","url":"https:\/\/www.smartcommunications.com\/wp-content\/uploads\/022_DACH_PR-Announcement_generic.jpg","contentUrl":"https:\/\/www.smartcommunications.com\/wp-content\/uploads\/022_DACH_PR-Announcement_generic.jpg","width":1200,"height":628,"caption":"German Press Release Tile"},{"@type":"BreadcrumbList","@id":"https:\/\/www.smartcommunications.com\/de\/pressemeldungen\/smart-communications-in-2022-wealthtech100-innovativer-tech-unternehmen-fuer-banken-und-vermoegensverwalter-gelistet\/#breadcrumb","itemListElement":[{"@type":"ListItem","position":1,"name":"Home","item":"https:\/\/www.smartcommunications.com\/de\/"},{"@type":"ListItem","position":2,"name":"Press Releases","item":"https:\/\/www.smartcommunications.com\/de\/pressemeldungen\/"},{"@type":"ListItem","position":3,"name":"Smart Communications in die 2022\u00a0WealthTech100 Liste innovativer Tech-Unternehmen, die die Banken- und Verm\u00f6gensverwaltungsbranche transformieren, aufgenommen"}]},{"@type":"WebSite","@id":"https:\/\/www.smartcommunications.com\/#website","url":"https:\/\/www.smartcommunications.com\/","name":"Smart Communications","description":"Customer Communication Management Software","publisher":{"@id":"https:\/\/www.smartcommunications.com\/#organization"},"alternateName":"Smart Communications","inLanguage":"de"},{"@type":"Organization","@id":"https:\/\/www.smartcommunications.com\/#organization","name":"Smart Communications","alternateName":"Smart Communications","url":"https:\/\/www.smartcommunications.com\/","logo":{"@type":"ImageObject","inLanguage":"de","@id":"https:\/\/www.smartcommunications.com\/#\/schema\/logo\/image\/","url":"https:\/\/www.smartcommunications.com\/wp-content\/uploads\/2017\/03\/Nav_logo_color_hires.png","contentUrl":"https:\/\/www.smartcommunications.com\/wp-content\/uploads\/2017\/03\/Nav_logo_color_hires.png","width":415,"height":140,"caption":"Smart Communications"},"image":{"@id":"https:\/\/www.smartcommunications.com\/#\/schema\/logo\/image\/"},"sameAs":["https:\/\/x.com\/CCMInnovators","https:\/\/www.linkedin.com\/company\/smart-communications.\/"]}]}},"_links":{"self":[{"href":"https:\/\/www.smartcommunications.com\/de\/wp-json\/wp\/v2\/pages\/46593","targetHints":{"allow":["GET"]}}],"collection":[{"href":"https:\/\/www.smartcommunications.com\/de\/wp-json\/wp\/v2\/pages"}],"about":[{"href":"https:\/\/www.smartcommunications.com\/de\/wp-json\/wp\/v2\/types\/page"}],"author":[{"embeddable":true,"href":"https:\/\/www.smartcommunications.com\/de\/wp-json\/wp\/v2\/users\/35"}],"replies":[{"embeddable":true,"href":"https:\/\/www.smartcommunications.com\/de\/wp-json\/wp\/v2\/comments?post=46593"}],"version-history":[{"count":0,"href":"https:\/\/www.smartcommunications.com\/de\/wp-json\/wp\/v2\/pages\/46593\/revisions"}],"up":[{"embeddable":true,"href":"https:\/\/www.smartcommunications.com\/de\/wp-json\/wp\/v2\/pages\/43564"}],"wp:featuredmedia":[{"embeddable":true,"href":"https:\/\/www.smartcommunications.com\/de\/wp-json\/wp\/v2\/media\/49419"}],"wp:attachment":[{"href":"https:\/\/www.smartcommunications.com\/de\/wp-json\/wp\/v2\/media?parent=46593"}],"curies":[{"name":"wp","href":"https:\/\/api.w.org\/{rel}","templated":true}]}}