{"id":45151,"date":"2022-02-08T14:45:40","date_gmt":"2022-02-08T18:45:40","guid":{"rendered":"https:\/\/www.smartcommunications.com\/?page_id=45151"},"modified":"2023-04-14T07:34:08","modified_gmt":"2023-04-14T11:34:08","slug":"smart-communications-und-onespan-geben-partnerschaft-zur-wertsteigerung-der-kundenkonversationen-durch-integration-elektronischer-signaturen-bekannt","status":"publish","type":"page","link":"https:\/\/www.smartcommunications.com\/de\/smart-communications-und-onespan-geben-partnerschaft-zur-wertsteigerung-der-kundenkonversationen-durch-integration-elektronischer-signaturen-bekannt\/","title":{"rendered":"Smart Communications und OneSpan geben Partnerschaft zur Wertsteigerung der Kundenkonversationen durch Integration elektronischer Signaturen bekannt"},"content":{"rendered":"[vc_row type=&#8220;in_container&#8220; full_screen_row_position=&#8220;middle&#8220; column_margin=&#8220;default&#8220; column_direction=&#8220;default&#8220; column_direction_tablet=&#8220;default&#8220; column_direction_phone=&#8220;default&#8220; scene_position=&#8220;center&#8220; text_color=&#8220;dark&#8220; text_align=&#8220;left&#8220; row_border_radius=&#8220;none&#8220; row_border_radius_applies=&#8220;bg&#8220; overflow=&#8220;visible&#8220; overlay_strength=&#8220;0.3&#8243; gradient_direction=&#8220;left_to_right&#8220; shape_divider_position=&#8220;bottom&#8220; bg_image_animation=&#8220;none&#8220;][vc_column column_padding=&#8220;no-extra-padding&#8220; column_padding_tablet=&#8220;inherit&#8220; column_padding_phone=&#8220;inherit&#8220; column_padding_position=&#8220;all&#8220; column_element_spacing=&#8220;default&#8220; background_color_opacity=&#8220;1&#8243; background_hover_color_opacity=&#8220;1&#8243; column_shadow=&#8220;none&#8220; column_border_radius=&#8220;none&#8220; column_link_target=&#8220;_self&#8220; column_position=&#8220;default&#8220; gradient_direction=&#8220;left_to_right&#8220; overlay_strength=&#8220;0.3&#8243; width=&#8220;1\/1&#8243; tablet_width_inherit=&#8220;default&#8220; tablet_text_alignment=&#8220;default&#8220; phone_text_alignment=&#8220;default&#8220; animation_type=&#8220;default&#8220; bg_image_animation=&#8220;none&#8220; border_type=&#8220;simple&#8220; column_border_width=&#8220;none&#8220; column_border_style=&#8220;solid&#8220;][divider line_type=&#8220;Small Line&#8220; line_alignment=&#8220;default&#8220; line_thickness=&#8220;7&#8243; divider_color=&#8220;accent-color&#8220; animate=&#8220;yes&#8220; custom_height=&#8220;20&#8243;][divider line_type=&#8220;No Line&#8220; custom_height=&#8220;10&#8243;][vc_column_text css_animation=&#8220;top-to-bottom&#8220;]\r\n<h2>Gemeinsame Kunden profitieren von attraktiveren Kundenerlebnissen und optimierten Abl\u00e4ufen<\/h2>\r\n[\/vc_column_text][divider line_type=&#8220;No Line&#8220; custom_height=&#8220;25&#8243;][vc_column_text]\r\n<p><strong>LONDON und NEW YORK, Februar 08, 2022 <\/strong>\u00a0&#8212; <a href=\"https:\/\/www.smartcommunications.com\/de\" target=\"_blank\" rel=\"noreferrer noopener\">Smart Communications&#x2122;<\/a>, ein f\u00fchrendes Technologieunternehmen, das Unternehmen dabei unterst\u00fctzt, aussagekr\u00e4ftigere Kundenkonversationen zu f\u00fchren, und <a href=\"https:\/\/www.onespan.com\/de\">OneSpan<\/a>, ein weltweit f\u00fchrender Anbieter im Bereich digitaler Identit\u00e4t und elektronischer Signaturen, geben heute ihre Kooperation bekannt. Im Rahmen der Partnerschaft wird die E-Signatur-L\u00f6sung OneSpan Sign zur Optimierung der <a href=\"https:\/\/www.smartcommunications.com\/conversation-cloud\/\">Smart Communications Conversation Cloud<\/a> TM-Plattform integriert. Diese Integration steigert die betriebliche Effizienz und verbessert das Kundenerlebnis. Durch die Rationalisierung der digitalen Vertragsprozesse erzielen gemeinsame Kunden eine h\u00f6here Kundenzufriedenheit und h\u00f6here Abschlussraten. Die Zeit bis zur Umsatzerzielung wird verk\u00fcrzt, w\u00e4hrend zugleich ein Compliance-Nachweis erbracht wird.<\/p>\r\n<p>Kunden sind zunehmend bereit, \u00fcber eine Vielzahl digitaler Kan\u00e4le wie E-Mail, SMS und In-App-Nachrichten mit Unternehmen in Kontakt zu treten. Unternehmen m\u00fcssen ihre Strategien weiterentwickeln, um eine sichere digitale Kundenkommunikation in einer zunehmend papierlosen Welt zu unterst\u00fctzen. Durch die Integration von OneSpan Sign in <a href=\"https:\/\/www.smartcommunications.com\/products\/\">Smart Communications-L\u00f6sungen<\/a> k\u00f6nnen Unternehmen Kundeninformationen \u00fcber intelligente, interview\u00e4hnliche digitale Formulare erfassen, einfach zu pr\u00fcfende, personalisierte und gesetzeskonforme Dokumente erstellen und Unterschriften in Echtzeit durch die Digitalisierung des Unterzeichnungsworkflows erleichtern.<\/p>\r\n<p>Durch die Integration von Smart Communications und OneSpan Sign werden inhaltsorientierte Arbeitsabl\u00e4ufe ver\u00e4ndert, um eine deutliche Kapitalrendite (ROI) zu erzielen:<\/p>\r\n<ul>\r\n<li>Reibungslose digitale Erlebnisse, die die Kundenzufriedenheit verbessern und zu h\u00f6heren Abschlussraten f\u00fchren<\/li>\r\n<li>Geringere Fehlerquote, NIGO-Raten und Ausgaben durch die Reduzierung von Papier-, Druck- und Versandkosten<\/li>\r\n<li>Das weltweit strengste Pr\u00fcfprotokoll zum Nachweis von Compliance<\/li>\r\n<\/ul>\r\n<p>Die Partnerschaft unterst\u00fctzt Unternehmen &#8211; insbesondere in reglementierten Branchen wie dem Versicherungs-, Finanzdienstleistungs- und Gesundheitswesen &#8211; bei der Optimierung von Prozessen und Arbeitsabl\u00e4ufen f\u00fcr die Vertragsunterzeichnung:<\/p>\r\n<ul>\r\n<li><a href=\"https:\/\/www.smartcommunications.com\/industry-solutions\/insurance\/\">Versicherungen<\/a> &#8211; Beschleunigung des Online-Abschlusses von Policen durch die Digitalisierung der Schadensaufnahme und -abwicklung<\/li>\r\n<li><a href=\"https:\/\/www.smartcommunications.com\/industry-solutions\/financial-services\/\">Finanzdienstleistungen<\/a> &#8211; Modernisierung von Kontoer\u00f6ffnungen und Kreditvergabe sowie Serviceleistungen f\u00fcr bestehende Kunden zur Verk\u00fcrzung von Vertriebs- und Reaktionszyklen<\/li>\r\n<li><a href=\"https:\/\/www.smartcommunications.com\/industry-solutions\/healthcare\/\">Gesundheitswesen<\/a> &#8211; Rationalisierung der Anmeldung von Gruppenleistungen, der Aufnahme von Patienten und der Einverst\u00e4ndniserkl\u00e4rungen f\u00fcr Patienten<\/li>\r\n<\/ul>\r\n<p>Neben einer einfach zu bedienenden Benutzeroberfl\u00e4che bietet die L\u00f6sung von Smart Communications Banken einzigartige Informationen und Einblicke in Kunden- und Beraterinteressen. Auf diese Weise k\u00f6nnen Banken ihren Kundenservice und ihr Produktangebot vertiefen sowie M\u00f6glichkeiten f\u00fcr Cross-Selling, Up-Selling und Kundenbindung identifizieren, w\u00e4hrend sie gleichzeitig die betriebliche Effizienz verbessern und Risiken im Zusammenhang mit manuellen Prozessen reduzieren.<\/p>\r\n<p>\u201eDie Ausrichtung von OneSpan auf die Erstellung vertrauensw\u00fcrdiger Vereinbarungen passt perfekt zu unserem Anspruch, unseren Kunden intelligente Konversationserlebnisse zu erm\u00f6glichen, die Abl\u00e4ufe rationalisieren und gleichzeitig strenge Sicherheits- und Compliance-Standards einhalten\u201c, so Dave Towers, Chief Revenue Officer von Smart Communications. \u201eDiese nahtlose und sichere Nutzererfahrung, die das Risiko von Dokumentenfehlern eliminiert, ist entscheidend f\u00fcr den Erhalt des Kundenvertrauens und der Unternehmensintegrit\u00e4t, wovon alle unsere gemeinsamen Kunden profitieren, insbesondere diejenigen in der Banken- und Versicherungsbranche.\u201c<\/p>\r\n<p>\u201eKlobige und komplexe Formulare verursachen unn\u00f6tige Reibungsverluste bei digitalen Vertragsprozessen\u201c, so John Gunn, Chief Revenue Officer von OneSpan. \u201eDie Modernisierung von Formularen ist der Schl\u00fcssel zur Minimierung von Reibungsverlusten bei der Akquisition neuer Kunden. Unsere Partnerschaft mit Smart Communications erm\u00f6glicht es unseren gemeinsamen Kunden, schnellere und intelligentere Formulare zu erstellen, die einfach auszuf\u00fcllen sind, bevor sie elektronisch signiert werden.\u201c<\/p>\r\n<p>Weitere Informationen finden Sie unter: <a href=\"https:\/\/www.onespan.com\/integrations\/smartcommunications\">https:\/\/www.onespan.com\/integrations\/smartcommunications<\/a><\/p>\r\n\r\n<p><strong>\u00dcber Smart Communications<\/strong><\/p>\r\n<p data-pm-slice=\"1 1 []\">Smart Communications ist ein f\u00fchrendes Technologieunternehmen, das Unternehmen dabei unterst\u00fctzt, die Kundenkommunikation relevanter zu gestalten. Die Plattform <a href=\"https:\/\/www.smartcommunications.com\/conversation-cloud\/\">Conversation Cloud<\/a>&#x2122;&#xfe0f; des Unternehmens bietet auf einzigartige Weise personalisierte, Omnichannel-Konversationen \u00fcber das gesamte Kundenerlebnis hinweg. So k\u00f6nnen Unternehmen in der heutigen digitalen, kundenorientierten Welt erfolgreich sein und gleichzeitig Prozesse vereinfachen und effizienter gestalten. Smart Communications mit Hauptsitz in Gro\u00dfbritannien hat mehr als 650 Kunden und Niederlassungen in Nordamerika, Europa und Asien-Pazifik. Die Plattform Conversation Cloud von Smart Communications umfasst die skalierbaren L\u00f6sungen f\u00fcr Kundenkommunikationsmanagement (CCM) von <a href=\"https:\/\/www.smartcommunications.com\/products\/smartcomm\/\">SmartCOMM<\/a>&#x2122;&#xfe0f;, Funktionen f\u00fcr die Digialisierung von Formularen durch <a href=\"https:\/\/www.smartcommunications.com\/products\/smartiq\">SmartIQ<\/a>&#x2122;&#xfe0f; sowie die Fachkompetenz im Bereich Gesch\u00e4ftsdokumentation von <a href=\"https:\/\/www.smartcommunications.com\/products\/smartdx\/\">SmartDX<\/a>&#x2122;&#xfe0f;. 2021 hat Smart Communications Assentis \u00fcbernommen, einen f\u00fchrenden europ\u00e4ischen Anbieter von Softwarel\u00f6sungen, der auf Kundenkommunikationsmanagement (CCM) mit Schwerpunkt Finanzdienstleistungsbranche spezialisiert ist. Weitere Informationen finden Sie unter <a href=\"https:\/\/www.smartcommunications.com\/de\">smartcommunications.com\/de<\/a>.<\/p>\r\n<p><strong>\u00dcber OneSpan<\/strong><\/p>\r\n<p>Onespan ist einer der weltweit f\u00fchrenden L\u00f6sungsanbieter f\u00fcr den Bereich intelligente Betrugsabwehr. Ziel des Unternehmens ist es Vertrauen rund um die Identit\u00e4ten der Menschen, die von ihnen verwendeten Ger\u00e4te sowie die von ihnen durchgef\u00fchrten Transaktionen zu schaffen. Die Sicherheitsl\u00f6sungen von OneSpan kommen bei \u00fcber der H\u00e4lfte der 100 weltweit f\u00fchrenden Banken und Tausenden von Finanzinstituten in aller Welt zum Einsatz und sorgen dort f\u00fcr eine erhebliche Reduktion von betr\u00fcgerischen digitalen Transaktionen und f\u00fcr die Einhaltung gesetzlicher Vorschriften. Ganz gleich, ob es um die Automatisierung von Vertr\u00e4gen mit Identit\u00e4ts\u00fcberpr\u00fcfung und elektronischen Unterschriften, die Reduzierung von Betrug durch fortschrittliche Analysen oder die transparente Absicherung von Finanztransaktionen geht: OneSpan tr\u00e4gt dazu bei, die Kosten zu senken, die Kundenakquise zu beschleunigen und gleichzeitig das Benutzererlebnis zu verbessern.<\/p>\r\n<p>Erfahren Sie mehr unter <a href=\"https:\/\/www.onespan.com\/de\">Onespan.com\/de<\/a><\/p>\r\n<p>&nbsp;<\/p>\r\n<p data-pm-slice=\"1 1 []\"><\/p>\r\n<p>&nbsp;<\/p>\r\n[\/vc_column_text][divider line_type=&#8220;No Line&#8220; custom_height=&#8220;30&#8243;][\/vc_column][\/vc_row]","protected":false},"excerpt":{"rendered":"<p>[vc_row type=&#8220;in_container&#8220; full_screen_row_position=&#8220;middle&#8220; column_margin=&#8220;default&#8220; column_direction=&#8220;default&#8220; column_direction_tablet=&#8220;default&#8220; column_direction_phone=&#8220;default&#8220; scene_position=&#8220;center&#8220; text_color=&#8220;dark&#8220; text_align=&#8220;left&#8220; row_border_radius=&#8220;none&#8220; row_border_radius_applies=&#8220;bg&#8220; overflow=&#8220;visible&#8220; overlay_strength=&#8220;0.3&#8243; gradient_direction=&#8220;left_to_right&#8220; shape_divider_position=&#8220;bottom&#8220; bg_image_animation=&#8220;none&#8220;][vc_column column_padding=&#8220;no-extra-padding&#8220; column_padding_tablet=&#8220;inherit&#8220; column_padding_phone=&#8220;inherit&#8220; column_padding_position=&#8220;all&#8220; column_element_spacing=&#8220;default&#8220; background_color_opacity=&#8220;1&#8243; background_hover_color_opacity=&#8220;1&#8243; column_shadow=&#8220;none&#8220; column_border_radius=&#8220;none&#8220; column_link_target=&#8220;_self&#8220; column_position=&#8220;default&#8220; gradient_direction=&#8220;left_to_right&#8220; overlay_strength=&#8220;0.3&#8243;&#8230;<\/p>\n","protected":false},"author":35,"featured_media":0,"parent":0,"menu_order":116,"comment_status":"closed","ping_status":"closed","template":"","meta":{"_acf_changed":false,"footnotes":""},"class_list":["post-45151","page","type-page","status-publish"],"acf":[],"yoast_head":"<!-- This site is optimized with the Yoast SEO plugin v27.0 - https:\/\/yoast.com\/product\/yoast-seo-wordpress\/ -->\n<title>Smart Communications und OneSpan geben Partnerschaft zur Wertsteigerung der Kundenkonversationen durch Integration elektronischer Signaturen bekannt - Smart Communications<\/title>\n<meta name=\"robots\" content=\"index, follow, max-snippet:-1, max-image-preview:large, max-video-preview:-1\" \/>\n<link rel=\"canonical\" href=\"https:\/\/www.smartcommunications.com\/de\/smart-communications-und-onespan-geben-partnerschaft-zur-wertsteigerung-der-kundenkonversationen-durch-integration-elektronischer-signaturen-bekannt\/\" \/>\n<meta property=\"og:locale\" content=\"de_DE\" \/>\n<meta property=\"og:type\" content=\"article\" \/>\n<meta property=\"og:title\" content=\"Smart Communications und OneSpan geben Partnerschaft zur Wertsteigerung der Kundenkonversationen durch Integration elektronischer Signaturen bekannt - Smart Communications\" \/>\n<meta property=\"og:description\" content=\"[vc_row type=&#8220;in_container&#8220; full_screen_row_position=&#8220;middle&#8220; column_margin=&#8220;default&#8220; column_direction=&#8220;default&#8220; column_direction_tablet=&#8220;default&#8220; column_direction_phone=&#8220;default&#8220; scene_position=&#8220;center&#8220; text_color=&#8220;dark&#8220; text_align=&#8220;left&#8220; row_border_radius=&#8220;none&#8220; row_border_radius_applies=&#8220;bg&#8220; overflow=&#8220;visible&#8220; overlay_strength=&#8220;0.3&#8243; gradient_direction=&#8220;left_to_right&#8220; shape_divider_position=&#8220;bottom&#8220; bg_image_animation=&#8220;none&#8220;][vc_column column_padding=&#8220;no-extra-padding&#8220; column_padding_tablet=&#8220;inherit&#8220; column_padding_phone=&#8220;inherit&#8220; column_padding_position=&#8220;all&#8220; column_element_spacing=&#8220;default&#8220; background_color_opacity=&#8220;1&#8243; background_hover_color_opacity=&#8220;1&#8243; column_shadow=&#8220;none&#8220; column_border_radius=&#8220;none&#8220; column_link_target=&#8220;_self&#8220; column_position=&#8220;default&#8220; gradient_direction=&#8220;left_to_right&#8220; overlay_strength=&#8220;0.3&#8243;...\" \/>\n<meta property=\"og:url\" content=\"https:\/\/www.smartcommunications.com\/de\/smart-communications-und-onespan-geben-partnerschaft-zur-wertsteigerung-der-kundenkonversationen-durch-integration-elektronischer-signaturen-bekannt\/\" \/>\n<meta property=\"og:site_name\" content=\"Smart Communications\" \/>\n<meta property=\"article:modified_time\" content=\"2023-04-14T11:34:08+00:00\" \/>\n<meta property=\"og:image\" content=\"https:\/\/www.smartcommunications.com\/wp-content\/uploads\/Generic-Smart-Media-Card-blueBG.png\" \/>\n\t<meta property=\"og:image:width\" content=\"725\" \/>\n\t<meta property=\"og:image:height\" content=\"358\" \/>\n\t<meta property=\"og:image:type\" content=\"image\/png\" \/>\n<meta name=\"twitter:card\" content=\"summary_large_image\" \/>\n<meta name=\"twitter:site\" content=\"@CCMInnovators\" \/>\n<meta name=\"twitter:label1\" content=\"Gesch\u00e4tzte Lesezeit\" \/>\n\t<meta name=\"twitter:data1\" content=\"4\u00a0Minuten\" \/>\n<!-- \/ Yoast SEO plugin. -->","yoast_head_json":{"title":"Smart Communications und OneSpan geben Partnerschaft zur Wertsteigerung der Kundenkonversationen durch Integration elektronischer Signaturen bekannt - Smart Communications","robots":{"index":"index","follow":"follow","max-snippet":"max-snippet:-1","max-image-preview":"max-image-preview:large","max-video-preview":"max-video-preview:-1"},"canonical":"https:\/\/www.smartcommunications.com\/de\/smart-communications-und-onespan-geben-partnerschaft-zur-wertsteigerung-der-kundenkonversationen-durch-integration-elektronischer-signaturen-bekannt\/","og_locale":"de_DE","og_type":"article","og_title":"Smart Communications und OneSpan geben Partnerschaft zur Wertsteigerung der Kundenkonversationen durch Integration elektronischer Signaturen bekannt - Smart Communications","og_description":"[vc_row type=&#8220;in_container&#8220; full_screen_row_position=&#8220;middle&#8220; column_margin=&#8220;default&#8220; column_direction=&#8220;default&#8220; column_direction_tablet=&#8220;default&#8220; column_direction_phone=&#8220;default&#8220; scene_position=&#8220;center&#8220; text_color=&#8220;dark&#8220; text_align=&#8220;left&#8220; row_border_radius=&#8220;none&#8220; row_border_radius_applies=&#8220;bg&#8220; overflow=&#8220;visible&#8220; overlay_strength=&#8220;0.3&#8243; gradient_direction=&#8220;left_to_right&#8220; shape_divider_position=&#8220;bottom&#8220; bg_image_animation=&#8220;none&#8220;][vc_column column_padding=&#8220;no-extra-padding&#8220; column_padding_tablet=&#8220;inherit&#8220; column_padding_phone=&#8220;inherit&#8220; column_padding_position=&#8220;all&#8220; column_element_spacing=&#8220;default&#8220; background_color_opacity=&#8220;1&#8243; background_hover_color_opacity=&#8220;1&#8243; column_shadow=&#8220;none&#8220; column_border_radius=&#8220;none&#8220; column_link_target=&#8220;_self&#8220; column_position=&#8220;default&#8220; gradient_direction=&#8220;left_to_right&#8220; overlay_strength=&#8220;0.3&#8243;...","og_url":"https:\/\/www.smartcommunications.com\/de\/smart-communications-und-onespan-geben-partnerschaft-zur-wertsteigerung-der-kundenkonversationen-durch-integration-elektronischer-signaturen-bekannt\/","og_site_name":"Smart Communications","article_modified_time":"2023-04-14T11:34:08+00:00","og_image":[{"width":725,"height":358,"url":"https:\/\/www.smartcommunications.com\/wp-content\/uploads\/Generic-Smart-Media-Card-blueBG.png","type":"image\/png"}],"twitter_card":"summary_large_image","twitter_site":"@CCMInnovators","twitter_misc":{"Gesch\u00e4tzte Lesezeit":"4\u00a0Minuten"},"schema":{"@context":"https:\/\/schema.org","@graph":[{"@type":"WebPage","@id":"https:\/\/www.smartcommunications.com\/de\/smart-communications-und-onespan-geben-partnerschaft-zur-wertsteigerung-der-kundenkonversationen-durch-integration-elektronischer-signaturen-bekannt\/","url":"https:\/\/www.smartcommunications.com\/de\/smart-communications-und-onespan-geben-partnerschaft-zur-wertsteigerung-der-kundenkonversationen-durch-integration-elektronischer-signaturen-bekannt\/","name":"Smart Communications und OneSpan geben Partnerschaft zur Wertsteigerung der Kundenkonversationen durch Integration elektronischer Signaturen bekannt - Smart Communications","isPartOf":{"@id":"https:\/\/www.smartcommunications.com\/#website"},"datePublished":"2022-02-08T18:45:40+00:00","dateModified":"2023-04-14T11:34:08+00:00","breadcrumb":{"@id":"https:\/\/www.smartcommunications.com\/de\/smart-communications-und-onespan-geben-partnerschaft-zur-wertsteigerung-der-kundenkonversationen-durch-integration-elektronischer-signaturen-bekannt\/#breadcrumb"},"inLanguage":"de","potentialAction":[{"@type":"ReadAction","target":["https:\/\/www.smartcommunications.com\/de\/smart-communications-und-onespan-geben-partnerschaft-zur-wertsteigerung-der-kundenkonversationen-durch-integration-elektronischer-signaturen-bekannt\/"]}]},{"@type":"BreadcrumbList","@id":"https:\/\/www.smartcommunications.com\/de\/smart-communications-und-onespan-geben-partnerschaft-zur-wertsteigerung-der-kundenkonversationen-durch-integration-elektronischer-signaturen-bekannt\/#breadcrumb","itemListElement":[{"@type":"ListItem","position":1,"name":"Home","item":"https:\/\/www.smartcommunications.com\/de\/"},{"@type":"ListItem","position":2,"name":"Smart Communications und OneSpan geben Partnerschaft zur Wertsteigerung der Kundenkonversationen durch Integration elektronischer Signaturen bekannt"}]},{"@type":"WebSite","@id":"https:\/\/www.smartcommunications.com\/#website","url":"https:\/\/www.smartcommunications.com\/","name":"Smart Communications","description":"Customer Communication Management Software","publisher":{"@id":"https:\/\/www.smartcommunications.com\/#organization"},"alternateName":"Smart Communications","inLanguage":"de"},{"@type":"Organization","@id":"https:\/\/www.smartcommunications.com\/#organization","name":"Smart Communications","alternateName":"Smart Communications","url":"https:\/\/www.smartcommunications.com\/","logo":{"@type":"ImageObject","inLanguage":"de","@id":"https:\/\/www.smartcommunications.com\/#\/schema\/logo\/image\/","url":"https:\/\/www.smartcommunications.com\/wp-content\/uploads\/2017\/03\/Nav_logo_color_hires.png","contentUrl":"https:\/\/www.smartcommunications.com\/wp-content\/uploads\/2017\/03\/Nav_logo_color_hires.png","width":415,"height":140,"caption":"Smart Communications"},"image":{"@id":"https:\/\/www.smartcommunications.com\/#\/schema\/logo\/image\/"},"sameAs":["https:\/\/x.com\/CCMInnovators","https:\/\/www.linkedin.com\/company\/smart-communications.\/"]}]}},"_links":{"self":[{"href":"https:\/\/www.smartcommunications.com\/de\/wp-json\/wp\/v2\/pages\/45151","targetHints":{"allow":["GET"]}}],"collection":[{"href":"https:\/\/www.smartcommunications.com\/de\/wp-json\/wp\/v2\/pages"}],"about":[{"href":"https:\/\/www.smartcommunications.com\/de\/wp-json\/wp\/v2\/types\/page"}],"author":[{"embeddable":true,"href":"https:\/\/www.smartcommunications.com\/de\/wp-json\/wp\/v2\/users\/35"}],"replies":[{"embeddable":true,"href":"https:\/\/www.smartcommunications.com\/de\/wp-json\/wp\/v2\/comments?post=45151"}],"version-history":[{"count":0,"href":"https:\/\/www.smartcommunications.com\/de\/wp-json\/wp\/v2\/pages\/45151\/revisions"}],"wp:attachment":[{"href":"https:\/\/www.smartcommunications.com\/de\/wp-json\/wp\/v2\/media?parent=45151"}],"curies":[{"name":"wp","href":"https:\/\/api.w.org\/{rel}","templated":true}]}}