{"id":44637,"date":"2021-11-15T09:18:55","date_gmt":"2021-11-15T13:18:55","guid":{"rendered":"https:\/\/www.smartcommunications.com\/?page_id=44637"},"modified":"2023-12-07T17:47:21","modified_gmt":"2023-12-07T21:47:21","slug":"smart-communications-fuehrt-interaktives-client-reporting","status":"publish","type":"page","link":"https:\/\/www.smartcommunications.com\/de\/smart-communications-fuehrt-interaktives-client-reporting\/","title":{"rendered":"Smart Communications f\u00fchrt interaktives Client Reporting ein"},"content":{"rendered":"[vc_row type=&#8220;in_container&#8220; full_screen_row_position=&#8220;middle&#8220; column_margin=&#8220;default&#8220; column_direction=&#8220;default&#8220; column_direction_tablet=&#8220;default&#8220; column_direction_phone=&#8220;default&#8220; scene_position=&#8220;center&#8220; text_color=&#8220;dark&#8220; text_align=&#8220;left&#8220; row_border_radius=&#8220;none&#8220; row_border_radius_applies=&#8220;bg&#8220; overflow=&#8220;visible&#8220; overlay_strength=&#8220;0.3&#8243; gradient_direction=&#8220;left_to_right&#8220; shape_divider_position=&#8220;bottom&#8220; bg_image_animation=&#8220;none&#8220;][vc_column column_padding=&#8220;no-extra-padding&#8220; column_padding_tablet=&#8220;inherit&#8220; column_padding_phone=&#8220;inherit&#8220; column_padding_position=&#8220;all&#8220; column_element_spacing=&#8220;default&#8220; background_color_opacity=&#8220;1&#8243; background_hover_color_opacity=&#8220;1&#8243; column_shadow=&#8220;none&#8220; column_border_radius=&#8220;none&#8220; column_link_target=&#8220;_self&#8220; column_position=&#8220;default&#8220; gradient_direction=&#8220;left_to_right&#8220; overlay_strength=&#8220;0.3&#8243; width=&#8220;1\/1&#8243; tablet_width_inherit=&#8220;default&#8220; tablet_text_alignment=&#8220;default&#8220; phone_text_alignment=&#8220;default&#8220; animation_type=&#8220;default&#8220; bg_image_animation=&#8220;none&#8220; border_type=&#8220;simple&#8220; column_border_width=&#8220;none&#8220; column_border_style=&#8220;solid&#8220;][divider line_type=&#8220;Small Line&#8220; line_alignment=&#8220;default&#8220; line_thickness=&#8220;7&#8243; divider_color=&#8220;accent-color&#8220; animate=&#8220;yes&#8220; custom_height=&#8220;20&#8243;][divider line_type=&#8220;No Line&#8220; custom_height=&#8220;10&#8243;][vc_column_text css_animation=&#8220;top-to-bottom&#8220;]\r\n<h2><strong>Smart Communications f\u00fchrt interaktives Client Reporting der n\u00e4chsten Generation f\u00fcr Verm\u00f6gensverwaltung und Privatkundengesch\u00e4ft ein<\/strong><\/h2>\r\n[\/vc_column_text][divider line_type=&#8220;No Line&#8220; custom_height=&#8220;25&#8243;][vc_column_text]\r\n<p><strong>LONDON und NEW YORK, November 15, 2021 (GLOBE NEWSWIRE)<\/strong> &#8212; <a href=\"https:\/\/www.smartcommunications.com\/de\/\" target=\"_blank\" rel=\"noreferrer noopener\">Smart Communications\u2122<\/a>, ein f\u00fchrendes Technologieunternehmen, dasdas sich darauf konzentriert, Unternehmen bei sinnvolleren Kundenkonversationen zu unterst\u00fctzen, hat heute die Verf\u00fcgbarkeit einer neuen Client Reporting L\u00f6sung bekanntgegeben. Sie unterst\u00fctzt Privatbanken und Verm\u00f6gensverwalter bei der Bereitstellung einer hyperpersonalisierten und digitalen Kundenerfahrung. Als Teil der <a href=\"https:\/\/www.smartcommunications.com\/conversation-cloud\/\">Conversation Cloud\u2122<\/a>-Plattform von Smart Communications wurde die L\u00f6sung heute auf der <a href=\"https:\/\/conference.financial-planning.com\/invest\/\">Invest Connect<\/a>, einer virtuellen Veranstaltung in den USA, und auf dem <a href=\"https:\/\/www.richmondstrategyforum.com\/\">Richmond Financial Industry Forum<\/a> in Europa vorgestellt.<\/p>\r\n<p>Heutzutage sind viele Anlegerberichte optisch unattraktiv und werden \u00fcber statische PDFs geliefert. Die manuelle Erstellung eines ma\u00dfgeschneiderten Kundenberichts f\u00fcr verm\u00f6gende Kunden durch die Berater \u2013 und ihre Backoffice-Teams \u2013 dauert oft Tage oder Wochen. Unterdessen wachsen die Erwartungen der Kunden an digitale und Echtzeit-Updates weiter. Finanzinstitute ben\u00f6tigen skalierbarere und erschwinglichere M\u00f6glichkeiten, um kundenspezifische Anlageberichte auf Abruf bereitzustellen, die vollst\u00e4ndig mit den geltenden Bestimmungen konform sind und \u00fcber den bevorzugten Kanal des Kunden geliefert werden.<\/p>\r\n<p>Die Client Reporting L\u00f6sung von Smart Communications basiert auf einer sicheren, cloudbasierten Plattform, die es Unternehmen erm\u00f6glicht, ihren Kunden einen interaktiven und digitalen Anlagebericht zu bieten. Kunden k\u00f6nnen je nach ihren Pr\u00e4ferenzen digitale Reporting Dashboards mit Echzeitdaten nutzen oder damit ihren PDF Bericht spezifisch anpassen. Die L\u00f6sung wurde auch entwickelt, um Kundenberater in die Lage zu versetzen, mit Kunden an benutzerdefinierten Berichten zusammenzuarbeiten und dabei strategische Gespr\u00e4che f\u00f6rdern, die die Beziehung st\u00e4rken.<\/p>\r\n<p>\u201eDie globale Gesundheitskrise hat es f\u00fcr Verm\u00f6gensverwaltungsunternehmen zwingend erforderlich gemacht, die Digitalisierungsbem\u00fchungen, einschlie\u00dflich der Kundenberichterstattung, zu beschleunigen und gleichzeitig einen Omnichannel-Ansatz f\u00fcr die Bereitstellung ihrer Anlegerkommunikation zu verfolgen\u201c, so Simon Tindal, Chief Technology Officer bei Smart Communications. \u201eUnsere Client Reporting L\u00f6sung ist einzigartig auf dem Markt, da sie es Kunden erm\u00f6glicht, Informationen selbst einzuholen und dieselbe Berichtsansicht online mit ihren Beratern zu teilen, um intelligentere Einblicke zu erhalten.\u201c<\/p>\r\n<p>Neben einer einfach zu bedienenden Benutzeroberfl\u00e4che bietet die L\u00f6sung von Smart Communications Banken einzigartige Informationen und Einblicke in Kunden- und Beraterinteressen. Auf diese Weise k\u00f6nnen Banken ihren Kundenservice und ihr Produktangebot vertiefen sowie M\u00f6glichkeiten f\u00fcr Cross-Selling, Up-Selling und Kundenbindung identifizieren, w\u00e4hrend sie gleichzeitig die betriebliche Effizienz verbessern und Risiken im Zusammenhang mit manuellen Prozessen reduzieren.<\/p>\r\n<p>Die Client Reporting L\u00f6sung ist ein Beispiel f\u00fcr den vertieften Wert und das Know-how, das Smart Communications durch die \u00dcbernahme von Assentis im Jahr 2021 in die Finanzdienstleistungsbranche bringt. Diese neueste Funktionalit\u00e4t ist nun Teil der Smart Communications Conversation Cloud\u2122-Plattform und erm\u00f6glicht Banken und Beratungsunternehmen, einen modernen Ansatz f\u00fcr die Kundenkommunikation zu verfolgen und die branchenf\u00fchrende SaaS-basierte Plattform zu nutzen. Dies, um Skalierbarkeit auf Unternehmensniveau bei der Neukundenakquise, beim Onboarding und bei Anwendungsf\u00e4llen f\u00fcr den Kundenservice zu bieten und ihre Investitionen in umweltferundliche Unternehmensinitiativen durch die Reduzierung von Papier- und Postsendungen auszuweiten.<\/p>\r\n<p>Besuchen Sie <a href=\"https:\/\/www.smartcommunications.com\/de\/client-reporting\/\">www.smartcommunications.com\/de\/client-reporting<\/a>, um mehr zu erfahren. Einzelheiten zur Vorf\u00fchrung am 15. November 2021 auf der Invest Connect finden Sie auf der <a href=\"https:\/\/conference.financial-planning.com\/invest\/agenda\/session\/673761\">Konferenzwebsite<\/a>.<\/p>\r\n\r\n<p><strong>\u00dcber Smart Communications<\/strong><\/p>\r\n<p data-pm-slice=\"1 1 []\">Smart Communications ist ein f\u00fchrendes Technologieunternehmen, das Unternehmen dabei unterst\u00fctzt, die Kundenkommunikation relevanter zu gestalten. Die Plattform <a href=\"https:\/\/www.smartcommunications.com\/conversation-cloud\/\">Conversation Cloud<\/a>\u2122\ufe0f des Unternehmens bietet auf einzigartige Weise personalisierte, Omnichannel-Konversationen \u00fcber das gesamte Kundenerlebnis hinweg. So k\u00f6nnen Unternehmen in der heutigen digitalen, kundenorientierten Welt erfolgreich sein und gleichzeitig Prozesse vereinfachen und effizienter gestalten. Smart Communications mit Hauptsitz in Gro\u00dfbritannien hat mehr als 650 Kunden und Niederlassungen in Nordamerika, Europa und Asien-Pazifik. Die Plattform Conversation Cloud von Smart Communications umfasst die skalierbaren L\u00f6sungen f\u00fcr Kundenkommunikationsmanagement (CCM) von <a href=\"https:\/\/www.smartcommunications.com\/products\/smartcomm\/\">SmartCOMM<\/a>\u2122\ufe0f, Funktionen f\u00fcr die Digialisierung von Formularen durch <a href=\"https:\/\/www.smartcommunications.com\/products\/smartiq\/\">SmartIQ<\/a>\u2122\ufe0f sowie die Fachkompetenz im Bereich Gesch\u00e4ftsdokumentation von <a href=\"https:\/\/www.smartcommunications.com\/products\/smartdx\/\">SmartDX<\/a>\u2122\ufe0f. 2021 hat Smart Communications Assentis \u00fcbernommen, einen f\u00fchrenden europ\u00e4ischen Anbieter von Softwarel\u00f6sungen, der auf Kundenkommunikationsmanagement (CCM) mit Schwerpunkt Finanzdienstleistungsbranche spezialisiert ist. Weitere Informationen finden Sie unter <a href=\"https:\/\/www.smartcommunications.com\/de\">smartcommunications.com\/de<\/a>.<\/p>\r\n<p>Kontakt:<\/p>\r\n<p>Adam Brett<\/p>\r\n<p>+1 516.320.0164<\/p>\r\n<p>adam@crenshawcomm.com<\/p>\r\n<p data-pm-slice=\"1 1 []\"><\/p>\r\n<p>&nbsp;<\/p>\r\n[\/vc_column_text][divider line_type=&#8220;No Line&#8220; custom_height=&#8220;30&#8243;][\/vc_column][\/vc_row]","protected":false},"excerpt":{"rendered":"<p>[vc_row type=&#8220;in_container&#8220; full_screen_row_position=&#8220;middle&#8220; column_margin=&#8220;default&#8220; column_direction=&#8220;default&#8220; column_direction_tablet=&#8220;default&#8220; column_direction_phone=&#8220;default&#8220; scene_position=&#8220;center&#8220; text_color=&#8220;dark&#8220; text_align=&#8220;left&#8220; row_border_radius=&#8220;none&#8220; row_border_radius_applies=&#8220;bg&#8220; overflow=&#8220;visible&#8220; overlay_strength=&#8220;0.3&#8243; gradient_direction=&#8220;left_to_right&#8220; shape_divider_position=&#8220;bottom&#8220; bg_image_animation=&#8220;none&#8220;][vc_column column_padding=&#8220;no-extra-padding&#8220; column_padding_tablet=&#8220;inherit&#8220; column_padding_phone=&#8220;inherit&#8220; column_padding_position=&#8220;all&#8220; column_element_spacing=&#8220;default&#8220; background_color_opacity=&#8220;1&#8243; background_hover_color_opacity=&#8220;1&#8243; column_shadow=&#8220;none&#8220; column_border_radius=&#8220;none&#8220; column_link_target=&#8220;_self&#8220; column_position=&#8220;default&#8220; gradient_direction=&#8220;left_to_right&#8220; overlay_strength=&#8220;0.3&#8243;&#8230;<\/p>\n","protected":false},"author":35,"featured_media":0,"parent":0,"menu_order":121,"comment_status":"closed","ping_status":"closed","template":"","meta":{"_acf_changed":false,"footnotes":""},"class_list":["post-44637","page","type-page","status-publish"],"acf":[],"yoast_head":"<!-- This site is optimized with the Yoast SEO plugin v27.5 - https:\/\/yoast.com\/product\/yoast-seo-wordpress\/ -->\n<title>Smart Communications f\u00fchrt interaktives Client Reporting ein - Smart Communications<\/title>\n<meta name=\"description\" content=\"Smart Communications ein f\u00fchrendes Technologieunternehmen, dasdas sich darauf konzentriert, Unternehmen bei sinnvolleren Kundenkonversationen zu unterst\u00fctzen, hat heute die Verf\u00fcgbarkeit einer neuen Client Reporting L\u00f6sung bekanntgegeben.\" \/>\n<meta name=\"robots\" content=\"index, follow, max-snippet:-1, max-image-preview:large, max-video-preview:-1\" \/>\n<link rel=\"canonical\" href=\"https:\/\/www.smartcommunications.com\/de\/smart-communications-fuehrt-interaktives-client-reporting\/\" \/>\n<meta property=\"og:locale\" content=\"de_DE\" \/>\n<meta property=\"og:type\" content=\"article\" \/>\n<meta property=\"og:title\" content=\"Smart Communications f\u00fchrt interaktives Client Reporting ein - Smart Communications\" \/>\n<meta property=\"og:description\" content=\"Smart Communications ein f\u00fchrendes Technologieunternehmen, dasdas sich darauf konzentriert, Unternehmen bei sinnvolleren Kundenkonversationen zu unterst\u00fctzen, hat heute die Verf\u00fcgbarkeit einer neuen Client Reporting L\u00f6sung bekanntgegeben.\" \/>\n<meta property=\"og:url\" content=\"https:\/\/www.smartcommunications.com\/de\/smart-communications-fuehrt-interaktives-client-reporting\/\" \/>\n<meta property=\"og:site_name\" content=\"Smart Communications\" \/>\n<meta property=\"article:modified_time\" content=\"2023-12-07T21:47:21+00:00\" \/>\n<meta property=\"og:image\" content=\"https:\/\/www.smartcommunications.com\/wp-content\/uploads\/Generic-Smart-Media-Card-blueBG.png\" \/>\n\t<meta property=\"og:image:width\" content=\"725\" \/>\n\t<meta property=\"og:image:height\" content=\"358\" \/>\n\t<meta property=\"og:image:type\" content=\"image\/png\" \/>\n<meta name=\"twitter:card\" content=\"summary_large_image\" \/>\n<meta name=\"twitter:site\" content=\"@CCMInnovators\" \/>\n<meta name=\"twitter:label1\" content=\"Gesch\u00e4tzte Lesezeit\" \/>\n\t<meta name=\"twitter:data1\" content=\"3\u00a0Minuten\" \/>\n<!-- \/ Yoast SEO plugin. -->","yoast_head_json":{"title":"Smart Communications f\u00fchrt interaktives Client Reporting ein - Smart Communications","description":"Smart Communications ein f\u00fchrendes Technologieunternehmen, dasdas sich darauf konzentriert, Unternehmen bei sinnvolleren Kundenkonversationen zu unterst\u00fctzen, hat heute die Verf\u00fcgbarkeit einer neuen Client Reporting L\u00f6sung bekanntgegeben.","robots":{"index":"index","follow":"follow","max-snippet":"max-snippet:-1","max-image-preview":"max-image-preview:large","max-video-preview":"max-video-preview:-1"},"canonical":"https:\/\/www.smartcommunications.com\/de\/smart-communications-fuehrt-interaktives-client-reporting\/","og_locale":"de_DE","og_type":"article","og_title":"Smart Communications f\u00fchrt interaktives Client Reporting ein - Smart Communications","og_description":"Smart Communications ein f\u00fchrendes Technologieunternehmen, dasdas sich darauf konzentriert, Unternehmen bei sinnvolleren Kundenkonversationen zu unterst\u00fctzen, hat heute die Verf\u00fcgbarkeit einer neuen Client Reporting L\u00f6sung bekanntgegeben.","og_url":"https:\/\/www.smartcommunications.com\/de\/smart-communications-fuehrt-interaktives-client-reporting\/","og_site_name":"Smart Communications","article_modified_time":"2023-12-07T21:47:21+00:00","og_image":[{"width":725,"height":358,"url":"https:\/\/www.smartcommunications.com\/wp-content\/uploads\/Generic-Smart-Media-Card-blueBG.png","type":"image\/png"}],"twitter_card":"summary_large_image","twitter_site":"@CCMInnovators","twitter_misc":{"Gesch\u00e4tzte Lesezeit":"3\u00a0Minuten"},"schema":{"@context":"https:\/\/schema.org","@graph":[{"@type":"WebPage","@id":"https:\/\/www.smartcommunications.com\/de\/smart-communications-fuehrt-interaktives-client-reporting\/","url":"https:\/\/www.smartcommunications.com\/de\/smart-communications-fuehrt-interaktives-client-reporting\/","name":"Smart Communications f\u00fchrt interaktives Client Reporting ein - Smart Communications","isPartOf":{"@id":"https:\/\/www.smartcommunications.com\/#website"},"datePublished":"2021-11-15T13:18:55+00:00","dateModified":"2023-12-07T21:47:21+00:00","description":"Smart Communications ein f\u00fchrendes Technologieunternehmen, dasdas sich darauf konzentriert, Unternehmen bei sinnvolleren Kundenkonversationen zu unterst\u00fctzen, hat heute die Verf\u00fcgbarkeit einer neuen Client Reporting L\u00f6sung bekanntgegeben.","breadcrumb":{"@id":"https:\/\/www.smartcommunications.com\/de\/smart-communications-fuehrt-interaktives-client-reporting\/#breadcrumb"},"inLanguage":"de","potentialAction":[{"@type":"ReadAction","target":["https:\/\/www.smartcommunications.com\/de\/smart-communications-fuehrt-interaktives-client-reporting\/"]}]},{"@type":"BreadcrumbList","@id":"https:\/\/www.smartcommunications.com\/de\/smart-communications-fuehrt-interaktives-client-reporting\/#breadcrumb","itemListElement":[{"@type":"ListItem","position":1,"name":"Home","item":"https:\/\/www.smartcommunications.com\/de\/"},{"@type":"ListItem","position":2,"name":"Smart Communications f\u00fchrt interaktives Client Reporting ein"}]},{"@type":"WebSite","@id":"https:\/\/www.smartcommunications.com\/#website","url":"https:\/\/www.smartcommunications.com\/","name":"Smart Communications","description":"Customer Communication Management Software","publisher":{"@id":"https:\/\/www.smartcommunications.com\/#organization"},"alternateName":"Smart Communications","inLanguage":"de"},{"@type":"Organization","@id":"https:\/\/www.smartcommunications.com\/#organization","name":"Smart Communications","alternateName":"Smart Communications","url":"https:\/\/www.smartcommunications.com\/","logo":{"@type":"ImageObject","inLanguage":"de","@id":"https:\/\/www.smartcommunications.com\/#\/schema\/logo\/image\/","url":"https:\/\/www.smartcommunications.com\/wp-content\/uploads\/2017\/03\/Nav_logo_color_hires.png","contentUrl":"https:\/\/www.smartcommunications.com\/wp-content\/uploads\/2017\/03\/Nav_logo_color_hires.png","width":415,"height":140,"caption":"Smart Communications"},"image":{"@id":"https:\/\/www.smartcommunications.com\/#\/schema\/logo\/image\/"},"sameAs":["https:\/\/x.com\/CCMInnovators","https:\/\/www.linkedin.com\/company\/smart-communications.\/"]}]}},"_links":{"self":[{"href":"https:\/\/www.smartcommunications.com\/de\/wp-json\/wp\/v2\/pages\/44637","targetHints":{"allow":["GET"]}}],"collection":[{"href":"https:\/\/www.smartcommunications.com\/de\/wp-json\/wp\/v2\/pages"}],"about":[{"href":"https:\/\/www.smartcommunications.com\/de\/wp-json\/wp\/v2\/types\/page"}],"author":[{"embeddable":true,"href":"https:\/\/www.smartcommunications.com\/de\/wp-json\/wp\/v2\/users\/35"}],"replies":[{"embeddable":true,"href":"https:\/\/www.smartcommunications.com\/de\/wp-json\/wp\/v2\/comments?post=44637"}],"version-history":[{"count":0,"href":"https:\/\/www.smartcommunications.com\/de\/wp-json\/wp\/v2\/pages\/44637\/revisions"}],"wp:attachment":[{"href":"https:\/\/www.smartcommunications.com\/de\/wp-json\/wp\/v2\/media?parent=44637"}],"curies":[{"name":"wp","href":"https:\/\/api.w.org\/{rel}","templated":true}]}}