{"id":43508,"date":"2021-07-26T10:46:28","date_gmt":"2021-07-26T14:46:28","guid":{"rendered":"https:\/\/www.smartcommunications.com\/?page_id=43508"},"modified":"2023-12-07T13:18:47","modified_gmt":"2023-12-07T17:18:47","slug":"smart-communications-bietet-ueber-aws-reine-cloud-bereitstellung-in-europa","status":"publish","type":"page","link":"https:\/\/www.smartcommunications.com\/de\/smart-communications-bietet-ueber-aws-reine-cloud-bereitstellung-in-europa\/","title":{"rendered":"Smart Communications bietet \u00fcber AWS reine Cloud-Bereitstellung in Europa"},"content":{"rendered":"[vc_row type=&#8220;in_container&#8220; full_screen_row_position=&#8220;middle&#8220; column_margin=&#8220;default&#8220; column_direction=&#8220;default&#8220; column_direction_tablet=&#8220;default&#8220; column_direction_phone=&#8220;default&#8220; scene_position=&#8220;center&#8220; text_color=&#8220;dark&#8220; text_align=&#8220;left&#8220; row_border_radius=&#8220;none&#8220; row_border_radius_applies=&#8220;bg&#8220; overflow=&#8220;visible&#8220; overlay_strength=&#8220;0.3&#8243; gradient_direction=&#8220;left_to_right&#8220; shape_divider_position=&#8220;bottom&#8220; bg_image_animation=&#8220;none&#8220;][vc_column column_padding=&#8220;no-extra-padding&#8220; column_padding_tablet=&#8220;inherit&#8220; column_padding_phone=&#8220;inherit&#8220; column_padding_position=&#8220;all&#8220; column_element_spacing=&#8220;default&#8220; background_color_opacity=&#8220;1&#8243; background_hover_color_opacity=&#8220;1&#8243; column_shadow=&#8220;none&#8220; column_border_radius=&#8220;none&#8220; column_link_target=&#8220;_self&#8220; column_position=&#8220;default&#8220; gradient_direction=&#8220;left_to_right&#8220; overlay_strength=&#8220;0.3&#8243; width=&#8220;1\/1&#8243; tablet_width_inherit=&#8220;default&#8220; tablet_text_alignment=&#8220;default&#8220; phone_text_alignment=&#8220;default&#8220; animation_type=&#8220;default&#8220; bg_image_animation=&#8220;none&#8220; border_type=&#8220;simple&#8220; column_border_width=&#8220;none&#8220; column_border_style=&#8220;solid&#8220;][divider line_type=&#8220;Small Line&#8220; line_alignment=&#8220;default&#8220; line_thickness=&#8220;7&#8243; divider_color=&#8220;accent-color&#8220; animate=&#8220;yes&#8220; custom_height=&#8220;20&#8243;][divider line_type=&#8220;No Line&#8220; custom_height=&#8220;10&#8243;][vc_column_text css_animation=&#8220;top-to-bottom&#8220;]\r\n<h3><span style=\"color: #002f87;\">Smart Communications bietet \u00fcber AWS reine Cloud-Bereitstellung in Europa<\/span><\/h3>\r\n[\/vc_column_text][divider line_type=&#8220;No Line&#8220; custom_height=&#8220;25&#8243;][vc_column_text]\r\n<p><strong>LONDON und NEW YORK, July 14, 2021 (GLOBE NEWSWIRE)<\/strong> &#8212; <a href=\"https:\/\/www.smartcommunications.com\/de\" target=\"_blank\" rel=\"noreferrer noopener\">Smart Communications\u2122<\/a>, ein f\u00fchrendes Technologieunternehmen, das Unternehmen dabei unterst\u00fctzt, die Kundenkommunikation bedeutungsvoller zu gestalten, hat heute bekanntgegeben, dass seine Plattform jetzt \u00fcber Amazon Web Services (AWS) in Deutschland verf\u00fcgbar ist. Damit haben Kunden in ganz Europa jetzt ebenfalls Zugriff auf die Conversation Cloud\u2122-Plattform von Smart Communications auf AWS, die in den USA,Gro\u00dfbritannien und Australien bereits genutzt wird, und profitieren so von den Vorteilen, die nur ein reines Cloud-Bereitstellungsmodell bietet.<\/p>\r\n\r\n<p>Der Gartner Market Guide for Customer Communications Management 2021 prognostiziert, dass \u201eBis 2023 \u00fcber 75 % aller L\u00f6sungen f\u00fcr das Kundenkommunikationsmanagement Cloud- oder Hybridl\u00f6sungen sein werden\u201c.[1] AWS bietet mit Rechenzentren auf der ganzen Welt eine zuverl\u00e4ssige, kosteng\u00fcnstige Infrastrukturplattform in der Cloud.<\/p>\r\n\r\n<p>\u201eUnternehmen erkennen den gesch\u00e4ftlichen Nutzen und f\u00fchren Cloud-Technologie mit gro\u00dfer Geschwindigkeit als Teil ihrer umfassenderen IT-Strategie ein\u201c, so Simon Tindal, CTO von Smart Communications. \u201eDank der neuen Bereitstellung im AWS-Rechenzentrum in Deutschland k\u00f6nnen unsere Kunden jetzt bew\u00e4hrte und vertrauensw\u00fcrdige Cloud-Technologien nutzen, um die Kundenkommunikation zu skalieren und gleichzeitig regionale Datenschutzvorschriften einhalten.\u201c<\/p>\r\n\r\n<p>Anfang dieses Jahres hat Smart Communications Assentis \u00fcbernommen, einen f\u00fchrenden europ\u00e4ischen Anbieter von Softwarel\u00f6sungen, der auf Kundenkommunikationsmanagement mit Schwerpunkt<br \/>Finanzdienstleistungsbranche spezialisiert ist. Kunden von Assentis und weitere europ\u00e4ische<br \/>Unternehmen sind nun gut aufgestellt, um kostenintensive und zeitaufwendige lokale L\u00f6sungen hinter sich zu lassen und die Vorteile der Innovationen von Smart Communications zu nutzen, die Flexibilit\u00e4t und die Integration in Kernsysteme erm\u00f6glichen.<\/p>\r\n\r\n<p>Diese Ank\u00fcndigung folgt auf die neu ver\u00f6ffentlichte <a href=\"https:\/\/www.smartcommunications.com\/smart-communications-recognized-as-overall-leader-in-customer-communications-management-by-aspire\/?utm_source=pr&amp;utm_medium=press&amp;utm_campaign=2021_Aspire_Leaderboard\" target=\"_blank\" rel=\"noreferrer noopener\">Aspire CCM-Rangliste 2021<\/a>. Dabei handelt es sich um eine Analystenbewertung, bei der Smart Communications die h\u00f6chste Punktzahl erhielt und genannt wird als \u201edie einzige vollst\u00e4ndige SaaS-CCM-Plattform, die Unternehmen nachweislich Skalierbarkeit in der Cloud bietet.\u201c<\/p>\r\n\r\n<p><strong>\u00dcber Smart Communications<\/strong><br \/>Smart Communications ist ein f\u00fchrendes Technologieunternehmen, das Unternehmen dabei unterst\u00fctzt, die Kundenkommunikation relevanter zu gestalten. Die Plattform <a href=\"https:\/\/www.smartcommunications.com\/conversation-cloud\/\">Conversation Cloud<\/a>\u2122\ufe0f des Unternehmens bietet auf einzigartige Weise personalisierte, Omnichannel-Konversationen \u00fcber das gesamte Kundenerlebnis hinweg. So k\u00f6nnen Unternehmen in der heutigen digitalen, kundenorientierten Welt erfolgreich sein und gleichzeitig Prozesse vereinfachen und effizienter gestalten. Smart Communications mit Hauptsitz in Gro\u00dfbritannien hat mehr als 650 Kunden und Niederlassungen in Nordamerika, Europa und Asien-Pazifik. Die Plattform Conversation Cloud von Smart Communications umfasst die skalierbaren L\u00f6sungen f\u00fcr Kundenkommunikationsmanagement (CCM) von <a href=\"https:\/\/www.smartcommunications.com\/products\/smartcomm\/\">SmartCOMM<\/a>\u2122\ufe0f, Funktionen f\u00fcr die Digialisierung von Formularen durch <a href=\"https:\/\/www.smartcommunications.com\/products\/smartiq\">SmartIQ<\/a>\u2122\ufe0f sowie die Fachkompetenz im Bereich Gesch\u00e4ftsdokumentation von <a href=\"https:\/\/www.smartcommunications.com\/products\/smartdx\/\">SmartDX<\/a>\u2122\ufe0f. 2021 hat Smart Communications Assentis \u00fcbernommen, einen f\u00fchrenden europ\u00e4ischen Anbieter von Softwarel\u00f6sungen, der auf Kundenkommunikationsmanagement (CCM) mit Schwerpunkt Finanzdienstleistungsbranche spezialisiert ist. Weitere Informationen finden Sie unter <a href=\"https:\/\/www.smartcommunications.com\/de\">smartcommunications.com\/de<\/a>.<\/p>\r\n\r\n<p><sup>[1] Gartner, \u201eMarket Guide for Customer Communication Management\u201d, Tim Nelms, Gene Phifer, 9. Juni 2021<\/sup><\/p>\r\n\r\n<p>&nbsp;<\/p>\r\n[\/vc_column_text][divider line_type=&#8220;No Line&#8220; custom_height=&#8220;30&#8243;][\/vc_column][\/vc_row]","protected":false},"excerpt":{"rendered":"<p>[vc_row type=&#8220;in_container&#8220; full_screen_row_position=&#8220;middle&#8220; column_margin=&#8220;default&#8220; column_direction=&#8220;default&#8220; column_direction_tablet=&#8220;default&#8220; column_direction_phone=&#8220;default&#8220; scene_position=&#8220;center&#8220; text_color=&#8220;dark&#8220; text_align=&#8220;left&#8220; row_border_radius=&#8220;none&#8220; row_border_radius_applies=&#8220;bg&#8220; overflow=&#8220;visible&#8220; overlay_strength=&#8220;0.3&#8243; gradient_direction=&#8220;left_to_right&#8220; shape_divider_position=&#8220;bottom&#8220; bg_image_animation=&#8220;none&#8220;][vc_column column_padding=&#8220;no-extra-padding&#8220; column_padding_tablet=&#8220;inherit&#8220; column_padding_phone=&#8220;inherit&#8220; column_padding_position=&#8220;all&#8220; column_element_spacing=&#8220;default&#8220; background_color_opacity=&#8220;1&#8243; background_hover_color_opacity=&#8220;1&#8243; column_shadow=&#8220;none&#8220; column_border_radius=&#8220;none&#8220; column_link_target=&#8220;_self&#8220; column_position=&#8220;default&#8220; gradient_direction=&#8220;left_to_right&#8220; overlay_strength=&#8220;0.3&#8243;&#8230;<\/p>\n","protected":false},"author":35,"featured_media":0,"parent":0,"menu_order":138,"comment_status":"closed","ping_status":"closed","template":"","meta":{"_acf_changed":false,"footnotes":""},"class_list":["post-43508","page","type-page","status-publish"],"acf":[],"yoast_head":"<!-- This site is optimized with the Yoast SEO plugin v27.5 - https:\/\/yoast.com\/product\/yoast-seo-wordpress\/ -->\n<title>Smart Communications bietet \u00fcber AWS reine Cloud-Bereitstellung in Europa - Smart Communications<\/title>\n<meta name=\"robots\" content=\"index, follow, max-snippet:-1, max-image-preview:large, max-video-preview:-1\" \/>\n<link rel=\"canonical\" href=\"https:\/\/www.smartcommunications.com\/de\/smart-communications-bietet-ueber-aws-reine-cloud-bereitstellung-in-europa\/\" \/>\n<meta property=\"og:locale\" content=\"de_DE\" \/>\n<meta property=\"og:type\" content=\"article\" \/>\n<meta property=\"og:title\" content=\"Smart Communications bietet \u00fcber AWS reine Cloud-Bereitstellung in Europa - Smart Communications\" \/>\n<meta property=\"og:description\" content=\"[vc_row type=&#8220;in_container&#8220; full_screen_row_position=&#8220;middle&#8220; column_margin=&#8220;default&#8220; column_direction=&#8220;default&#8220; column_direction_tablet=&#8220;default&#8220; column_direction_phone=&#8220;default&#8220; scene_position=&#8220;center&#8220; text_color=&#8220;dark&#8220; text_align=&#8220;left&#8220; row_border_radius=&#8220;none&#8220; row_border_radius_applies=&#8220;bg&#8220; overflow=&#8220;visible&#8220; overlay_strength=&#8220;0.3&#8243; gradient_direction=&#8220;left_to_right&#8220; shape_divider_position=&#8220;bottom&#8220; bg_image_animation=&#8220;none&#8220;][vc_column column_padding=&#8220;no-extra-padding&#8220; column_padding_tablet=&#8220;inherit&#8220; column_padding_phone=&#8220;inherit&#8220; column_padding_position=&#8220;all&#8220; column_element_spacing=&#8220;default&#8220; background_color_opacity=&#8220;1&#8243; background_hover_color_opacity=&#8220;1&#8243; column_shadow=&#8220;none&#8220; column_border_radius=&#8220;none&#8220; column_link_target=&#8220;_self&#8220; column_position=&#8220;default&#8220; gradient_direction=&#8220;left_to_right&#8220; overlay_strength=&#8220;0.3&#8243;...\" \/>\n<meta property=\"og:url\" content=\"https:\/\/www.smartcommunications.com\/de\/smart-communications-bietet-ueber-aws-reine-cloud-bereitstellung-in-europa\/\" \/>\n<meta property=\"og:site_name\" content=\"Smart Communications\" \/>\n<meta property=\"article:modified_time\" content=\"2023-12-07T17:18:47+00:00\" \/>\n<meta property=\"og:image\" content=\"https:\/\/www.smartcommunications.com\/wp-content\/uploads\/Generic-Smart-Media-Card-blueBG.png\" \/>\n\t<meta property=\"og:image:width\" content=\"725\" \/>\n\t<meta property=\"og:image:height\" content=\"358\" \/>\n\t<meta property=\"og:image:type\" content=\"image\/png\" \/>\n<meta name=\"twitter:card\" content=\"summary_large_image\" \/>\n<meta name=\"twitter:site\" content=\"@CCMInnovators\" \/>\n<meta name=\"twitter:label1\" content=\"Gesch\u00e4tzte Lesezeit\" \/>\n\t<meta name=\"twitter:data1\" content=\"3\u00a0Minuten\" \/>\n<!-- \/ Yoast SEO plugin. -->","yoast_head_json":{"title":"Smart Communications bietet \u00fcber AWS reine Cloud-Bereitstellung in Europa - Smart Communications","robots":{"index":"index","follow":"follow","max-snippet":"max-snippet:-1","max-image-preview":"max-image-preview:large","max-video-preview":"max-video-preview:-1"},"canonical":"https:\/\/www.smartcommunications.com\/de\/smart-communications-bietet-ueber-aws-reine-cloud-bereitstellung-in-europa\/","og_locale":"de_DE","og_type":"article","og_title":"Smart Communications bietet \u00fcber AWS reine Cloud-Bereitstellung in Europa - Smart Communications","og_description":"[vc_row type=&#8220;in_container&#8220; full_screen_row_position=&#8220;middle&#8220; column_margin=&#8220;default&#8220; column_direction=&#8220;default&#8220; column_direction_tablet=&#8220;default&#8220; column_direction_phone=&#8220;default&#8220; scene_position=&#8220;center&#8220; text_color=&#8220;dark&#8220; text_align=&#8220;left&#8220; row_border_radius=&#8220;none&#8220; row_border_radius_applies=&#8220;bg&#8220; overflow=&#8220;visible&#8220; overlay_strength=&#8220;0.3&#8243; gradient_direction=&#8220;left_to_right&#8220; shape_divider_position=&#8220;bottom&#8220; bg_image_animation=&#8220;none&#8220;][vc_column column_padding=&#8220;no-extra-padding&#8220; column_padding_tablet=&#8220;inherit&#8220; column_padding_phone=&#8220;inherit&#8220; column_padding_position=&#8220;all&#8220; column_element_spacing=&#8220;default&#8220; background_color_opacity=&#8220;1&#8243; background_hover_color_opacity=&#8220;1&#8243; column_shadow=&#8220;none&#8220; column_border_radius=&#8220;none&#8220; column_link_target=&#8220;_self&#8220; column_position=&#8220;default&#8220; gradient_direction=&#8220;left_to_right&#8220; overlay_strength=&#8220;0.3&#8243;...","og_url":"https:\/\/www.smartcommunications.com\/de\/smart-communications-bietet-ueber-aws-reine-cloud-bereitstellung-in-europa\/","og_site_name":"Smart Communications","article_modified_time":"2023-12-07T17:18:47+00:00","og_image":[{"width":725,"height":358,"url":"https:\/\/www.smartcommunications.com\/wp-content\/uploads\/Generic-Smart-Media-Card-blueBG.png","type":"image\/png"}],"twitter_card":"summary_large_image","twitter_site":"@CCMInnovators","twitter_misc":{"Gesch\u00e4tzte Lesezeit":"3\u00a0Minuten"},"schema":{"@context":"https:\/\/schema.org","@graph":[{"@type":"WebPage","@id":"https:\/\/www.smartcommunications.com\/de\/smart-communications-bietet-ueber-aws-reine-cloud-bereitstellung-in-europa\/","url":"https:\/\/www.smartcommunications.com\/de\/smart-communications-bietet-ueber-aws-reine-cloud-bereitstellung-in-europa\/","name":"Smart Communications bietet \u00fcber AWS reine Cloud-Bereitstellung in Europa - Smart Communications","isPartOf":{"@id":"https:\/\/www.smartcommunications.com\/#website"},"datePublished":"2021-07-26T14:46:28+00:00","dateModified":"2023-12-07T17:18:47+00:00","breadcrumb":{"@id":"https:\/\/www.smartcommunications.com\/de\/smart-communications-bietet-ueber-aws-reine-cloud-bereitstellung-in-europa\/#breadcrumb"},"inLanguage":"de","potentialAction":[{"@type":"ReadAction","target":["https:\/\/www.smartcommunications.com\/de\/smart-communications-bietet-ueber-aws-reine-cloud-bereitstellung-in-europa\/"]}]},{"@type":"BreadcrumbList","@id":"https:\/\/www.smartcommunications.com\/de\/smart-communications-bietet-ueber-aws-reine-cloud-bereitstellung-in-europa\/#breadcrumb","itemListElement":[{"@type":"ListItem","position":1,"name":"Home","item":"https:\/\/www.smartcommunications.com\/de\/"},{"@type":"ListItem","position":2,"name":"Smart Communications bietet \u00fcber AWS reine Cloud-Bereitstellung in Europa"}]},{"@type":"WebSite","@id":"https:\/\/www.smartcommunications.com\/#website","url":"https:\/\/www.smartcommunications.com\/","name":"Smart Communications","description":"Customer Communication Management Software","publisher":{"@id":"https:\/\/www.smartcommunications.com\/#organization"},"alternateName":"Smart Communications","inLanguage":"de"},{"@type":"Organization","@id":"https:\/\/www.smartcommunications.com\/#organization","name":"Smart Communications","alternateName":"Smart Communications","url":"https:\/\/www.smartcommunications.com\/","logo":{"@type":"ImageObject","inLanguage":"de","@id":"https:\/\/www.smartcommunications.com\/#\/schema\/logo\/image\/","url":"https:\/\/www.smartcommunications.com\/wp-content\/uploads\/2017\/03\/Nav_logo_color_hires.png","contentUrl":"https:\/\/www.smartcommunications.com\/wp-content\/uploads\/2017\/03\/Nav_logo_color_hires.png","width":415,"height":140,"caption":"Smart Communications"},"image":{"@id":"https:\/\/www.smartcommunications.com\/#\/schema\/logo\/image\/"},"sameAs":["https:\/\/x.com\/CCMInnovators","https:\/\/www.linkedin.com\/company\/smart-communications.\/"]}]}},"_links":{"self":[{"href":"https:\/\/www.smartcommunications.com\/de\/wp-json\/wp\/v2\/pages\/43508","targetHints":{"allow":["GET"]}}],"collection":[{"href":"https:\/\/www.smartcommunications.com\/de\/wp-json\/wp\/v2\/pages"}],"about":[{"href":"https:\/\/www.smartcommunications.com\/de\/wp-json\/wp\/v2\/types\/page"}],"author":[{"embeddable":true,"href":"https:\/\/www.smartcommunications.com\/de\/wp-json\/wp\/v2\/users\/35"}],"replies":[{"embeddable":true,"href":"https:\/\/www.smartcommunications.com\/de\/wp-json\/wp\/v2\/comments?post=43508"}],"version-history":[{"count":0,"href":"https:\/\/www.smartcommunications.com\/de\/wp-json\/wp\/v2\/pages\/43508\/revisions"}],"wp:attachment":[{"href":"https:\/\/www.smartcommunications.com\/de\/wp-json\/wp\/v2\/media?parent=43508"}],"curies":[{"name":"wp","href":"https:\/\/api.w.org\/{rel}","templated":true}]}}