{"id":42964,"date":"2021-06-25T09:53:18","date_gmt":"2021-06-25T13:53:18","guid":{"rendered":"https:\/\/www.smartcommunications.com\/smart-communications-schliesst-endgueltigen-vertrag-zur-uebernahme-von-assentis-technologies-ab\/"},"modified":"2023-08-21T11:15:58","modified_gmt":"2023-08-21T15:15:58","slug":"smart-communications-schliesst-endgueltigen-vertrag-zur-uebernahme-von-assentis-technologies-ab","status":"publish","type":"page","link":"https:\/\/www.smartcommunications.com\/de\/pressemeldungen\/smart-communications-schliesst-endgueltigen-vertrag-zur-uebernahme-von-assentis-technologies-ab\/","title":{"rendered":"Smart Communications schlie\u00dft endg\u00fcltigen Vertrag zur \u00dcbernahme von Assentis Technologies ab"},"content":{"rendered":"[vc_row type=&#8220;in_container&#8220; full_screen_row_position=&#8220;middle&#8220; column_margin=&#8220;default&#8220; equal_height=&#8220;yes&#8220; column_direction=&#8220;default&#8220; column_direction_tablet=&#8220;default&#8220; column_direction_phone=&#8220;default&#8220; scene_position=&#8220;center&#8220; bottom_padding=&#8220;50&#8243; text_color=&#8220;custom&#8220; custom_text_color=&#8220;#969696&#8243; text_align=&#8220;left&#8220; row_border_radius=&#8220;none&#8220; row_border_radius_applies=&#8220;bg&#8220; overflow=&#8220;visible&#8220; overlay_strength=&#8220;0.3&#8243; gradient_direction=&#8220;left_to_right&#8220; shape_divider_position=&#8220;bottom&#8220; bg_image_animation=&#8220;none&#8220;][vc_column column_padding=&#8220;no-extra-padding&#8220; column_padding_tablet=&#8220;inherit&#8220; column_padding_phone=&#8220;inherit&#8220; column_padding_position=&#8220;all&#8220; column_element_spacing=&#8220;default&#8220; background_color=&#8220;#ffffff&#8220; background_color_opacity=&#8220;1&#8243; background_hover_color_opacity=&#8220;1&#8243; column_shadow=&#8220;none&#8220; column_border_radius=&#8220;none&#8220; column_link_target=&#8220;_self&#8220; column_position=&#8220;default&#8220; gradient_direction=&#8220;left_to_right&#8220; overlay_strength=&#8220;0.3&#8243; width=&#8220;1\/1&#8243; tablet_width_inherit=&#8220;default&#8220; tablet_text_alignment=&#8220;left&#8220; phone_text_alignment=&#8220;left&#8220; animation_type=&#8220;default&#8220; enable_animation=&#8220;true&#8220; animation=&#8220;none&#8220; bg_image_animation=&#8220;none&#8220; border_type=&#8220;simple&#8220; column_border_width=&#8220;none&#8220; column_border_style=&#8220;solid&#8220;][divider line_type=&#8220;Small Line&#8220; line_alignment=&#8220;default&#8220; line_thickness=&#8220;7&#8243; divider_color=&#8220;accent-color&#8220; animate=&#8220;yes&#8220; custom_height=&#8220;20&#8243; custom_line_width=&#8220;150&#8243;][divider line_type=&#8220;No Line&#8220; custom_height=&#8220;10&#8243;][vc_column_text css_animation=&#8220;top-to-bottom&#8220;]\n<h3><span style=\"color: #002f87;\">Smart Communications schlie\u00dft endg\u00fcltigen Vertrag zur \u00dcbernahme von Assentis Technologies ab<\/span><\/h3>\n[\/vc_column_text][divider line_type=&#8220;No Line&#8220; custom_height=&#8220;25&#8243;][vc_column_text css_animation=&#8220;top-to-bottom&#8220;]<strong><span style=\"color: #002f87;\"><em>\u00dcbernahme wird Finanzdienstleistern weitere M\u00f6glichkeiten f\u00fcr smartere Kundenkommunikation bieten<\/em><\/span><\/strong><\/p>\n<p><strong>London und New York<\/strong> \u2013\u00a07.\u00a0Januar 2021 \u2013\u00a0<a href=\"https:\/\/www.smartcommunications.com\/de\/\">Smart Communications<sup>TM<\/sup><\/a>, der einzige Anbieter einer Plattform f\u00fcr Kundenkommunikationsmanagement, gab heute den Abschluss einer verbindlichen Vereinbarung zur \u00dcbernahme von <a href=\"https:\/\/assentis.com\/de\">Assentis<\/a> bekannt. Assentis ist ein f\u00fchrender europ\u00e4ischer Anbieter von Softwarel\u00f6sungen, die sich auf Kundenkommunikationsmanagement (CCM) mit Fokus auf die Finanzdienstleistungsbranche spezialisiert. Durch diese vorgeschlagene \u00dcbernahme kann Smart Communications die Position als Anbieter f\u00fcr die Finanzdienstleistungsbranche in Kontinentaleuropa wesentlich verst\u00e4rken. Dar\u00fcber hinaus k\u00f6nnen bestehende Assentis Kunden rasch die Vorteile der bew\u00e4hrten Expertise von Smart Communications im Bereich mandantenf\u00e4hige SaaS genie\u00dfen.<\/p>\n<p>\u201eWir sind bereit, das umfangreiche Wissen und die F\u00e4higkeiten von Assentis im Bereich der Finanzindustrie in Smart Communications einzubringen\u201c, sagt James Brown, CEO von Smart Communications. \u201eBereits in den heute von uns unterst\u00fctzten Industrien haben wir die Chance erkannt, Unternehmen zu begleiten, welche zunehmend digital ausgerichtete Kunden bedienen. Durch diese \u00dcbernahme sind wir bestens ger\u00fcstet, unseren wachsenden Kundenstamm im Bereich Finanzdienstleistungen weltweit zu unterst\u00fctzen.\u201c<\/p>\n<p>Die CCM-L\u00f6sung von Assentis wird aktuell von mehr als 100\u00a0Unternehmen zur Generierung einer Vielzahl wichtiger Dokumente eingesetzt, darunter Kundenberichte, Informationsbl\u00e4tter f\u00fcr Fonds, Produktpr\u00e4sentationen, Vertr\u00e4ge und Marketingmaterialien. Das Unternehmen mit Hauptsitz in Rotkreuz, Schweiz, unterst\u00fctzt interaktive, Massen- und Ad-hoc Anwendungsf\u00e4lle. Smart Communications plant, weiterhin alle Assentis Produkte anzubieten und sich gleichzeitig darauf zu konzentrieren, ihre marktf\u00fchrende SaaS-Plattform in der gesamten Region verf\u00fcgbar zu machen.<\/p>\n<p>\u201eDies ist ein spannender n\u00e4chster Schritt in unserer Unternehmensgeschichte, vor allem, weil es unseren Kunden erm\u00f6glicht, sich durch sofort verf\u00fcgbare cloudbasierte L\u00f6sungen einen noch gr\u00f6\u00dferen Wettbewerbsvorteil zu verschaffen\u201c, sagt Martin\u00a0Kraehenbuehl, CEO von Assentis. \u201eDie Finanzdienstleister von heute sind mehr denn je darauf fokussiert, hochqualitative, personalisierte Kundeninformationen auf digitaler Basis zu liefern. Wir freuen uns darauf, unsere Kunden als Teil der Smart Communications Familie dabei zu unterst\u00fctzen, dieses Ziel noch effizienter zu erreichen.\u201c<\/p>\n<p>Diese Ank\u00fcndigung folgt auf ein Rekordjahr f\u00fcr Smart Communications, das sein erfolgreichstes Jahr in der Unternehmensgeschichte verzeichnete. Ferner wurde Smart Communications im Jahr 2020\u00a0von IDC, Aspire, Novarica und Aragon in ihren Bewertungen als f\u00fchrend eingestuft. Diese Analyseh\u00e4user erkannten das Unternehmen als strategisch f\u00fchrend an und hoben seine Vision, Cloudstrategie und Produktinnovation als entscheidende St\u00e4rken hervor. Dies ist die zweite \u00dcbernahme f\u00fcr Smart Communications in den letzten zwei Jahren. Das Unternehmen hat im Juli 2019\u00a0Intelledox \u00fcbernommen. Dieses bietet nun unter dem Namen SmartIQ, einem zentralen Angebot der Smart Communications-Plattform, Funktionen zur Transformation von Formularen an.<\/p>\n<p>Die \u00dcbernahme bedarf noch der \u00fcblichen Abschlussbedingungen.<\/p>\n<p><strong>\u00dcber Smart Communications<br \/>\n<\/strong>Smart Communications ist ein f\u00fchrendes Technologieunternehmen, das Unternehmen dabei unterst\u00fctzt, die Kundenkommunikation relevanter zu gestalten. Die Plattform <a href=\"https:\/\/www.smartcommunications.com\/conversation-cloud\/\">Conversation Cloud<\/a>&#x2122;&#xfe0f; des Unternehmens bietet auf einzigartige Weise personalisierte, Omnichannel-Konversationen \u00fcber das gesamte Kundenerlebnis hinweg. So k\u00f6nnen Unternehmen in der heutigen digitalen, kundenorientierten Welt erfolgreich sein und gleichzeitig Prozesse vereinfachen und effizienter gestalten. Smart Communications mit Hauptsitz in Gro\u00dfbritannien hat mehr als 650 Kunden und Niederlassungen in Nordamerika, Europa und Asien-Pazifik. Die Plattform Conversation Cloud von Smart Communications umfasst die skalierbaren L\u00f6sungen f\u00fcr Kundenkommunikationsmanagement (CCM) von <a href=\"https:\/\/www.smartcommunications.com\/products\/smartcomm\/\">SmartCOMM<\/a>&#x2122;&#xfe0f;, Funktionen f\u00fcr die Digialisierung von Formularen durch <a href=\"https:\/\/www.smartcommunications.com\/products\/smartiq\/\">SmartIQ<\/a>&#x2122;&#xfe0f; sowie die Fachkompetenz im Bereich Gesch\u00e4ftsdokumentation von <a href=\"https:\/\/www.smartcommunications.com\/products\/smartdx\/\">SmartDX<\/a>&#x2122;&#xfe0f;. 2021 hat Smart Communications Assentis \u00fcbernommen, einen f\u00fchrenden europ\u00e4ischen Anbieter von Softwarel\u00f6sungen, der auf Kundenkommunikationsmanagement (CCM) mit Schwerpunkt Finanzdienstleistungsbranche spezialisiert ist. Weitere Informationen finden Sie unter <a href=\"https:\/\/www.smartcommunications.com\/de\/\">smartcommunications.com\/de\/<\/a>\u00a0.<\/p>\n<p><strong>\u00dcber Assentis<br \/>\n<\/strong>Assentis ist der Schweizer Spezialist f\u00fcr Kundenkommunikationsmanagement (CCM) in der Finanzdienstleistungsbranche (FSI). Als Technologieinnovator erm\u00f6glichen wir Finanzinstituten einen kanal\u00fcbergreifenden Austausch relevanter, zeitnaher und konsistenter Informationen. Assentis ist bestens f\u00fcr die Unterst\u00fctzung von FSI-Unternehmen bei der Optimierung ihres Kundenerlebnisses, der Steigerung der Prozesseffizienz und der Benutzerfreundlichkeit in Bezug auf sehr spezifische Anwendungsf\u00e4lle ger\u00fcstet. Assentis-L\u00f6sungen werden von mehr als 100\u00a0Unternehmen eingesetzt, darunter mehrere der 20\u00a0gr\u00f6\u00dften Banken in Europa, Asien und den USA. Mehr Informationen finden Sie unter <a href=\"https:\/\/assentis.com\/de\">assentis.com<\/a>.<\/p>\n<p>Click <a href=\"https:\/\/www.smartcommunications.com\/smart-communications-and-assentis-smarter-together\/\">here<\/a> to read the press release in English.[\/vc_column_text][divider line_type=&#8220;No Line&#8220; custom_height=&#8220;30&#8243;][\/vc_column][\/vc_row]\n","protected":false},"excerpt":{"rendered":"<p>[vc_row type=&#8220;in_container&#8220; full_screen_row_position=&#8220;middle&#8220; column_margin=&#8220;default&#8220; equal_height=&#8220;yes&#8220; column_direction=&#8220;default&#8220; column_direction_tablet=&#8220;default&#8220; column_direction_phone=&#8220;default&#8220; scene_position=&#8220;center&#8220; bottom_padding=&#8220;50&#8243; text_color=&#8220;custom&#8220; custom_text_color=&#8220;#969696&#8243; text_align=&#8220;left&#8220; row_border_radius=&#8220;none&#8220; row_border_radius_applies=&#8220;bg&#8220; overflow=&#8220;visible&#8220; overlay_strength=&#8220;0.3&#8243; gradient_direction=&#8220;left_to_right&#8220; shape_divider_position=&#8220;bottom&#8220; bg_image_animation=&#8220;none&#8220;][vc_column column_padding=&#8220;no-extra-padding&#8220; column_padding_tablet=&#8220;inherit&#8220; column_padding_phone=&#8220;inherit&#8220; column_padding_position=&#8220;all&#8220; column_element_spacing=&#8220;default&#8220; background_color=&#8220;#ffffff&#8220; background_color_opacity=&#8220;1&#8243; background_hover_color_opacity=&#8220;1&#8243; column_shadow=&#8220;none&#8220; column_border_radius=&#8220;none&#8220;&#8230;<\/p>\n","protected":false},"author":35,"featured_media":0,"parent":43564,"menu_order":267,"comment_status":"closed","ping_status":"closed","template":"","meta":{"_acf_changed":false,"footnotes":""},"class_list":["post-42964","page","type-page","status-publish"],"acf":[],"yoast_head":"<!-- This site is optimized with the Yoast SEO plugin v27.0 - https:\/\/yoast.com\/product\/yoast-seo-wordpress\/ -->\n<title>Smart Communications schlie\u00dft endg\u00fcltigen Vertrag zur \u00dcbernahme von Assentis Technologies ab<\/title>\n<meta name=\"description\" content=\"\u00dcbernahme wird Finanzdienstleistern weitere M\u00f6glichkeiten f\u00fcr smartere Kundenkommunikation bieten\" \/>\n<meta name=\"robots\" content=\"index, follow, max-snippet:-1, max-image-preview:large, max-video-preview:-1\" \/>\n<link rel=\"canonical\" href=\"https:\/\/www.smartcommunications.com\/de\/pressemeldungen\/smart-communications-schliesst-endgueltigen-vertrag-zur-uebernahme-von-assentis-technologies-ab\/\" \/>\n<meta property=\"og:locale\" content=\"de_DE\" \/>\n<meta property=\"og:type\" content=\"article\" \/>\n<meta property=\"og:title\" content=\"Smart Communications schlie\u00dft endg\u00fcltigen Vertrag zur \u00dcbernahme von Assentis Technologies ab\" \/>\n<meta property=\"og:description\" content=\"\u00dcbernahme wird Finanzdienstleistern weitere M\u00f6glichkeiten f\u00fcr smartere Kundenkommunikation bieten\" \/>\n<meta property=\"og:url\" content=\"https:\/\/www.smartcommunications.com\/de\/pressemeldungen\/smart-communications-schliesst-endgueltigen-vertrag-zur-uebernahme-von-assentis-technologies-ab\/\" \/>\n<meta property=\"og:site_name\" content=\"Smart Communications\" \/>\n<meta property=\"article:modified_time\" content=\"2023-08-21T15:15:58+00:00\" \/>\n<meta property=\"og:image\" content=\"https:\/\/www.smartcommunications.com\/wp-content\/uploads\/Generic-Smart-Media-Card-blueBG.png\" \/>\n\t<meta property=\"og:image:width\" content=\"725\" \/>\n\t<meta property=\"og:image:height\" content=\"358\" \/>\n\t<meta property=\"og:image:type\" content=\"image\/png\" \/>\n<meta name=\"twitter:card\" content=\"summary_large_image\" \/>\n<meta name=\"twitter:image\" content=\"https:\/\/www.smartcommunications.com\/wp-content\/uploads\/2021\/01\/SC_AS_SMARTERTogether_Social_English_AS_ONLY_ai_TW_1024x512_V1.png\" \/>\n<meta name=\"twitter:site\" content=\"@CCMInnovators\" \/>\n<meta name=\"twitter:label1\" content=\"Gesch\u00e4tzte Lesezeit\" \/>\n\t<meta name=\"twitter:data1\" content=\"4\u00a0Minuten\" \/>\n<!-- \/ Yoast SEO plugin. -->","yoast_head_json":{"title":"Smart Communications schlie\u00dft endg\u00fcltigen Vertrag zur \u00dcbernahme von Assentis Technologies ab","description":"\u00dcbernahme wird Finanzdienstleistern weitere M\u00f6glichkeiten f\u00fcr smartere Kundenkommunikation bieten","robots":{"index":"index","follow":"follow","max-snippet":"max-snippet:-1","max-image-preview":"max-image-preview:large","max-video-preview":"max-video-preview:-1"},"canonical":"https:\/\/www.smartcommunications.com\/de\/pressemeldungen\/smart-communications-schliesst-endgueltigen-vertrag-zur-uebernahme-von-assentis-technologies-ab\/","og_locale":"de_DE","og_type":"article","og_title":"Smart Communications schlie\u00dft endg\u00fcltigen Vertrag zur \u00dcbernahme von Assentis Technologies ab","og_description":"\u00dcbernahme wird Finanzdienstleistern weitere M\u00f6glichkeiten f\u00fcr smartere Kundenkommunikation bieten","og_url":"https:\/\/www.smartcommunications.com\/de\/pressemeldungen\/smart-communications-schliesst-endgueltigen-vertrag-zur-uebernahme-von-assentis-technologies-ab\/","og_site_name":"Smart Communications","article_modified_time":"2023-08-21T15:15:58+00:00","og_image":[{"width":725,"height":358,"url":"https:\/\/www.smartcommunications.com\/wp-content\/uploads\/Generic-Smart-Media-Card-blueBG.png","type":"image\/png"}],"twitter_card":"summary_large_image","twitter_image":"https:\/\/www.smartcommunications.com\/wp-content\/uploads\/2021\/01\/SC_AS_SMARTERTogether_Social_English_AS_ONLY_ai_TW_1024x512_V1.png","twitter_site":"@CCMInnovators","twitter_misc":{"Gesch\u00e4tzte Lesezeit":"4\u00a0Minuten"},"schema":{"@context":"https:\/\/schema.org","@graph":[{"@type":"WebPage","@id":"https:\/\/www.smartcommunications.com\/de\/pressemeldungen\/smart-communications-schliesst-endgueltigen-vertrag-zur-uebernahme-von-assentis-technologies-ab\/","url":"https:\/\/www.smartcommunications.com\/de\/pressemeldungen\/smart-communications-schliesst-endgueltigen-vertrag-zur-uebernahme-von-assentis-technologies-ab\/","name":"Smart Communications schlie\u00dft endg\u00fcltigen Vertrag zur \u00dcbernahme von Assentis Technologies ab","isPartOf":{"@id":"https:\/\/www.smartcommunications.com\/#website"},"datePublished":"2021-06-25T13:53:18+00:00","dateModified":"2023-08-21T15:15:58+00:00","description":"\u00dcbernahme wird Finanzdienstleistern weitere M\u00f6glichkeiten f\u00fcr smartere Kundenkommunikation bieten","breadcrumb":{"@id":"https:\/\/www.smartcommunications.com\/de\/pressemeldungen\/smart-communications-schliesst-endgueltigen-vertrag-zur-uebernahme-von-assentis-technologies-ab\/#breadcrumb"},"inLanguage":"de","potentialAction":[{"@type":"ReadAction","target":["https:\/\/www.smartcommunications.com\/de\/pressemeldungen\/smart-communications-schliesst-endgueltigen-vertrag-zur-uebernahme-von-assentis-technologies-ab\/"]}]},{"@type":"BreadcrumbList","@id":"https:\/\/www.smartcommunications.com\/de\/pressemeldungen\/smart-communications-schliesst-endgueltigen-vertrag-zur-uebernahme-von-assentis-technologies-ab\/#breadcrumb","itemListElement":[{"@type":"ListItem","position":1,"name":"Home","item":"https:\/\/www.smartcommunications.com\/de\/"},{"@type":"ListItem","position":2,"name":"Press Releases","item":"https:\/\/www.smartcommunications.com\/de\/pressemeldungen\/"},{"@type":"ListItem","position":3,"name":"Smart Communications schlie\u00dft endg\u00fcltigen Vertrag zur \u00dcbernahme von Assentis Technologies ab"}]},{"@type":"WebSite","@id":"https:\/\/www.smartcommunications.com\/#website","url":"https:\/\/www.smartcommunications.com\/","name":"Smart Communications","description":"Customer Communication Management Software","publisher":{"@id":"https:\/\/www.smartcommunications.com\/#organization"},"alternateName":"Smart Communications","inLanguage":"de"},{"@type":"Organization","@id":"https:\/\/www.smartcommunications.com\/#organization","name":"Smart Communications","alternateName":"Smart Communications","url":"https:\/\/www.smartcommunications.com\/","logo":{"@type":"ImageObject","inLanguage":"de","@id":"https:\/\/www.smartcommunications.com\/#\/schema\/logo\/image\/","url":"https:\/\/www.smartcommunications.com\/wp-content\/uploads\/2017\/03\/Nav_logo_color_hires.png","contentUrl":"https:\/\/www.smartcommunications.com\/wp-content\/uploads\/2017\/03\/Nav_logo_color_hires.png","width":415,"height":140,"caption":"Smart Communications"},"image":{"@id":"https:\/\/www.smartcommunications.com\/#\/schema\/logo\/image\/"},"sameAs":["https:\/\/x.com\/CCMInnovators","https:\/\/www.linkedin.com\/company\/smart-communications.\/"]}]}},"_links":{"self":[{"href":"https:\/\/www.smartcommunications.com\/de\/wp-json\/wp\/v2\/pages\/42964","targetHints":{"allow":["GET"]}}],"collection":[{"href":"https:\/\/www.smartcommunications.com\/de\/wp-json\/wp\/v2\/pages"}],"about":[{"href":"https:\/\/www.smartcommunications.com\/de\/wp-json\/wp\/v2\/types\/page"}],"author":[{"embeddable":true,"href":"https:\/\/www.smartcommunications.com\/de\/wp-json\/wp\/v2\/users\/35"}],"replies":[{"embeddable":true,"href":"https:\/\/www.smartcommunications.com\/de\/wp-json\/wp\/v2\/comments?post=42964"}],"version-history":[{"count":0,"href":"https:\/\/www.smartcommunications.com\/de\/wp-json\/wp\/v2\/pages\/42964\/revisions"}],"up":[{"embeddable":true,"href":"https:\/\/www.smartcommunications.com\/de\/wp-json\/wp\/v2\/pages\/43564"}],"wp:attachment":[{"href":"https:\/\/www.smartcommunications.com\/de\/wp-json\/wp\/v2\/media?parent=42964"}],"curies":[{"name":"wp","href":"https:\/\/api.w.org\/{rel}","templated":true}]}}