{"id":42925,"date":"2021-06-25T09:53:11","date_gmt":"2021-06-25T13:53:11","guid":{"rendered":"https:\/\/www.smartcommunications.com\/smart-communications-von-aspire-als-marktfuehrer-im-bereich-kundenkommunikationsmanagement-ausgezeichnet\/"},"modified":"2023-04-14T07:30:54","modified_gmt":"2023-04-14T11:30:54","slug":"smart-communications-von-aspire-als-marktfuehrer-im-bereich-kundenkommunikationsmanagement-ausgezeichnet","status":"publish","type":"page","link":"https:\/\/www.smartcommunications.com\/de\/pressemeldungen\/smart-communications-von-aspire-als-marktfuehrer-im-bereich-kundenkommunikationsmanagement-ausgezeichnet\/","title":{"rendered":"Smart Communications von Aspire als Marktf\u00fchrer im Bereich Kundenkommunikationsmanagement ausgezeichnet"},"content":{"rendered":"[vc_row type=&#8220;in_container&#8220; full_screen_row_position=&#8220;middle&#8220; column_margin=&#8220;default&#8220; equal_height=&#8220;yes&#8220; column_direction=&#8220;default&#8220; column_direction_tablet=&#8220;default&#8220; column_direction_phone=&#8220;default&#8220; scene_position=&#8220;center&#8220; bottom_padding=&#8220;50&#8243; text_color=&#8220;custom&#8220; custom_text_color=&#8220;#969696&#8243; text_align=&#8220;left&#8220; row_border_radius=&#8220;none&#8220; row_border_radius_applies=&#8220;bg&#8220; overflow=&#8220;visible&#8220; overlay_strength=&#8220;0.3&#8243; gradient_direction=&#8220;left_to_right&#8220; shape_divider_position=&#8220;bottom&#8220; bg_image_animation=&#8220;none&#8220;][vc_column column_padding=&#8220;no-extra-padding&#8220; column_padding_tablet=&#8220;inherit&#8220; column_padding_phone=&#8220;inherit&#8220; column_padding_position=&#8220;all&#8220; column_element_spacing=&#8220;default&#8220; background_color=&#8220;#ffffff&#8220; background_color_opacity=&#8220;1&#8243; background_hover_color_opacity=&#8220;1&#8243; column_shadow=&#8220;none&#8220; column_border_radius=&#8220;none&#8220; column_link_target=&#8220;_self&#8220; column_position=&#8220;default&#8220; gradient_direction=&#8220;left_to_right&#8220; overlay_strength=&#8220;0.3&#8243; width=&#8220;1\/1&#8243; tablet_width_inherit=&#8220;default&#8220; tablet_text_alignment=&#8220;left&#8220; phone_text_alignment=&#8220;left&#8220; animation_type=&#8220;default&#8220; enable_animation=&#8220;true&#8220; animation=&#8220;none&#8220; bg_image_animation=&#8220;none&#8220; border_type=&#8220;simple&#8220; column_border_width=&#8220;none&#8220; column_border_style=&#8220;solid&#8220;][divider line_type=&#8220;Small Line&#8220; line_alignment=&#8220;default&#8220; line_thickness=&#8220;7&#8243; divider_color=&#8220;accent-color&#8220; animate=&#8220;yes&#8220; custom_height=&#8220;20&#8243; custom_line_width=&#8220;150&#8243;][divider line_type=&#8220;No Line&#8220; custom_height=&#8220;10&#8243;][vc_column_text css_animation=&#8220;top-to-bottom&#8220;]\n<h3><span style=\"color: #002f87;\">Smart Communications von Aspire als Marktf\u00fchrer im Bereich Kundenkommunikationsmanagement ausgezeichnet<\/span><\/h3>\n[\/vc_column_text][divider line_type=&#8220;No Line&#8220; custom_height=&#8220;25&#8243;][vc_column_text css_animation=&#8220;top-to-bottom&#8220;]<em>Die strategische Vision des Unternehmens und die j\u00fcngsten Erg\u00e4nzungen f\u00fchren zu einer festen Position unter den 21\u00a0untersuchten Anbietern<\/em><\/p>\n<p><strong>London und New York<\/strong> \u2013 26.\u00a0Mai 2021\u00a0\u2013 <a href=\"https:\/\/www.smartcommunications.com\/de\">Smart Communications<sup>TM<\/sup><\/a>, ein f\u00fchrendes Technologieunternehmen, das sich auf die Unterst\u00fctzung von Unternehmen bei der Umsetzung aussagekr\u00e4ftigerer Kundengespr\u00e4che spezialisiert hat, gab heute bekannt, dass es im vierten Jahr in Folge im <a href=\"https:\/\/www.aspireleaderboard.com\/subscribers\/token\/JZDD9VFZPLCG9RCPPR6L9H4W9J4MGWT36\">2021 Aspire CCM Leaderboard<\/a> als Marktf\u00fchrer eingestuft wurde. Neben der Auszeichnung als Marktf\u00fchrer im Bereich Kundenkommunikationsmanagement wurde das Unternehmen als solcher in den Kategorien Communication Composition, Business Automation und Omni-Channel Orchestration positioniert.<\/p>\n<p>Die Position des Marktf\u00fchrers und die hervorragende Bewertung der Strategie von Smart Communications wurde von Aspire durch die Analyse der St\u00e4rken der L\u00f6sungen, der Vision und der globalen Reichweite des Unternehmens ermittelt. Im Aspire Leaderboard hei\u00dft es:\u00a0<strong><em>\u201eDas gesunde Wachstum von Smart Communications im Jahr 2020\u00a0als Folge der COVID-bedingten Verlagerung in die Cloud hat das Unternehmen an die Spitze der Liste im Leaderboard 2021\u00a0katapultiert.\u201c<\/em><\/strong><\/p>\n<p>\u201eSmart Communications hat sich seinen Platz im CCM Leaderboard 2021\u00a0durch die Bereitstellung einer modernen und ausgereiften cloudnativen L\u00f6sung f\u00fcr das Kundenkommunikationsmanagement gesichert, welche Unternehmen ein besseres Kundenerlebnis erm\u00f6glicht. Im letzten Jahr hat es Smart Communications kontinuierlich und erfolgreich geschafft, Gesch\u00e4ftsanwendern einen Self-Service bereitzustellen und gleichzeitig seine Produktsuite mit weiteren Anwendungen zu erg\u00e4nzen, einschlie\u00dflich KI-basierter Migration und Omnichannel-Orchestrierung\u201c, sagt Kaspar Roos, Gr\u00fcnder und CEO von Aspire.<\/p>\n<p>Im Einzelnen stellte Aspire die folgenden Punkte als Hauptunterscheidungsmerkmale von <a href=\"https:\/\/www.aspireleaderboard.com\/review-of-smart-communications\">Smart Communications<\/a> fest:<\/p>\n<ul>\n<li>Die Conversation Cloud Plattform liefert personalisierte, Omnichannel-Konversationen \u00fcber das gesamte Kundenerlebnis hinweg und enth\u00e4lt Konnektoren zum weiteren CX-\u00d6kosystem<\/li>\n<li>Die erweiterten Funktionen von Migration Studio unterst\u00fctzen Anwender bei der Extraktion vorhandener Inhalte aus PDF- und Textdokumenten aus \u00e4lteren Systemen in SmartCOMM<sup>TM<\/sup> durch verbesserte Funktionen f\u00fcr k\u00fcnstliche Intelligenz und maschinelles Lernen<\/li>\n<li>Integrierte Formularfunktionen, die \u00fcber SmartIQ<sup>TM<\/sup> bereitgestellt werden, unterst\u00fctzen die Anwendungsf\u00e4lle Onboarding, Aktivierung und Registrierung, die w\u00e4hrend der Pandemie an Bedeutung gewonnen haben<\/li>\n<li>Erweiterte Orchestrierung und Echtzeit-Entscheidungsfindung f\u00fcr die Koordination der Kommunikation \u00fcber den bevorzugten Messaging-Kanal eines Kunden beim Onboarding von Neukunden, der Terminverwaltung, dem Schriftverkehr bei Schadensf\u00e4llen sowie dem interaktiven Self-Service<\/li>\n<li>Inhaltsintelligenz-Funktionen, die Anwendern zu einem besseren Verst\u00e4ndnis bestehender Inhalte verhelfen und die Lesbarkeit, den Umgangston und die Stimmung in der Kommunikation besser optimieren<\/li>\n<li>Die einzige vollst\u00e4ndige SaaS-CCM-Plattform, die nachweislich Skalierbarkeit auf Unternehmensebene in der Cloud bietet<\/li>\n<\/ul>\n<p>&nbsp;<\/p>\n<p>\u201eWir sind hoch erfreut \u00fcber die Auszeichnung als f\u00fchrendes Unternehmen im Bereich Kundenkommunikationsmanagement durch das Aspire Leaderboard\u201c, sagt James Brown, CEO von Smart Communications. \u201eAls einziges Unternehmen mit personalisierten Omnichannel-Konversationen im gesamten Kundenerlebnis sind wir bestrebt und stolz darauf, Unternehmen einen gesch\u00e4ftlichen Mehrwert und Innovationen zu liefern, damit sie intelligentere Zweiweg-Konversationen mit ihren Kunden f\u00fchren k\u00f6nnen.\u201c<\/p>\n<p>Das 2021\u00a0Aspire CCM Leaderboard kann <a href=\"https:\/\/www.aspireleaderboard.com\/subscribers\/token\/JZDD9VFZPLCG9RCPPR6L9H4W9J4MGWT36\">hier<\/a> aufgerufen werden.<\/p>\n<p><strong>\u00dcber Smart Communications<\/strong><\/p>\n<p>Smart Communications ist ein f\u00fchrendes Technologieunternehmen, das Unternehmen dabei unterst\u00fctzt, die Kundenkommunikation relevanter zu gestalten. Die Plattform <a href=\"https:\/\/www.smartcommunications.com\/conversation-cloud\/\">Conversation Cloud<\/a>&#x2122;&#xfe0f; des Unternehmens bietet auf einzigartige Weise personalisierte, Omnichannel-Konversationen \u00fcber das gesamte Kundenerlebnis hinweg. So k\u00f6nnen Unternehmen in der heutigen digitalen, kundenorientierten Welt erfolgreich sein und gleichzeitig Prozesse vereinfachen und effizienter gestalten. Smart Communications mit Hauptsitz in Gro\u00dfbritannien hat mehr als 650 Kunden und Niederlassungen in Nordamerika, Europa und Asien-Pazifik. Die Plattform Conversation Cloud von Smart Communications umfasst die skalierbaren L\u00f6sungen f\u00fcr Kundenkommunikationsmanagement (CCM) von <a href=\"https:\/\/www.smartcommunications.com\/products\/smartcomm\/\">SmartCOMM<\/a>&#x2122;&#xfe0f;, Funktionen f\u00fcr die Digialisierung von Formularen durch <a href=\"https:\/\/www.smartcommunications.com\/products\/smartiq\">SmartIQ<\/a>&#x2122;&#xfe0f; sowie die Fachkompetenz im Bereich Gesch\u00e4ftsdokumentation von <a href=\"https:\/\/www.smartcommunications.com\/products\/smartdx\/\">SmartDX<\/a>&#x2122;&#xfe0f;. 2021 hat Smart Communications Assentis \u00fcbernommen, einen f\u00fchrenden europ\u00e4ischen Anbieter von Softwarel\u00f6sungen, der auf Kundenkommunikationsmanagement (CCM) mit Schwerpunkt Finanzdienstleistungsbranche spezialisiert ist. Weitere Informationen finden Sie unter <a href=\"https:\/\/www.smartcommunications.com\/de\">smartcommunications.com\/de<\/a>.<\/p>\n<p><strong>Aspire Haftungsausschluss<\/strong><br \/>\nDas Aspire Leaderboard&#x2122; ist urheberrechtlich gesch\u00fctzt durch Aspire Customer Communications Services Ltd. und basiert auf den Erkenntnissen und Meinungen der Beratungsorganisation von Aspire. Aspire bef\u00fcrwortet keine im Aspire Leaderboard enthaltenen Anbieter, Produkte oder Dienste. F\u00fcr individuellen RFP-Support kontaktieren Sie bitte das Aspire Team\u00a0<a href=\"https:\/\/www.aspireccs.com\/contact-us\/\">hier<\/a>.<\/p>\n<p><strong>\u00dcber Aspire<\/strong><strong><br \/>\n<\/strong>Aspire Customer Communications Services ist ein Boutique-Beratungsunternehmen, das sich auf Kundenkommunikationsmanagement (CCM) und digitales Kundenerlebnis (Digital Customer Experience, DCX) spezialisiert hat. Durch tiefgreifende Marktexpertise und globale Einblicke arbeitet Aspire mit Technologieanbietern, Dienstleistern, Unternehmen und Investoren zusammen und unterst\u00fctzt sie bei der Umsetzung ihrer CCM-Ziele. Weitere Informationen dar\u00fcber, wie Aspire Unternehmen dabei hilft, sich in der komplexen Welt der Kundenkommunikation zurechtzufinden, finden Sie unter\u00a0<a href=\"https:\/\/www.aspireccs.com\/\">https:\/\/www.aspireccs.com<\/a>.[\/vc_column_text][divider line_type=&#8220;No Line&#8220; custom_height=&#8220;30&#8243;][\/vc_column][\/vc_row]\n","protected":false},"excerpt":{"rendered":"<p>[vc_row type=&#8220;in_container&#8220; full_screen_row_position=&#8220;middle&#8220; column_margin=&#8220;default&#8220; equal_height=&#8220;yes&#8220; column_direction=&#8220;default&#8220; column_direction_tablet=&#8220;default&#8220; column_direction_phone=&#8220;default&#8220; scene_position=&#8220;center&#8220; bottom_padding=&#8220;50&#8243; text_color=&#8220;custom&#8220; custom_text_color=&#8220;#969696&#8243; text_align=&#8220;left&#8220; row_border_radius=&#8220;none&#8220; row_border_radius_applies=&#8220;bg&#8220; overflow=&#8220;visible&#8220; overlay_strength=&#8220;0.3&#8243; gradient_direction=&#8220;left_to_right&#8220; shape_divider_position=&#8220;bottom&#8220; bg_image_animation=&#8220;none&#8220;][vc_column column_padding=&#8220;no-extra-padding&#8220; column_padding_tablet=&#8220;inherit&#8220; column_padding_phone=&#8220;inherit&#8220; column_padding_position=&#8220;all&#8220; column_element_spacing=&#8220;default&#8220; background_color=&#8220;#ffffff&#8220; background_color_opacity=&#8220;1&#8243; background_hover_color_opacity=&#8220;1&#8243; column_shadow=&#8220;none&#8220; column_border_radius=&#8220;none&#8220;&#8230;<\/p>\n","protected":false},"author":2,"featured_media":42563,"parent":43564,"menu_order":213,"comment_status":"closed","ping_status":"closed","template":"","meta":{"_acf_changed":false,"footnotes":""},"class_list":["post-42925","page","type-page","status-publish","has-post-thumbnail"],"acf":[],"yoast_head":"<!-- This site is optimized with the Yoast SEO plugin v27.5 - https:\/\/yoast.com\/product\/yoast-seo-wordpress\/ -->\n<title>Smart Communications von Aspire als Marktf\u00fchrer im Bereich Kundenkommunikationsmanagement ausgezeichnet<\/title>\n<meta name=\"description\" content=\"Smart Communications gibt bekannt, dass das Unternehmen im Aspire CCM Leaderboard 2021\u00a0als Marktf\u00fchrer ausgezeichnet wurde.\" \/>\n<meta name=\"robots\" content=\"index, follow, max-snippet:-1, max-image-preview:large, max-video-preview:-1\" \/>\n<link rel=\"canonical\" href=\"https:\/\/www.smartcommunications.com\/de\/pressemeldungen\/smart-communications-von-aspire-als-marktfuehrer-im-bereich-kundenkommunikationsmanagement-ausgezeichnet\/\" \/>\n<meta property=\"og:locale\" content=\"de_DE\" \/>\n<meta property=\"og:type\" content=\"article\" \/>\n<meta property=\"og:title\" content=\"Smart Communications von Aspire als Marktf\u00fchrer im Bereich Kundenkommunikationsmanagement ausgezeichnet\" \/>\n<meta property=\"og:description\" content=\"Smart Communications gibt bekannt, dass das Unternehmen im Aspire CCM Leaderboard 2021\u00a0als Marktf\u00fchrer ausgezeichnet wurde.\" \/>\n<meta property=\"og:url\" content=\"https:\/\/www.smartcommunications.com\/de\/pressemeldungen\/smart-communications-von-aspire-als-marktfuehrer-im-bereich-kundenkommunikationsmanagement-ausgezeichnet\/\" \/>\n<meta property=\"og:site_name\" content=\"Smart Communications\" \/>\n<meta property=\"article:modified_time\" content=\"2023-04-14T11:30:54+00:00\" \/>\n<meta property=\"og:image\" content=\"https:\/\/www.smartcommunications.com\/wp-content\/uploads\/021_Aspire-Leaderboard_socialtiles_LIV2.jpg\" \/>\n\t<meta property=\"og:image:width\" content=\"1200\" \/>\n\t<meta property=\"og:image:height\" content=\"628\" \/>\n\t<meta property=\"og:image:type\" content=\"image\/jpeg\" \/>\n<meta name=\"twitter:card\" content=\"summary_large_image\" \/>\n<meta name=\"twitter:image\" content=\"https:\/\/www.smartcommunications.com\/wp-content\/uploads\/021_Aspire-Leaderboard_socialtiles_LIV2.jpg\" \/>\n<meta name=\"twitter:site\" content=\"@CCMInnovators\" \/>\n<meta name=\"twitter:label1\" content=\"Gesch\u00e4tzte Lesezeit\" \/>\n\t<meta name=\"twitter:data1\" content=\"4\u00a0Minuten\" \/>\n<!-- \/ Yoast SEO plugin. -->","yoast_head_json":{"title":"Smart Communications von Aspire als Marktf\u00fchrer im Bereich Kundenkommunikationsmanagement ausgezeichnet","description":"Smart Communications gibt bekannt, dass das Unternehmen im Aspire CCM Leaderboard 2021\u00a0als Marktf\u00fchrer ausgezeichnet wurde.","robots":{"index":"index","follow":"follow","max-snippet":"max-snippet:-1","max-image-preview":"max-image-preview:large","max-video-preview":"max-video-preview:-1"},"canonical":"https:\/\/www.smartcommunications.com\/de\/pressemeldungen\/smart-communications-von-aspire-als-marktfuehrer-im-bereich-kundenkommunikationsmanagement-ausgezeichnet\/","og_locale":"de_DE","og_type":"article","og_title":"Smart Communications von Aspire als Marktf\u00fchrer im Bereich Kundenkommunikationsmanagement ausgezeichnet","og_description":"Smart Communications gibt bekannt, dass das Unternehmen im Aspire CCM Leaderboard 2021\u00a0als Marktf\u00fchrer ausgezeichnet wurde.","og_url":"https:\/\/www.smartcommunications.com\/de\/pressemeldungen\/smart-communications-von-aspire-als-marktfuehrer-im-bereich-kundenkommunikationsmanagement-ausgezeichnet\/","og_site_name":"Smart Communications","article_modified_time":"2023-04-14T11:30:54+00:00","og_image":[{"width":1200,"height":628,"url":"https:\/\/www.smartcommunications.com\/wp-content\/uploads\/021_Aspire-Leaderboard_socialtiles_LIV2.jpg","type":"image\/jpeg"}],"twitter_card":"summary_large_image","twitter_image":"https:\/\/www.smartcommunications.com\/wp-content\/uploads\/021_Aspire-Leaderboard_socialtiles_LIV2.jpg","twitter_site":"@CCMInnovators","twitter_misc":{"Gesch\u00e4tzte Lesezeit":"4\u00a0Minuten"},"schema":{"@context":"https:\/\/schema.org","@graph":[{"@type":"WebPage","@id":"https:\/\/www.smartcommunications.com\/de\/pressemeldungen\/smart-communications-von-aspire-als-marktfuehrer-im-bereich-kundenkommunikationsmanagement-ausgezeichnet\/","url":"https:\/\/www.smartcommunications.com\/de\/pressemeldungen\/smart-communications-von-aspire-als-marktfuehrer-im-bereich-kundenkommunikationsmanagement-ausgezeichnet\/","name":"Smart Communications von Aspire als Marktf\u00fchrer im Bereich Kundenkommunikationsmanagement ausgezeichnet","isPartOf":{"@id":"https:\/\/www.smartcommunications.com\/#website"},"primaryImageOfPage":{"@id":"https:\/\/www.smartcommunications.com\/de\/pressemeldungen\/smart-communications-von-aspire-als-marktfuehrer-im-bereich-kundenkommunikationsmanagement-ausgezeichnet\/#primaryimage"},"image":{"@id":"https:\/\/www.smartcommunications.com\/de\/pressemeldungen\/smart-communications-von-aspire-als-marktfuehrer-im-bereich-kundenkommunikationsmanagement-ausgezeichnet\/#primaryimage"},"thumbnailUrl":"https:\/\/www.smartcommunications.com\/wp-content\/uploads\/021_Aspire-Leaderboard_socialtiles_LIV2.jpg","datePublished":"2021-06-25T13:53:11+00:00","dateModified":"2023-04-14T11:30:54+00:00","description":"Smart Communications gibt bekannt, dass das Unternehmen im Aspire CCM Leaderboard 2021\u00a0als Marktf\u00fchrer ausgezeichnet wurde.","breadcrumb":{"@id":"https:\/\/www.smartcommunications.com\/de\/pressemeldungen\/smart-communications-von-aspire-als-marktfuehrer-im-bereich-kundenkommunikationsmanagement-ausgezeichnet\/#breadcrumb"},"inLanguage":"de","potentialAction":[{"@type":"ReadAction","target":["https:\/\/www.smartcommunications.com\/de\/pressemeldungen\/smart-communications-von-aspire-als-marktfuehrer-im-bereich-kundenkommunikationsmanagement-ausgezeichnet\/"]}]},{"@type":"ImageObject","inLanguage":"de","@id":"https:\/\/www.smartcommunications.com\/de\/pressemeldungen\/smart-communications-von-aspire-als-marktfuehrer-im-bereich-kundenkommunikationsmanagement-ausgezeichnet\/#primaryimage","url":"https:\/\/www.smartcommunications.com\/wp-content\/uploads\/021_Aspire-Leaderboard_socialtiles_LIV2.jpg","contentUrl":"https:\/\/www.smartcommunications.com\/wp-content\/uploads\/021_Aspire-Leaderboard_socialtiles_LIV2.jpg","width":1200,"height":628},{"@type":"BreadcrumbList","@id":"https:\/\/www.smartcommunications.com\/de\/pressemeldungen\/smart-communications-von-aspire-als-marktfuehrer-im-bereich-kundenkommunikationsmanagement-ausgezeichnet\/#breadcrumb","itemListElement":[{"@type":"ListItem","position":1,"name":"Home","item":"https:\/\/www.smartcommunications.com\/de\/"},{"@type":"ListItem","position":2,"name":"Press Releases","item":"https:\/\/www.smartcommunications.com\/de\/pressemeldungen\/"},{"@type":"ListItem","position":3,"name":"Smart Communications von Aspire als Marktf\u00fchrer im Bereich Kundenkommunikationsmanagement ausgezeichnet"}]},{"@type":"WebSite","@id":"https:\/\/www.smartcommunications.com\/#website","url":"https:\/\/www.smartcommunications.com\/","name":"Smart Communications","description":"Customer Communication Management Software","publisher":{"@id":"https:\/\/www.smartcommunications.com\/#organization"},"alternateName":"Smart Communications","inLanguage":"de"},{"@type":"Organization","@id":"https:\/\/www.smartcommunications.com\/#organization","name":"Smart Communications","alternateName":"Smart Communications","url":"https:\/\/www.smartcommunications.com\/","logo":{"@type":"ImageObject","inLanguage":"de","@id":"https:\/\/www.smartcommunications.com\/#\/schema\/logo\/image\/","url":"https:\/\/www.smartcommunications.com\/wp-content\/uploads\/2017\/03\/Nav_logo_color_hires.png","contentUrl":"https:\/\/www.smartcommunications.com\/wp-content\/uploads\/2017\/03\/Nav_logo_color_hires.png","width":415,"height":140,"caption":"Smart Communications"},"image":{"@id":"https:\/\/www.smartcommunications.com\/#\/schema\/logo\/image\/"},"sameAs":["https:\/\/x.com\/CCMInnovators","https:\/\/www.linkedin.com\/company\/smart-communications.\/"]}]}},"_links":{"self":[{"href":"https:\/\/www.smartcommunications.com\/de\/wp-json\/wp\/v2\/pages\/42925","targetHints":{"allow":["GET"]}}],"collection":[{"href":"https:\/\/www.smartcommunications.com\/de\/wp-json\/wp\/v2\/pages"}],"about":[{"href":"https:\/\/www.smartcommunications.com\/de\/wp-json\/wp\/v2\/types\/page"}],"author":[{"embeddable":true,"href":"https:\/\/www.smartcommunications.com\/de\/wp-json\/wp\/v2\/users\/2"}],"replies":[{"embeddable":true,"href":"https:\/\/www.smartcommunications.com\/de\/wp-json\/wp\/v2\/comments?post=42925"}],"version-history":[{"count":0,"href":"https:\/\/www.smartcommunications.com\/de\/wp-json\/wp\/v2\/pages\/42925\/revisions"}],"up":[{"embeddable":true,"href":"https:\/\/www.smartcommunications.com\/de\/wp-json\/wp\/v2\/pages\/43564"}],"wp:featuredmedia":[{"embeddable":true,"href":"https:\/\/www.smartcommunications.com\/de\/wp-json\/wp\/v2\/media\/42563"}],"wp:attachment":[{"href":"https:\/\/www.smartcommunications.com\/de\/wp-json\/wp\/v2\/media?parent=42925"}],"curies":[{"name":"wp","href":"https:\/\/api.w.org\/{rel}","templated":true}]}}