{"id":42891,"date":"2021-06-25T09:53:06","date_gmt":"2021-06-25T13:53:06","guid":{"rendered":"https:\/\/www.smartcommunications.com\/smartcomm-fuer-crm\/"},"modified":"2022-01-24T19:20:10","modified_gmt":"2022-01-24T23:20:10","slug":"smartcomm-fuer-crm","status":"publish","type":"page","link":"https:\/\/www.smartcommunications.com\/de\/produkte\/smartcomm-fuer-crm\/","title":{"rendered":"SmartCOMM f\u00fcr CRM"},"content":{"rendered":"[vc_row type=&#8220;full_width_background&#8220; full_screen_row_position=&#8220;middle&#8220; column_margin=&#8220;default&#8220; column_direction=&#8220;default&#8220; column_direction_tablet=&#8220;default&#8220; column_direction_phone=&#8220;default&#8220; bg_image=&#8220;37181&#8243; bg_position=&#8220;left top&#8220; bg_repeat=&#8220;no-repeat&#8220; scene_position=&#8220;center&#8220; top_padding=&#8220;120&#8243; bottom_padding=&#8220;120&#8243; text_color=&#8220;custom&#8220; custom_text_color=&#8220;#003184&#8243; text_align=&#8220;left&#8220; row_border_radius=&#8220;none&#8220; row_border_radius_applies=&#8220;bg&#8220; class=&#8220;product-banner&#8220; overlay_strength=&#8220;0.3&#8243; gradient_direction=&#8220;left_to_right&#8220; shape_divider_position=&#8220;bottom&#8220; bg_image_animation=&#8220;none&#8220;][vc_column column_padding=&#8220;no-extra-padding&#8220; column_padding_tablet=&#8220;inherit&#8220; column_padding_phone=&#8220;inherit&#8220; column_padding_position=&#8220;all&#8220; background_color_opacity=&#8220;1&#8243; background_hover_color_opacity=&#8220;1&#8243; column_shadow=&#8220;none&#8220; column_border_radius=&#8220;none&#8220; column_link_target=&#8220;_self&#8220; gradient_direction=&#8220;left_to_right&#8220; overlay_strength=&#8220;0.3&#8243; width=&#8220;1\/1&#8243; tablet_width_inherit=&#8220;default&#8220; tablet_text_alignment=&#8220;default&#8220; phone_text_alignment=&#8220;default&#8220; column_border_width=&#8220;none&#8220; column_border_style=&#8220;solid&#8220; bg_image_animation=&#8220;none&#8220; offset=&#8220;vc_col-lg-offset-1&#8243;][vc_column_text el_class=&#8220;font-regular&#8220;]\n<h1>So wird die Aktualisierung von tausend Dokumenten<br \/>\nzu einer einmaligen Angelegenheit! Skalieren Sie die Konversation von jedem CRM-System aus.<\/h1>\n[\/vc_column_text][\/vc_column][\/vc_row][vc_row type=&#8220;full_width_background&#8220; full_screen_row_position=&#8220;middle&#8220; column_margin=&#8220;default&#8220; equal_height=&#8220;yes&#8220; content_placement=&#8220;middle&#8220; column_direction=&#8220;default&#8220; column_direction_tablet=&#8220;default&#8220; column_direction_phone=&#8220;default&#8220; scene_position=&#8220;center&#8220; top_padding=&#8220;80&#8243; bottom_padding=&#8220;80&#8243; text_color=&#8220;dark&#8220; text_align=&#8220;left&#8220; row_border_radius=&#8220;none&#8220; row_border_radius_applies=&#8220;bg&#8220; class=&#8220;product-communications color2&#8243; overlay_strength=&#8220;0.3&#8243; gradient_direction=&#8220;left_to_right&#8220; shape_divider_position=&#8220;bottom&#8220; bg_image_animation=&#8220;none&#8220;][vc_column column_padding=&#8220;no-extra-padding&#8220; column_padding_tablet=&#8220;inherit&#8220; column_padding_phone=&#8220;inherit&#8220; column_padding_position=&#8220;all&#8220; background_color_opacity=&#8220;1&#8243; background_hover_color_opacity=&#8220;1&#8243; column_shadow=&#8220;none&#8220; column_border_radius=&#8220;none&#8220; column_link_target=&#8220;_self&#8220; gradient_direction=&#8220;left_to_right&#8220; overlay_strength=&#8220;0.3&#8243; width=&#8220;1\/1&#8243; tablet_width_inherit=&#8220;default&#8220; tablet_text_alignment=&#8220;default&#8220; phone_text_alignment=&#8220;default&#8220; column_border_width=&#8220;none&#8220; column_border_style=&#8220;solid&#8220; bg_image_animation=&#8220;none&#8220;][vc_custom_heading text=&#8220;Dokumenterstellung der Enterprise-Klasse<br \/>\nf\u00fcr Ihr CRM.&#8220; font_container=&#8220;tag:h2|font_size:60px|text_align:left|color:%23003184|line_height:80px&#8220; use_theme_fonts=&#8220;yes&#8220; css=&#8220;.vc_custom_1577116689652{margin-bottom: 77px !important;}&#8220;][divider line_type=&#8220;Small Line&#8220; line_alignment=&#8220;default&#8220; line_thickness=&#8220;2&#8243; divider_color=&#8220;extra-color-2&#8243; animate=&#8220;yes&#8220; custom_line_width=&#8220;286px&#8220; custom_height=&#8220;30&#8243;][vc_row_inner column_margin=&#8220;default&#8220; column_direction=&#8220;default&#8220; column_direction_tablet=&#8220;default&#8220; column_direction_phone=&#8220;default&#8220; text_align=&#8220;left&#8220; css=&#8220;.vc_custom_1576764331154{margin-top: 74px !important;}&#8220;][vc_column_inner column_padding=&#8220;no-extra-padding&#8220; column_padding_tablet=&#8220;inherit&#8220; column_padding_phone=&#8220;inherit&#8220; column_padding_position=&#8220;all&#8220; background_color_opacity=&#8220;1&#8243; background_hover_color_opacity=&#8220;1&#8243; column_shadow=&#8220;none&#8220; column_border_radius=&#8220;none&#8220; column_link_target=&#8220;_self&#8220; gradient_direction=&#8220;left_to_right&#8220; overlay_strength=&#8220;0.3&#8243; width=&#8220;2\/3&#8243; tablet_width_inherit=&#8220;default&#8220; column_border_width=&#8220;none&#8220; column_border_style=&#8220;solid&#8220; bg_image_animation=&#8220;none&#8220;][vc_column_text]Erstellen und liefern Sie mit einer einzigen Vorlage personalisierte, interaktive Kundenkommunikation \u00fcber mehrere Kan\u00e4le, um Angebote, Vorschl\u00e4ge, Vertr\u00e4ge und mehr abzudecken. SmartCOMM<sup>TM<\/sup> wurde f\u00fcr CRM-Gesch\u00e4ftskunden entwickelt und tr\u00e4gt zur Vereinfachung Ihrer Kundenkommunikation bei, w\u00e4hrend gleichzeitig die interne Effizienz verbessert und der ROI gesteigert wird.[\/vc_column_text][\/vc_column_inner][vc_column_inner column_padding=&#8220;no-extra-padding&#8220; column_padding_tablet=&#8220;inherit&#8220; column_padding_phone=&#8220;inherit&#8220; column_padding_position=&#8220;all&#8220; background_color_opacity=&#8220;1&#8243; background_hover_color_opacity=&#8220;1&#8243; column_shadow=&#8220;none&#8220; column_border_radius=&#8220;none&#8220; column_link_target=&#8220;_self&#8220; el_class=&#8220;righted-text&#8220; gradient_direction=&#8220;left_to_right&#8220; overlay_strength=&#8220;0.3&#8243; width=&#8220;1\/3&#8243; tablet_width_inherit=&#8220;default&#8220; column_border_width=&#8220;none&#8220; column_border_style=&#8220;solid&#8220; bg_image_animation=&#8220;none&#8220;][nectar_btn size=&#8220;jumbo&#8220; button_style=&#8220;see-through&#8220; button_color_2=&#8220;Accent-Color&#8220; color_override=&#8220;#003184&#8243; icon_family=&#8220;none&#8220; text=&#8220;Kontaktieren Sie uns!&#8220; margin_top=&#8220;30px&#8220; url=&#8220;https:\/\/www.smartcommunications.com\/de\/contact-us\/&#8220;][nectar_btn size=&#8220;jumbo&#8220; button_style=&#8220;see-through&#8220; button_color_2=&#8220;Accent-Color&#8220; color_override=&#8220;#003184&#8243; icon_family=&#8220;none&#8220; text=&#8220;DATENBLATT HERUNTERLADEN&#8220; margin_top=&#8220;30px&#8220; url=&#8220;https:\/\/www.smartcommunications.com\/wp-content\/uploads\/smart-communications-skalierbare-kommunikation-crm-integriert-datenblatt.pdf&#8220;][\/vc_column_inner][\/vc_row_inner][\/vc_column][\/vc_row][vc_row type=&#8220;full_width_background&#8220; full_screen_row_position=&#8220;middle&#8220; column_margin=&#8220;default&#8220; column_direction=&#8220;default&#8220; column_direction_tablet=&#8220;default&#8220; column_direction_phone=&#8220;default&#8220; scene_position=&#8220;center&#8220; top_padding=&#8220;80&#8243; bottom_padding=&#8220;50&#8243; text_color=&#8220;custom&#8220; custom_text_color=&#8220;#0a3184&#8243; text_align=&#8220;left&#8220; row_border_radius=&#8220;none&#8220; row_border_radius_applies=&#8220;bg&#8220; class=&#8220;product-vertical-tabs&#8220; overlay_strength=&#8220;0.3&#8243; gradient_direction=&#8220;left_to_right&#8220; shape_divider_position=&#8220;bottom&#8220; bg_image_animation=&#8220;none&#8220;][vc_column column_padding=&#8220;no-extra-padding&#8220; column_padding_tablet=&#8220;inherit&#8220; column_padding_phone=&#8220;inherit&#8220; column_padding_position=&#8220;all&#8220; background_color_opacity=&#8220;1&#8243; background_hover_color_opacity=&#8220;1&#8243; column_shadow=&#8220;none&#8220; column_border_radius=&#8220;none&#8220; column_link_target=&#8220;_self&#8220; gradient_direction=&#8220;left_to_right&#8220; overlay_strength=&#8220;0.3&#8243; width=&#8220;1\/1&#8243; tablet_width_inherit=&#8220;default&#8220; tablet_text_alignment=&#8220;default&#8220; phone_text_alignment=&#8220;default&#8220; column_border_width=&#8220;none&#8220; column_border_style=&#8220;solid&#8220; bg_image_animation=&#8220;none&#8220;][vc_custom_heading text=&#8220;Vorteile der Integration<br \/>\nDokumentenerstellung der Enterprise-Klasse<br \/>\nmit Ihrem CRM&#8220; font_container=&#8220;tag:h2|font_size:40px|text_align:left|color:%23003184|line_height:56px&#8220; use_theme_fonts=&#8220;yes&#8220; css=&#8220;.vc_custom_1576871965382{margin-bottom: 77px !important;padding-top: 10px !important;padding-bottom: 0px !important;}&#8220;][divider line_type=&#8220;Small Line&#8220; line_alignment=&#8220;default&#8220; line_thickness=&#8220;2&#8243; divider_color=&#8220;extra-color-2&#8243; animate=&#8220;yes&#8220; custom_line_width=&#8220;182px&#8220; custom_height=&#8220;30&#8243;][tabbed_section style=&#8220;default&#8220; alignment=&#8220;left&#8220; spacing=&#8220;default&#8220; tab_color=&#8220;Accent-Color&#8220;][tab icon_family=&#8220;none&#8220; title=&#8220;Zeitaufwand f\u00fcr Angebote reduzieren&#8220; id=&#8220;1626196378010-8&#8243; tab_id=&#8220;1626196378010-8&#8243;][divider line_type=&#8220;Small Line&#8220; line_alignment=&#8220;default&#8220; line_thickness=&#8220;2&#8243; divider_color=&#8220;extra-color-2&#8243; animate=&#8220;yes&#8220; custom_line_width=&#8220;81&#8243; custom_height=&#8220;30&#8243;][vc_column_text]Beseitigen Sie das Risiko von Kopier- und Einf\u00fcgevorg\u00e4ngen und sparen Sie Zeit f\u00fcr Ihr Team mit einer intuitiven, dynamischen und skalierbaren L\u00f6sung zur Dokumentenerstellung.[\/vc_column_text][\/tab][tab icon_family=&#8220;none&#8220; title=&#8220;Skalierung \u00fcber mehrere Sprachen, Kan\u00e4le und Marken hinweg&#8220; id=&#8220;1626196378052-5&#8243; tab_id=&#8220;1626196378056-1&#8243;][divider line_type=&#8220;Small Line&#8220; line_alignment=&#8220;default&#8220; line_thickness=&#8220;2&#8243; divider_color=&#8220;extra-color-2&#8243; animate=&#8220;yes&#8220; custom_line_width=&#8220;81&#8243; custom_height=&#8220;30&#8243;][vc_column_text]Die gef\u00fchrte Inhaltserstellung ber\u00fccksichtigt komplexe Gesch\u00e4ftsanforderungen wie gerichtliche Zust\u00e4ndigkeit, mehrere Sprachen, mehrere Marken und diverse Vertriebskan\u00e4le.[\/vc_column_text][\/tab][tab icon_family=&#8220;none&#8220; title=&#8220;Erf\u00fcllung anspruchsvollster Vorlagenanforderungen&#8220; id=&#8220;1626196378103-10&#8243; tab_id=&#8220;1626196378104-3&#8243;][divider line_type=&#8220;Small Line&#8220; line_alignment=&#8220;default&#8220; line_thickness=&#8220;2&#8243; divider_color=&#8220;extra-color-2&#8243; animate=&#8220;yes&#8220; custom_line_width=&#8220;81&#8243; custom_height=&#8220;30&#8243;][vc_column_text]Patentierte Technologie erm\u00f6glicht Tausende von verschiedenen Layout-Formaten mit einer einzigen Vorlage f\u00fcr s\u00e4mtliche Kan\u00e4le.[\/vc_column_text][\/tab][tab icon_family=&#8220;none&#8220; title=&#8220;Dokumenterstellung auf Abruf oder in Batchverarbeitung f\u00fcr Tausende von Benutzern&#8220; id=&#8220;1626196378137-2&#8243; tab_id=&#8220;1626196378139-7&#8243;][divider line_type=&#8220;Small Line&#8220; line_alignment=&#8220;default&#8220; line_thickness=&#8220;2&#8243; divider_color=&#8220;extra-color-2&#8243; animate=&#8220;yes&#8220; custom_line_width=&#8220;81&#8243; custom_height=&#8220;30&#8243;][vc_column_text]Entwickelt f\u00fcr Hunderttausende von Benutzern, die auf mehrere Milliarden Kommunikationen skalieren k\u00f6nnen, und dabei gleichzeitig die geltenden Vorschriften erf\u00fcllen.[\/vc_column_text][\/tab][\/tabbed_section][\/vc_column][\/vc_row][vc_row type=&#8220;in_container&#8220; full_screen_row_position=&#8220;middle&#8220; column_margin=&#8220;default&#8220; equal_height=&#8220;yes&#8220; content_placement=&#8220;middle&#8220; column_direction=&#8220;default&#8220; column_direction_tablet=&#8220;default&#8220; column_direction_phone=&#8220;default&#8220; scene_position=&#8220;center&#8220; top_padding=&#8220;80&#8243; text_color=&#8220;dark&#8220; text_align=&#8220;left&#8220; row_border_radius=&#8220;none&#8220; row_border_radius_applies=&#8220;bg&#8220; class=&#8220;product-footer-cta&#8220; overlay_strength=&#8220;0.3&#8243; gradient_direction=&#8220;left_to_right&#8220; shape_divider_position=&#8220;bottom&#8220; bg_image_animation=&#8220;none&#8220;][vc_column column_padding=&#8220;no-extra-padding&#8220; column_padding_tablet=&#8220;inherit&#8220; column_padding_phone=&#8220;inherit&#8220; column_padding_position=&#8220;all&#8220; background_color_opacity=&#8220;1&#8243; background_hover_color_opacity=&#8220;1&#8243; column_shadow=&#8220;none&#8220; column_border_radius=&#8220;none&#8220; column_link_target=&#8220;_self&#8220; gradient_direction=&#8220;left_to_right&#8220; overlay_strength=&#8220;0.3&#8243; width=&#8220;1\/2&#8243; tablet_width_inherit=&#8220;default&#8220; tablet_text_alignment=&#8220;default&#8220; phone_text_alignment=&#8220;default&#8220; column_border_width=&#8220;none&#8220; column_border_style=&#8220;solid&#8220; bg_image_animation=&#8220;none&#8220;][image_with_animation image_url=&#8220;37130&#8243; animation=&#8220;None&#8220; hover_animation=&#8220;none&#8220; alignment=&#8220;&#8220; border_radius=&#8220;none&#8220; box_shadow=&#8220;none&#8220; image_loading=&#8220;default&#8220; max_width=&#8220;100%&#8220; max_width_mobile=&#8220;default&#8220;][\/vc_column][vc_column column_padding=&#8220;no-extra-padding&#8220; column_padding_tablet=&#8220;inherit&#8220; column_padding_phone=&#8220;inherit&#8220; column_padding_position=&#8220;all&#8220; background_color_opacity=&#8220;1&#8243; background_hover_color_opacity=&#8220;1&#8243; column_shadow=&#8220;none&#8220; column_border_radius=&#8220;none&#8220; column_link_target=&#8220;_self&#8220; el_class=&#8220;product-footer-cta-text&#8220; gradient_direction=&#8220;left_to_right&#8220; overlay_strength=&#8220;0.3&#8243; width=&#8220;1\/2&#8243; tablet_width_inherit=&#8220;default&#8220; tablet_text_alignment=&#8220;default&#8220; phone_text_alignment=&#8220;default&#8220; column_border_width=&#8220;none&#8220; column_border_style=&#8220;solid&#8220; bg_image_animation=&#8220;none&#8220;][divider line_type=&#8220;Small Line&#8220; line_alignment=&#8220;default&#8220; line_thickness=&#8220;2&#8243; divider_color=&#8220;extra-color-2&#8243; animate=&#8220;yes&#8220; custom_line_width=&#8220;182px&#8220;][vc_custom_heading text=&#8220;Bereit zu chatten?&#8220; font_container=&#8220;tag:h2|font_size:40px|text_align:left|color:%23003184|line_height:56px&#8220; use_theme_fonts=&#8220;yes&#8220; link=&#8220;url:https%3A%2F%2Fwww.smartcommunications.com%2Fde%2Fcontact-us%2F&#8220; el_class=&#8220;footer-cta-header right-caret&#8220;][\/vc_column][\/vc_row]\n","protected":false},"excerpt":{"rendered":"<p>[vc_row type=&#8220;full_width_background&#8220; full_screen_row_position=&#8220;middle&#8220; column_margin=&#8220;default&#8220; column_direction=&#8220;default&#8220; column_direction_tablet=&#8220;default&#8220; column_direction_phone=&#8220;default&#8220; bg_image=&#8220;37181&#8243; bg_position=&#8220;left top&#8220; bg_repeat=&#8220;no-repeat&#8220; scene_position=&#8220;center&#8220; top_padding=&#8220;120&#8243; bottom_padding=&#8220;120&#8243; text_color=&#8220;custom&#8220; custom_text_color=&#8220;#003184&#8243; text_align=&#8220;left&#8220; row_border_radius=&#8220;none&#8220; row_border_radius_applies=&#8220;bg&#8220; class=&#8220;product-banner&#8220; overlay_strength=&#8220;0.3&#8243; gradient_direction=&#8220;left_to_right&#8220; shape_divider_position=&#8220;bottom&#8220; bg_image_animation=&#8220;none&#8220;][vc_column column_padding=&#8220;no-extra-padding&#8220; column_padding_tablet=&#8220;inherit&#8220; column_padding_phone=&#8220;inherit&#8220; column_padding_position=&#8220;all&#8220; background_color_opacity=&#8220;1&#8243; background_hover_color_opacity=&#8220;1&#8243;&#8230;<\/p>\n","protected":false},"author":35,"featured_media":0,"parent":43031,"menu_order":380,"comment_status":"closed","ping_status":"closed","template":"","meta":{"_acf_changed":false,"footnotes":""},"class_list":["post-42891","page","type-page","status-publish"],"acf":[],"yoast_head":"<!-- This site is optimized with the Yoast SEO plugin v27.0 - https:\/\/yoast.com\/product\/yoast-seo-wordpress\/ -->\n<title>SmartCOMM | CCM der n\u00e4chsten Generation<\/title>\n<meta name=\"description\" content=\"SmartCOMM unterst\u00fctzt Unternehmen bei der personalisierten, interaktiven Multichannel-Kundenkommunikation. Verbessern Sie die Customer Experience (CX) und steigern Sie den ROI mit CCM der n\u00e4chsten Generation.\" \/>\n<meta name=\"robots\" content=\"index, follow, max-snippet:-1, max-image-preview:large, max-video-preview:-1\" \/>\n<link rel=\"canonical\" href=\"https:\/\/www.smartcommunications.com\/de\/produkte\/smartcomm-fuer-crm\/\" \/>\n<meta property=\"og:locale\" content=\"de_DE\" \/>\n<meta property=\"og:type\" content=\"article\" \/>\n<meta property=\"og:title\" content=\"SmartCOMM | CCM der n\u00e4chsten Generation\" \/>\n<meta property=\"og:description\" content=\"SmartCOMM unterst\u00fctzt Unternehmen bei der personalisierten, interaktiven Multichannel-Kundenkommunikation. Verbessern Sie die Customer Experience (CX) und steigern Sie den ROI mit CCM der n\u00e4chsten Generation.\" \/>\n<meta property=\"og:url\" content=\"https:\/\/www.smartcommunications.com\/de\/produkte\/smartcomm-fuer-crm\/\" \/>\n<meta property=\"og:site_name\" content=\"Smart Communications\" \/>\n<meta property=\"article:modified_time\" content=\"2022-01-24T23:20:10+00:00\" \/>\n<meta property=\"og:image\" content=\"https:\/\/www.smartcommunications.com\/wp-content\/uploads\/Generic-Smart-Media-Card-blueBG.png\" \/>\n\t<meta property=\"og:image:width\" content=\"725\" \/>\n\t<meta property=\"og:image:height\" content=\"358\" \/>\n\t<meta property=\"og:image:type\" content=\"image\/png\" \/>\n<meta name=\"twitter:card\" content=\"summary_large_image\" \/>\n<meta name=\"twitter:site\" content=\"@CCMInnovators\" \/>\n<meta name=\"twitter:label1\" content=\"Gesch\u00e4tzte Lesezeit\" \/>\n\t<meta name=\"twitter:data1\" content=\"7\u00a0Minuten\" \/>\n<!-- \/ Yoast SEO plugin. -->","yoast_head_json":{"title":"SmartCOMM | CCM der n\u00e4chsten Generation","description":"SmartCOMM unterst\u00fctzt Unternehmen bei der personalisierten, interaktiven Multichannel-Kundenkommunikation. Verbessern Sie die Customer Experience (CX) und steigern Sie den ROI mit CCM der n\u00e4chsten Generation.","robots":{"index":"index","follow":"follow","max-snippet":"max-snippet:-1","max-image-preview":"max-image-preview:large","max-video-preview":"max-video-preview:-1"},"canonical":"https:\/\/www.smartcommunications.com\/de\/produkte\/smartcomm-fuer-crm\/","og_locale":"de_DE","og_type":"article","og_title":"SmartCOMM | CCM der n\u00e4chsten Generation","og_description":"SmartCOMM unterst\u00fctzt Unternehmen bei der personalisierten, interaktiven Multichannel-Kundenkommunikation. Verbessern Sie die Customer Experience (CX) und steigern Sie den ROI mit CCM der n\u00e4chsten Generation.","og_url":"https:\/\/www.smartcommunications.com\/de\/produkte\/smartcomm-fuer-crm\/","og_site_name":"Smart Communications","article_modified_time":"2022-01-24T23:20:10+00:00","og_image":[{"width":725,"height":358,"url":"https:\/\/www.smartcommunications.com\/wp-content\/uploads\/Generic-Smart-Media-Card-blueBG.png","type":"image\/png"}],"twitter_card":"summary_large_image","twitter_site":"@CCMInnovators","twitter_misc":{"Gesch\u00e4tzte Lesezeit":"7\u00a0Minuten"},"schema":{"@context":"https:\/\/schema.org","@graph":[{"@type":"WebPage","@id":"https:\/\/www.smartcommunications.com\/de\/produkte\/smartcomm-fuer-crm\/","url":"https:\/\/www.smartcommunications.com\/de\/produkte\/smartcomm-fuer-crm\/","name":"SmartCOMM | CCM der n\u00e4chsten Generation","isPartOf":{"@id":"https:\/\/www.smartcommunications.com\/#website"},"datePublished":"2021-06-25T13:53:06+00:00","dateModified":"2022-01-24T23:20:10+00:00","description":"SmartCOMM unterst\u00fctzt Unternehmen bei der personalisierten, interaktiven Multichannel-Kundenkommunikation. Verbessern Sie die Customer Experience (CX) und steigern Sie den ROI mit CCM der n\u00e4chsten Generation.","breadcrumb":{"@id":"https:\/\/www.smartcommunications.com\/de\/produkte\/smartcomm-fuer-crm\/#breadcrumb"},"inLanguage":"de","potentialAction":[{"@type":"ReadAction","target":["https:\/\/www.smartcommunications.com\/de\/produkte\/smartcomm-fuer-crm\/"]}]},{"@type":"BreadcrumbList","@id":"https:\/\/www.smartcommunications.com\/de\/produkte\/smartcomm-fuer-crm\/#breadcrumb","itemListElement":[{"@type":"ListItem","position":1,"name":"Home","item":"https:\/\/www.smartcommunications.com\/de\/"},{"@type":"ListItem","position":2,"name":"Produkte","item":"https:\/\/www.smartcommunications.com\/de\/produkte\/"},{"@type":"ListItem","position":3,"name":"SmartCOMM f\u00fcr CRM"}]},{"@type":"WebSite","@id":"https:\/\/www.smartcommunications.com\/#website","url":"https:\/\/www.smartcommunications.com\/","name":"Smart Communications","description":"Customer Communication Management Software","publisher":{"@id":"https:\/\/www.smartcommunications.com\/#organization"},"alternateName":"Smart Communications","inLanguage":"de"},{"@type":"Organization","@id":"https:\/\/www.smartcommunications.com\/#organization","name":"Smart Communications","alternateName":"Smart Communications","url":"https:\/\/www.smartcommunications.com\/","logo":{"@type":"ImageObject","inLanguage":"de","@id":"https:\/\/www.smartcommunications.com\/#\/schema\/logo\/image\/","url":"https:\/\/www.smartcommunications.com\/wp-content\/uploads\/2017\/03\/Nav_logo_color_hires.png","contentUrl":"https:\/\/www.smartcommunications.com\/wp-content\/uploads\/2017\/03\/Nav_logo_color_hires.png","width":415,"height":140,"caption":"Smart Communications"},"image":{"@id":"https:\/\/www.smartcommunications.com\/#\/schema\/logo\/image\/"},"sameAs":["https:\/\/x.com\/CCMInnovators","https:\/\/www.linkedin.com\/company\/smart-communications.\/"]}]}},"_links":{"self":[{"href":"https:\/\/www.smartcommunications.com\/de\/wp-json\/wp\/v2\/pages\/42891","targetHints":{"allow":["GET"]}}],"collection":[{"href":"https:\/\/www.smartcommunications.com\/de\/wp-json\/wp\/v2\/pages"}],"about":[{"href":"https:\/\/www.smartcommunications.com\/de\/wp-json\/wp\/v2\/types\/page"}],"author":[{"embeddable":true,"href":"https:\/\/www.smartcommunications.com\/de\/wp-json\/wp\/v2\/users\/35"}],"replies":[{"embeddable":true,"href":"https:\/\/www.smartcommunications.com\/de\/wp-json\/wp\/v2\/comments?post=42891"}],"version-history":[{"count":0,"href":"https:\/\/www.smartcommunications.com\/de\/wp-json\/wp\/v2\/pages\/42891\/revisions"}],"up":[{"embeddable":true,"href":"https:\/\/www.smartcommunications.com\/de\/wp-json\/wp\/v2\/pages\/43031"}],"wp:attachment":[{"href":"https:\/\/www.smartcommunications.com\/de\/wp-json\/wp\/v2\/media?parent=42891"}],"curies":[{"name":"wp","href":"https:\/\/api.w.org\/{rel}","templated":true}]}}