{"id":42836,"date":"2021-06-25T09:52:57","date_gmt":"2021-06-25T13:52:57","guid":{"rendered":"https:\/\/www.smartcommunications.com\/chuck-fazio\/"},"modified":"2021-07-26T12:56:49","modified_gmt":"2021-07-26T16:56:49","slug":"chuck-fazio","status":"publish","type":"page","link":"https:\/\/www.smartcommunications.com\/de\/chuck-fazio\/","title":{"rendered":"Chuck Fazio"},"content":{"rendered":"[vc_row type=&#8220;in_container&#8220; full_screen_row_position=&#8220;middle&#8220; column_margin=&#8220;default&#8220; equal_height=&#8220;yes&#8220; content_placement=&#8220;top&#8220; column_direction=&#8220;default&#8220; column_direction_tablet=&#8220;default&#8220; column_direction_phone=&#8220;default&#8220; scene_position=&#8220;center&#8220; bottom_padding=&#8220;50&#8243; text_color=&#8220;dark&#8220; text_align=&#8220;left&#8220; row_border_radius=&#8220;none&#8220; row_border_radius_applies=&#8220;bg&#8220; overlay_strength=&#8220;0.3&#8243; gradient_direction=&#8220;left_to_right&#8220; shape_divider_position=&#8220;bottom&#8220; bg_image_animation=&#8220;none&#8220;][vc_column column_padding=&#8220;padding-6-percent&#8220; column_padding_tablet=&#8220;inherit&#8220; column_padding_phone=&#8220;inherit&#8220; column_padding_position=&#8220;all&#8220; centered_text=&#8220;true&#8220; background_color_opacity=&#8220;0.3&#8243; background_hover_color_opacity=&#8220;0.3&#8243; background_image=&#8220;28079&#8243; background_image_position=&#8220;center center&#8220; enable_bg_scale=&#8220;true&#8220; column_shadow=&#8220;none&#8220; column_border_radius=&#8220;none&#8220; column_link_target=&#8220;_self&#8220; gradient_direction=&#8220;left_to_right&#8220; overlay_strength=&#8220;0.3&#8243; width=&#8220;1\/2&#8243; tablet_width_inherit=&#8220;default&#8220; tablet_text_alignment=&#8220;default&#8220; phone_text_alignment=&#8220;default&#8220; column_border_width=&#8220;none&#8220; column_border_style=&#8220;solid&#8220; bg_image_animation=&#8220;none&#8220; enable_animation=&#8220;true&#8220; animation=&#8220;fade-in&#8220;][divider line_type=&#8220;No Line&#8220; custom_height=&#8220;400&#8243;][\/vc_column][vc_column column_padding=&#8220;padding-5-percent&#8220; column_padding_tablet=&#8220;inherit&#8220; column_padding_phone=&#8220;inherit&#8220; column_padding_position=&#8220;left-right&#8220; background_color_opacity=&#8220;1&#8243; background_hover_color_opacity=&#8220;1&#8243; column_shadow=&#8220;none&#8220; column_border_radius=&#8220;none&#8220; column_link_target=&#8220;_self&#8220; gradient_direction=&#8220;left_to_right&#8220; overlay_strength=&#8220;0.3&#8243; width=&#8220;1\/2&#8243; tablet_width_inherit=&#8220;default&#8220; tablet_text_alignment=&#8220;left&#8220; phone_text_alignment=&#8220;left&#8220; column_border_width=&#8220;none&#8220; column_border_style=&#8220;solid&#8220; bg_image_animation=&#8220;none&#8220;][divider line_type=&#8220;Small Line&#8220; line_alignment=&#8220;default&#8220; line_thickness=&#8220;7&#8243; divider_color=&#8220;accent-color&#8220; animate=&#8220;yes&#8220; custom_height=&#8220;20&#8243; custom_line_width=&#8220;150&#8243;][divider line_type=&#8220;No Line&#8220; custom_height=&#8220;5&#8243;][split_line_heading animation_type=&#8220;default&#8220;]\n<h1><span style=\"color: #002f87;\"><strong>Chuck Fazio<\/strong><\/span><\/h1>\n[\/split_line_heading][vc_column_text css_animation=&#8220;top-to-bottom&#8220;]\n<h4><span style=\"color: #002f87;\">Vizepr\u00e4sident f\u00fcr globale Allianzen und Kan\u00e4le<\/span><\/h4>\n[\/vc_column_text][divider line_type=&#8220;No Line&#8220; custom_height=&#8220;55&#8243;][vc_column_text]Chuck Fazio ist f\u00fcr die strategische Ausrichtung und F\u00fchrung der globalen Channel-Partner von Smart Communications verantwortlich. Sein Hauptaugenmerk liegt dabei auf der Einbindung von Partnern, die den Einsatz der L\u00f6sungssuite von Smart Communications weiter beschleunigen k\u00f6nnen.<\/p>\n<p>Chuck Fazio bringt mehr als 20\u00a0Jahre Erfahrung im globalen Management und in der F\u00fchrung von Allianzen mit. Bevor er zu Smart Communications kam, war er Leiter der weltweiten Allianzen und Kan\u00e4le von HP Inc. (\u00fcbernommen von OpenText) f\u00fcr den Unternehmensbereich \u201eMarketingoptimierung\u201c. Davor war er Vizepr\u00e4sident f\u00fcr weltweite Allianzen bei Pitney Bowes Software. Er hatte ferner verschiedene F\u00fchrungspositionen bei Ping Identity und Epiphany inne.[\/vc_column_text][\/vc_column][\/vc_row][vc_row type=&#8220;full_width_content&#8220; full_screen_row_position=&#8220;middle&#8220; column_margin=&#8220;default&#8220; equal_height=&#8220;yes&#8220; content_placement=&#8220;middle&#8220; column_direction=&#8220;default&#8220; column_direction_tablet=&#8220;default&#8220; column_direction_phone=&#8220;default&#8220; scene_position=&#8220;center&#8220; text_color=&#8220;dark&#8220; text_align=&#8220;left&#8220; row_border_radius=&#8220;none&#8220; row_border_radius_applies=&#8220;bg&#8220; overlay_strength=&#8220;0.3&#8243; gradient_direction=&#8220;left_to_right&#8220; shape_divider_position=&#8220;bottom&#8220; bg_image_animation=&#8220;none&#8220;][vc_column column_padding=&#8220;padding-3-percent&#8220; column_padding_tablet=&#8220;inherit&#8220; column_padding_phone=&#8220;inherit&#8220; column_padding_position=&#8220;all&#8220; centered_text=&#8220;true&#8220; background_color=&#8220;#ffc627&#8243; background_color_opacity=&#8220;1&#8243; background_hover_color_opacity=&#8220;1&#8243; column_shadow=&#8220;none&#8220; column_border_radius=&#8220;none&#8220; column_link_target=&#8220;_self&#8220; gradient_direction=&#8220;left_to_right&#8220; overlay_strength=&#8220;0.3&#8243; width=&#8220;1\/1&#8243; tablet_width_inherit=&#8220;default&#8220; tablet_text_alignment=&#8220;center&#8220; phone_text_alignment=&#8220;center&#8220; column_border_width=&#8220;none&#8220; column_border_style=&#8220;solid&#8220; bg_image_animation=&#8220;none&#8220; enable_animation=&#8220;true&#8220; animation=&#8220;fade-in-from-bottom&#8220;][divider line_type=&#8220;No Line&#8220; custom_height=&#8220;10&#8243;][vc_column_text css_animation=&#8220;top-to-bottom&#8220;]\n<h4><span style=\"color: #002f87;\">Lernen Sie den Rest unseres Teams kennen!<\/span><\/h4>\n[\/vc_column_text][divider line_type=&#8220;No Line&#8220; custom_height=&#8220;40&#8243;][nectar_btn size=&#8220;large&#8220; button_style=&#8220;see-through-2&#8243; color_override=&#8220;#002f87&#8243; hover_color_override=&#8220;#002f87&#8243; hover_text_color_override=&#8220;#ffffff&#8220; icon_family=&#8220;none&#8220; text=&#8220;Zur\u00fcck zu \u201e\u00dcber uns\u201c&#8220; css_animation=&#8220;fadeIn&#8220; url=&#8220;https:\/\/www.smartcommunications.com\/de\/fuehrungsteam\/&#8220;][divider line_type=&#8220;No Line&#8220; custom_height=&#8220;10&#8243;][\/vc_column][\/vc_row]\n","protected":false},"excerpt":{"rendered":"<p>[vc_row type=&#8220;in_container&#8220; full_screen_row_position=&#8220;middle&#8220; column_margin=&#8220;default&#8220; equal_height=&#8220;yes&#8220; content_placement=&#8220;top&#8220; column_direction=&#8220;default&#8220; column_direction_tablet=&#8220;default&#8220; column_direction_phone=&#8220;default&#8220; scene_position=&#8220;center&#8220; bottom_padding=&#8220;50&#8243; text_color=&#8220;dark&#8220; text_align=&#8220;left&#8220; row_border_radius=&#8220;none&#8220; row_border_radius_applies=&#8220;bg&#8220; overlay_strength=&#8220;0.3&#8243; gradient_direction=&#8220;left_to_right&#8220; shape_divider_position=&#8220;bottom&#8220; bg_image_animation=&#8220;none&#8220;][vc_column column_padding=&#8220;padding-6-percent&#8220; column_padding_tablet=&#8220;inherit&#8220; column_padding_phone=&#8220;inherit&#8220; column_padding_position=&#8220;all&#8220; centered_text=&#8220;true&#8220; background_color_opacity=&#8220;0.3&#8243; background_hover_color_opacity=&#8220;0.3&#8243; background_image=&#8220;28079&#8243; background_image_position=&#8220;center center&#8220; enable_bg_scale=&#8220;true&#8220;&#8230;<\/p>\n","protected":false},"author":2,"featured_media":0,"parent":0,"menu_order":196,"comment_status":"closed","ping_status":"closed","template":"","meta":{"_acf_changed":false,"footnotes":""},"class_list":["post-42836","page","type-page","status-publish"],"acf":[],"yoast_head":"<!-- This site is optimized with the Yoast SEO plugin v27.5 - https:\/\/yoast.com\/product\/yoast-seo-wordpress\/ -->\n<title>Chuck Fazio - Smart Communications<\/title>\n<meta name=\"description\" content=\"Lernen Sie Chuck Fazio, den Vizepr\u00e4sident f\u00fcr globale Allianzen und Kan\u00e4le bei Smart Communications kennen. Erfahren Sie mehr \u00fcber unser Team von Experten f\u00fcr Gesch\u00e4ftskommunikation.\" \/>\n<meta name=\"robots\" content=\"index, follow, max-snippet:-1, max-image-preview:large, max-video-preview:-1\" \/>\n<link rel=\"canonical\" href=\"https:\/\/www.smartcommunications.com\/de\/chuck-fazio\/\" \/>\n<meta property=\"og:locale\" content=\"de_DE\" \/>\n<meta property=\"og:type\" content=\"article\" \/>\n<meta property=\"og:title\" content=\"Chuck Fazio - Smart Communications\" \/>\n<meta property=\"og:description\" content=\"Lernen Sie Chuck Fazio, den Vizepr\u00e4sident f\u00fcr globale Allianzen und Kan\u00e4le bei Smart Communications kennen. Erfahren Sie mehr \u00fcber unser Team von Experten f\u00fcr Gesch\u00e4ftskommunikation.\" \/>\n<meta property=\"og:url\" content=\"https:\/\/www.smartcommunications.com\/de\/chuck-fazio\/\" \/>\n<meta property=\"og:site_name\" content=\"Smart Communications\" \/>\n<meta property=\"article:modified_time\" content=\"2021-07-26T16:56:49+00:00\" \/>\n<meta property=\"og:image\" content=\"https:\/\/www.smartcommunications.com\/wp-content\/uploads\/Generic-Smart-Media-Card-blueBG.png\" \/>\n\t<meta property=\"og:image:width\" content=\"725\" \/>\n\t<meta property=\"og:image:height\" content=\"358\" \/>\n\t<meta property=\"og:image:type\" content=\"image\/png\" \/>\n<meta name=\"twitter:card\" content=\"summary_large_image\" \/>\n<meta name=\"twitter:site\" content=\"@CCMInnovators\" \/>\n<meta name=\"twitter:label1\" content=\"Gesch\u00e4tzte Lesezeit\" \/>\n\t<meta name=\"twitter:data1\" content=\"3\u00a0Minuten\" \/>\n<!-- \/ Yoast SEO plugin. -->","yoast_head_json":{"title":"Chuck Fazio - Smart Communications","description":"Lernen Sie Chuck Fazio, den Vizepr\u00e4sident f\u00fcr globale Allianzen und Kan\u00e4le bei Smart Communications kennen. Erfahren Sie mehr \u00fcber unser Team von Experten f\u00fcr Gesch\u00e4ftskommunikation.","robots":{"index":"index","follow":"follow","max-snippet":"max-snippet:-1","max-image-preview":"max-image-preview:large","max-video-preview":"max-video-preview:-1"},"canonical":"https:\/\/www.smartcommunications.com\/de\/chuck-fazio\/","og_locale":"de_DE","og_type":"article","og_title":"Chuck Fazio - Smart Communications","og_description":"Lernen Sie Chuck Fazio, den Vizepr\u00e4sident f\u00fcr globale Allianzen und Kan\u00e4le bei Smart Communications kennen. Erfahren Sie mehr \u00fcber unser Team von Experten f\u00fcr Gesch\u00e4ftskommunikation.","og_url":"https:\/\/www.smartcommunications.com\/de\/chuck-fazio\/","og_site_name":"Smart Communications","article_modified_time":"2021-07-26T16:56:49+00:00","og_image":[{"width":725,"height":358,"url":"https:\/\/www.smartcommunications.com\/wp-content\/uploads\/Generic-Smart-Media-Card-blueBG.png","type":"image\/png"}],"twitter_card":"summary_large_image","twitter_site":"@CCMInnovators","twitter_misc":{"Gesch\u00e4tzte Lesezeit":"3\u00a0Minuten"},"schema":{"@context":"https:\/\/schema.org","@graph":[{"@type":"WebPage","@id":"https:\/\/www.smartcommunications.com\/de\/chuck-fazio\/","url":"https:\/\/www.smartcommunications.com\/de\/chuck-fazio\/","name":"Chuck Fazio - Smart Communications","isPartOf":{"@id":"https:\/\/www.smartcommunications.com\/#website"},"datePublished":"2021-06-25T13:52:57+00:00","dateModified":"2021-07-26T16:56:49+00:00","description":"Lernen Sie Chuck Fazio, den Vizepr\u00e4sident f\u00fcr globale Allianzen und Kan\u00e4le bei Smart Communications kennen. Erfahren Sie mehr \u00fcber unser Team von Experten f\u00fcr Gesch\u00e4ftskommunikation.","breadcrumb":{"@id":"https:\/\/www.smartcommunications.com\/de\/chuck-fazio\/#breadcrumb"},"inLanguage":"de","potentialAction":[{"@type":"ReadAction","target":["https:\/\/www.smartcommunications.com\/de\/chuck-fazio\/"]}]},{"@type":"BreadcrumbList","@id":"https:\/\/www.smartcommunications.com\/de\/chuck-fazio\/#breadcrumb","itemListElement":[{"@type":"ListItem","position":1,"name":"Home","item":"https:\/\/www.smartcommunications.com\/de\/"},{"@type":"ListItem","position":2,"name":"Chuck Fazio"}]},{"@type":"WebSite","@id":"https:\/\/www.smartcommunications.com\/#website","url":"https:\/\/www.smartcommunications.com\/","name":"Smart Communications","description":"Customer Communication Management Software","publisher":{"@id":"https:\/\/www.smartcommunications.com\/#organization"},"alternateName":"Smart Communications","inLanguage":"de"},{"@type":"Organization","@id":"https:\/\/www.smartcommunications.com\/#organization","name":"Smart Communications","alternateName":"Smart Communications","url":"https:\/\/www.smartcommunications.com\/","logo":{"@type":"ImageObject","inLanguage":"de","@id":"https:\/\/www.smartcommunications.com\/#\/schema\/logo\/image\/","url":"https:\/\/www.smartcommunications.com\/wp-content\/uploads\/2017\/03\/Nav_logo_color_hires.png","contentUrl":"https:\/\/www.smartcommunications.com\/wp-content\/uploads\/2017\/03\/Nav_logo_color_hires.png","width":415,"height":140,"caption":"Smart Communications"},"image":{"@id":"https:\/\/www.smartcommunications.com\/#\/schema\/logo\/image\/"},"sameAs":["https:\/\/x.com\/CCMInnovators","https:\/\/www.linkedin.com\/company\/smart-communications.\/"]}]}},"_links":{"self":[{"href":"https:\/\/www.smartcommunications.com\/de\/wp-json\/wp\/v2\/pages\/42836","targetHints":{"allow":["GET"]}}],"collection":[{"href":"https:\/\/www.smartcommunications.com\/de\/wp-json\/wp\/v2\/pages"}],"about":[{"href":"https:\/\/www.smartcommunications.com\/de\/wp-json\/wp\/v2\/types\/page"}],"author":[{"embeddable":true,"href":"https:\/\/www.smartcommunications.com\/de\/wp-json\/wp\/v2\/users\/2"}],"replies":[{"embeddable":true,"href":"https:\/\/www.smartcommunications.com\/de\/wp-json\/wp\/v2\/comments?post=42836"}],"version-history":[{"count":0,"href":"https:\/\/www.smartcommunications.com\/de\/wp-json\/wp\/v2\/pages\/42836\/revisions"}],"wp:attachment":[{"href":"https:\/\/www.smartcommunications.com\/de\/wp-json\/wp\/v2\/media?parent=42836"}],"curies":[{"name":"wp","href":"https:\/\/api.w.org\/{rel}","templated":true}]}}