{"id":42823,"date":"2021-06-25T09:52:54","date_gmt":"2021-06-25T13:52:54","guid":{"rendered":"https:\/\/www.smartcommunications.com\/barrierefreiheit\/"},"modified":"2021-07-19T12:02:51","modified_gmt":"2021-07-19T16:02:51","slug":"zugaenglichkeit","status":"publish","type":"page","link":"https:\/\/www.smartcommunications.com\/de\/zugaenglichkeit\/","title":{"rendered":"Zug\u00e4nglichkeit"},"content":{"rendered":"[vc_row type=&#8220;in_container&#8220; full_screen_row_position=&#8220;middle&#8220; column_margin=&#8220;default&#8220; column_direction=&#8220;default&#8220; column_direction_tablet=&#8220;default&#8220; column_direction_phone=&#8220;default&#8220; scene_position=&#8220;center&#8220; bottom_padding=&#8220;50&#8243; text_color=&#8220;custom&#8220; text_align=&#8220;left&#8220; row_border_radius=&#8220;none&#8220; row_border_radius_applies=&#8220;bg&#8220; overlay_strength=&#8220;0.3&#8243; gradient_direction=&#8220;left_to_right&#8220; shape_divider_position=&#8220;bottom&#8220; bg_image_animation=&#8220;none&#8220;][vc_column column_padding=&#8220;no-extra-padding&#8220; column_padding_tablet=&#8220;inherit&#8220; column_padding_phone=&#8220;inherit&#8220; column_padding_position=&#8220;all&#8220; background_color=&#8220;#ffffff&#8220; background_color_opacity=&#8220;1&#8243; background_hover_color_opacity=&#8220;1&#8243; column_shadow=&#8220;none&#8220; column_border_radius=&#8220;none&#8220; column_link_target=&#8220;_self&#8220; gradient_direction=&#8220;left_to_right&#8220; overlay_strength=&#8220;0.3&#8243; width=&#8220;1\/1&#8243; tablet_width_inherit=&#8220;default&#8220; tablet_text_alignment=&#8220;left&#8220; phone_text_alignment=&#8220;left&#8220; column_border_width=&#8220;none&#8220; column_border_style=&#8220;solid&#8220; bg_image_animation=&#8220;none&#8220; enable_animation=&#8220;true&#8220; animation=&#8220;none&#8220;][divider line_type=&#8220;Small Line&#8220; line_alignment=&#8220;default&#8220; line_thickness=&#8220;7&#8243; divider_color=&#8220;accent-color&#8220; animate=&#8220;yes&#8220; custom_height=&#8220;20&#8243; custom_line_width=&#8220;150&#8243;][divider line_type=&#8220;No Line&#8220; custom_height=&#8220;5&#8243;][split_line_heading animation_type=&#8220;default&#8220;]\n<h1><span style=\"color: #002f87;\"> Zug\u00e4nglichkeit <\/span><\/h1>\n[\/split_line_heading][divider line_type=&#8220;No Line&#8220; custom_height=&#8220;25&#8243;][vc_column_text css_animation=&#8220;top-to-bottom&#8220;]\n<div class=\"wrap top wrap-white\">\n<section class=\"intro-content\">\n<div class=\"row\">\n<div class=\"col sm12\">\n<p class=\"intro-paragraph \">Wir sind bem\u00fcht, eine Website zur Verf\u00fcgung zu stellen, die unabh\u00e4ngig von Technologie oder F\u00e4higkeiten einem m\u00f6glichst breiten Publikum zug\u00e4nglich ist.<\/p>\n<\/div>\n<\/div>\n<\/section>\n<\/div>\n<article id=\"post-23\" class=\"post-23 page type-page status-publish hentry\">\n<div class=\"entry-content\">\n<p>Wir arbeiten aktiv daran, die Zug\u00e4nglichkeit und Nutzbarkeit unserer Website zu verbessern, wobei wir viele unterschiedliche Standards und Richtlinien befolgen. Sollten Sie dennoch Probleme haben, unsere Website zu verwenden, <a href=\"https:\/\/www.smartcommunications.com\/de\/contact-us\/\">informieren Sie uns<\/a>\u00a0bitte, damit wir versuchen k\u00f6nnen, das Problem zu beheben.<\/p>\n<div>\n<div id=\"content\">\n<p>Diese Website strebt eine Konformit\u00e4t nach Double-A beim World Wide Web Consortium (W3C)\u00a0gem\u00e4\u00df den <a href=\"https:\/\/www.w3.org\/TR\/WCAG10\/\">Web Content Accessibility Guidelines 1.0 an.<\/a>\u00a0In diesen Richtlinien wird ausgef\u00fchrt, wie Web-Inhalte f\u00fcr Menschen mit Behinderungen zug\u00e4nglicher gemacht werden k\u00f6nnen. Durch Konformit\u00e4t mit diesen Richtlinien wird das Internet f\u00fcr alle Personen benutzerfreundlicher.<\/p>\n<p>Diese Website wurde unter Verwendung eines Codes entwickelt, der mit den W3C-Standards f\u00fcr XHTML und CSS konform ist. Die Website wird in aktuellen Browsern richtig angezeigt und verwendet Standards, die mit XHTML\/CSS-Code konform sind, was bedeutet, dass auch zuk\u00fcnftige Browser richtig angezeigt werden.<\/p>\n<p>Selbst wenn wir die anerkannten Richtlinien und Standards f\u00fcr Zug\u00e4nglichkeit und Nutzbarkeit einzuhalten versuchen, ist dies nicht in allen Bereichen der Website immer m\u00f6glich.<\/p>\n<p>Wir suchen kontinuierlich nach L\u00f6sungen, um in allen Bereichen der Website denselben Grad einer umf\u00e4nglichen Zug\u00e4nglichkeit zu erreichen. Sollten Sie in der Zwischenzeit Schwierigkeiten beim Zugriff auf diese Website feststellen, bitten wir Sie, <a href=\"https:\/\/www.smartcommunications.com\/de\/contact-us\/\" target=\"_blank\" rel=\"noopener noreferrer\">uns zu kontaktieren<\/a>.<\/p>\n<p><strong>Web-Standards<br \/>\n<\/strong>Diese Website wurde unter Einhaltung der Web-Standards entwickelt. Wir verwenden valides XHTML f\u00fcr den Inhalt, CSS f\u00fcr die Darstellung, mit einigem unauff\u00e4lligem JavaScript beim Verhalten.<\/p>\n<\/div>\n<\/div>\n<\/div>\n<\/article>\n[\/vc_column_text][\/vc_column][\/vc_row]\n","protected":false},"excerpt":{"rendered":"<p>[vc_row type=&#8220;in_container&#8220; full_screen_row_position=&#8220;middle&#8220; column_margin=&#8220;default&#8220; column_direction=&#8220;default&#8220; column_direction_tablet=&#8220;default&#8220; column_direction_phone=&#8220;default&#8220; scene_position=&#8220;center&#8220; bottom_padding=&#8220;50&#8243; text_color=&#8220;custom&#8220; text_align=&#8220;left&#8220; row_border_radius=&#8220;none&#8220; row_border_radius_applies=&#8220;bg&#8220; overlay_strength=&#8220;0.3&#8243; gradient_direction=&#8220;left_to_right&#8220; shape_divider_position=&#8220;bottom&#8220; bg_image_animation=&#8220;none&#8220;][vc_column column_padding=&#8220;no-extra-padding&#8220; column_padding_tablet=&#8220;inherit&#8220; column_padding_phone=&#8220;inherit&#8220; column_padding_position=&#8220;all&#8220; background_color=&#8220;#ffffff&#8220; background_color_opacity=&#8220;1&#8243; background_hover_color_opacity=&#8220;1&#8243; column_shadow=&#8220;none&#8220; column_border_radius=&#8220;none&#8220; column_link_target=&#8220;_self&#8220; gradient_direction=&#8220;left_to_right&#8220; overlay_strength=&#8220;0.3&#8243; width=&#8220;1\/1&#8243;&#8230;<\/p>\n","protected":false},"author":2,"featured_media":0,"parent":0,"menu_order":721,"comment_status":"closed","ping_status":"closed","template":"","meta":{"_acf_changed":false,"footnotes":""},"class_list":["post-42823","page","type-page","status-publish"],"acf":[],"yoast_head":"<!-- This site is optimized with the Yoast SEO plugin v27.0 - https:\/\/yoast.com\/product\/yoast-seo-wordpress\/ -->\n<title>Barrierefreiheit | Cloud-Mitteilungen | Smart Communications<\/title>\n<meta name=\"description\" content=\"Bei Smart Communications sind wir bem\u00fcht, eine Website zur Verf\u00fcgung zu stellen, die unabh\u00e4ngig von der Technologie einem m\u00f6glichst breiten Publikum zug\u00e4nglich ist.\" \/>\n<meta name=\"robots\" content=\"index, follow, max-snippet:-1, max-image-preview:large, max-video-preview:-1\" \/>\n<link rel=\"canonical\" href=\"https:\/\/www.smartcommunications.com\/de\/zugaenglichkeit\/\" \/>\n<meta property=\"og:locale\" content=\"de_DE\" \/>\n<meta property=\"og:type\" content=\"article\" \/>\n<meta property=\"og:title\" content=\"Barrierefreiheit | Cloud-Mitteilungen | Smart Communications\" \/>\n<meta property=\"og:description\" content=\"Bei Smart Communications sind wir bem\u00fcht, eine Website zur Verf\u00fcgung zu stellen, die unabh\u00e4ngig von der Technologie einem m\u00f6glichst breiten Publikum zug\u00e4nglich ist.\" \/>\n<meta property=\"og:url\" content=\"https:\/\/www.smartcommunications.com\/de\/zugaenglichkeit\/\" \/>\n<meta property=\"og:site_name\" content=\"Smart Communications\" \/>\n<meta property=\"article:modified_time\" content=\"2021-07-19T16:02:51+00:00\" \/>\n<meta property=\"og:image\" content=\"https:\/\/www.smartcommunications.com\/wp-content\/uploads\/Generic-Smart-Media-Card-blueBG.png\" \/>\n\t<meta property=\"og:image:width\" content=\"725\" \/>\n\t<meta property=\"og:image:height\" content=\"358\" \/>\n\t<meta property=\"og:image:type\" content=\"image\/png\" \/>\n<meta name=\"twitter:card\" content=\"summary_large_image\" \/>\n<meta name=\"twitter:site\" content=\"@CCMInnovators\" \/>\n<meta name=\"twitter:label1\" content=\"Gesch\u00e4tzte Lesezeit\" \/>\n\t<meta name=\"twitter:data1\" content=\"2\u00a0Minuten\" \/>\n<!-- \/ Yoast SEO plugin. -->","yoast_head_json":{"title":"Barrierefreiheit | Cloud-Mitteilungen | Smart Communications","description":"Bei Smart Communications sind wir bem\u00fcht, eine Website zur Verf\u00fcgung zu stellen, die unabh\u00e4ngig von der Technologie einem m\u00f6glichst breiten Publikum zug\u00e4nglich ist.","robots":{"index":"index","follow":"follow","max-snippet":"max-snippet:-1","max-image-preview":"max-image-preview:large","max-video-preview":"max-video-preview:-1"},"canonical":"https:\/\/www.smartcommunications.com\/de\/zugaenglichkeit\/","og_locale":"de_DE","og_type":"article","og_title":"Barrierefreiheit | Cloud-Mitteilungen | Smart Communications","og_description":"Bei Smart Communications sind wir bem\u00fcht, eine Website zur Verf\u00fcgung zu stellen, die unabh\u00e4ngig von der Technologie einem m\u00f6glichst breiten Publikum zug\u00e4nglich ist.","og_url":"https:\/\/www.smartcommunications.com\/de\/zugaenglichkeit\/","og_site_name":"Smart Communications","article_modified_time":"2021-07-19T16:02:51+00:00","og_image":[{"width":725,"height":358,"url":"https:\/\/www.smartcommunications.com\/wp-content\/uploads\/Generic-Smart-Media-Card-blueBG.png","type":"image\/png"}],"twitter_card":"summary_large_image","twitter_site":"@CCMInnovators","twitter_misc":{"Gesch\u00e4tzte Lesezeit":"2\u00a0Minuten"},"schema":{"@context":"https:\/\/schema.org","@graph":[{"@type":"WebPage","@id":"https:\/\/www.smartcommunications.com\/de\/zugaenglichkeit\/","url":"https:\/\/www.smartcommunications.com\/de\/zugaenglichkeit\/","name":"Barrierefreiheit | Cloud-Mitteilungen | Smart Communications","isPartOf":{"@id":"https:\/\/www.smartcommunications.com\/#website"},"datePublished":"2021-06-25T13:52:54+00:00","dateModified":"2021-07-19T16:02:51+00:00","description":"Bei Smart Communications sind wir bem\u00fcht, eine Website zur Verf\u00fcgung zu stellen, die unabh\u00e4ngig von der Technologie einem m\u00f6glichst breiten Publikum zug\u00e4nglich ist.","breadcrumb":{"@id":"https:\/\/www.smartcommunications.com\/de\/zugaenglichkeit\/#breadcrumb"},"inLanguage":"de","potentialAction":[{"@type":"ReadAction","target":["https:\/\/www.smartcommunications.com\/de\/zugaenglichkeit\/"]}]},{"@type":"BreadcrumbList","@id":"https:\/\/www.smartcommunications.com\/de\/zugaenglichkeit\/#breadcrumb","itemListElement":[{"@type":"ListItem","position":1,"name":"Home","item":"https:\/\/www.smartcommunications.com\/de\/"},{"@type":"ListItem","position":2,"name":"Zug\u00e4nglichkeit"}]},{"@type":"WebSite","@id":"https:\/\/www.smartcommunications.com\/#website","url":"https:\/\/www.smartcommunications.com\/","name":"Smart Communications","description":"Customer Communication Management Software","publisher":{"@id":"https:\/\/www.smartcommunications.com\/#organization"},"alternateName":"Smart Communications","inLanguage":"de"},{"@type":"Organization","@id":"https:\/\/www.smartcommunications.com\/#organization","name":"Smart Communications","alternateName":"Smart Communications","url":"https:\/\/www.smartcommunications.com\/","logo":{"@type":"ImageObject","inLanguage":"de","@id":"https:\/\/www.smartcommunications.com\/#\/schema\/logo\/image\/","url":"https:\/\/www.smartcommunications.com\/wp-content\/uploads\/2017\/03\/Nav_logo_color_hires.png","contentUrl":"https:\/\/www.smartcommunications.com\/wp-content\/uploads\/2017\/03\/Nav_logo_color_hires.png","width":415,"height":140,"caption":"Smart Communications"},"image":{"@id":"https:\/\/www.smartcommunications.com\/#\/schema\/logo\/image\/"},"sameAs":["https:\/\/x.com\/CCMInnovators","https:\/\/www.linkedin.com\/company\/smart-communications.\/"]}]}},"_links":{"self":[{"href":"https:\/\/www.smartcommunications.com\/de\/wp-json\/wp\/v2\/pages\/42823","targetHints":{"allow":["GET"]}}],"collection":[{"href":"https:\/\/www.smartcommunications.com\/de\/wp-json\/wp\/v2\/pages"}],"about":[{"href":"https:\/\/www.smartcommunications.com\/de\/wp-json\/wp\/v2\/types\/page"}],"author":[{"embeddable":true,"href":"https:\/\/www.smartcommunications.com\/de\/wp-json\/wp\/v2\/users\/2"}],"replies":[{"embeddable":true,"href":"https:\/\/www.smartcommunications.com\/de\/wp-json\/wp\/v2\/comments?post=42823"}],"version-history":[{"count":0,"href":"https:\/\/www.smartcommunications.com\/de\/wp-json\/wp\/v2\/pages\/42823\/revisions"}],"wp:attachment":[{"href":"https:\/\/www.smartcommunications.com\/de\/wp-json\/wp\/v2\/media?parent=42823"}],"curies":[{"name":"wp","href":"https:\/\/api.w.org\/{rel}","templated":true}]}}