{"id":42815,"date":"2021-06-25T09:52:52","date_gmt":"2021-06-25T13:52:52","guid":{"rendered":"https:\/\/www.smartcommunications.com\/australian-collection-notice\/"},"modified":"2021-07-12T10:12:56","modified_gmt":"2021-07-12T14:12:56","slug":"australian-collection-notice","status":"publish","type":"page","link":"https:\/\/www.smartcommunications.com\/de\/australian-collection-notice\/","title":{"rendered":"Australian Collection Notice"},"content":{"rendered":"[vc_row type=&#8220;in_container&#8220; full_screen_row_position=&#8220;middle&#8220; column_margin=&#8220;default&#8220; column_direction=&#8220;default&#8220; column_direction_tablet=&#8220;default&#8220; column_direction_phone=&#8220;default&#8220; scene_position=&#8220;center&#8220; text_color=&#8220;custom&#8220; text_align=&#8220;left&#8220; row_border_radius=&#8220;none&#8220; row_border_radius_applies=&#8220;bg&#8220; overlay_strength=&#8220;0.3&#8243; gradient_direction=&#8220;left_to_right&#8220; shape_divider_position=&#8220;bottom&#8220; bg_image_animation=&#8220;none&#8220;][vc_column column_padding=&#8220;no-extra-padding&#8220; column_padding_tablet=&#8220;inherit&#8220; column_padding_phone=&#8220;inherit&#8220; column_padding_position=&#8220;all&#8220; bottom_margin=&#8220;25&#8243; background_color=&#8220;#ffffff&#8220; background_color_opacity=&#8220;1&#8243; background_hover_color_opacity=&#8220;1&#8243; column_shadow=&#8220;none&#8220; column_border_radius=&#8220;none&#8220; column_link_target=&#8220;_self&#8220; gradient_direction=&#8220;left_to_right&#8220; overlay_strength=&#8220;0.3&#8243; width=&#8220;1\/1&#8243; tablet_width_inherit=&#8220;default&#8220; tablet_text_alignment=&#8220;left&#8220; phone_text_alignment=&#8220;left&#8220; column_border_width=&#8220;none&#8220; column_border_style=&#8220;solid&#8220; bg_image_animation=&#8220;none&#8220; enable_animation=&#8220;true&#8220; animation=&#8220;none&#8220;][divider line_type=&#8220;Small Line&#8220; line_alignment=&#8220;default&#8220; line_thickness=&#8220;7&#8243; divider_color=&#8220;accent-color&#8220; animate=&#8220;yes&#8220; custom_height=&#8220;20&#8243; custom_line_width=&#8220;150&#8243;][divider line_type=&#8220;No Line&#8220; custom_height=&#8220;5&#8243;][split_line_heading animation_type=&#8220;default&#8220;]\n<h1><span style=\"color: #002f87;\">Australian Collection Notice<\/span><\/h1>\n[\/split_line_heading][divider line_type=&#8220;No Line&#8220; custom_height=&#8220;25&#8243;][vc_column_text css_animation=&#8220;top-to-bottom&#8220;]<strong>Im Rahmen dieser Collection Notice:<\/strong><\/p>\n<p><strong>\u201ePersonenbezogene Daten\u201c <\/strong>bezieht sich auf pers\u00f6nliche Informationen, die in Datenschutzgesetzen definiert sind: Informationen oder eine Meinung \u00fcber ein identifiziertes oder identifizierbares Individuum;<\/p>\n<p>(a) egal ob diese Informationen oder Meinungen zutreffend sind oder nicht; und;<\/p>\n<p>(b) egal ob diese Informationen oder Meinungen materiell aufgezeichnet wurden oder nicht, wie u.\u00a0a. Identit\u00e4t, Sozialversicherungs-, F\u00fchrerscheinnummer, Telefon-, Kredit- oder Debitkartennummer, Postanschrift, E-Mail-Adresse, Kontodaten, Gehaltsinformationen, Finanzinformationen, Mitarbeiter-Identifikationsnummer, Geburtsort, M\u00e4dchenname der Mutter und Erwerbsbiographie dieser Person, und umfassen \u201esensible Daten\u201c gem\u00e4\u00df Privacy Act 1988 (Cth), wie u.\u00a0a. Gesundheitsinformationen, Vorstrafenregister, genetische Informationen, biometrische Aufzeichnungen, ethnischen Hintergrund, politische Ansichten, Glaubens\u00fcberzeugungen oder konfessionelle Zugeh\u00f6rigkeit, philosophische Ansichten, Mitgliedschaft in einer politischen Vereinigung, in einem Berufsverband oder eine Gewerkschaft, sexuelle Orientierung oder Praktiken oder andere Faktoren, die f\u00fcr die physische, mentale, \u00f6konomische, finanzielle oder kulturelle Identit\u00e4t dieser Person spezifisch sind.<\/p>\n<p><strong>\u201eDatenschutzgesetze\u201c<\/strong> bezieht sich auf den Privacy Act 1988 (Cth) und andere geltende Gesetze, Richtlinien und Vorschriften zur Vertraulichkeit, Verarbeitung und \u00dcbermittlung von personenbezogenen Daten.<\/p>\n<p><strong>\u201eSmartCom\u201c <\/strong>bezieht sich auf SmartComms PTY Limited, A.B.N. 31 110 278 521, mit der registrierten B\u00fcroadresse Level 14, 264-278 George Street, Sydney, NSW 2000.<\/p>\n<p><strong>Diese Collection Notice gilt f\u00fcr die personenbezogenen Daten, die SmartCom von seinen Kunden, den Mitarbeitern seiner Kunden und den Benutzern der Smart Communications Services erfasst, u.\u00a0a. Namen, Benutzernamen, Telefonnummern, E-Mail-Adressen und Rechnungsinformationen, die einem Benutzer oder Kundenkonto zugewiesen sind, die zum Zweck von Supportleistungen bzw. administrativen Services, z.\u00a0B. f\u00fcr Finanzaufgaben und Rechnungstellung, sowie das Benutzerkontomanagement (erg\u00e4nzende Services) erforderlich sind. Wenn ein Kunde personenbezogene Daten seiner Mitarbeiter oder Benutzer gegen\u00fcber SmartCom offenlegt, muss der Kunde vor der Offenlegung diese Personen \u00fcber den Umfang und die in dieser Collection Notice aufgef\u00fchrten Themen informieren.<\/strong><\/p>\n<p>SmartComms PTY Limited (SmartCom) erfasst personenbezogene Daten (inkl. Name, Kontaktdaten, Telefonnummer, E-Mail-Adresse und Kundeneinstellungen) zu folgenden Zwecken:<\/p>\n<ul>\n<li>Kontaktierung von Kunden zu Services und Verwaltung;<\/li>\n<li>Verwaltung der Kundenbeziehung;<\/li>\n<li>Bereitstellung von Produkten, Services und Informationen f\u00fcr Kunden;<\/li>\n<li>Bereitstellung von Supportleistungen f\u00fcr Kunden;<\/li>\n<li>Verwaltung und Einrichtung von Konten; und<\/li>\n<li>Entwicklung und Verbesserung von Services von SmartCom und Einholung von Feedback.<\/li>\n<\/ul>\n<p>&nbsp;<\/p>\n<p>SmartCom wir die Kontaktdaten verwenden, die der Kunde (oder ein Mitarbeiter oder Benutzer des Kunden) angegeben hat, um Marketingmaterial zu den Produkten und Services von SmartCom zu versenden, u.\u00a0a. wenn der Kunde diese per E-Mail oder \u00fcber andere digitale Kan\u00e4le abonniert hat.<\/p>\n<p>SmartCom erfasst personenbezogene Daten im Allgemeinen direkt vom Kunden, z.\u00a0B. wenn Mitarbeiter oder Benutzer der Kunden mit SmartCom kommunizieren (z.\u00a0B. telefonisch, per E-Mail oder pers\u00f6nlich).<\/p>\n<p>Falls ein Mitarbeiter oder Benutzer von Kunden die angeforderten personenbezogenen Daten nicht angibt, kann SmartCom u.\u00a0U. Produkte, Services und Support nicht erbringen, sollten diese die Erfassung, Verwendung oder Offenlegung von personenbezogenen Daten erfordern.<\/p>\n<p>SmartCom kann personenbezogene Daten gegen\u00fcber verbundenen Unternehmen, Vertragsnehmern oder anderen externen Dienstleistern (z.\u00a0B. Cloudserviceprovider oder Dienstleister, die SmartCom bei der Erbringung von Supportleistungen f\u00fcr Kunden, der Verwaltung von Kundendaten (Einrichtung von Kundenkonten f\u00fcr den Zugriff auf die Plattform) sowie bei administrativen und finanziellen Funktionen unterst\u00fctzen) offenlegen, mit denen SmartCom arbeitet. Einige dieser Drittparteien (und mit SmartCom verbundene Unternehmen) k\u00f6nnen sich im Ausland befinden; personenbezogene Daten von Kunden k\u00f6nnen in L\u00e4ndern wie Gro\u00dfbritannien, Irland und den USA offengelegt werden.<\/p>\n<p>Weitere Informationen zur Handhabung personenbezogener Daten durch SmartCom, u.\u00a0a. Details dazu, wie Kunden auf ihre Daten zugreifen k\u00f6nnen, finden Sie in der Datenschutz-Richtlinie von SmartCom unter <a href=\"https:\/\/www.smartcommunications.com\/de\/externe-datenschutzrichtlinie\/\">https:\/\/www.smartcommunications.com\/de\/externe-datenschutzrichtlinie\/<\/a><\/p>\n<p>Kunden k\u00f6nnen sich unter den folgenden Kontaktdaten an den Datenschutzbeauftragten von SmartCom wenden: <a href=\"mailto:privacy@smartcommunications.com\"><strong><em>privacy@smartcommunications.com<\/em><\/strong><\/a><em>. <\/em>[\/vc_column_text][\/vc_column][\/vc_row]\n","protected":false},"excerpt":{"rendered":"<p>[vc_row type=&#8220;in_container&#8220; full_screen_row_position=&#8220;middle&#8220; column_margin=&#8220;default&#8220; column_direction=&#8220;default&#8220; column_direction_tablet=&#8220;default&#8220; column_direction_phone=&#8220;default&#8220; scene_position=&#8220;center&#8220; text_color=&#8220;custom&#8220; text_align=&#8220;left&#8220; row_border_radius=&#8220;none&#8220; row_border_radius_applies=&#8220;bg&#8220; overlay_strength=&#8220;0.3&#8243; gradient_direction=&#8220;left_to_right&#8220; shape_divider_position=&#8220;bottom&#8220; bg_image_animation=&#8220;none&#8220;][vc_column column_padding=&#8220;no-extra-padding&#8220; column_padding_tablet=&#8220;inherit&#8220; column_padding_phone=&#8220;inherit&#8220; column_padding_position=&#8220;all&#8220; bottom_margin=&#8220;25&#8243; background_color=&#8220;#ffffff&#8220; background_color_opacity=&#8220;1&#8243; background_hover_color_opacity=&#8220;1&#8243; column_shadow=&#8220;none&#8220; column_border_radius=&#8220;none&#8220; column_link_target=&#8220;_self&#8220; gradient_direction=&#8220;left_to_right&#8220; overlay_strength=&#8220;0.3&#8243; width=&#8220;1\/1&#8243;&#8230;<\/p>\n","protected":false},"author":35,"featured_media":0,"parent":0,"menu_order":263,"comment_status":"closed","ping_status":"closed","template":"","meta":{"_acf_changed":false,"footnotes":""},"class_list":["post-42815","page","type-page","status-publish"],"acf":[],"yoast_head":"<!-- This site is optimized with the Yoast SEO plugin v27.5 - https:\/\/yoast.com\/product\/yoast-seo-wordpress\/ -->\n<title>Australian Collection Notice | Smart Communications<\/title>\n<meta name=\"description\" content=\"Lesen Sie die Smart Communications Australian Collection Notice.\" \/>\n<meta name=\"robots\" content=\"index, follow, max-snippet:-1, max-image-preview:large, max-video-preview:-1\" \/>\n<link rel=\"canonical\" href=\"https:\/\/www.smartcommunications.com\/de\/australian-collection-notice\/\" \/>\n<meta property=\"og:locale\" content=\"de_DE\" \/>\n<meta property=\"og:type\" content=\"article\" \/>\n<meta property=\"og:title\" content=\"Australian Collection Notice | Smart Communications\" \/>\n<meta property=\"og:description\" content=\"Lesen Sie die Smart Communications Australian Collection Notice.\" \/>\n<meta property=\"og:url\" content=\"https:\/\/www.smartcommunications.com\/de\/australian-collection-notice\/\" \/>\n<meta property=\"og:site_name\" content=\"Smart Communications\" \/>\n<meta property=\"article:modified_time\" content=\"2021-07-12T14:12:56+00:00\" \/>\n<meta property=\"og:image\" content=\"https:\/\/www.smartcommunications.com\/wp-content\/uploads\/Generic-Smart-Media-Card-blueBG.png\" \/>\n\t<meta property=\"og:image:width\" content=\"725\" \/>\n\t<meta property=\"og:image:height\" content=\"358\" \/>\n\t<meta property=\"og:image:type\" content=\"image\/png\" \/>\n<meta name=\"twitter:card\" content=\"summary_large_image\" \/>\n<meta name=\"twitter:site\" content=\"@CCMInnovators\" \/>\n<meta name=\"twitter:label1\" content=\"Gesch\u00e4tzte Lesezeit\" \/>\n\t<meta name=\"twitter:data1\" content=\"4\u00a0Minuten\" \/>\n<!-- \/ Yoast SEO plugin. -->","yoast_head_json":{"title":"Australian Collection Notice | Smart Communications","description":"Lesen Sie die Smart Communications Australian Collection Notice.","robots":{"index":"index","follow":"follow","max-snippet":"max-snippet:-1","max-image-preview":"max-image-preview:large","max-video-preview":"max-video-preview:-1"},"canonical":"https:\/\/www.smartcommunications.com\/de\/australian-collection-notice\/","og_locale":"de_DE","og_type":"article","og_title":"Australian Collection Notice | Smart Communications","og_description":"Lesen Sie die Smart Communications Australian Collection Notice.","og_url":"https:\/\/www.smartcommunications.com\/de\/australian-collection-notice\/","og_site_name":"Smart Communications","article_modified_time":"2021-07-12T14:12:56+00:00","og_image":[{"width":725,"height":358,"url":"https:\/\/www.smartcommunications.com\/wp-content\/uploads\/Generic-Smart-Media-Card-blueBG.png","type":"image\/png"}],"twitter_card":"summary_large_image","twitter_site":"@CCMInnovators","twitter_misc":{"Gesch\u00e4tzte Lesezeit":"4\u00a0Minuten"},"schema":{"@context":"https:\/\/schema.org","@graph":[{"@type":"WebPage","@id":"https:\/\/www.smartcommunications.com\/de\/australian-collection-notice\/","url":"https:\/\/www.smartcommunications.com\/de\/australian-collection-notice\/","name":"Australian Collection Notice | Smart Communications","isPartOf":{"@id":"https:\/\/www.smartcommunications.com\/#website"},"datePublished":"2021-06-25T13:52:52+00:00","dateModified":"2021-07-12T14:12:56+00:00","description":"Lesen Sie die Smart Communications Australian Collection Notice.","breadcrumb":{"@id":"https:\/\/www.smartcommunications.com\/de\/australian-collection-notice\/#breadcrumb"},"inLanguage":"de","potentialAction":[{"@type":"ReadAction","target":["https:\/\/www.smartcommunications.com\/de\/australian-collection-notice\/"]}]},{"@type":"BreadcrumbList","@id":"https:\/\/www.smartcommunications.com\/de\/australian-collection-notice\/#breadcrumb","itemListElement":[{"@type":"ListItem","position":1,"name":"Home","item":"https:\/\/www.smartcommunications.com\/de\/"},{"@type":"ListItem","position":2,"name":"Australian Collection Notice"}]},{"@type":"WebSite","@id":"https:\/\/www.smartcommunications.com\/#website","url":"https:\/\/www.smartcommunications.com\/","name":"Smart Communications","description":"Customer Communication Management Software","publisher":{"@id":"https:\/\/www.smartcommunications.com\/#organization"},"alternateName":"Smart Communications","inLanguage":"de"},{"@type":"Organization","@id":"https:\/\/www.smartcommunications.com\/#organization","name":"Smart Communications","alternateName":"Smart Communications","url":"https:\/\/www.smartcommunications.com\/","logo":{"@type":"ImageObject","inLanguage":"de","@id":"https:\/\/www.smartcommunications.com\/#\/schema\/logo\/image\/","url":"https:\/\/www.smartcommunications.com\/wp-content\/uploads\/2017\/03\/Nav_logo_color_hires.png","contentUrl":"https:\/\/www.smartcommunications.com\/wp-content\/uploads\/2017\/03\/Nav_logo_color_hires.png","width":415,"height":140,"caption":"Smart Communications"},"image":{"@id":"https:\/\/www.smartcommunications.com\/#\/schema\/logo\/image\/"},"sameAs":["https:\/\/x.com\/CCMInnovators","https:\/\/www.linkedin.com\/company\/smart-communications.\/"]}]}},"_links":{"self":[{"href":"https:\/\/www.smartcommunications.com\/de\/wp-json\/wp\/v2\/pages\/42815","targetHints":{"allow":["GET"]}}],"collection":[{"href":"https:\/\/www.smartcommunications.com\/de\/wp-json\/wp\/v2\/pages"}],"about":[{"href":"https:\/\/www.smartcommunications.com\/de\/wp-json\/wp\/v2\/types\/page"}],"author":[{"embeddable":true,"href":"https:\/\/www.smartcommunications.com\/de\/wp-json\/wp\/v2\/users\/35"}],"replies":[{"embeddable":true,"href":"https:\/\/www.smartcommunications.com\/de\/wp-json\/wp\/v2\/comments?post=42815"}],"version-history":[{"count":0,"href":"https:\/\/www.smartcommunications.com\/de\/wp-json\/wp\/v2\/pages\/42815\/revisions"}],"wp:attachment":[{"href":"https:\/\/www.smartcommunications.com\/de\/wp-json\/wp\/v2\/media?parent=42815"}],"curies":[{"name":"wp","href":"https:\/\/api.w.org\/{rel}","templated":true}]}}