{"id":42805,"date":"2021-06-25T09:52:52","date_gmt":"2021-06-25T13:52:52","guid":{"rendered":"https:\/\/www.smartcommunications.com\/nutzungsbedingungen\/"},"modified":"2021-06-25T09:53:01","modified_gmt":"2021-06-25T13:53:01","slug":"nutzungsbedingungen","status":"publish","type":"page","link":"https:\/\/www.smartcommunications.com\/de\/nutzungsbedingungen\/","title":{"rendered":"Nutzungsbedingungen"},"content":{"rendered":"[vc_row type=&#8220;in_container&#8220; full_screen_row_position=&#8220;middle&#8220; scene_position=&#8220;center&#8220; text_color=&#8220;custom&#8220; text_align=&#8220;left&#8220; bottom_padding=&#8220;50&#8243; overlay_strength=&#8220;0.3&#8243;][vc_column enable_animation=&#8220;true&#8220; animation=&#8220;none&#8220; column_padding=&#8220;no-extra-padding&#8220; column_padding_position=&#8220;all&#8220; background_color=&#8220;#ffffff&#8220; background_color_opacity=&#8220;1&#8243; background_hover_color_opacity=&#8220;1&#8243; column_shadow=&#8220;none&#8220; width=&#8220;1\/1&#8243; tablet_text_alignment=&#8220;left&#8220; phone_text_alignment=&#8220;left&#8220; column_border_width=&#8220;none&#8220; column_border_style=&#8220;solid&#8220;][divider line_type=&#8220;Small Line&#8220; line_thickness=&#8220;7&#8243; divider_color=&#8220;accent-color&#8220; animate=&#8220;yes&#8220; custom_height=&#8220;20&#8243; custom_line_width=&#8220;150&#8243;][divider line_type=&#8220;No Line&#8220; custom_height=&#8220;5&#8243;][split_line_heading]\n<h1><span style=\"color: #002f87;\">Nutzungsbedingungen<\/span><\/h1>\n[\/split_line_heading][divider line_type=&#8220;No Line&#8220; custom_height=&#8220;25&#8243;][vc_column_text css_animation=&#8220;top-to-bottom&#8220;]<strong>Website-Nutzungsbedingungen<br \/>\n<\/strong>Hierin sind die Nutzungsbedingungen der Smart Communications-Website dargelegt. Bevor Sie diese Website benutzen, sollten Sie unsere Richtlinien zur Privatsph\u00e4re, zu Cookies und zum Datenschutz lesen.\u00a0 Indem Sie auf unsere Website zugreifen und diese nutzen, wird von Ihrer Zustimmung zu diesen Richtlinien ausgegangen.<\/p>\n<p>Diese Website kann Links zu Websites von Drittparteien enthalten, und wenn Sie auf diese zugreifen, gelten deren Richtlinien, solange Sie darauf zugreifen.<\/p>\n<p>Alle Daten oder Informationen, die Sie auf www.smartcommunications.com zur Verf\u00fcgung stellen, m\u00fcssen dem britischen Recht entsprechen und d\u00fcrfen keine Drittpartei diffamieren.\u00a0 Sie sind f\u00fcr jegliche Informationen verantwortlich, die Sie auf unserer Website zur Verf\u00fcgung stellen oder posten.<\/p>\n<p><strong>Definitionen und Interpretation<\/strong><\/p>\n<p>\u201eSie\u201c, \u201eIhr\u201c und \u201eIhre\u201c bezieht sich auf Sie, also die Person(en), die auf diese Website zugreift\/zugreifen, und jede Partei, die stellvertretend darauf zugreift<\/p>\n<p>\u201eWir\u201c, \u201euns\u201c und \u201eunser\u201c steht f\u00fcr Smart Communications.<\/p>\n<p>\u201eSmart Communications\u201c oder \u201eSmartComms\u201c steht f\u00fcr SmartComms SC, Limited,\u00a0registriert in England unter der Nr. 4303041, mit einer Niederlassung in Catalyst House, 720 Centennial Court, Centennial Park, Elstree Hertfordshire, WD6 3SY, und alle seine Tochter- und Beteiligungsgesellschaften.<\/p>\n<p>\u201eWebsite\u201c bedeutet diese Website, auf der Sie sich gerade befinden, und jegliche Website, die von oder im Auftrag von Smart Communications betrieben wird.<\/p>\n<p><strong>Urheberrechte, geistiges Eigentum und Marken<br \/>\n<\/strong>Diese Website enth\u00e4lt Urheberrechte, geistiges Eigentum und Marken, die Smart Communications geh\u00f6ren, oder von Smart Communications lizenziert oder autorisiert und f\u00fcr die Verwendung autorisiert wurden, sofern nicht anders vermerkt.\u00a0\u00a0 Das Urheberrecht und das geistige Eigentum bestehen und beschr\u00e4nken sich nicht auf Bildschirmgestaltung, Betriebsverfahren und Funktionalit\u00e4t.<\/p>\n<p>Sie d\u00fcrfen Ihre Website nicht mit einer anderen Website verkn\u00fcpfen, ohne zuvor die Genehmigung einzuholen.<\/p>\n<p>Sie haben nicht das Recht, \u00c4nderungen an unserer Website vorzunehmen, die au\u00dferhalb der normalen Verwendung der Website und ihrer Inhalte liegen.\u00a0 Jede Nutzung unserer Website muss entsprechend genehmigt werden. Wenn Sie irgendwelche Inhalte kopieren, muss es sich um Ihre pers\u00f6nliche, d.\u00a0h. eine nicht gewerbliche Nutzung handeln.<\/p>\n<p>Sie haben das Recht, Ausz\u00fcge zeitlich befristet zu speichern, Artikel von unserer Website zu Ihrer pers\u00f6nlichen Information oder im Zusammenhang mit der Verwendung unserer Produkte und Services zu kopieren.<\/p>\n<p>SMART COMMUNICATIONS&#x2122;, SMART CORRESPOND&#x2122;, ONE CORRESPOND \u00ae, ONE DOCBOX \u00ae sind alle Marken oder eingetragene Marken von Smart Communications in der EU, in den USA und\/oder in anderen L\u00e4ndern.<\/p>\n<p>Eine nicht genehmigte Verwendung dieser Website oder etwaiger Rechte am geistigen Eigentum k\u00f6nnen eine Unterlassungsklage und einen Anspruch auf Schadensersatz und Rechtskosten zur Folge haben und einen zivil- und\/oder strafrechtlichen Versto\u00df darstellen.<\/p>\n<p>Wenn Sie glauben oder feststellen, dass das Material dieser Website Ihre eigenen Urheberrechte oder die einer anderen Person verletzt, melden Sie dies bitte per E-Mail an legal@smartcommunications.com oder postalisch an Smart Communications in Catalyst House, 720 Centennial Court, Centennial Park, Elstree Hertfordshire, WD6 3SY<\/p>\n<p><strong>Geltendes Recht<br \/>\n<\/strong>Diese AGB werden durch britisches Recht geregelt und entsprechend ausgelegt. Alle Rechtsstreitigkeiten im Zusammenhang mit diesen Nutzungsbedingungen unterliegen der alleinigen Rechtsprechung von England und Wales.[\/vc_column_text][\/vc_column][\/vc_row]\n","protected":false},"excerpt":{"rendered":"<p>[vc_row type=&#8220;in_container&#8220; full_screen_row_position=&#8220;middle&#8220; scene_position=&#8220;center&#8220; text_color=&#8220;custom&#8220; text_align=&#8220;left&#8220; bottom_padding=&#8220;50&#8243; overlay_strength=&#8220;0.3&#8243;][vc_column enable_animation=&#8220;true&#8220; animation=&#8220;none&#8220; column_padding=&#8220;no-extra-padding&#8220; column_padding_position=&#8220;all&#8220; background_color=&#8220;#ffffff&#8220; background_color_opacity=&#8220;1&#8243; background_hover_color_opacity=&#8220;1&#8243; column_shadow=&#8220;none&#8220; width=&#8220;1\/1&#8243; tablet_text_alignment=&#8220;left&#8220; phone_text_alignment=&#8220;left&#8220; column_border_width=&#8220;none&#8220; column_border_style=&#8220;solid&#8220;][divider line_type=&#8220;Small Line&#8220; line_thickness=&#8220;7&#8243; divider_color=&#8220;accent-color&#8220; animate=&#8220;yes&#8220; custom_height=&#8220;20&#8243; custom_line_width=&#8220;150&#8243;][divider line_type=&#8220;No Line&#8220;&#8230;<\/p>\n","protected":false},"author":2,"featured_media":0,"parent":0,"menu_order":724,"comment_status":"closed","ping_status":"closed","template":"","meta":{"_acf_changed":false,"footnotes":""},"class_list":["post-42805","page","type-page","status-publish"],"acf":[],"yoast_head":"<!-- This site is optimized with the Yoast SEO plugin v27.0 - https:\/\/yoast.com\/product\/yoast-seo-wordpress\/ -->\n<title>Nutzungsbedingungen - Smart Communications<\/title>\n<meta name=\"robots\" content=\"index, follow, max-snippet:-1, max-image-preview:large, max-video-preview:-1\" \/>\n<link rel=\"canonical\" href=\"https:\/\/www.smartcommunications.com\/de\/nutzungsbedingungen\/\" \/>\n<meta property=\"og:locale\" content=\"de_DE\" \/>\n<meta property=\"og:type\" content=\"article\" \/>\n<meta property=\"og:title\" content=\"Nutzungsbedingungen - Smart Communications\" \/>\n<meta property=\"og:description\" content=\"[vc_row type=&#8220;in_container&#8220; full_screen_row_position=&#8220;middle&#8220; scene_position=&#8220;center&#8220; text_color=&#8220;custom&#8220; text_align=&#8220;left&#8220; bottom_padding=&#8220;50&#8243; overlay_strength=&#8220;0.3&#8243;][vc_column enable_animation=&#8220;true&#8220; animation=&#8220;none&#8220; column_padding=&#8220;no-extra-padding&#8220; column_padding_position=&#8220;all&#8220; background_color=&#8220;#ffffff&#8220; background_color_opacity=&#8220;1&#8243; background_hover_color_opacity=&#8220;1&#8243; column_shadow=&#8220;none&#8220; width=&#8220;1\/1&#8243; tablet_text_alignment=&#8220;left&#8220; phone_text_alignment=&#8220;left&#8220; column_border_width=&#8220;none&#8220; column_border_style=&#8220;solid&#8220;][divider line_type=&#8220;Small Line&#8220; line_thickness=&#8220;7&#8243; divider_color=&#8220;accent-color&#8220; animate=&#8220;yes&#8220; custom_height=&#8220;20&#8243; custom_line_width=&#8220;150&#8243;][divider line_type=&#8220;No Line&#8220;...\" \/>\n<meta property=\"og:url\" content=\"https:\/\/www.smartcommunications.com\/de\/nutzungsbedingungen\/\" \/>\n<meta property=\"og:site_name\" content=\"Smart Communications\" \/>\n<meta property=\"article:modified_time\" content=\"2021-06-25T13:53:01+00:00\" \/>\n<meta property=\"og:image\" content=\"https:\/\/www.smartcommunications.com\/wp-content\/uploads\/Generic-Smart-Media-Card-blueBG.png\" \/>\n\t<meta property=\"og:image:width\" content=\"725\" \/>\n\t<meta property=\"og:image:height\" content=\"358\" \/>\n\t<meta property=\"og:image:type\" content=\"image\/png\" \/>\n<meta name=\"twitter:card\" content=\"summary_large_image\" \/>\n<meta name=\"twitter:site\" content=\"@CCMInnovators\" \/>\n<meta name=\"twitter:label1\" content=\"Gesch\u00e4tzte Lesezeit\" \/>\n\t<meta name=\"twitter:data1\" content=\"3\u00a0Minuten\" \/>\n<!-- \/ Yoast SEO plugin. -->","yoast_head_json":{"title":"Nutzungsbedingungen - Smart Communications","robots":{"index":"index","follow":"follow","max-snippet":"max-snippet:-1","max-image-preview":"max-image-preview:large","max-video-preview":"max-video-preview:-1"},"canonical":"https:\/\/www.smartcommunications.com\/de\/nutzungsbedingungen\/","og_locale":"de_DE","og_type":"article","og_title":"Nutzungsbedingungen - Smart Communications","og_description":"[vc_row type=&#8220;in_container&#8220; full_screen_row_position=&#8220;middle&#8220; scene_position=&#8220;center&#8220; text_color=&#8220;custom&#8220; text_align=&#8220;left&#8220; bottom_padding=&#8220;50&#8243; overlay_strength=&#8220;0.3&#8243;][vc_column enable_animation=&#8220;true&#8220; animation=&#8220;none&#8220; column_padding=&#8220;no-extra-padding&#8220; column_padding_position=&#8220;all&#8220; background_color=&#8220;#ffffff&#8220; background_color_opacity=&#8220;1&#8243; background_hover_color_opacity=&#8220;1&#8243; column_shadow=&#8220;none&#8220; width=&#8220;1\/1&#8243; tablet_text_alignment=&#8220;left&#8220; phone_text_alignment=&#8220;left&#8220; column_border_width=&#8220;none&#8220; column_border_style=&#8220;solid&#8220;][divider line_type=&#8220;Small Line&#8220; line_thickness=&#8220;7&#8243; divider_color=&#8220;accent-color&#8220; animate=&#8220;yes&#8220; custom_height=&#8220;20&#8243; custom_line_width=&#8220;150&#8243;][divider line_type=&#8220;No Line&#8220;...","og_url":"https:\/\/www.smartcommunications.com\/de\/nutzungsbedingungen\/","og_site_name":"Smart Communications","article_modified_time":"2021-06-25T13:53:01+00:00","og_image":[{"width":725,"height":358,"url":"https:\/\/www.smartcommunications.com\/wp-content\/uploads\/Generic-Smart-Media-Card-blueBG.png","type":"image\/png"}],"twitter_card":"summary_large_image","twitter_site":"@CCMInnovators","twitter_misc":{"Gesch\u00e4tzte Lesezeit":"3\u00a0Minuten"},"schema":{"@context":"https:\/\/schema.org","@graph":[{"@type":"WebPage","@id":"https:\/\/www.smartcommunications.com\/de\/nutzungsbedingungen\/","url":"https:\/\/www.smartcommunications.com\/de\/nutzungsbedingungen\/","name":"Nutzungsbedingungen - Smart Communications","isPartOf":{"@id":"https:\/\/www.smartcommunications.com\/#website"},"datePublished":"2021-06-25T13:52:52+00:00","dateModified":"2021-06-25T13:53:01+00:00","breadcrumb":{"@id":"https:\/\/www.smartcommunications.com\/de\/nutzungsbedingungen\/#breadcrumb"},"inLanguage":"de","potentialAction":[{"@type":"ReadAction","target":["https:\/\/www.smartcommunications.com\/de\/nutzungsbedingungen\/"]}]},{"@type":"BreadcrumbList","@id":"https:\/\/www.smartcommunications.com\/de\/nutzungsbedingungen\/#breadcrumb","itemListElement":[{"@type":"ListItem","position":1,"name":"Home","item":"https:\/\/www.smartcommunications.com\/de\/"},{"@type":"ListItem","position":2,"name":"Nutzungsbedingungen"}]},{"@type":"WebSite","@id":"https:\/\/www.smartcommunications.com\/#website","url":"https:\/\/www.smartcommunications.com\/","name":"Smart Communications","description":"Customer Communication Management Software","publisher":{"@id":"https:\/\/www.smartcommunications.com\/#organization"},"alternateName":"Smart Communications","inLanguage":"de"},{"@type":"Organization","@id":"https:\/\/www.smartcommunications.com\/#organization","name":"Smart Communications","alternateName":"Smart Communications","url":"https:\/\/www.smartcommunications.com\/","logo":{"@type":"ImageObject","inLanguage":"de","@id":"https:\/\/www.smartcommunications.com\/#\/schema\/logo\/image\/","url":"https:\/\/www.smartcommunications.com\/wp-content\/uploads\/2017\/03\/Nav_logo_color_hires.png","contentUrl":"https:\/\/www.smartcommunications.com\/wp-content\/uploads\/2017\/03\/Nav_logo_color_hires.png","width":415,"height":140,"caption":"Smart Communications"},"image":{"@id":"https:\/\/www.smartcommunications.com\/#\/schema\/logo\/image\/"},"sameAs":["https:\/\/x.com\/CCMInnovators","https:\/\/www.linkedin.com\/company\/smart-communications.\/"]}]}},"_links":{"self":[{"href":"https:\/\/www.smartcommunications.com\/de\/wp-json\/wp\/v2\/pages\/42805","targetHints":{"allow":["GET"]}}],"collection":[{"href":"https:\/\/www.smartcommunications.com\/de\/wp-json\/wp\/v2\/pages"}],"about":[{"href":"https:\/\/www.smartcommunications.com\/de\/wp-json\/wp\/v2\/types\/page"}],"author":[{"embeddable":true,"href":"https:\/\/www.smartcommunications.com\/de\/wp-json\/wp\/v2\/users\/2"}],"replies":[{"embeddable":true,"href":"https:\/\/www.smartcommunications.com\/de\/wp-json\/wp\/v2\/comments?post=42805"}],"version-history":[{"count":0,"href":"https:\/\/www.smartcommunications.com\/de\/wp-json\/wp\/v2\/pages\/42805\/revisions"}],"wp:attachment":[{"href":"https:\/\/www.smartcommunications.com\/de\/wp-json\/wp\/v2\/media?parent=42805"}],"curies":[{"name":"wp","href":"https:\/\/api.w.org\/{rel}","templated":true}]}}