{"id":42803,"date":"2021-06-25T09:52:51","date_gmt":"2021-06-25T13:52:51","guid":{"rendered":"https:\/\/www.smartcommunications.com\/systemanforderungen\/"},"modified":"2021-06-25T09:53:02","modified_gmt":"2021-06-25T13:53:02","slug":"systemanforderungen","status":"publish","type":"page","link":"https:\/\/www.smartcommunications.com\/de\/systemanforderungen\/","title":{"rendered":"Systemanforderungen"},"content":{"rendered":"[vc_row type=&#8220;in_container&#8220; full_screen_row_position=&#8220;middle&#8220; scene_position=&#8220;center&#8220; text_color=&#8220;custom&#8220; text_align=&#8220;left&#8220; bottom_padding=&#8220;50&#8243; overlay_strength=&#8220;0.3&#8243;][vc_column enable_animation=&#8220;true&#8220; animation=&#8220;none&#8220; column_padding=&#8220;no-extra-padding&#8220; column_padding_position=&#8220;all&#8220; background_color=&#8220;#ffffff&#8220; background_color_opacity=&#8220;1&#8243; background_hover_color_opacity=&#8220;1&#8243; column_shadow=&#8220;none&#8220; width=&#8220;1\/1&#8243; tablet_text_alignment=&#8220;left&#8220; phone_text_alignment=&#8220;left&#8220; column_border_width=&#8220;none&#8220; column_border_style=&#8220;solid&#8220;][divider line_type=&#8220;Small Line&#8220; line_thickness=&#8220;7&#8243; divider_color=&#8220;accent-color&#8220; animate=&#8220;yes&#8220; custom_height=&#8220;20&#8243; custom_line_width=&#8220;150&#8243;][divider line_type=&#8220;No Line&#8220; custom_height=&#8220;5&#8243;][split_line_heading]\n<h1><span style=\"color: #002f87;\">Systemanforderungen<\/span><\/h1>\n[\/split_line_heading][divider line_type=&#8220;No Line&#8220; custom_height=&#8220;25&#8243;][vc_column_text css_animation=&#8220;top-to-bottom&#8220;]\n<article id=\"post-31\" class=\"post-31 page type-page status-publish hentry\">\n<div class=\"entry-content\">\n<p><strong>Webbrowser<\/strong><br \/>\nJede von Smart Communications generierte HTML-Ausgabe wird von jedem modernen Webbrowser unterst\u00fctzt. Die Benutzeroberfl\u00e4che von Smart Communications wird von folgenden Browsern unterst\u00fctzt:<\/p>\n<ul>\n<li>Microsoft\u00ae Edge (Chromium Edition)<\/li>\n<li>Microsoft\u00ae Internet Explorer\u00ae 11<\/li>\n<li>Google Chrome&#x2122; (Windows &amp; OS X), neueste Version<\/li>\n<li>Mozilla Firefox\u00ae (nur Windows), neueste Version<\/li>\n<\/ul>\n<p>Damit Sie Smart Communications optimal nutzen k\u00f6nnen, empfehlen wir Ihnen, die oben aufgef\u00fchrten unterst\u00fctzten Browser zu verwenden.<\/p>\n<p><strong>Webbrowser-Zoom<br \/>\n<\/strong>Damit Sie Smart Communications optimal nutzen k\u00f6nnen, empfehlen wir Ihnen, die Zoomfunktion Ihres Webbrowsers nicht zu verwenden. Stellen Sie die Zoomstufe auf den Standard von 100\u00a0% zur\u00fcck. Verwenden Sie daf\u00fcr das Tastenk\u00fcrzel Strg+0 (Windows) oder Cmd+0 (OS X). Wenn Sie eine andere Zoomstufe als 100\u00a0% verwenden, kann dies das Benutzererlebnis negativ beeinflussen.<\/p>\n<p><strong>Bildschirmaufl\u00f6sung<\/strong><br \/>\nDieses Produkt wurde f\u00fcr Bildschirmaufl\u00f6sungen und Browserfenstergr\u00f6\u00dfen von 1280\u00a0x\u00a0960 Pixeln oder gr\u00f6\u00dfer optimiert. Das Produkt funktioniert mit Bildschirmaufl\u00f6sungen und Browserfenstergr\u00f6\u00dfen von 1024\u00a0x\u00a0768 Pixeln, aber das Benutzererlebnis ist u.\u00a0U. nicht ideal.<\/p>\n<p><strong>Unterst\u00fctzte Schriftarten f\u00fcr Print Streams und PDF<\/strong><br \/>\nEinzelheiten zu den unterst\u00fctzten Schriftartformaten finden Sie auf der Apache FOP Website unter <a href=\"https:\/\/xmlgraphics.apache.org\/fop\/trunk\/fonts.html\">https:\/\/xmlgraphics.apache.org\/fop\/trunk\/fonts.html<\/a>.<\/p>\n<p><strong>Smart Communications Appliance<br \/>\n<\/strong>Die Smart Communications Appliance bietet Unterst\u00fctzung f\u00fcr die folgenden Hypervisoren. Die Appliance erfordert eine Version des ausgew\u00e4hlten Hypervisors, die Red Hat 7 unterst\u00fctzt:<\/p>\n<ul>\n<li>VMware ESX Server<\/li>\n<li>Hyper-V<\/li>\n<li>Citrix XEN<\/li>\n<li>KVM<\/li>\n<li>Amazon Web Services<\/li>\n<li>Microsoft Azure<\/li>\n<li>Docker<\/li>\n<\/ul>\n<p><strong>.Net Clients<br \/>\n<\/strong>Diese Version unterst\u00fctzt die folgenden .Net-Versionen:<\/p>\n<ul>\n<li>Microsoft .NET 4.7<\/li>\n<li>Windows 7\/Internet Explorer 11<\/li>\n<li>Windows 10\/Internet Explorer 11<\/li>\n<\/ul>\n<p><strong>Salesforce-Integrationen<\/strong><br \/>\nSmartCOMM&#x2122; for Salesforce ist eine Kundenkommunikationsl\u00f6sung der Enterprise-Klasse f\u00fcr die Editionen Enterprise, Unlimited und Performance von Salesforce. Die L\u00f6sung ist auch mit Salesforce Communities und Salesforce Lightning kompatibel. Standardobjekte und benutzerdefinierte Objekte werden unterst\u00fctzt. Die L\u00f6sungen von SmartCOMM wurden f\u00fcr Tablets sowie andere webf\u00e4hige Ger\u00e4te entwickelt, die HTML5 unterst\u00fctzen. Dies schlie\u00dft die Integration in die Salesforce Mobile App f\u00fcr die mobile On-Demand-Generierung von Dokumenten mit ein.<\/p>\n<p>&nbsp;<\/p>\n<\/div>\n<\/article>\n[\/vc_column_text][\/vc_column][\/vc_row]\n","protected":false},"excerpt":{"rendered":"<p>[vc_row type=&#8220;in_container&#8220; full_screen_row_position=&#8220;middle&#8220; scene_position=&#8220;center&#8220; text_color=&#8220;custom&#8220; text_align=&#8220;left&#8220; bottom_padding=&#8220;50&#8243; overlay_strength=&#8220;0.3&#8243;][vc_column enable_animation=&#8220;true&#8220; animation=&#8220;none&#8220; column_padding=&#8220;no-extra-padding&#8220; column_padding_position=&#8220;all&#8220; background_color=&#8220;#ffffff&#8220; background_color_opacity=&#8220;1&#8243; background_hover_color_opacity=&#8220;1&#8243; column_shadow=&#8220;none&#8220; width=&#8220;1\/1&#8243; tablet_text_alignment=&#8220;left&#8220; phone_text_alignment=&#8220;left&#8220; column_border_width=&#8220;none&#8220; column_border_style=&#8220;solid&#8220;][divider line_type=&#8220;Small Line&#8220; line_thickness=&#8220;7&#8243; divider_color=&#8220;accent-color&#8220; animate=&#8220;yes&#8220; custom_height=&#8220;20&#8243; custom_line_width=&#8220;150&#8243;][divider line_type=&#8220;No Line&#8220;&#8230;<\/p>\n","protected":false},"author":2,"featured_media":0,"parent":0,"menu_order":718,"comment_status":"closed","ping_status":"closed","template":"","meta":{"_acf_changed":false,"footnotes":""},"class_list":["post-42803","page","type-page","status-publish"],"acf":[],"yoast_head":"<!-- This site is optimized with the Yoast SEO plugin v27.0 - https:\/\/yoast.com\/product\/yoast-seo-wordpress\/ -->\n<title>Systemanforderungen | CCM-Software | Smart Communications<\/title>\n<meta name=\"description\" content=\"Erfahren Sie mehr \u00fcber die wichtigen \u00c4nderungen an den Systemanforderungen bei Smart Communications, um Ihre Kommunikationssoftware besser unterst\u00fctzen zu k\u00f6nnen.\" \/>\n<meta name=\"robots\" content=\"index, follow, max-snippet:-1, max-image-preview:large, max-video-preview:-1\" \/>\n<link rel=\"canonical\" href=\"https:\/\/www.smartcommunications.com\/de\/systemanforderungen\/\" \/>\n<meta property=\"og:locale\" content=\"de_DE\" \/>\n<meta property=\"og:type\" content=\"article\" \/>\n<meta property=\"og:title\" content=\"Systemanforderungen | CCM-Software | Smart Communications\" \/>\n<meta property=\"og:description\" content=\"Erfahren Sie mehr \u00fcber die wichtigen \u00c4nderungen an den Systemanforderungen bei Smart Communications, um Ihre Kommunikationssoftware besser unterst\u00fctzen zu k\u00f6nnen.\" \/>\n<meta property=\"og:url\" content=\"https:\/\/www.smartcommunications.com\/de\/systemanforderungen\/\" \/>\n<meta property=\"og:site_name\" content=\"Smart Communications\" \/>\n<meta property=\"article:modified_time\" content=\"2021-06-25T13:53:02+00:00\" \/>\n<meta property=\"og:image\" content=\"https:\/\/www.smartcommunications.com\/wp-content\/uploads\/Generic-Smart-Media-Card-blueBG.png\" \/>\n\t<meta property=\"og:image:width\" content=\"725\" \/>\n\t<meta property=\"og:image:height\" content=\"358\" \/>\n\t<meta property=\"og:image:type\" content=\"image\/png\" \/>\n<meta name=\"twitter:card\" content=\"summary_large_image\" \/>\n<meta name=\"twitter:site\" content=\"@CCMInnovators\" \/>\n<meta name=\"twitter:label1\" content=\"Gesch\u00e4tzte Lesezeit\" \/>\n\t<meta name=\"twitter:data1\" content=\"2\u00a0Minuten\" \/>\n<!-- \/ Yoast SEO plugin. -->","yoast_head_json":{"title":"Systemanforderungen | CCM-Software | Smart Communications","description":"Erfahren Sie mehr \u00fcber die wichtigen \u00c4nderungen an den Systemanforderungen bei Smart Communications, um Ihre Kommunikationssoftware besser unterst\u00fctzen zu k\u00f6nnen.","robots":{"index":"index","follow":"follow","max-snippet":"max-snippet:-1","max-image-preview":"max-image-preview:large","max-video-preview":"max-video-preview:-1"},"canonical":"https:\/\/www.smartcommunications.com\/de\/systemanforderungen\/","og_locale":"de_DE","og_type":"article","og_title":"Systemanforderungen | CCM-Software | Smart Communications","og_description":"Erfahren Sie mehr \u00fcber die wichtigen \u00c4nderungen an den Systemanforderungen bei Smart Communications, um Ihre Kommunikationssoftware besser unterst\u00fctzen zu k\u00f6nnen.","og_url":"https:\/\/www.smartcommunications.com\/de\/systemanforderungen\/","og_site_name":"Smart Communications","article_modified_time":"2021-06-25T13:53:02+00:00","og_image":[{"width":725,"height":358,"url":"https:\/\/www.smartcommunications.com\/wp-content\/uploads\/Generic-Smart-Media-Card-blueBG.png","type":"image\/png"}],"twitter_card":"summary_large_image","twitter_site":"@CCMInnovators","twitter_misc":{"Gesch\u00e4tzte Lesezeit":"2\u00a0Minuten"},"schema":{"@context":"https:\/\/schema.org","@graph":[{"@type":"WebPage","@id":"https:\/\/www.smartcommunications.com\/de\/systemanforderungen\/","url":"https:\/\/www.smartcommunications.com\/de\/systemanforderungen\/","name":"Systemanforderungen | CCM-Software | Smart Communications","isPartOf":{"@id":"https:\/\/www.smartcommunications.com\/#website"},"datePublished":"2021-06-25T13:52:51+00:00","dateModified":"2021-06-25T13:53:02+00:00","description":"Erfahren Sie mehr \u00fcber die wichtigen \u00c4nderungen an den Systemanforderungen bei Smart Communications, um Ihre Kommunikationssoftware besser unterst\u00fctzen zu k\u00f6nnen.","breadcrumb":{"@id":"https:\/\/www.smartcommunications.com\/de\/systemanforderungen\/#breadcrumb"},"inLanguage":"de","potentialAction":[{"@type":"ReadAction","target":["https:\/\/www.smartcommunications.com\/de\/systemanforderungen\/"]}]},{"@type":"BreadcrumbList","@id":"https:\/\/www.smartcommunications.com\/de\/systemanforderungen\/#breadcrumb","itemListElement":[{"@type":"ListItem","position":1,"name":"Home","item":"https:\/\/www.smartcommunications.com\/de\/"},{"@type":"ListItem","position":2,"name":"Systemanforderungen"}]},{"@type":"WebSite","@id":"https:\/\/www.smartcommunications.com\/#website","url":"https:\/\/www.smartcommunications.com\/","name":"Smart Communications","description":"Customer Communication Management Software","publisher":{"@id":"https:\/\/www.smartcommunications.com\/#organization"},"alternateName":"Smart Communications","inLanguage":"de"},{"@type":"Organization","@id":"https:\/\/www.smartcommunications.com\/#organization","name":"Smart Communications","alternateName":"Smart Communications","url":"https:\/\/www.smartcommunications.com\/","logo":{"@type":"ImageObject","inLanguage":"de","@id":"https:\/\/www.smartcommunications.com\/#\/schema\/logo\/image\/","url":"https:\/\/www.smartcommunications.com\/wp-content\/uploads\/2017\/03\/Nav_logo_color_hires.png","contentUrl":"https:\/\/www.smartcommunications.com\/wp-content\/uploads\/2017\/03\/Nav_logo_color_hires.png","width":415,"height":140,"caption":"Smart Communications"},"image":{"@id":"https:\/\/www.smartcommunications.com\/#\/schema\/logo\/image\/"},"sameAs":["https:\/\/x.com\/CCMInnovators","https:\/\/www.linkedin.com\/company\/smart-communications.\/"]}]}},"_links":{"self":[{"href":"https:\/\/www.smartcommunications.com\/de\/wp-json\/wp\/v2\/pages\/42803","targetHints":{"allow":["GET"]}}],"collection":[{"href":"https:\/\/www.smartcommunications.com\/de\/wp-json\/wp\/v2\/pages"}],"about":[{"href":"https:\/\/www.smartcommunications.com\/de\/wp-json\/wp\/v2\/types\/page"}],"author":[{"embeddable":true,"href":"https:\/\/www.smartcommunications.com\/de\/wp-json\/wp\/v2\/users\/2"}],"replies":[{"embeddable":true,"href":"https:\/\/www.smartcommunications.com\/de\/wp-json\/wp\/v2\/comments?post=42803"}],"version-history":[{"count":0,"href":"https:\/\/www.smartcommunications.com\/de\/wp-json\/wp\/v2\/pages\/42803\/revisions"}],"wp:attachment":[{"href":"https:\/\/www.smartcommunications.com\/de\/wp-json\/wp\/v2\/media?parent=42803"}],"curies":[{"name":"wp","href":"https:\/\/api.w.org\/{rel}","templated":true}]}}