{"id":42799,"date":"2021-06-25T09:52:51","date_gmt":"2021-06-25T13:52:51","guid":{"rendered":"https:\/\/www.smartcommunications.com\/corporate-responsibility\/"},"modified":"2021-07-19T10:52:16","modified_gmt":"2021-07-19T14:52:16","slug":"corporate-responsibility","status":"publish","type":"page","link":"https:\/\/www.smartcommunications.com\/de\/corporate-responsibility\/","title":{"rendered":"Corporate Responsibility"},"content":{"rendered":"[vc_row type=&#8220;in_container&#8220; full_screen_row_position=&#8220;middle&#8220; column_margin=&#8220;default&#8220; column_direction=&#8220;default&#8220; column_direction_tablet=&#8220;default&#8220; column_direction_phone=&#8220;default&#8220; scene_position=&#8220;center&#8220; bottom_padding=&#8220;50&#8243; text_color=&#8220;custom&#8220; text_align=&#8220;left&#8220; row_border_radius=&#8220;none&#8220; row_border_radius_applies=&#8220;bg&#8220; overlay_strength=&#8220;0.3&#8243; gradient_direction=&#8220;left_to_right&#8220; shape_divider_position=&#8220;bottom&#8220; bg_image_animation=&#8220;none&#8220;][vc_column column_padding=&#8220;no-extra-padding&#8220; column_padding_tablet=&#8220;inherit&#8220; column_padding_phone=&#8220;inherit&#8220; column_padding_position=&#8220;all&#8220; background_color=&#8220;#ffffff&#8220; background_color_opacity=&#8220;1&#8243; background_hover_color_opacity=&#8220;1&#8243; column_shadow=&#8220;none&#8220; column_border_radius=&#8220;none&#8220; column_link_target=&#8220;_self&#8220; gradient_direction=&#8220;left_to_right&#8220; overlay_strength=&#8220;0.3&#8243; width=&#8220;1\/1&#8243; tablet_width_inherit=&#8220;default&#8220; tablet_text_alignment=&#8220;left&#8220; phone_text_alignment=&#8220;left&#8220; column_border_width=&#8220;none&#8220; column_border_style=&#8220;solid&#8220; bg_image_animation=&#8220;none&#8220; enable_animation=&#8220;true&#8220; animation=&#8220;none&#8220;][divider line_type=&#8220;Small Line&#8220; line_alignment=&#8220;default&#8220; line_thickness=&#8220;7&#8243; divider_color=&#8220;accent-color&#8220; animate=&#8220;yes&#8220; custom_height=&#8220;20&#8243; custom_line_width=&#8220;150&#8243;][divider line_type=&#8220;No Line&#8220; custom_height=&#8220;5&#8243;][split_line_heading animation_type=&#8220;default&#8220;]\n<h1><span style=\"color: #002f87;\">U.K. Modern Slavery Act Statement\u00a0<\/span><\/h1>\n[\/split_line_heading][divider line_type=&#8220;No Line&#8220; custom_height=&#8220;25&#8243;][vc_column_text css_animation=&#8220;top-to-bottom&#8220;]Smart Communications&#x2122; setzt sich daf\u00fcr ein, moderne Sklaverei in seinen gesch\u00e4ftlichen Aktivit\u00e4ten und seiner Lieferkette zu verhindern. Nachfolgend werden die implementierten Ma\u00dfnahmen aufgef\u00fchrt, mithilfe derer wir diese Verpflichtung erf\u00fcllen wollen.<\/p>\n<p><a href=\"https:\/\/www.smartcommunications.com\/wp-content\/uploads\/uk-modern-slavery-act-statement-2020_Translated.pdf\">U.K. Modern Slavery Act Statement 2020<\/a><\/p>\n<p><a href=\"https:\/\/www.smartcommunications.com\/wp-content\/uploads\/UK-Modern-Slavery-Act-2019_Final_Translated.pdf\">U.K. Modern Slavery Act Statement 2019<\/a>[\/vc_column_text][\/vc_column][\/vc_row]\n","protected":false},"excerpt":{"rendered":"<p>[vc_row type=&#8220;in_container&#8220; full_screen_row_position=&#8220;middle&#8220; column_margin=&#8220;default&#8220; column_direction=&#8220;default&#8220; column_direction_tablet=&#8220;default&#8220; column_direction_phone=&#8220;default&#8220; scene_position=&#8220;center&#8220; bottom_padding=&#8220;50&#8243; text_color=&#8220;custom&#8220; text_align=&#8220;left&#8220; row_border_radius=&#8220;none&#8220; row_border_radius_applies=&#8220;bg&#8220; overlay_strength=&#8220;0.3&#8243; gradient_direction=&#8220;left_to_right&#8220; shape_divider_position=&#8220;bottom&#8220; bg_image_animation=&#8220;none&#8220;][vc_column column_padding=&#8220;no-extra-padding&#8220; column_padding_tablet=&#8220;inherit&#8220; column_padding_phone=&#8220;inherit&#8220; column_padding_position=&#8220;all&#8220; background_color=&#8220;#ffffff&#8220; background_color_opacity=&#8220;1&#8243; background_hover_color_opacity=&#8220;1&#8243; column_shadow=&#8220;none&#8220; column_border_radius=&#8220;none&#8220; column_link_target=&#8220;_self&#8220; gradient_direction=&#8220;left_to_right&#8220; overlay_strength=&#8220;0.3&#8243; width=&#8220;1\/1&#8243;&#8230;<\/p>\n","protected":false},"author":35,"featured_media":0,"parent":0,"menu_order":287,"comment_status":"closed","ping_status":"closed","template":"","meta":{"_acf_changed":false,"footnotes":""},"class_list":["post-42799","page","type-page","status-publish"],"acf":[],"yoast_head":"<!-- This site is optimized with the Yoast SEO plugin v27.0 - https:\/\/yoast.com\/product\/yoast-seo-wordpress\/ -->\n<title>Externe Datenschutzrichtlinie | Kundenkommunikation | Smart Communications<\/title>\n<meta name=\"description\" content=\"Lesen Sie den externen Datenschutz-Hinweis von Smart Communications in Verbindung mit unseren Nutzungsbedingungen zur Website und zu den Cookie- und Datenschutzrichtlinien.\" \/>\n<meta name=\"robots\" content=\"noindex, nofollow\" \/>\n<meta property=\"og:locale\" content=\"de_DE\" \/>\n<meta property=\"og:type\" content=\"article\" \/>\n<meta property=\"og:title\" content=\"Externe Datenschutzrichtlinie | Kundenkommunikation | Smart Communications\" \/>\n<meta property=\"og:description\" content=\"Lesen Sie den externen Datenschutz-Hinweis von Smart Communications in Verbindung mit unseren Nutzungsbedingungen zur Website und zu den Cookie- und Datenschutzrichtlinien.\" \/>\n<meta property=\"og:url\" content=\"https:\/\/www.smartcommunications.com\/de\/corporate-responsibility\/\" \/>\n<meta property=\"og:site_name\" content=\"Smart Communications\" \/>\n<meta property=\"article:modified_time\" content=\"2021-07-19T14:52:16+00:00\" \/>\n<meta property=\"og:image\" content=\"https:\/\/www.smartcommunications.com\/wp-content\/uploads\/Generic-Smart-Media-Card-blueBG.png\" \/>\n\t<meta property=\"og:image:width\" content=\"725\" \/>\n\t<meta property=\"og:image:height\" content=\"358\" \/>\n\t<meta property=\"og:image:type\" content=\"image\/png\" \/>\n<meta name=\"twitter:card\" content=\"summary_large_image\" \/>\n<meta name=\"twitter:site\" content=\"@CCMInnovators\" \/>\n<meta name=\"twitter:label1\" content=\"Gesch\u00e4tzte Lesezeit\" \/>\n\t<meta name=\"twitter:data1\" content=\"1\u00a0Minute\" \/>\n<!-- \/ Yoast SEO plugin. -->","yoast_head_json":{"title":"Externe Datenschutzrichtlinie | Kundenkommunikation | Smart Communications","description":"Lesen Sie den externen Datenschutz-Hinweis von Smart Communications in Verbindung mit unseren Nutzungsbedingungen zur Website und zu den Cookie- und Datenschutzrichtlinien.","robots":{"index":"noindex","follow":"nofollow"},"og_locale":"de_DE","og_type":"article","og_title":"Externe Datenschutzrichtlinie | Kundenkommunikation | Smart Communications","og_description":"Lesen Sie den externen Datenschutz-Hinweis von Smart Communications in Verbindung mit unseren Nutzungsbedingungen zur Website und zu den Cookie- und Datenschutzrichtlinien.","og_url":"https:\/\/www.smartcommunications.com\/de\/corporate-responsibility\/","og_site_name":"Smart Communications","article_modified_time":"2021-07-19T14:52:16+00:00","og_image":[{"width":725,"height":358,"url":"https:\/\/www.smartcommunications.com\/wp-content\/uploads\/Generic-Smart-Media-Card-blueBG.png","type":"image\/png"}],"twitter_card":"summary_large_image","twitter_site":"@CCMInnovators","twitter_misc":{"Gesch\u00e4tzte Lesezeit":"1\u00a0Minute"},"schema":{"@context":"https:\/\/schema.org","@graph":[{"@type":"WebPage","@id":"https:\/\/www.smartcommunications.com\/de\/corporate-responsibility\/","url":"https:\/\/www.smartcommunications.com\/de\/corporate-responsibility\/","name":"Externe Datenschutzrichtlinie | Kundenkommunikation | Smart Communications","isPartOf":{"@id":"https:\/\/www.smartcommunications.com\/#website"},"datePublished":"2021-06-25T13:52:51+00:00","dateModified":"2021-07-19T14:52:16+00:00","description":"Lesen Sie den externen Datenschutz-Hinweis von Smart Communications in Verbindung mit unseren Nutzungsbedingungen zur Website und zu den Cookie- und Datenschutzrichtlinien.","breadcrumb":{"@id":"https:\/\/www.smartcommunications.com\/de\/corporate-responsibility\/#breadcrumb"},"inLanguage":"de","potentialAction":[{"@type":"ReadAction","target":["https:\/\/www.smartcommunications.com\/de\/corporate-responsibility\/"]}]},{"@type":"BreadcrumbList","@id":"https:\/\/www.smartcommunications.com\/de\/corporate-responsibility\/#breadcrumb","itemListElement":[{"@type":"ListItem","position":1,"name":"Home","item":"https:\/\/www.smartcommunications.com\/de\/"},{"@type":"ListItem","position":2,"name":"Corporate Responsibility"}]},{"@type":"WebSite","@id":"https:\/\/www.smartcommunications.com\/#website","url":"https:\/\/www.smartcommunications.com\/","name":"Smart Communications","description":"Customer Communication Management Software","publisher":{"@id":"https:\/\/www.smartcommunications.com\/#organization"},"alternateName":"Smart Communications","inLanguage":"de"},{"@type":"Organization","@id":"https:\/\/www.smartcommunications.com\/#organization","name":"Smart Communications","alternateName":"Smart Communications","url":"https:\/\/www.smartcommunications.com\/","logo":{"@type":"ImageObject","inLanguage":"de","@id":"https:\/\/www.smartcommunications.com\/#\/schema\/logo\/image\/","url":"https:\/\/www.smartcommunications.com\/wp-content\/uploads\/2017\/03\/Nav_logo_color_hires.png","contentUrl":"https:\/\/www.smartcommunications.com\/wp-content\/uploads\/2017\/03\/Nav_logo_color_hires.png","width":415,"height":140,"caption":"Smart Communications"},"image":{"@id":"https:\/\/www.smartcommunications.com\/#\/schema\/logo\/image\/"},"sameAs":["https:\/\/x.com\/CCMInnovators","https:\/\/www.linkedin.com\/company\/smart-communications.\/"]}]}},"_links":{"self":[{"href":"https:\/\/www.smartcommunications.com\/de\/wp-json\/wp\/v2\/pages\/42799","targetHints":{"allow":["GET"]}}],"collection":[{"href":"https:\/\/www.smartcommunications.com\/de\/wp-json\/wp\/v2\/pages"}],"about":[{"href":"https:\/\/www.smartcommunications.com\/de\/wp-json\/wp\/v2\/types\/page"}],"author":[{"embeddable":true,"href":"https:\/\/www.smartcommunications.com\/de\/wp-json\/wp\/v2\/users\/35"}],"replies":[{"embeddable":true,"href":"https:\/\/www.smartcommunications.com\/de\/wp-json\/wp\/v2\/comments?post=42799"}],"version-history":[{"count":0,"href":"https:\/\/www.smartcommunications.com\/de\/wp-json\/wp\/v2\/pages\/42799\/revisions"}],"wp:attachment":[{"href":"https:\/\/www.smartcommunications.com\/de\/wp-json\/wp\/v2\/media?parent=42799"}],"curies":[{"name":"wp","href":"https:\/\/api.w.org\/{rel}","templated":true}]}}