{"id":42388,"date":"2021-05-12T14:21:26","date_gmt":"2021-05-12T18:21:26","guid":{"rendered":"https:\/\/www.smartcommunications.com\/uesaagee-pooliicy\/"},"modified":"2021-07-14T14:49:38","modified_gmt":"2021-07-14T18:49:38","slug":"nutzungsrichtlinie","status":"publish","type":"page","link":"https:\/\/www.smartcommunications.com\/de\/nutzungsrichtlinie\/","title":{"rendered":"Nutzungsrichtlinie"},"content":{"rendered":"[vc_row type=&#8220;in_container&#8220; full_screen_row_position=&#8220;middle&#8220; column_margin=&#8220;default&#8220; column_direction=&#8220;default&#8220; column_direction_tablet=&#8220;default&#8220; column_direction_phone=&#8220;default&#8220; scene_position=&#8220;center&#8220; bottom_padding=&#8220;50&#8243; text_color=&#8220;custom&#8220; text_align=&#8220;left&#8220; row_border_radius=&#8220;none&#8220; row_border_radius_applies=&#8220;bg&#8220; overlay_strength=&#8220;0.3&#8243; gradient_direction=&#8220;left_to_right&#8220; shape_divider_position=&#8220;bottom&#8220; bg_image_animation=&#8220;none&#8220;][vc_column column_padding=&#8220;no-extra-padding&#8220; column_padding_tablet=&#8220;inherit&#8220; column_padding_phone=&#8220;inherit&#8220; column_padding_position=&#8220;all&#8220; background_color=&#8220;#ffffff&#8220; background_color_opacity=&#8220;1&#8243; background_hover_color_opacity=&#8220;1&#8243; column_shadow=&#8220;none&#8220; column_border_radius=&#8220;none&#8220; column_link_target=&#8220;_self&#8220; gradient_direction=&#8220;left_to_right&#8220; overlay_strength=&#8220;0.3&#8243; width=&#8220;1\/1&#8243; tablet_width_inherit=&#8220;default&#8220; tablet_text_alignment=&#8220;left&#8220; phone_text_alignment=&#8220;left&#8220; column_border_width=&#8220;none&#8220; column_border_style=&#8220;solid&#8220; bg_image_animation=&#8220;none&#8220; enable_animation=&#8220;true&#8220; animation=&#8220;none&#8220;][divider line_type=&#8220;Small Line&#8220; line_alignment=&#8220;default&#8220; line_thickness=&#8220;7&#8243; divider_color=&#8220;accent-color&#8220; animate=&#8220;yes&#8220; custom_height=&#8220;20&#8243; custom_line_width=&#8220;150&#8243;][divider line_type=&#8220;No Line&#8220; custom_height=&#8220;5&#8243;][split_line_heading animation_type=&#8220;default&#8220;]\n<h1><span style=\"color: #002f87;\">Nutzungsrichtlinie<\/span><\/h1>\n[\/split_line_heading][divider line_type=&#8220;No Line&#8220; custom_height=&#8220;25&#8243;][vc_column_text css_animation=&#8220;top-to-bottom&#8220;]\n<div class=\"wrap top wrap-white\">\n<section class=\"intro-content\">\n<div class=\"row\">\n<div class=\"col sm12\">\n<p class=\"intro-paragraph \">Dies ist die Nutzungsrichtlinie, auf die in Ihrem Vertrag mit Smart Communications verwiesen wird, und enth\u00e4lt die Einschr\u00e4nkungen bei Ihrer Nutzung der Services, und die Folgen einer \u00dcberschreitung dieser Einschr\u00e4nkungen. Sie deckt die folgenden L\u00f6sungen ab: SmartCOMM for Salesforce und SmartCOMM. Die hier definierte und in dieser Richtlinie verwendete Terminologie hat die Bedeutung, die ihr im entsprechenden Vertrag zugewiesen wird. Diese Nutzungsrichtlinie gilt NICHT f\u00fcr Vertr\u00e4ge, bei denen eine Nutzungsrichtlinie als Plan angeh\u00e4ngt ist.<\/p>\n<\/div>\n<\/div>\n<\/section>\n<\/div>\n<article id=\"post-29\" class=\"post-29 page type-page status-publish hentry\">\n<div class=\"entry-content\">\n<p><strong>Einschr\u00e4nkungen und \u00dcberschreitungen:<\/strong><\/p>\n<p><strong>1.1 Seitenpauschale<\/strong><\/p>\n<p><strong>Seitenpauschale \u2013 <\/strong>Die Seitenpauschale von Kunden wird berechnet, indem die Gesamtzahl der Nutzer oder Mengenpakete f\u00fcr jede L\u00f6sung\/Edition multipliziert wird, wie dies in der Bestellung nach Seitenpauschale pro Nutzer oder Mengenpaket f\u00fcr die entsprechende L\u00f6sung\/Edition angegeben und in der nachfolgenden Tabelle aufgef\u00fchrt ist.<\/p>\n<p><strong>\u00dcberschreitungen \u2013 <\/strong>Wenn die Seitenpauschale \u00fcberschritten wird, ohne dass vor dem \u00dcberschreiten der Seitenpauschale weitere Mengen erworben wurden, beh\u00e4lt Smart Communications sich das Recht vor, von Zeit zu Zeit einen \u00dcberschreitungsbetrag gem\u00e4\u00df dem von Smart Communications angegebenen Tarif in Rechnung zu stellen.<\/p>\n<table width=\"661\">\n<tbody>\n<tr>\n<td width=\"210\"><strong>Seitentypen<\/strong><\/td>\n<td width=\"96\">Pauschale<\/td>\n<td width=\"118\"><\/td>\n<\/tr>\n<tr>\n<td width=\"210\">On-Demand-Seiten<\/td>\n<td width=\"96\">2.500<\/td>\n<td colspan=\"2\" width=\"237\">pro Mengenpaket \/ Monat<\/td>\n<\/tr>\n<tr>\n<td width=\"210\">Correspond-Seiten<\/td>\n<td width=\"96\">1.250<\/td>\n<td width=\"118\">pro Nutzer \/ Monat<\/td>\n<td width=\"118\"><\/td>\n<\/tr>\n<tr>\n<td width=\"210\">Collaborative-Seiten<\/td>\n<td width=\"96\">250<\/td>\n<td width=\"118\">pro Nutzer \/ Monat<\/td>\n<td width=\"118\"><\/td>\n<\/tr>\n<\/tbody>\n<\/table>\n<table width=\"661\">\n<tbody>\n<tr>\n<td width=\"210\"><strong>\u00a0<\/strong><strong>L\u00f6sung<\/strong><\/td>\n<td width=\"118\"><strong>On-Demand-Seiten<\/strong><\/td>\n<td width=\"118\"><strong>Correspond-Seiten<\/strong><\/td>\n<td width=\"118\"><strong>Collaborative-Seiten<\/strong><\/td>\n<\/tr>\n<tr>\n<td width=\"210\">SmartCOMM f\u00fcr den Vertrieb<\/td>\n<td width=\"96\">Standard<\/td>\n<td width=\"118\">2.500<\/td>\n<td width=\"118\">0<\/td>\n<td width=\"118\">0<\/td>\n<\/tr>\n<tr>\n<td width=\"210\"><\/td>\n<td width=\"96\">Professionell<\/td>\n<td width=\"118\">0<\/td>\n<td width=\"118\">1.250<\/td>\n<td width=\"118\">0<\/td>\n<\/tr>\n<tr>\n<td width=\"210\"><\/td>\n<td width=\"96\">Fortgeschritten<\/td>\n<td width=\"118\">0<\/td>\n<td width=\"118\">1.250<\/td>\n<td width=\"118\">250<\/td>\n<\/tr>\n<tr>\n<td width=\"210\">Smart Collaborate f\u00fcr den Vertrieb<\/td>\n<td width=\"96\">na<\/td>\n<td width=\"118\">0<\/td>\n<td width=\"118\">1.250<\/td>\n<td width=\"118\">250<\/td>\n<\/tr>\n<tr>\n<td width=\"210\">SmartCOMM<\/td>\n<td width=\"96\">Standard<\/td>\n<td width=\"118\">2.500<\/td>\n<td width=\"118\">0<\/td>\n<td width=\"118\">0<\/td>\n<\/tr>\n<tr>\n<td width=\"210\"><\/td>\n<td width=\"96\">Professionell<\/td>\n<td width=\"118\">0<\/td>\n<td width=\"118\">1.250<\/td>\n<td width=\"118\">0<\/td>\n<\/tr>\n<tr>\n<td width=\"210\"><\/td>\n<td width=\"96\">Fortgeschritten<\/td>\n<td width=\"118\">0<\/td>\n<td width=\"118\">1.250<\/td>\n<td width=\"118\">0<\/td>\n<\/tr>\n<tr>\n<td width=\"210\">Smart\u00a0Collaborate<\/td>\n<td width=\"96\">na<\/td>\n<td width=\"118\">0<\/td>\n<td width=\"118\">1.250<\/td>\n<td width=\"118\">250<\/td>\n<\/tr>\n<\/tbody>\n<\/table>\n<p><strong>1.2. PCPGR-Grenze <\/strong><\/p>\n<p><strong>PCPGR-Grenze \u2013 <\/strong>f\u00fcr On-Demand-Seiten, wie in der Bestellung angegeben; f\u00fcr alle anderen F\u00e4lle mit 5\u00a0% der aggregierten Nutzer.<\/p>\n<p><strong>\u00dcberschreitungen \u2013 <\/strong>Wenn die PCPGR-Grenze \u00fcberschritten wird, und vor dem \u00dcberschreiten des Betrags von PCPGR keine weiteren PCPGR erworben wurden, beh\u00e4lt sich Smart Communications das Recht vor, von Zeit zu Zeit einen \u00dcberschreitungsbetrag gem\u00e4\u00df dem von Smart Communications angegebenen Tarif in Rechnung zu stellen.<\/p>\n<p><strong>1.3. PCUR-Grenze<\/strong><\/p>\n<p>Die PCUR-Grenze wird mit 10 % der aggregierten Nutzer f\u00fcr Smart Communicate und mit 20 % der aggregierten Nutzer, die Zugriff auf die Collaborate-Funktion haben, berechnet.<\/p>\n<p><strong>\u00dcberschreitungen \u2013 <\/strong>Wenn das PCUR-Grenze \u00fcberschritten wird, und vor dem \u00dcberschreiten des Betrags von PCUR keine weiteren PCUR erworben wurden, beh\u00e4lt sich Smart Communications das Recht vor, von Zeit zu Zeit einen \u00dcberschreitungsbetrag gem\u00e4\u00df dem von Smart Communications angegebenen Tarif in Rechnung zu stellen, wobei die aktuellen Tarife in der Bestellung angegeben sind.<\/p>\n<p><strong>1.4. Durchsatzgrenzen<\/strong><\/p>\n<p>Der maximale Durchsatz ist die Anzahl der generierten Seiten in:<\/p>\n<ul>\n<li>24 Stunden, wobei er 15\u00a0% der Seitenpauschale nicht \u00fcberschreiten darf<\/li>\n<li>1 Stunde, wobei er 3\u00a0% der Seitenpauschale nicht \u00fcberschreiten darf<\/li>\n<li>1 Minute, wobei er 0,1\u00a0% der Seitenpauschale nicht \u00fcberschreiten darf<\/li>\n<\/ul>\n<p><strong>\u00dcberschreitungen \u2013 <\/strong>Sollte der Durchsatz \u00fcberschritten werden, beh\u00e4lt Smart Communications sich das Recht vor, den Zugriff des Kunden auf die Services f\u00fcr die entsprechende Zeitspanne auszusetzen.<\/p>\n<p><strong>1.5. Die Anzahl der Nutzer wird in der entsprechenden Bestellung angegeben.<\/strong><\/p>\n<p><strong>Zus\u00e4tzliche Nutzer \u2013 <\/strong>Zus\u00e4tzliche Nutzer k\u00f6nnen erworben werden, bevor die in einer Bestellung angegebene Zahl \u00fcberschritten wird. Dies geschieht von Zeit zu Zeit durch Zahlung einer zus\u00e4tzlichen Jahresgeb\u00fchr nach dem von Smart Communications angegebenen Tarif.<\/p>\n<p><strong>\u00dcberschreitungen \u2013 <\/strong>Wenn das Nutzer-Limit \u00fcberschritten wird und keine zus\u00e4tzlichen Nutzer erworben wurden, beh\u00e4lt Smart Communications sich das Recht vor, den Zugriff durch nicht autorisierte Nutzer auszusetzen.<\/p>\n<p><strong>1.6. Speicherplatzpauschale<\/strong><\/p>\n<p>Speicherplatzpauschale \u2013 in Bezug auf jedes Mietverh\u00e4ltnis: 1\u00a0GB f\u00fcr jede L\u00f6sung mit Collaborative-Funktion, und 500\u00a0MB f\u00fcr jede L\u00f6sung ohne Collaborative-Funktion.<\/p>\n<p><strong>\u00dcberschreitungen \u2013 <\/strong>Wenn der Speicherplatz \u00fcberschritten wird und keine zus\u00e4tzliche Kapazit\u00e4t erworben wurde, beh\u00e4lt Smart Communications sich das Recht vor, von Zeit zu Zeit einen \u00dcberschreitungsbetrag gem\u00e4\u00df dem von Smart Communications angegebenen Tarif in Rechnung zu stellen.<\/p>\n<p><strong>1.7. Pauschale der Collaborative-Seitenansicht<\/strong><\/p>\n<p>Die Pauschale der Collaborative-Seitenansicht ist um das 20fache h\u00f6her als die der Collaborative-Seite.<\/p>\n<p><strong>\u00dcberschreitungen \u2013<\/strong> Wenn die Collaborative-Seitenansicht \u00fcberschritten wird, beh\u00e4lt Smart Communications sich das Recht vor, den Zugriff des Kunden auf die Services f\u00fcr die entsprechende Zeitspanne auszusetzen.<\/p>\n<p><strong>1.8. Pauschale der Collaborative-Seitenspeicherung<\/strong><\/p>\n<p>Die Pauschale der Collaborative-Seitenspeicherung ist um das 10fache h\u00f6her als die der Collaborative-Seite.<\/p>\n<p><strong>\u00dcberschreitungen \u2013<\/strong> Wenn die Collaborative-Seitenspeicherung \u00fcberschritten wird, beh\u00e4lt Smart Communications sich das Recht vor, den Zugriff des Kunden auf die Services f\u00fcr die entsprechende Zeitspanne auszusetzen.<\/p>\n<p><strong>1.9. Nicht abgeschlossene Collaborative-Seiten<\/strong><\/p>\n<p>Bei nicht abgeschlossenen Collaborative-Seiten handelt es sich um die Gesamtzahl der Collaborative-Seiten, die gemeinsam bearbeitet werden oder wurden, die aber nicht abgeschlossen wurden.<\/p>\n<p>Zum Endes einer 12-Monate-Zeitspanne und w\u00e4hrend der Lizenzdauer werden nicht abgeschlossene Collaborative-Seiten als abgeschlossen betrachtet, um so berechnen zu k\u00f6nnen, ob die Gesamtzahl der Collaborative-Seiten noch im Rahmen der Seitenpauschale f\u00fcr Collaborative-Seiten liegt.<\/p>\n<p><strong>\u00dcberwachung und Durchsetzung<\/strong><\/p>\n<ol>\n<li>Wenn der Kunde nach dem angemessenen Erachten von Smart Communications die in dieser Nutzungsrichtlinie festgelegten Einschr\u00e4nkungen \u00fcberschritten hat, kontaktiert Smart Communications den Kunden auf geeignete Weise (beispielsweise per E-Mail oder telefonisch), um ihn darauf hinzuweisen, dass seine Nutzung \u00fcber die Nutzungsrichtlinie hinausgeht. Smart Communications wird dann gem\u00e4\u00df dem folgenden Absatz C die zuvor beschriebene Abhilfe suchen, wobei es sich je nach Fall um die Inrechnungstellung von \u00dcberschreitungen oder um eine zeitliche Aussetzung handeln kann.<\/li>\n<li>Wenn der Kunde die in dieser Nutzungsrichtlinie festgelegten Einschr\u00e4nkungen wiederholt (d.\u00a0h. zweimal oder \u00f6fter pro Kalendermonat) \u00fcberschreitet, oder die Services auf eine Weise nutzt, die f\u00fcr Smart Communications Services\/Systems und\/oder andere Nutzer nachteilig ist, kann Smart Communications in gutem Glauben die Jahresgeb\u00fchr mit dem Kunden neu aushandeln, um dieser Nutzung der Services zu entsprechen. Wenn derartige Nachverhandlungen scheitern, kann Smart Communications eine derartige Nutzung als irreparablen Vertragsbruch interpretieren, wodurch Smart Communications das Recht hat, den Vertrag zu k\u00fcndigen.<\/li>\n<\/ol>\n<p><strong>Verbote<\/strong><\/p>\n<ol>\n<li>Wenn der Kunde zu einem beliebigen Zeitpunkt den im Vertrag aufgef\u00fchrten Nutzungsverboten zuwiderhandelt, kann Smart Communications eine derartige Zuwiderhandlung als irreparablen Vertragsbruch interpretieren, wodurch Smart Communications das Recht hat, den Vertrag zu k\u00fcndigen.<\/li>\n<\/ol>\n<\/div>\n<\/article>\n[\/vc_column_text][\/vc_column][\/vc_row]\n","protected":false},"excerpt":{"rendered":"<p>[vc_row type=&#8220;in_container&#8220; full_screen_row_position=&#8220;middle&#8220; column_margin=&#8220;default&#8220; column_direction=&#8220;default&#8220; column_direction_tablet=&#8220;default&#8220; column_direction_phone=&#8220;default&#8220; scene_position=&#8220;center&#8220; bottom_padding=&#8220;50&#8243; text_color=&#8220;custom&#8220; text_align=&#8220;left&#8220; row_border_radius=&#8220;none&#8220; row_border_radius_applies=&#8220;bg&#8220; overlay_strength=&#8220;0.3&#8243; gradient_direction=&#8220;left_to_right&#8220; shape_divider_position=&#8220;bottom&#8220; bg_image_animation=&#8220;none&#8220;][vc_column column_padding=&#8220;no-extra-padding&#8220; column_padding_tablet=&#8220;inherit&#8220; column_padding_phone=&#8220;inherit&#8220; column_padding_position=&#8220;all&#8220; background_color=&#8220;#ffffff&#8220; background_color_opacity=&#8220;1&#8243; background_hover_color_opacity=&#8220;1&#8243; column_shadow=&#8220;none&#8220; column_border_radius=&#8220;none&#8220; column_link_target=&#8220;_self&#8220; gradient_direction=&#8220;left_to_right&#8220; overlay_strength=&#8220;0.3&#8243; width=&#8220;1\/1&#8243;&#8230;<\/p>\n","protected":false},"author":2,"featured_media":0,"parent":0,"menu_order":222,"comment_status":"closed","ping_status":"closed","template":"","meta":{"_acf_changed":false,"footnotes":""},"class_list":["post-42388","page","type-page","status-publish"],"acf":[],"yoast_head":"<!-- This site is optimized with the Yoast SEO plugin v27.5 - https:\/\/yoast.com\/product\/yoast-seo-wordpress\/ -->\n<title>Nutzungsrichtlinie | Mitteilungsmanagement | Smart Communications<\/title>\n<meta name=\"description\" content=\"Lesen Sie weiter, um mehr \u00fcber die Nutzungsrichtlinie von Smart Communications zu erfahren, welche die folgenden L\u00f6sungen umfasst: SmartCORR\u2122 for Salesforce und SmartCOMM\u2122.\" \/>\n<meta name=\"robots\" content=\"index, follow, max-snippet:-1, max-image-preview:large, max-video-preview:-1\" \/>\n<link rel=\"canonical\" href=\"https:\/\/www.smartcommunications.com\/de\/nutzungsrichtlinie\/\" \/>\n<meta property=\"og:locale\" content=\"de_DE\" \/>\n<meta property=\"og:type\" content=\"article\" \/>\n<meta property=\"og:title\" content=\"Nutzungsrichtlinie | Mitteilungsmanagement | Smart Communications\" \/>\n<meta property=\"og:description\" content=\"Lesen Sie weiter, um mehr \u00fcber die Nutzungsrichtlinie von Smart Communications zu erfahren, welche die folgenden L\u00f6sungen umfasst: SmartCORR\u2122 for Salesforce und SmartCOMM\u2122.\" \/>\n<meta property=\"og:url\" content=\"https:\/\/www.smartcommunications.com\/de\/nutzungsrichtlinie\/\" \/>\n<meta property=\"og:site_name\" content=\"Smart Communications\" \/>\n<meta property=\"article:modified_time\" content=\"2021-07-14T18:49:38+00:00\" \/>\n<meta property=\"og:image\" content=\"https:\/\/www.smartcommunications.com\/wp-content\/uploads\/Generic-Smart-Media-Card-blueBG.png\" \/>\n\t<meta property=\"og:image:width\" content=\"725\" \/>\n\t<meta property=\"og:image:height\" content=\"358\" \/>\n\t<meta property=\"og:image:type\" content=\"image\/png\" \/>\n<meta name=\"twitter:card\" content=\"summary_large_image\" \/>\n<meta name=\"twitter:site\" content=\"@CCMInnovators\" \/>\n<meta name=\"twitter:label1\" content=\"Gesch\u00e4tzte Lesezeit\" \/>\n\t<meta name=\"twitter:data1\" content=\"6\u00a0Minuten\" \/>\n<!-- \/ Yoast SEO plugin. -->","yoast_head_json":{"title":"Nutzungsrichtlinie | Mitteilungsmanagement | Smart Communications","description":"Lesen Sie weiter, um mehr \u00fcber die Nutzungsrichtlinie von Smart Communications zu erfahren, welche die folgenden L\u00f6sungen umfasst: SmartCORR\u2122 for Salesforce und SmartCOMM\u2122.","robots":{"index":"index","follow":"follow","max-snippet":"max-snippet:-1","max-image-preview":"max-image-preview:large","max-video-preview":"max-video-preview:-1"},"canonical":"https:\/\/www.smartcommunications.com\/de\/nutzungsrichtlinie\/","og_locale":"de_DE","og_type":"article","og_title":"Nutzungsrichtlinie | Mitteilungsmanagement | Smart Communications","og_description":"Lesen Sie weiter, um mehr \u00fcber die Nutzungsrichtlinie von Smart Communications zu erfahren, welche die folgenden L\u00f6sungen umfasst: SmartCORR\u2122 for Salesforce und SmartCOMM\u2122.","og_url":"https:\/\/www.smartcommunications.com\/de\/nutzungsrichtlinie\/","og_site_name":"Smart Communications","article_modified_time":"2021-07-14T18:49:38+00:00","og_image":[{"width":725,"height":358,"url":"https:\/\/www.smartcommunications.com\/wp-content\/uploads\/Generic-Smart-Media-Card-blueBG.png","type":"image\/png"}],"twitter_card":"summary_large_image","twitter_site":"@CCMInnovators","twitter_misc":{"Gesch\u00e4tzte Lesezeit":"6\u00a0Minuten"},"schema":{"@context":"https:\/\/schema.org","@graph":[{"@type":"WebPage","@id":"https:\/\/www.smartcommunications.com\/de\/nutzungsrichtlinie\/","url":"https:\/\/www.smartcommunications.com\/de\/nutzungsrichtlinie\/","name":"Nutzungsrichtlinie | Mitteilungsmanagement | Smart Communications","isPartOf":{"@id":"https:\/\/www.smartcommunications.com\/#website"},"datePublished":"2021-05-12T18:21:26+00:00","dateModified":"2021-07-14T18:49:38+00:00","description":"Lesen Sie weiter, um mehr \u00fcber die Nutzungsrichtlinie von Smart Communications zu erfahren, welche die folgenden L\u00f6sungen umfasst: SmartCORR\u2122 for Salesforce und SmartCOMM\u2122.","breadcrumb":{"@id":"https:\/\/www.smartcommunications.com\/de\/nutzungsrichtlinie\/#breadcrumb"},"inLanguage":"de","potentialAction":[{"@type":"ReadAction","target":["https:\/\/www.smartcommunications.com\/de\/nutzungsrichtlinie\/"]}]},{"@type":"BreadcrumbList","@id":"https:\/\/www.smartcommunications.com\/de\/nutzungsrichtlinie\/#breadcrumb","itemListElement":[{"@type":"ListItem","position":1,"name":"Home","item":"https:\/\/www.smartcommunications.com\/de\/"},{"@type":"ListItem","position":2,"name":"Nutzungsrichtlinie"}]},{"@type":"WebSite","@id":"https:\/\/www.smartcommunications.com\/#website","url":"https:\/\/www.smartcommunications.com\/","name":"Smart Communications","description":"Customer Communication Management Software","publisher":{"@id":"https:\/\/www.smartcommunications.com\/#organization"},"alternateName":"Smart Communications","inLanguage":"de"},{"@type":"Organization","@id":"https:\/\/www.smartcommunications.com\/#organization","name":"Smart Communications","alternateName":"Smart Communications","url":"https:\/\/www.smartcommunications.com\/","logo":{"@type":"ImageObject","inLanguage":"de","@id":"https:\/\/www.smartcommunications.com\/#\/schema\/logo\/image\/","url":"https:\/\/www.smartcommunications.com\/wp-content\/uploads\/2017\/03\/Nav_logo_color_hires.png","contentUrl":"https:\/\/www.smartcommunications.com\/wp-content\/uploads\/2017\/03\/Nav_logo_color_hires.png","width":415,"height":140,"caption":"Smart Communications"},"image":{"@id":"https:\/\/www.smartcommunications.com\/#\/schema\/logo\/image\/"},"sameAs":["https:\/\/x.com\/CCMInnovators","https:\/\/www.linkedin.com\/company\/smart-communications.\/"]}]}},"_links":{"self":[{"href":"https:\/\/www.smartcommunications.com\/de\/wp-json\/wp\/v2\/pages\/42388","targetHints":{"allow":["GET"]}}],"collection":[{"href":"https:\/\/www.smartcommunications.com\/de\/wp-json\/wp\/v2\/pages"}],"about":[{"href":"https:\/\/www.smartcommunications.com\/de\/wp-json\/wp\/v2\/types\/page"}],"author":[{"embeddable":true,"href":"https:\/\/www.smartcommunications.com\/de\/wp-json\/wp\/v2\/users\/2"}],"replies":[{"embeddable":true,"href":"https:\/\/www.smartcommunications.com\/de\/wp-json\/wp\/v2\/comments?post=42388"}],"version-history":[{"count":0,"href":"https:\/\/www.smartcommunications.com\/de\/wp-json\/wp\/v2\/pages\/42388\/revisions"}],"wp:attachment":[{"href":"https:\/\/www.smartcommunications.com\/de\/wp-json\/wp\/v2\/media?parent=42388"}],"curies":[{"name":"wp","href":"https:\/\/api.w.org\/{rel}","templated":true}]}}